{"id":268,"date":"2011-05-09T09:10:33","date_gmt":"2011-05-09T09:10:33","guid":{"rendered":""},"modified":"2014-02-07T03:47:40","modified_gmt":"2014-02-06T19:47:40","slug":"komodo-dragon","status":"publish","type":"page","link":"https:\/\/www.big-animals.com\/es\/komodo-dragon\/","title":{"rendered":"Drag\u00f3n de Komodo"},"content":{"rendered":"<p><span class=\"gts_text\" id=\"gts_text_1\">El drag\u00f3n de Komodo es el lagarto de mayor tama\u00f1o del mundo.<\/span> <span class=\"gts_text\" id=\"gts_text_2\">Habita en las islas indonesias de Komodo, Rinca, Flores y Gili Motang.<\/span> <span class=\"gts_text\" id=\"gts_text_3\">Puede crecer hasta 3 metros de largo y pesar alrededor de 70 kilogramos.<\/span> <span class=\"gts_text\" id=\"gts_text_4\">En la actualidad est\u00e1 clasificado como una especie en peligro de extinci\u00f3n debido a la deforestaci\u00f3n, el turismo, la caza furtiva y los desastres naturales, como por ejemplo las erupciones volc\u00e1nicas que se suceden con regularidad en las islas en que habita.<\/span> <span class=\"gts_text\" id=\"gts_text_5\">Los dragones de Komodo est\u00e1n bajo protecci\u00f3n de la ley indonesia, sobre todo en el Parque Nacional de Komodo.<\/span> <span class=\"gts_text\" id=\"gts_text_6\">Existen aproximadamente entre 4.000 y 5.000 dragones de Komodo en estado salvaje.<br \/>\n<\/span><\/p>\n<h3><span class=\"gts_text\" id=\"gts_text_7\">C\u00f3mo se alimenta el drag\u00f3n de Komodo<\/span><\/h3>\n<figure id=\"attachment_658\" aria-describedby=\"caption-attachment-658\" style=\"width: 300px\" class=\"wp-caption alignleft\"><a href=\"http:\/\/www.big-animals.com\/wp-content\/uploads\/2011\/03\/Komodo-Dragon-Face.jpg\"><img loading=\"lazy\" decoding=\"async\" class=\"size-medium wp-image-658\" title=\"La cara de un drag\u00f3n de Komodo. Imagen por los esquileos de Trisha\" alt=\"La cara de un drag\u00f3n de Komodo. Imagen por los esquileos de Trisha\" src=\"http:\/\/www.big-animals.com\/wp-content\/uploads\/2011\/03\/Komodo-Dragon-Face-300x196.jpg\" width=\"300\" height=\"196\" \/><\/a><figcaption id=\"caption-attachment-658\" class=\"wp-caption-text\">La cara de un drag\u00f3n de Komodo. Fotograf\u00eda de Trisha Shears<\/figcaption><\/figure>\n<p><span class=\"gts_text\" id=\"gts_text_8\">Los dragones de Komodo comen carne y carro\u00f1a<\/span>\u00a0e i<span class=\"gts_text\" id=\"gts_text_9\">ncluso devoran a miembros de su propia especie.<\/span> <span class=\"gts_text\" id=\"gts_text_10\">Cazan y emboscan a la presa, como por ejemplo: ciervos, cerdos, aves e incluso animales m\u00e1s grandes como b\u00fafalos y seres humanos.<\/span> <span class=\"gts_text\" id=\"gts_text_11\">\u00a1Se estima que el 10% de su dieta consiste en otros dragones de Komodo!<\/span> <span class=\"gts_text\" id=\"gts_text_12\">Se alimentan de casi cualquier tipo de carne.<\/span> <span class=\"gts_text\" id=\"gts_text_13\">Las cr\u00edas de los dragones de Komodo se alimentan sobre todo de peque\u00f1os lagartos o insectos.<\/span>\u00a0Son capaces de engullir entera a <span class=\"gts_text\" id=\"gts_text_14\">una presa de menor tama\u00f1o (hasta del tama\u00f1o de una cabra) al igual que lo hace la serpiente, porque tienen articulaciones flexibles en la mand\u00edbula, cr\u00e1neos igualmente flexibles y un est\u00f3mago extensible.<\/span> <span class=\"gts_text\" id=\"gts_text_15\">El drag\u00f3n de Komodo tarda de 15 a 20 minutos en tragar a una cabra.<\/span> <span class=\"gts_text\" id=\"gts_text_16\">\u00a1Este drag\u00f3n est\u00e1 tan loco que incluso acelera el proceso de degluci\u00f3n embistiendo el cad\u00e1ver contra un \u00e1rbol para forzarlo a que pase a trav\u00e9s de la garganta!<\/span> <span class=\"gts_text\" id=\"gts_text_17\">Algunas veces el pobre \u00e1rbol termina derribado.<\/span> <span class=\"gts_text\" id=\"gts_text_18\">Sin embargo, no se ahoga al tener grandes pedazos de comida en la boca porque respira mediante unos peque\u00f1os tubos que est\u00e1n debajo de su lengua, conectados con los pulmones.<\/span> <span class=\"gts_text\" id=\"gts_text_19\">Por eso respira por la boca.<\/span> <span class=\"gts_text\" id=\"gts_text_20\">Dado que los dragones de Komodo no tienen diafragma, no pueden sorber el agua ni tampoco lamerla con su lengua amarilla.<\/span> <span class=\"gts_text\" id=\"gts_text_21\">Por eso toman una bocanada de agua y levantan la cabeza hasta que el agua desciende por su garganta.<\/span><\/p>\n<p><span class=\"gts_text\" id=\"gts_text_22\">Despu\u00e9s de comer hasta el 80% de su peso corporal en comida, se arrastran a un punto soleado para acelerar la digesti\u00f3n.<\/span> <span class=\"gts_text\" id=\"gts_text_23\">Hacen esto porque la comida podr\u00eda descomponerse y envenenarlo al tardar en digerirla demasiado tiempo.<br \/>\n<\/span><\/p>\n<p><span class=\"gts_text\" id=\"gts_text_24\">El drag\u00f3n de Komodo tiene un ritmo metab\u00f3lico lento, al igual que la serpiente.<\/span> <span class=\"gts_text\" id=\"gts_text_25\">Por eso un drag\u00f3n de Komodo grande puede sobrevivir con tan solo 12 comidas al a\u00f1o.<\/span> Regurgita <span class=\"gts_text\" id=\"gts_text_26\">los cuernos, el pelo y los dientes de su presa.<\/span> <span class=\"gts_text\" id=\"gts_text_27\">Luego se limpia la cara en la tierra o en un arbusto.<\/span><\/p>\n<figure id=\"attachment_659\" aria-describedby=\"caption-attachment-659\" style=\"width: 300px\" class=\"wp-caption aligncenter\"><a href=\"http:\/\/www.big-animals.com\/wp-content\/uploads\/2011\/03\/Komodo_Dragon_And_Human.png\"><img loading=\"lazy\" decoding=\"async\" class=\"size-medium wp-image-659\" title=\"El drag\u00f3n de Komodo es el lagarto m\u00e1s grande del mundo\" alt=\"El drag\u00f3n de Komodo es el lagarto m\u00e1s grande del mundo\" src=\"http:\/\/www.big-animals.com\/wp-content\/uploads\/2011\/03\/Komodo_Dragon_And_Human-300x136.png\" width=\"300\" height=\"136\" \/><\/a><figcaption id=\"caption-attachment-659\" class=\"wp-caption-text\">El drag\u00f3n de Komodo es el lagarto m\u00e1s grande del mundo<\/figcaption><\/figure>\n<p><span class=\"gts_text\" id=\"gts_text_28\">El drag\u00f3n de Komodo de mayor tama\u00f1o es el que se adelanta para comer en primer lugar, mientras que los m\u00e1s peque\u00f1os tienen que esperar.<\/span> <span class=\"gts_text\" id=\"gts_text_29\">Si son de igual tama\u00f1o, hay una lucha entre ellos.<\/span> <span class=\"gts_text\" id=\"gts_text_30\">Los perdedores se rinden.<\/span> <span class=\"gts_text\" id=\"gts_text_31\">Desgraciadamente, en ocasiones los ganadores matan a los perdedores. \u00a1Y se los comen!<\/span><\/p>\n<p><span class=\"gts_text\" id=\"gts_text_32\">Lo creas o no, de vez en cuando llegan a devorar a personas y cad\u00e1veres humanos.<\/span> <span class=\"gts_text\" id=\"gts_text_33\">Desentierran los cuerpos de sepulcros poco profundos. Este h\u00e1bito horripilante ha hecho que los pueblos de Komodo hayan desplazado sus sepulcros del suelo arenoso a otro m\u00e1s rocoso y que apilen rocas encima de las tumbas para impedir que los dragones de Komodo desentierren los cad\u00e1veres.<\/span><\/p>\n<h3><span class=\"gts_text\" id=\"gts_text_34\">Las cr\u00edas del drag\u00f3n de Komodo<\/span><\/h3>\n<p><span class=\"gts_text\" id=\"gts_text_35\">La madre pone sus huevos en septiembre.<\/span> <span class=\"gts_text\" id=\"gts_text_36\">Pone hasta 30 huevos en el nido.<\/span> <span class=\"gts_text\" id=\"gts_text_37\">Utiliza un nido abandonado de talegala de Reinwardt.<\/span> <span class=\"gts_text\" id=\"gts_text_38\">Las cr\u00edas miden aproximadamente 40 cent\u00edmetros y pesan alrededor de 100 gramos.<\/span> <span class=\"gts_text\" id=\"gts_text_39\">Los huevos se incuban durante 7 u 8 meses y eclosionan en abril.<\/span> <span class=\"gts_text\" id=\"gts_text_40\">Una vez que salen del cascar\u00f3n, los dragoncillos de Kodomo son abandonados a su suerte y tienen que cuidar de s\u00ed mismos.<\/span> <span class=\"gts_text\" id=\"gts_text_41\">Por eso se apresuran a trepar a las copas de los \u00e1rboles.<\/span> <span class=\"gts_text\" id=\"gts_text_42\">Viven all\u00ed hasta que son lo suficientemente grandes como para protegerse de ser devorados por los depredadores o por otros dragones de Komodo.<\/span> <span class=\"gts_text\" id=\"gts_text_43\">En general, viven en los \u00e1rboles hasta que tienen entre 3 y 5 a\u00f1os.<\/span> <span class=\"gts_text\" id=\"gts_text_44\">Pueden vivir hasta los 50 a\u00f1os.\u00a0<\/span> <span class=\"gts_text\" id=\"gts_text_45\">Las cr\u00edas de drag\u00f3n son de colores diversos: p<\/span><span class=\"gts_text\" id=\"gts_text_46\">ueden ser amarillos, verdes, marrones y grises, con la piel moteada o a rayas.<\/span> <span class=\"gts_text\" id=\"gts_text_47\">En los adultos los colores var\u00edan del rojo tierra al gris oscuro y negro.<\/span><\/p>\n<figure id=\"attachment_660\" aria-describedby=\"caption-attachment-660\" style=\"width: 300px\" class=\"wp-caption alignright\"><a href=\"http:\/\/www.big-animals.com\/wp-content\/uploads\/2011\/03\/Komodo_Dragon.jpg\"><img loading=\"lazy\" decoding=\"async\" class=\"size-medium wp-image-660\" title=\"Un drag\u00f3n de Komodo prisionero\" alt=\"Un drag\u00f3n de Komodo prisionero\" src=\"http:\/\/www.big-animals.com\/wp-content\/uploads\/2011\/03\/Komodo_Dragon-300x139.jpg\" width=\"300\" height=\"139\" \/><\/a><figcaption id=\"caption-attachment-660\" class=\"wp-caption-text\">Un drag\u00f3n de Komodo en cautividad<\/figcaption><\/figure>\n<p><span class=\"gts_text\" id=\"gts_text_48\">El drag\u00f3n de Komodo posee una poderosa cola tan larga como su cuerpo.<\/span> <span class=\"gts_text\" id=\"gts_text_49\">Tiene alrededor de 60 dientes serrados de aproximadamente 2,5 cent\u00edmetros de largo.<\/span> <span class=\"gts_text\" id=\"gts_text_50\">Los dientes son afilad\u00edsimos, como los dientes carniceros de un tibur\u00f3n.<\/span> <span class=\"gts_text\" id=\"gts_text_51\">Lo que es asombroso es que estos 60 dientes se sustituyen con frecuencia.<\/span> <span class=\"gts_text\" id=\"gts_text_52\">Los dientes han sido dise\u00f1ados para seccionar, rasgar y cortar pero no para masticar; por eso desgarra pedazos grandes de carne de la presa y los traga enteros mientras sujeta el cad\u00e1ver con sus patas delanteras.<\/span> <span class=\"gts_text\" id=\"gts_text_53\">\u00a0Los dientes est\u00e1n ocultos en las enc\u00edas.<\/span> <span class=\"gts_text\" id=\"gts_text_54\">Por eso no tiene la \u201csonrisa dentuda\u201d de un cocodrilo.<\/span> <span class=\"gts_text\" id=\"gts_text_55\">Su saliva se mezcla a menudo con sangre porque sus dientes est\u00e1n cubiertos casi en su totalidad por las enc\u00edas que normalmente se cortan y se desgarran cuando el drag\u00f3n de Komodo secciona y rasga la carne de una presa.<\/span><\/p>\n<p><span class=\"gts_text\" id=\"gts_text_56\">Esta clase de saliva ensangrentada es un lugar propicio para que las bacterias venenosas crezcan.<\/span> <span class=\"gts_text\" id=\"gts_text_57\">Las bacterias provocan infecciones y, a menudo, la presa herida muere en el plazo de 2 a 3 d\u00edas incluso si logra huir.<\/span> <span class=\"gts_text\" id=\"gts_text_58\">El drag\u00f3n de Komodo tiene una lengua larga, de color amarillo, profundamente bifurcada, que utiliza para oler y para saborear.<\/span> <span class=\"gts_text\" id=\"gts_text_59\">Tiene un buen sentido del olfato, pero no tiene un buen sentido del o\u00eddo.<\/span> <span class=\"gts_text\" id=\"gts_text_60\">Sin embargo, puede ver de lejos.<\/span> <span class=\"gts_text\" id=\"gts_text_61\">Puede ver a 300 metros de distancia.<\/span> <span class=\"gts_text\" id=\"gts_text_62\">Tiene una visi\u00f3n nocturna bastante limitada.<\/span> <span class=\"gts_text\" id=\"gts_text_63\">Puede ver en color, pero no percibe las cosas si no se mueven.<\/span><\/p>\n<p><span class=\"gts_text\" id=\"gts_text_64\">El buen sentido del olfato, junto con la ayuda de un viento favorable y de su h\u00e1bito de balancear la cabeza de lado a lado cuando camina, ayuda mucho a los dragones de Komodo para poder buscar carne muerta putrefacta a 10 kil\u00f3metros de distancia.<\/span><\/p>\n<p><span class=\"gts_text\" id=\"gts_text_65\">Los dragones de Komodo tienen cabezas planas con hocicos redondeados y patas cortas arqueadas.<\/span> <span class=\"gts_text\" id=\"gts_text_66\">Est\u00e1n cubiertos de escamas.<\/span> <span class=\"gts_text\" id=\"gts_text_67\">Algunas de las escamas de este var\u00e1nido est\u00e1n fortalecidas con hueso y algunas tienen un manojo de nervios que agudiza su sentido del tacto.<\/span> <span class=\"gts_text\" id=\"gts_text_68\">Dichas escamas especiales les crecen en las orejas, los labios, la barbilla y en las plantas de los pies.<\/span><\/p>\n<p><span class=\"gts_text\" id=\"gts_text_69\">Aunque es enorme, el drag\u00f3n de Komodo es un lagarto que se mueve r\u00e1pido.<\/span> <span class=\"gts_text\" id=\"gts_text_70\">Puede correr con rapidez a 20 kil\u00f3metros por hora en distancias cortas.<\/span> <span class=\"gts_text\" id=\"gts_text_71\">Es un buen velocista.<\/span>\u00a0Es<span class=\"gts_text\" id=\"gts_text_72\">\u00a0capaz de trepar a los \u00e1rboles cuando es joven por medio de sus fuertes garras y son buenos nadadores.<\/span> <span class=\"gts_text\" id=\"gts_text_73\">Puede zambullirse a 4,5 metros de profundidad.<\/span><\/p>\n<h3><span class=\"gts_text\" id=\"gts_text_74\">El h\u00e1bitat del drag\u00f3n de Komodo<\/span><\/h3>\n<p><span class=\"gts_text\" id=\"gts_text_75\">El drag\u00f3n de Komodo vive en \u00e1reas rocosas calientes y secas.<\/span> <span class=\"gts_text\" id=\"gts_text_76\">Le encanta estar en el prado seco a cielo abierto, la sabana y el bosque tropical.<\/span> <span class=\"gts_text\" id=\"gts_text_77\">Es una criatura muy solitaria, excepto durante la \u00e9poca reproductiva y cuando se alimenta.<\/span> <span class=\"gts_text\" id=\"gts_text_78\">Algo bueno sobre los dragones de Komodo es que est\u00e1n dispuestos a compartir sus zonas de caza.<\/span> <span class=\"gts_text\" id=\"gts_text_79\">Duerme en madrigueras subterr\u00e1neas.<\/span> <span class=\"gts_text\" id=\"gts_text_80\">Regula la temperatura del cuerpo all\u00ed.<\/span> <span class=\"gts_text\" id=\"gts_text_81\">Dichas madrigueras tienen aproximadamente de 1 a 3 metros de ancho.<\/span> <span class=\"gts_text\" id=\"gts_text_82\">Utiliza sus potentes patas delanteras y garras para construirlas.<\/span><\/p>\n<p><span class=\"gts_text\" id=\"gts_text_83\">Los dragones de Komodo machos son muy territoriales y defienden su territorio, e incluso patrullan a lo largo de 2 kil\u00f3metros a la redonda para asegurarse de que ning\u00fan otro drag\u00f3n de Komodo invada su territorio.<\/span><\/p>\n<p><span class=\"gts_text\" id=\"gts_text_84\">A medida que el drag\u00f3n de Komodo envejece, utiliza las garras como armas principalmente, rara vez las usa para trepar a los \u00e1rboles, ya que los dragones adultos son demasiado pesados.<\/span> <span class=\"gts_text\" id=\"gts_text_85\">Es m\u00e1s activo durante el d\u00eda.<\/span> <span class=\"gts_text\" id=\"gts_text_86\">Normalmente caza por la tarde.<\/span> <span class=\"gts_text\" id=\"gts_text_87\">Cuando hace demasiado calor, permanece a la sombra.<\/span> <span class=\"gts_text\" id=\"gts_text_88\">Sus lugares de descanso preferidos est\u00e1n situados en las colinas yermas y los p\u00e1ramos donde sopla la brisa fresca del mar.<\/span><\/p>\n","protected":false},"excerpt":{"rendered":"<p>El drag\u00f3n de Komodo es el lagarto de mayor tama\u00f1o del mundo. Habita en las islas indonesias de Komodo, Rinca, Flores y Gili Motang. Puede crecer hasta 3 metros de largo y pesar alrededor de 70 kilogramos. En la actualidad est\u00e1 clasificado como una especie en peligro de extinci\u00f3n debido a la deforestaci\u00f3n, el turismo, &hellip; <a href=\"https:\/\/www.big-animals.com\/es\/komodo-dragon\/\" class=\"more-link\">Continue reading <span class=\"screen-reader-text\">Drag\u00f3n de Komodo<\/span><\/a><\/p>\n","protected":false},"author":1,"featured_media":0,"parent":0,"menu_order":0,"comment_status":"closed","ping_status":"open","template":"","meta":{"_acf_changed":false,"footnotes":""},"acf":[],"_links":{"self":[{"href":"https:\/\/www.big-animals.com\/es\/wp-json\/wp\/v2\/pages\/268"}],"collection":[{"href":"https:\/\/www.big-animals.com\/es\/wp-json\/wp\/v2\/pages"}],"about":[{"href":"https:\/\/www.big-animals.com\/es\/wp-json\/wp\/v2\/types\/page"}],"author":[{"embeddable":true,"href":"https:\/\/www.big-animals.com\/es\/wp-json\/wp\/v2\/users\/1"}],"replies":[{"embeddable":true,"href":"https:\/\/www.big-animals.com\/es\/wp-json\/wp\/v2\/comments?post=268"}],"version-history":[{"count":9,"href":"https:\/\/www.big-animals.com\/es\/wp-json\/wp\/v2\/pages\/268\/revisions"}],"predecessor-version":[{"id":867,"href":"https:\/\/www.big-animals.com\/es\/wp-json\/wp\/v2\/pages\/268\/revisions\/867"}],"wp:attachment":[{"href":"https:\/\/www.big-animals.com\/es\/wp-json\/wp\/v2\/media?parent=268"}],"curies":[{"name":"wp","href":"https:\/\/api.w.org\/{rel}","templated":true}]}}