{"id":269,"date":"2011-05-09T09:10:38","date_gmt":"2011-05-09T09:10:38","guid":{"rendered":""},"modified":"2014-04-22T21:22:31","modified_gmt":"2014-04-22T13:22:31","slug":"aislamiento-politica","status":"publish","type":"page","link":"https:\/\/www.big-animals.com\/es\/aislamiento-politica\/","title":{"rendered":"Pol\u00edtica de privacidad"},"content":{"rendered":"<p><span class=\"gts_text\" id=\"gts_text_1\">Esta p\u00e1gina explica la pol\u00edtica de privacidad de \u00a0Big-Animals.com.<\/span><\/p>\n<p><span class=\"gts_text\" id=\"gts_text_2\">B\u00e1sicamente, este sitio no recoge ninguna informaci\u00f3n personal sobre usted.<\/span> <span class=\"gts_text\" id=\"gts_text_3\">Su privacidad est\u00e1 asegurada.<\/span> <span class=\"gts_text\" id=\"gts_text_4\">Ciertas partes espec\u00edficas del sitio puede almacenar cierta informaci\u00f3n que usted proporcione (seg\u00fan se explica m\u00e1s abajo), pero ninguna p\u00e1gina de este sitio intentar\u00e1 obtener informaci\u00f3n privada sin su conocimiento.<\/span><\/p>\n<p><span class=\"gts_text\" id=\"gts_text_5\">Por otra parte, este sitio almacena informaci\u00f3n sobre el\u00a0<em>pro<\/em><i>medio <\/i>y<i> total<\/i> de\u00a0visitantes.<\/span> <span class=\"gts_text\" id=\"gts_text_6\">Esto se hace mediante:<\/span><\/p>\n<ul>\n<li><span class=\"gts_text\" id=\"gts_text_7\">Principalmente, <a href=\"http:\/\/www.google.com\/analytics\">Google<\/a>\u00a0<a href=\"http:\/\/www.google.com\/analytics\">Analytics\u00a0<\/a><\/span><\/li>\n<li><span class=\"gts_text\" id=\"gts_text_8\">Registros del servidor web.<\/span><\/li>\n<li><span class=\"gts_text\" id=\"gts_text_9\">Se almacena informaci\u00f3n sobre el n\u00famero total de visitas a cada p\u00e1gina.<\/span><\/li>\n<\/ul>\n<p><span class=\"gts_text\" id=\"gts_text_10\">Estas estad\u00edsticas globales no incluyen ninguna informaci\u00f3n que podr\u00eda identificarle personalmente.<\/span> <span class=\"gts_text\" id=\"gts_text_11\">La informaci\u00f3n se utiliza para ayudar a mejorar el sitio.<\/span><\/p>\n<p><span class=\"gts_text\" id=\"gts_text_12\">Ciertas partes de algunos de los sitios recogen y almacenan informaci\u00f3n m\u00e1s personal, pero solamente si usted la proporciona.<\/span> <span class=\"gts_text\" id=\"gts_text_13\">Espec\u00edficamente, las encuestas almacenan sus respuestas, pero esta informaci\u00f3n no le identifica personalmente.<\/span><\/p>\n<p><span class=\"gts_text\" id=\"gts_text_14\">Algunos elementos de este sitio hacen uso del contenido de otros sitios.<\/span> <span class=\"gts_text\" id=\"gts_text_15\">Estos elementos almacenar\u00e1n t\u00edpicamente\u00a0<em>cookies<\/em> en su ordenador.<\/span> <span class=\"gts_text\" id=\"gts_text_16\">Particularmente:<\/span><\/p>\n<ul>\n<li><span class=\"gts_text\" id=\"gts_text_17\">La mayor\u00eda de los anuncios se proporcionan con el programa de Google Adsense.<\/span> <span class=\"gts_text\" id=\"gts_text_18\">Tenga en cuenta que:<\/span>\n<ul>\n<li><span class=\"gts_text\" id=\"gts_text_19\">\u00a0Google utiliza\u00a0<em>Cookies<\/em>\u00a0para decidir qu\u00e9 anuncios mostrarle.<\/span><\/li>\n<li><span class=\"gts_text\"><span class=\"gts_text\">Que Google utilice el<em> cookie<\/em> \u00a0DART significa que los anuncios mostrados pueden depender de los sitios usted ha visitado en el pasado.<\/span><\/span><\/li>\n<li><span class=\"gts_text\" id=\"gts_text_21\">Si desea impedir que Google utilice el <em>cookie<\/em> DART en una computadora particular, o si desea\u00a0conseguir m\u00e1s informaci\u00f3n sobre los anuncios de Google y cuestiones de privacidad, <a href=\"http:\/\/www.google.com\/privacy_ads.html\" target=\"new\">puede hacerlo aqu\u00ed<\/a>.<\/span><\/li>\n<\/ul>\n<\/li>\n<li><span class=\"gts_text\" id=\"gts_text_22\">La informaci\u00f3n total\u00a0(no personal) \u00a0se recoge usando el \u00a0Google\u00a0Analytics.<\/span><\/li>\n<li><span class=\"gts_text\" id=\"gts_text_23\">El servicio de b\u00fasqueda del sitio tambi\u00e9n es proporcionado por Google.<\/span><\/li>\n<li><span class=\"gts_text\" id=\"gts_text_24\">Los v\u00ednculos a Amazon.com est\u00e1n conectados con el programa de \u00a0asociados de Amazon.<\/span><\/li>\n<li><span class=\"gts_text\" id=\"gts_text_25\">Los anuncios de productos de Zazzle, eventualmente, son proporcionados por Zazzle.<\/span><\/li>\n<li><span class=\"gts_text\" id=\"gts_text_26\">Los \u201cJuegos de Animales\u201d son proporcionados por Hooked Media.<\/span><\/li>\n<\/ul>\n<p><span class=\"gts_text\" id=\"gts_text_27\">Si tiene alguna otra preocupaci\u00f3n con respecto a su privacidad, puede consultar las pol\u00edticas de privacidad de <a href=\"http:\/\/www.google.com\/privacy.html\" target=\"new\">Google<\/a>, \u00a0<a href=\"http:\/\/www.amazon.com\/gp\/help\/customer\/display.html?nodeId=468496\" target=\"new\">Amazon.com<\/a>, <a href=\"http:\/\/www.hookedmediagroup.com\/Global\/Privacy.aspx\">Hooked Media<\/a>\u00a0y\u00a0<a href=\"http:\/\/www.zazzle.com\/mk\/policy\/privacy_policy\">Zazzle<\/a>.<\/span><\/p>\n<p><span class=\"gts_text\" id=\"gts_text_28\">\u00a1Esperamos haber sido de ayuda!<\/span><\/p>\n","protected":false},"excerpt":{"rendered":"<p>Esta p\u00e1gina explica la pol\u00edtica de privacidad de \u00a0Big-Animals.com. B\u00e1sicamente, este sitio no recoge ninguna informaci\u00f3n personal sobre usted. Su privacidad est\u00e1 asegurada. Ciertas partes espec\u00edficas del sitio puede almacenar cierta informaci\u00f3n que usted proporcione (seg\u00fan se explica m\u00e1s abajo), pero ninguna p\u00e1gina de este sitio intentar\u00e1 obtener informaci\u00f3n privada sin su conocimiento. Por otra &hellip; <a href=\"https:\/\/www.big-animals.com\/es\/aislamiento-politica\/\" class=\"more-link\">Continue reading <span class=\"screen-reader-text\">Pol\u00edtica de privacidad<\/span><\/a><\/p>\n","protected":false},"author":1,"featured_media":0,"parent":0,"menu_order":0,"comment_status":"closed","ping_status":"open","template":"","meta":{"_acf_changed":false,"footnotes":""},"acf":[],"_links":{"self":[{"href":"https:\/\/www.big-animals.com\/es\/wp-json\/wp\/v2\/pages\/269"}],"collection":[{"href":"https:\/\/www.big-animals.com\/es\/wp-json\/wp\/v2\/pages"}],"about":[{"href":"https:\/\/www.big-animals.com\/es\/wp-json\/wp\/v2\/types\/page"}],"author":[{"embeddable":true,"href":"https:\/\/www.big-animals.com\/es\/wp-json\/wp\/v2\/users\/1"}],"replies":[{"embeddable":true,"href":"https:\/\/www.big-animals.com\/es\/wp-json\/wp\/v2\/comments?post=269"}],"version-history":[{"count":3,"href":"https:\/\/www.big-animals.com\/es\/wp-json\/wp\/v2\/pages\/269\/revisions"}],"predecessor-version":[{"id":956,"href":"https:\/\/www.big-animals.com\/es\/wp-json\/wp\/v2\/pages\/269\/revisions\/956"}],"wp:attachment":[{"href":"https:\/\/www.big-animals.com\/es\/wp-json\/wp\/v2\/media?parent=269"}],"curies":[{"name":"wp","href":"https:\/\/api.w.org\/{rel}","templated":true}]}}