{"id":270,"date":"2011-05-09T09:20:10","date_gmt":"2011-05-09T09:20:10","guid":{"rendered":""},"modified":"2014-04-07T01:35:55","modified_gmt":"2014-04-06T17:35:55","slug":"anfibios","status":"publish","type":"page","link":"https:\/\/www.big-animals.com\/es\/anfibios\/","title":{"rendered":"Anfibios"},"content":{"rendered":"<p><span class=\"gts_text\" id=\"gts_text_1\">Los anfibios son animales que pueden vivir en el agua cuando son j\u00f3venes y en tierra cuando son adultos.<\/span> <span class=\"gts_text\" id=\"gts_text_2\">Tienen <a title=\"\u00a1Los vertebrados m\u00e1s grandes del mundo!\" href=\"http:\/\/www.big-animals.com\/es\/mundo-grande-vertebrados\/\">espinas dorsales<\/a>.<\/span>\u00a0Dentro de l<span class=\"gts_text\" id=\"gts_text_3\">os diversos tipos de anfibios se encuentran las <a title=\"Rana\" href=\"http:\/\/www.big-animals.com\/es\/rana\/\">ranas<\/a>, las <a title=\"Salamandras\" href=\"http:\/\/www.big-animals.com\/es\/salamandras\/\">salamandras<\/a> y los <a title=\"Cec\u00edlidos\" href=\"http:\/\/www.big-animals.com\/es\/cecilidos\/\">cec\u00edlidos<\/a>.<\/span> <span class=\"gts_text\" id=\"gts_text_4\">\u00a1Los cec\u00edlidos no tienen patas y parecen gusanos!<\/span> <span class=\"gts_text\" id=\"gts_text_5\">Un sapo en realidad es un tipo especial de rana.<\/span> <span class=\"gts_text\" id=\"gts_text_6\">Los anfibios son criaturas de sangre fr\u00eda.<\/span> <span class=\"gts_text\" id=\"gts_text_7\">Existen cerca de 6500 especies de anfibios.<\/span><\/p>\n<figure id=\"attachment_850\" aria-describedby=\"caption-attachment-850\" style=\"width: 300px\" class=\"wp-caption alignleft\"><a href=\"http:\/\/www.big-animals.com\/wp-content\/uploads\/2011\/04\/Frog.jpg\"><img loading=\"lazy\" decoding=\"async\" class=\"size-medium wp-image-850\" title=\"Las ranas son los anfibios que la gente conoce mejor\" alt=\"Las ranas son los anfibios que la gente conoce mejor\" src=\"http:\/\/www.big-animals.com\/wp-content\/uploads\/2011\/04\/Frog-300x196.jpg\" width=\"300\" height=\"196\" \/><\/a><figcaption id=\"caption-attachment-850\" class=\"wp-caption-text\">Las ranas son los anfibios m\u00e1s conocidos.<\/figcaption><\/figure>\n<p><span class=\"gts_text\" id=\"gts_text_8\">Desgraciadamente, en las \u00faltimas d\u00e9cadas el n\u00famero de anfibios en el mundo ha disminuido.<\/span> <span class=\"gts_text\" id=\"gts_text_9\">Muchas especies ahora se encuentran en peligro de extinci\u00f3n o extintas debido a la destrucci\u00f3n del h\u00e1bitat, a la caza ilegal, a la contaminaci\u00f3n, al cambio clim\u00e1tico y a las enfermedades.<\/span><\/p>\n<p><span class=\"gts_text\" id=\"gts_text_10\">Los anfibios viven en diversos ambientes, pero la mayor\u00eda de las especies necesitan tener h\u00e1bitats de agua dulce como pantanos, charcas, r\u00edos, corrientes u otros lugares h\u00famedos para poner los huevos.<\/span> <span class=\"gts_text\" id=\"gts_text_11\">Los anfibios son una presa relativamente f\u00e1cil de cazar.<\/span> <span class=\"gts_text\" id=\"gts_text_12\">No tienen mordeduras venenosas como la cobra o garras agudas como las \u00e1guilas.<\/span>\u00a0 Se a<span class=\"gts_text\" id=\"gts_text_13\">limentan de insectos, ara\u00f1as, gusanos, peque\u00f1os peces, peque\u00f1os reptiles e incluso de anfibios m\u00e1s peque\u00f1os.<\/span><\/p>\n<p><span class=\"gts_text\" id=\"gts_text_14\">La temperatura del cuerpo de un anfibio cambia seg\u00fan la temperatura circundante.<\/span> <span class=\"gts_text\" id=\"gts_text_15\">Cambian su color para regular su temperatura corporal.<\/span> <span class=\"gts_text\" id=\"gts_text_16\">Por ejemplo, pueden cambiar a un color m\u00e1s oscuro cuando necesitan absorber m\u00e1s calor.<\/span> <span class=\"gts_text\" id=\"gts_text_17\">\u00bfNo es asombroso?<\/span> <span class=\"gts_text\" id=\"gts_text_18\">Son m\u00e1s activos durante d\u00edas c\u00e1lidos y pueden cazar mejor en verano que en invierno ya que e<\/span><span class=\"gts_text\" id=\"gts_text_19\">l clima fr\u00edo los vuelve inactivos.<\/span> <span class=\"gts_text\" id=\"gts_text_20\">Al cambiar su color, pueden camuflarse y escaparse de sus depredadores.<\/span><\/p>\n<figure id=\"attachment_851\" aria-describedby=\"caption-attachment-851\" style=\"width: 251px\" class=\"wp-caption alignright\"><a href=\"http:\/\/www.big-animals.com\/wp-content\/uploads\/2011\/04\/Axolotl.jpg\"><img loading=\"lazy\" decoding=\"async\" class=\"size-full wp-image-851\" title=\"\u00a1El Axolotl parece muy lindo!\" alt=\"\u00a1El Axolotl parece muy lindo!\" src=\"http:\/\/www.big-animals.com\/wp-content\/uploads\/2011\/04\/Axolotl.jpg\" width=\"251\" height=\"202\" \/><\/a><figcaption id=\"caption-attachment-851\" class=\"wp-caption-text\">\u00a1El ajolote es muy bonito!<\/figcaption><\/figure>\n<p><span class=\"gts_text\" id=\"gts_text_21\">Existen anfibios de diversos tama\u00f1os.<\/span> <span class=\"gts_text\" id=\"gts_text_22\">El anfibio m\u00e1s grande de todos es la <a title=\"Salamandra gigante china\" href=\"http:\/\/www.big-animals.com\/es\/chino-gigante-salamandra\/\">salamandra gigante china<\/a> que mide 180 cm de largo.<\/span> <span class=\"gts_text\" id=\"gts_text_23\">Uno de los m\u00e1s peque\u00f1os es la rana dorada brasile\u00f1a que mide s\u00f3lo 9,8 mil\u00edmetros de largo. El tama\u00f1o de l<\/span><span class=\"gts_text\" id=\"gts_text_24\">as ranas var\u00eda de aproximadamente 1 cm a 33 cm de largo mientras que las salamandras son m\u00e1s largas, su tama\u00f1o var\u00eda de 2,7 cm a 180 cm de largo.<\/span> <span class=\"gts_text\" id=\"gts_text_25\">Los cec\u00edlidos miden aproximadamente\u00a0<\/span><span style=\"line-height: 1.5em\">entre<\/span><span style=\"line-height: 1.5em\">\u00a0<\/span><span class=\"gts_text\" style=\"line-height: 1.5em\">\u00a07 y 150 cm de largo.<\/span><span class=\"gts_text\" id=\"gts_text_26\" style=\"line-height: 1.5em\">La rana m\u00e1s grande es la <a title=\"Rana Goliat\" href=\"http:\/\/www.big-animals.com\/es\/rana-goliat\/\">Rana Goliat<\/a> que mide 33 cm de largo y el cec\u00edlido m\u00e1s grande es la\u00a0<a title=\"Caecilian Thompsoni\" href=\"http:\/\/www.big-animals.com\/es\/caecilian-thompsoni\/\"><em>Caecilia Thompsoni<\/em><\/a> que mide cerca de 150 cm de largo.<\/span><\/p>\n<p><span class=\"gts_text\" id=\"gts_text_27\">Los anfibios tienen una piel resbaladiza, suave y lisa.<\/span> <span class=\"gts_text\" id=\"gts_text_28\">Su piel permite que los gases y los l\u00edquidos pasen a trav\u00e9s de ella.<\/span> <span class=\"gts_text\" id=\"gts_text_29\">Por lo tanto, \u00a1pueden respirar a trav\u00e9s de su piel!<\/span>\u00a0\u00bf<span class=\"gts_text\" id=\"gts_text_30\">\u00a1No es interesante!?<\/span> <span class=\"gts_text\" id=\"gts_text_31\">Por ejemplo, las salamandras tienen una piel porosa que les permite absorber el ox\u00edgeno y el agua.<\/span> <span class=\"gts_text\" id=\"gts_text_32\">Aunque algunos anfibios cuando son renacuajos respiran mediante branquias, cuando crecen desarrollan pulmones para respirar.<\/span>\u00a0Todav\u00eda<span class=\"gts_text\" id=\"gts_text_33\">\u00a0dependen de su piel para obtener ox\u00edgeno adicional.<\/span> <span class=\"gts_text\" id=\"gts_text_34\">No beben agua y pueden conseguir toda el agua que necesitan absorbi\u00e9ndola a trav\u00e9s de su piel.<\/span><\/p>\n<p><span class=\"gts_text\" id=\"gts_text_35\">La mayor\u00eda de los anfibios tienen gl\u00e1ndulas en la piel que producen toxinas venenosas que utilizan para defenderse de sus depredadores.<\/span> <span class=\"gts_text\" id=\"gts_text_36\">Un ejemplo muy conocido es la rana punta de flecha.<\/span> <span class=\"gts_text\" id=\"gts_text_37\">Tiene una lengua pegajosa y larga que utiliza para capturar insectos.<\/span> <span class=\"gts_text\" id=\"gts_text_38\">Los cec\u00edlidos matan a su presa r\u00e1pidamente con sus dientes filosos.<\/span><\/p>\n<figure id=\"attachment_854\" aria-describedby=\"caption-attachment-854\" style=\"width: 300px\" class=\"wp-caption alignleft\"><a href=\"http:\/\/www.big-animals.com\/wp-content\/uploads\/2011\/04\/Caecilian1.jpg\"><img loading=\"lazy\" decoding=\"async\" class=\"size-medium wp-image-854 \" title=\"\u00a1La mirada de Caecilians apenas tiene gusto de gusanos o de serpientes!\" alt=\"\u00a1La mirada de Caecilians apenas tiene gusto de gusanos o de serpientes!\" src=\"http:\/\/www.big-animals.com\/wp-content\/uploads\/2011\/04\/Caecilian1-300x191.jpg\" width=\"300\" height=\"191\" \/><\/a><figcaption id=\"caption-attachment-854\" class=\"wp-caption-text\">\u00a1Los cec\u00edlidos se parecen a los gusanos o a las serpientes!<\/figcaption><\/figure>\n<p><span class=\"gts_text\" id=\"gts_text_39\">La mayor\u00eda de los anfibios adultos tienen dientes como los cec\u00edlidos.\u00a0<\/span> <span class=\"gts_text\" id=\"gts_text_40\">Las ranas s\u00f3lo tienen dientes en el maxilar superior (no tienen dientes en su mand\u00edbula), por lo cual generalmente tragan su comida entera, como una serpiente.\u00a0<\/span><span class=\"gts_text\" id=\"gts_text_41\">Utilizan sus dientes para sostenerse sobre su presa y no masticar.\u00a0Sin embargo, ciertas especies no tienen dientes, como por ejemplo la rana agarrada africana.<\/span><\/p>\n<p><span class=\"gts_text\" id=\"gts_text_42\">Casi todos los anfibios ponen sus huevos en el agua.<\/span> <span class=\"gts_text\" id=\"gts_text_43\">Sin embargo algunas ranas, salamandras y cec\u00edlidos ponen sus huevos en lugares h\u00famedos como grietas o madrigueras en la tierra.\u00a0<\/span><span class=\"gts_text\" id=\"gts_text_44\">Casi todas las ranas ponen sus huevos en el agua y los huevos se convierten en los renacuajos que viven en el agua.<\/span> <span class=\"gts_text\" id=\"gts_text_45\">Los huevos de anfibios se encuentran protegidos por una especie de gelatina.<\/span>\u00a0Los renacuajos r<span class=\"gts_text\" id=\"gts_text_46\">espiran con sus branquias y nadan usando su cola.<\/span> <span class=\"gts_text\" id=\"gts_text_47\">Cuando crecen, pierden su cola, utilizan los pulmones para respirar en vez de sus papadas y le crecen 4 patas fuertes para saltar.<\/span><\/p>\n<p><span class=\"gts_text\" id=\"gts_text_48\">Los cec\u00edlidos tienen peque\u00f1os ojos que se encuentran cubiertos por una capa de piel para su protecci\u00f3n.<\/span> <span class=\"gts_text\" id=\"gts_text_49\">Por eso, mucha gente piensa que son ciegos (su vista es limitada pero no son ciegos).<\/span> <span class=\"gts_text\" id=\"gts_text_50\">Tienen un par de tent\u00e1culos entre los ojos y los orificios de la nariz que<\/span><span class=\"gts_text\" id=\"gts_text_51\">\u00a0les ayudan a desarrollar mejor el sentido del olfato.<\/span><\/p>\n<p><span class=\"gts_text\" id=\"gts_text_52\">\u00a0<\/span><\/p>\n","protected":false},"excerpt":{"rendered":"<p>Los anfibios son animales que pueden vivir en el agua cuando son j\u00f3venes y en tierra cuando son adultos. Tienen espinas dorsales.\u00a0Dentro de los diversos tipos de anfibios se encuentran las ranas, las salamandras y los cec\u00edlidos. \u00a1Los cec\u00edlidos no tienen patas y parecen gusanos! Un sapo en realidad es un tipo especial de rana. &hellip; <a href=\"https:\/\/www.big-animals.com\/es\/anfibios\/\" class=\"more-link\">Continue reading <span class=\"screen-reader-text\">Anfibios<\/span><\/a><\/p>\n","protected":false},"author":1,"featured_media":0,"parent":0,"menu_order":0,"comment_status":"closed","ping_status":"open","template":"","meta":{"_acf_changed":false,"footnotes":""},"acf":[],"_links":{"self":[{"href":"https:\/\/www.big-animals.com\/es\/wp-json\/wp\/v2\/pages\/270"}],"collection":[{"href":"https:\/\/www.big-animals.com\/es\/wp-json\/wp\/v2\/pages"}],"about":[{"href":"https:\/\/www.big-animals.com\/es\/wp-json\/wp\/v2\/types\/page"}],"author":[{"embeddable":true,"href":"https:\/\/www.big-animals.com\/es\/wp-json\/wp\/v2\/users\/1"}],"replies":[{"embeddable":true,"href":"https:\/\/www.big-animals.com\/es\/wp-json\/wp\/v2\/comments?post=270"}],"version-history":[{"count":13,"href":"https:\/\/www.big-animals.com\/es\/wp-json\/wp\/v2\/pages\/270\/revisions"}],"predecessor-version":[{"id":946,"href":"https:\/\/www.big-animals.com\/es\/wp-json\/wp\/v2\/pages\/270\/revisions\/946"}],"wp:attachment":[{"href":"https:\/\/www.big-animals.com\/es\/wp-json\/wp\/v2\/media?parent=270"}],"curies":[{"name":"wp","href":"https:\/\/api.w.org\/{rel}","templated":true}]}}