{"id":272,"date":"2011-05-09T09:21:32","date_gmt":"2011-05-09T09:21:32","guid":{"rendered":""},"modified":"2014-01-25T08:32:26","modified_gmt":"2014-01-25T00:32:26","slug":"cecilidos","status":"publish","type":"page","link":"https:\/\/www.big-animals.com\/es\/cecilidos\/","title":{"rendered":"Cec\u00edlidos"},"content":{"rendered":"<p><span class=\"gts_text\" id=\"gts_text_1\">Los cec\u00edlidos son <a title=\"Anfibios\" href=\"http:\/\/www.big-animals.com\/es\/anfibios\/\">anfibios<\/a> parecidos a una lombriz de tierra o a una serpiente.<\/span> <span class=\"gts_text\" id=\"gts_text_2\">Se ocultan principalmente en la tierra, esa es la raz\u00f3n por la que al menos son conocidos como anfibios.<\/span> <span class=\"gts_text\" id=\"gts_text_3\">Viven en las zonas tropicales de Sudam\u00e9rica, \u00c1frica y el sur de Asia.<\/span> <span class=\"gts_text\" id=\"gts_text_4\">No conocemos realmente lo que comen, pero el cec\u00edlido carn\u00edvoro adulto parece comer larvas de insectos, termitas y lombrices de tierra.\u00a0Los cec\u00edlidos en cautividad se alimentan de lombrices de tierra y \u00e9stas son gusanos que se encuentran f\u00e1cilmente en el h\u00e1bitat del cec\u00edlido.<\/span><\/p>\n<figure id=\"attachment_984\" aria-describedby=\"caption-attachment-984\" style=\"width: 300px\" class=\"wp-caption alignright\"><a href=\"http:\/\/www.big-animals.com\/wp-content\/uploads\/2011\/05\/Caecilian.jpg\"><img loading=\"lazy\" decoding=\"async\" class=\"size-medium wp-image-984\" title=\"Un Caecilian t\u00edpico - fotograf\u00eda por Shyamal\" alt=\"Un Caecilian t\u00edpico - fotograf\u00eda por Shyamal\" src=\"http:\/\/www.big-animals.com\/wp-content\/uploads\/2011\/05\/Caecilian-300x153.jpg\" width=\"300\" height=\"153\" \/><\/a><figcaption id=\"caption-attachment-984\" class=\"wp-caption-text\">Un t\u00edpico cec\u00edlido &#8211; Fotograf\u00eda de Shyamal<\/figcaption><\/figure>\n<p><span class=\"gts_text\" id=\"gts_text_5\">No tienen piernas.<\/span> <span class=\"gts_text\" id=\"gts_text_6\">La mayor\u00eda de estos animales miden entre 13 y 36 cm (5 a 14 pulgadas) de largo y 0,6 a 2,5 cm (0,25 a 1 pulgada) de di\u00e1metro.<\/span> <span class=\"gts_text\" id=\"gts_text_7\">La especie m\u00e1s grande, <a title=\"Caecilian Thompsoni\" href=\"http:\/\/www.big-animals.com\/es\/caecilian-thompsoni\/\"><em>Caecilian Thompsoni<\/em><\/a> crece hasta 1,5 metros (5 pies) de longitud.<\/span> <span class=\"gts_text\" id=\"gts_text_8\">No tiene cola si no apenas una cola cortita.<\/span> <span class=\"gts_text\" id=\"gts_text_9\">Tienen piel lisa y por lo general de color oscuro.<\/span> <span class=\"gts_text\" id=\"gts_text_10\">No obstante, algunas especies tienen pieles de colores muy vivos, anaranjadas y grises con rayas amarillas, o muchos otros colores.<\/span> <span class=\"gts_text\" id=\"gts_text_11\">La piel tiene muchos surcos en forma de anillos, lo que hace que parezca que tienen segmentos, al igual que una lombriz de tierra.<\/span> <span class=\"gts_text\" id=\"gts_text_12\">La piel contiene gl\u00e1ndulas venenosas para defenderse de los depredadores.<\/span> <span class=\"gts_text\" id=\"gts_text_13\">Tienen escamas dentro de su piel.<\/span><\/p>\n<p><span class=\"gts_text\" id=\"gts_text_14\">Sus cuerpos han sido dise\u00f1ados para cavar bien profundo en la tierra.<\/span> <span class=\"gts_text\" id=\"gts_text_15\">Tienen un cr\u00e1neo fuerte con un hocico puntiagudo que utilizan para abrirse camino a trav\u00e9s de la tierra o del fango.<\/span> <span class=\"gts_text\" id=\"gts_text_16\">Los m\u00fasculos est\u00e1n adaptados para empujar y abrirse camino a trav\u00e9s de la tierra.<\/span> <span class=\"gts_text\" id=\"gts_text_17\">En el agua o el fango poco densos, nadan como una anguila.<\/span> <span class=\"gts_text\" id=\"gts_text_18\">Tienen una aleta carnosa a lo largo de la parte posterior de su cuerpo que les ayuda a nadar cuando lo necesitan.<\/span><\/p>\n<p><span class=\"gts_text\" id=\"gts_text_19\">Puesto que viven bajo tierra, los ojos son peque\u00f1os y est\u00e1n cubiertos con piel por protecci\u00f3n.<\/span> <span class=\"gts_text\" id=\"gts_text_20\">Por eso se pens\u00f3 que eran ciegos.<\/span> <span class=\"gts_text\" id=\"gts_text_21\">No lo son, pero su visi\u00f3n es limitada.<\/span> <span class=\"gts_text\" id=\"gts_text_22\">No pueden ver formas.<\/span> <span class=\"gts_text\" id=\"gts_text_23\">Todos los cec\u00edlidos tienen un par de tent\u00e1culos, situados entre sus ojos y fosas nasales.<\/span> <span class=\"gts_text\" id=\"gts_text_24\">Los cec\u00edlidos utilizan dichos tent\u00e1culos para olfatear.<\/span> <span class=\"gts_text\" id=\"gts_text_25\">La mayor\u00eda de los cec\u00edlidos tienen pulmones, pero tambi\u00e9n utilizan su piel o boca para respirar.<\/span> <span class=\"gts_text\" id=\"gts_text_26\">Existen dos especies que no tienen pulmones.<\/span> <span class=\"gts_text\" id=\"gts_text_27\">Son <em>Atretochoana Eiselti<\/em> y <em>Caecilita Iwokramae<\/em>.<\/span><\/p>\n<p><span class=\"gts_text\" id=\"gts_text_28\">Aproximadamente el 25% de las especies de cec\u00edlidos ponen huevos que son protegidos por las hembras.<\/span> <span class=\"gts_text\" id=\"gts_text_29\">Ciertas especies de cec\u00edlidos j\u00f3venes ya tienen cuerpos con forma adulta cuando salen de los huevos, pero otros salen con forma de larva.<\/span> <span class=\"gts_text\" id=\"gts_text_30\">Las larvas no son completamente acu\u00e1ticas.<\/span> <span class=\"gts_text\" id=\"gts_text_31\">Pasan el d\u00eda en tierra cerca del agua.<\/span><\/p>\n<p><span class=\"gts_text\" id=\"gts_text_32\">El 75% restante de las especies dan a luz a beb\u00e9s ya desarrollados.<\/span> <span class=\"gts_text\" id=\"gts_text_33\">El feto se alimenta dentro de la hembra.<\/span> <span class=\"gts_text\" id=\"gts_text_34\">Los cec\u00edlidos pueden vivir de 5 a 20 a\u00f1os.<\/span><\/p>\n<p><span class=\"gts_text\" id=\"gts_text_35\">\u00a0<\/span><\/p>\n","protected":false},"excerpt":{"rendered":"<p>Los cec\u00edlidos son anfibios parecidos a una lombriz de tierra o a una serpiente. Se ocultan principalmente en la tierra, esa es la raz\u00f3n por la que al menos son conocidos como anfibios. Viven en las zonas tropicales de Sudam\u00e9rica, \u00c1frica y el sur de Asia. No conocemos realmente lo que comen, pero el cec\u00edlido &hellip; <a href=\"https:\/\/www.big-animals.com\/es\/cecilidos\/\" class=\"more-link\">Continue reading <span class=\"screen-reader-text\">Cec\u00edlidos<\/span><\/a><\/p>\n","protected":false},"author":1,"featured_media":0,"parent":0,"menu_order":0,"comment_status":"closed","ping_status":"open","template":"","meta":{"_acf_changed":false,"footnotes":""},"acf":[],"_links":{"self":[{"href":"https:\/\/www.big-animals.com\/es\/wp-json\/wp\/v2\/pages\/272"}],"collection":[{"href":"https:\/\/www.big-animals.com\/es\/wp-json\/wp\/v2\/pages"}],"about":[{"href":"https:\/\/www.big-animals.com\/es\/wp-json\/wp\/v2\/types\/page"}],"author":[{"embeddable":true,"href":"https:\/\/www.big-animals.com\/es\/wp-json\/wp\/v2\/users\/1"}],"replies":[{"embeddable":true,"href":"https:\/\/www.big-animals.com\/es\/wp-json\/wp\/v2\/comments?post=272"}],"version-history":[{"count":2,"href":"https:\/\/www.big-animals.com\/es\/wp-json\/wp\/v2\/pages\/272\/revisions"}],"predecessor-version":[{"id":787,"href":"https:\/\/www.big-animals.com\/es\/wp-json\/wp\/v2\/pages\/272\/revisions\/787"}],"wp:attachment":[{"href":"https:\/\/www.big-animals.com\/es\/wp-json\/wp\/v2\/media?parent=272"}],"curies":[{"name":"wp","href":"https:\/\/api.w.org\/{rel}","templated":true}]}}