{"id":274,"date":"2011-05-09T09:21:51","date_gmt":"2011-05-09T09:21:51","guid":{"rendered":""},"modified":"2014-01-25T07:55:23","modified_gmt":"2014-01-24T23:55:23","slug":"carnivoros","status":"publish","type":"page","link":"https:\/\/www.big-animals.com\/es\/carnivoros\/","title":{"rendered":"Carn\u00edvoros"},"content":{"rendered":"<p><span class=\"gts_text\" id=\"gts_text_1\">Existen 260 tipos de mam\u00edferos en el grupo llamado <em>Carnivora<\/em>.<\/span> <span class=\"gts_text\" id=\"gts_text_2\">Los animales de dicho grupo se denominan carn\u00edvoros.<\/span> <span class=\"gts_text\" id=\"gts_text_3\">Carn\u00edvoro significa <em>devorador de carne<\/em>.<\/span> <span class=\"gts_text\" id=\"gts_text_4\">Los carn\u00edvoros pueden ser tan peque\u00f1os como una comadreja, que pesa solamente 25 gramos y mide 11 cent\u00edmetros de largo.<\/span> <span class=\"gts_text\" id=\"gts_text_5\">El carn\u00edvoro m\u00e1s grande es el <a title=\"Elefante Marino del Sur\" href=\"http:\/\/www.big-animals.com\/es\/elefante-marino-del-sur\/\">elefante marino del sur<\/a>, que puede alcanzar los 5.000 kilogramos de peso y medir hasta 6,85 metros de largo.<\/span> <span class=\"gts_text\" id=\"gts_text_6\">El carn\u00edvoro terrestre m\u00e1s grande que existe es el <a title=\"Oso polar\" href=\"http:\/\/www.big-animals.com\/es\/oso-polar\/\">oso polar<\/a>.<\/span><\/p>\n<p><span class=\"gts_text\" id=\"gts_text_7\">Casi todos los carn\u00edvoros de la actualidad se alimentan principalmente de carne.<\/span> <span class=\"gts_text\" id=\"gts_text_8\">Algunos tienen que comer solamente carne porque no pueden digerir las plantas.<\/span> <span class=\"gts_text\" id=\"gts_text_9\">Entre estos se incluyen los gatos, las focas y las comadrejas.<\/span> <span class=\"gts_text\" id=\"gts_text_10\">Otros, dependiendo de donde vivan, pueden comer plantas y carne, por ejemplo los mapaches y los osos.<\/span> <span class=\"gts_text\" id=\"gts_text_11\">El panda gigante es principalmente un devorador de plantas, pero aun as\u00ed puede comer peces, huevos e insectos.<\/span> <span class=\"gts_text\" id=\"gts_text_12\">El oso polar que vive en las g\u00e9lidas nieves del \u00c1rtico se alimenta exclusivamente de carne.<\/span><\/p>\n<figure id=\"attachment_740\" aria-describedby=\"caption-attachment-740\" style=\"width: 300px\" class=\"wp-caption alignleft\"><a href=\"http:\/\/www.big-animals.com\/wp-content\/uploads\/2011\/03\/Cat_Face.jpg\"><img loading=\"lazy\" decoding=\"async\" class=\"size-medium wp-image-740\" title=\"Carnivorans tiene ojos el hacer frente adelante para ayudarles para cazar\" alt=\"Carnivorans tiene ojos el hacer frente adelante para ayudarles para cazar\" src=\"http:\/\/www.big-animals.com\/wp-content\/uploads\/2011\/03\/Cat_Face-300x266.jpg\" width=\"300\" height=\"266\" \/><\/a><figcaption id=\"caption-attachment-740\" class=\"wp-caption-text\">Los carn\u00edvoros tienen los ojos mirando hacia adelante para ayudarlos a cazar.<\/figcaption><\/figure>\n<p><span class=\"gts_text\" id=\"gts_text_13\">Los carn\u00edvoros tienen dientes afilados.<\/span> Se sirven de <span class=\"gts_text\" id=\"gts_text_14\">ambos ojos para a medir las distancias, lo que les permite ser buenos cazadores.<\/span> <span class=\"gts_text\" id=\"gts_text_15\">La mayor\u00eda caza en manada y son animales gregarios.<\/span> <span class=\"gts_text\" id=\"gts_text_16\">Estos h\u00e1bitos los ayudan a cazar presas m\u00e1s grandes que ellos.<\/span> <span class=\"gts_text\" id=\"gts_text_17\">Los carn\u00edvoros son principalmente criaturas terrestres, pero hay algunas especies (como los mapaches) que viven en los \u00e1rboles.<\/span> <span class=\"gts_text\" id=\"gts_text_18\">Tienen unas estupendas garras afiladas y fuertes.<\/span> <span class=\"gts_text\" id=\"gts_text_19\">Cuentan con al menos 4 dedos en cada pata.<\/span> <span class=\"gts_text\" id=\"gts_text_20\">Disponen de colmillos bien desarrollados, dientes que son afilados y puntiagudos.<\/span> Utilizan e<span class=\"gts_text\" id=\"gts_text_21\">l \u00faltimo premolar de la mand\u00edbula superior y la primera muela del maxilar inferior para desgarrar la carne y el hueso como si fuesen tijeras u otro instrumento cortante.<\/span> <span class=\"gts_text\" id=\"gts_text_22\">Estos dientes cortantes est\u00e1n muy desarrollados en la familia de los gatos, sin embargo apenas lo est\u00e1n en la familia de los osos.<\/span><\/p>\n<p><span class=\"gts_text\" id=\"gts_text_23\">La mayor\u00eda de los animales que pertenece al grupo de los <em>Carnivora<\/em> tiene 6 incisivos y 2 colmillos coniformes en la mand\u00edbula superior y el maxilar inferior.<\/span> <span class=\"gts_text\" id=\"gts_text_24\">No obstante, la nutria de mar tiene solamente 4 incisivos en el maxilar inferior y el perezoso tiene 4 incisivos en la mand\u00edbula superior.<\/span> <span class=\"gts_text\" id=\"gts_text_25\">El n\u00famero de muelas y de premolares es diferente en cada una de las especies carn\u00edvoras.<\/span> <span class=\"gts_text\" id=\"gts_text_26\">Todos sus dientes est\u00e1n profundamente enraizados y cuentan con s\u00f3lo dos sistemas de dentaduras durante sus vidas, como los seres humanos.<\/span> <span class=\"gts_text\" id=\"gts_text_27\">Sus dientes no se reemplazan con asiduidad como los dientes del <a title=\"Crocod\u00edlidos\" href=\"http:\/\/www.big-animals.com\/es\/crocodilidos\/\">cocodrilo<\/a>, ni tampoco crecen constantemente como los dientes delanteros de los <a title=\"Roedores\" href=\"http:\/\/www.big-animals.com\/es\/roedores\/\">roedores<\/a>.<\/span> <span class=\"gts_text\" id=\"gts_text_28\">Poseen 4 o 5 dedos en cada pata.<\/span> <span class=\"gts_text\" id=\"gts_text_29\">El primer dedo de las patas traseras se conoce tambi\u00e9n como espol\u00f3n, es realmente min\u00fasculo en la mayor\u00eda de los <em>Carnivora<\/em>\u00a0y algunos ni siquiera lo tienen.<\/span><\/p>\n<p><span class=\"gts_text\" id=\"gts_text_30\">Los animales carn\u00edvoros como los perros, los zorros, las mofetas, las comadrejas, los mapaches, los osos y las morsas tienen garras que no pueden retraer.<\/span> <span class=\"gts_text\" id=\"gts_text_31\">La mayor\u00eda de estos animales son de colores uniformes.<\/span> <span class=\"gts_text\" id=\"gts_text_32\">No tienen un pelaje llamativo con manchas como el de los gatos.<\/span> <span class=\"gts_text\" id=\"gts_text_33\">Los gatos, las hienas y las civetas poseen manchas o rayas de colores intensos, a diferencia de los perros y los zorros.<\/span> <span class=\"gts_text\" id=\"gts_text_34\">Tambi\u00e9n pueden retraer las garras cuando no las est\u00e1n utilizando.<\/span><\/p>\n<figure id=\"attachment_742\" aria-describedby=\"caption-attachment-742\" style=\"width: 300px\" class=\"wp-caption alignright\"><a href=\"http:\/\/www.big-animals.com\/wp-content\/uploads\/2011\/03\/A_Bear_Cub1.jpg\"><img loading=\"lazy\" decoding=\"async\" class=\"size-medium wp-image-742\" title=\"La mayor\u00eda de los osos comen la carne y las plantas\" alt=\"La mayor\u00eda de los osos comen la carne y las plantas\" src=\"http:\/\/www.big-animals.com\/wp-content\/uploads\/2011\/03\/A_Bear_Cub1-300x240.jpg\" width=\"300\" height=\"240\" \/><\/a><figcaption id=\"caption-attachment-742\" class=\"wp-caption-text\">La mayor\u00eda de los osos comen tanto carne como plantas.<\/figcaption><\/figure>\n<p><span class=\"gts_text\" id=\"gts_text_35\">Las morsas, las focas y los leones marinos son carn\u00edvoros de sangre caliente.<\/span> <span class=\"gts_text\" id=\"gts_text_36\">Sus cuerpos se encuentran bien aislados con una gruesa capa de grasa y est\u00e1n cubiertos de pelo para mantenerse calientes.<\/span> <span class=\"gts_text\" id=\"gts_text_37\">Los dedos no est\u00e1n separados sino conectados por una membrana.<\/span>\u00a0\u00c9<span class=\"gts_text\" id=\"gts_text_38\">sta forma aletas para ayudarlos a nadar bien.<\/span> <span class=\"gts_text\" id=\"gts_text_39\">Las extremidades anteriores y posteriores les sirven como remos.<\/span> <span class=\"gts_text\" id=\"gts_text_40\">Tener esta clase de miembros los ayuda a zambullirse en las profundidades extremas.<\/span> <span class=\"gts_text\" id=\"gts_text_41\">Por ejemplo, la foca de Weddell puede zambullirse a 600 metros de profundidad y permanecer sumergida durante m\u00e1s de 1 hora.\u00a0<\/span><span class=\"gts_text\" id=\"gts_text_42\">La parte externa del o\u00eddo no existe o es muy peque\u00f1a en ciertas especies, pero poseen barbas bien desarrolladas que crecen alrededor de los orificios nasales, sobre los labios y en otras partes de la cara en la mayor\u00eda de los carn\u00edvoros.<\/span> <span class=\"gts_text\" id=\"gts_text_43\">Tienen la cola muy corta o carecen de ella.<\/span><\/p>\n<p><span class=\"gts_text\" id=\"gts_text_44\">Los carn\u00edvoros tienen cerebros bastante grandes revestidos de un pesado cr\u00e1neo.<\/span> <span class=\"gts_text\" id=\"gts_text_45\">Puesto que se alimentan principalmente de carne, poseen un sistema digestivo simple para digerirla,<\/span> a<span class=\"gts_text\" id=\"gts_text_46\"> diferencia de los animales que se alimentan de plantas que necesitan un sistema digestivo m\u00e1s complejo porque deben digerir las duras fibras vegetales.<\/span> <span class=\"gts_text\" id=\"gts_text_47\">La mayor\u00eda est\u00e1n dotados de sentidos altamente desarrollados.<\/span> <span class=\"gts_text\" id=\"gts_text_48\">Tienen una visi\u00f3n y una audici\u00f3n excelentes.<\/span> <span class=\"gts_text\" id=\"gts_text_49\">Un gran n\u00famero de ellos posee un gran sentido del olfato, como los perros y los zorros.<\/span> <span class=\"gts_text\" id=\"gts_text_50\">Son magn\u00edficos corredores.<\/span> <span class=\"gts_text\" id=\"gts_text_51\">Algunos son corredores de largas distancias aunque generalmente son velocistas.<\/span> <span class=\"gts_text\" id=\"gts_text_52\">Los osos y los mapaches pueden parecen lentos y torpes pero son capaces de correr a grandes velocidades en distancias cortas.<\/span><\/p>\n<p><span class=\"gts_text\" id=\"gts_text_53\">\u00a0<\/span><\/p>\n","protected":false},"excerpt":{"rendered":"<p>Existen 260 tipos de mam\u00edferos en el grupo llamado Carnivora. Los animales de dicho grupo se denominan carn\u00edvoros. Carn\u00edvoro significa devorador de carne. Los carn\u00edvoros pueden ser tan peque\u00f1os como una comadreja, que pesa solamente 25 gramos y mide 11 cent\u00edmetros de largo. El carn\u00edvoro m\u00e1s grande es el elefante marino del sur, que puede &hellip; <a href=\"https:\/\/www.big-animals.com\/es\/carnivoros\/\" class=\"more-link\">Continue reading <span class=\"screen-reader-text\">Carn\u00edvoros<\/span><\/a><\/p>\n","protected":false},"author":1,"featured_media":0,"parent":0,"menu_order":0,"comment_status":"closed","ping_status":"open","template":"","meta":{"_acf_changed":false,"footnotes":""},"acf":[],"_links":{"self":[{"href":"https:\/\/www.big-animals.com\/es\/wp-json\/wp\/v2\/pages\/274"}],"collection":[{"href":"https:\/\/www.big-animals.com\/es\/wp-json\/wp\/v2\/pages"}],"about":[{"href":"https:\/\/www.big-animals.com\/es\/wp-json\/wp\/v2\/types\/page"}],"author":[{"embeddable":true,"href":"https:\/\/www.big-animals.com\/es\/wp-json\/wp\/v2\/users\/1"}],"replies":[{"embeddable":true,"href":"https:\/\/www.big-animals.com\/es\/wp-json\/wp\/v2\/comments?post=274"}],"version-history":[{"count":9,"href":"https:\/\/www.big-animals.com\/es\/wp-json\/wp\/v2\/pages\/274\/revisions"}],"predecessor-version":[{"id":783,"href":"https:\/\/www.big-animals.com\/es\/wp-json\/wp\/v2\/pages\/274\/revisions\/783"}],"wp:attachment":[{"href":"https:\/\/www.big-animals.com\/es\/wp-json\/wp\/v2\/media?parent=274"}],"curies":[{"name":"wp","href":"https:\/\/api.w.org\/{rel}","templated":true}]}}