{"id":278,"date":"2011-05-09T09:23:12","date_gmt":"2011-05-09T09:23:12","guid":{"rendered":""},"modified":"2014-08-27T03:57:59","modified_gmt":"2014-08-26T19:57:59","slug":"ungulados-mamiferos-dedo","status":"publish","type":"page","link":"https:\/\/www.big-animals.com\/es\/ungulados-mamiferos-dedo\/","title":{"rendered":"Mam\u00edferos ungulados"},"content":{"rendered":"<figure id=\"attachment_1064\" aria-describedby=\"caption-attachment-1064\" style=\"width: 225px\" class=\"wp-caption alignright\"><a href=\"http:\/\/www.big-animals.com\/wp-content\/uploads\/2011\/05\/Sheep.jpeg\"><img loading=\"lazy\" decoding=\"async\" class=\"size-medium wp-image-1064\" title=\"los ungulados pares caminan sobre dos dedos del pie\" src=\"http:\/\/www.big-animals.com\/wp-content\/uploads\/2011\/05\/Sheep-225x300.jpg\" alt=\"Los ungulados pares caminan sobre dos dedos del pie\" width=\"225\" height=\"300\" \/><\/a><figcaption id=\"caption-attachment-1064\" class=\"wp-caption-text\">Los ungulados pares caminan sobre dos dedos del pie<\/figcaption><\/figure>\n<p><span id=\"gts_text_1\" class=\"gts_text\">Los ungulados son <a title=\"\u00a1Los mam\u00edferos m\u00e1s grandes del mundo!\" href=\"http:\/\/www.big-animals.com\/the-worlds-biggest-mammals\/\">mam\u00edferos<\/a> cuyos dedos est\u00e1n provistos de pezu\u00f1as; se apoyan o caminan con el extremo de los dedos.<\/span> Los ungulados pares son mam\u00edferos con pezu\u00f1as cuyo peso lo soportan casi por igual el tercer y cuarto dedos, en vez de soportarlo principal o completamente el tercero como en los ungulados impares. <span id=\"gts_text_2\" class=\"gts_text\">Por ejemplo, los ungulados impares incluyen caballos, cebras, tapires, burros y rinocerontes. En otras palabras,<\/span> <span id=\"gts_text_3\" class=\"gts_text\">los ungulados pares se apoyan en un par de dedos del pie.<\/span> <span id=\"gts_text_4\" class=\"gts_text\">La mayor\u00eda de ellos viven en prados, sabanas y llanuras.<\/span> <span id=\"gts_text_5\" class=\"gts_text\">Se encuentran en todos los continentes con excepci\u00f3n de la Ant\u00e1rtida.<\/span> <span id=\"gts_text_6\" class=\"gts_text\">Fueron introducidos en Australia y en Nueva Zelanda por los seres humanos.<\/span> <span id=\"gts_text_7\" class=\"gts_text\">Los ungulados pares comprenden cerdos, hipop\u00f3tamos, camellos, cervatillos, ovejas, <a title=\"\u00a1La jirafa - el animal m\u00e1s alto del mundo!\" href=\"http:\/\/www.big-animals.com\/the-giraffe-the-worlds-tallest-animal\/\">jirafas<\/a>, cabras y vacas.<\/span> <span id=\"gts_text_8\" class=\"gts_text\">Existen alrededor de 220 especies.<\/span><\/p>\n<p><span id=\"gts_text_9\" class=\"gts_text\">Tienen un hueso en las articulaciones del tobillo que le proporciona m\u00e1s flexibilidad a su pie.<\/span> <span id=\"gts_text_10\" class=\"gts_text\">Algunas especies tienen cuernos y otras tienen astas.<\/span> <span id=\"gts_text_11\" class=\"gts_text\">La mayor\u00eda de ellos son herb\u00edvoros; comen solamente plantas.<\/span> <span id=\"gts_text_12\" class=\"gts_text\">Algunos, como los ant\u00edlopes, tienen un est\u00f3mago con cuatro c\u00e1maras e intestinos m\u00e1s largos que les permite digerir la celulosa de las plantas; la celulosa es m\u00e1s dif\u00edcil de digerir que la carne.<\/span><\/p>\n<p><span id=\"gts_text_13\" class=\"gts_text\">Los camellos, las llamas y los cervatillos tienen tres c\u00e1maras en su est\u00f3mago.<\/span> <span id=\"gts_text_14\" class=\"gts_text\">Los hipop\u00f3tamos son los ungulados pares de mayor peso.<\/span> <span id=\"gts_text_15\" class=\"gts_text\">Pesan alrededor de 1,4-1,5 toneladas.<\/span> <span id=\"gts_text_16\" class=\"gts_text\">Miden alrededor de 2,7 metros (9 pies) de largo.\u00a0Tambi\u00e9n tienen un est\u00f3mago con tres c\u00e1maras y no mastican su bolo alimenticio.<\/span> <span id=\"gts_text_17\" class=\"gts_text\">Se alimentan en la noche; comen hierbas.<\/span> <span id=\"gts_text_18\" class=\"gts_text\">Pueden incluso caminar hasta 8 kil\u00f3metros (5 millas) para buscar alimento.<\/span> <span id=\"gts_text_19\" class=\"gts_text\">Comen aproximadamente 70 kg (150 libras) de comida cada noche.<\/span> <span id=\"gts_text_20\" class=\"gts_text\">Dependen de criaturas min\u00fasculas que se encuentran en el est\u00f3mago para ayudarles a digerir las plantas.<\/span> <span id=\"gts_text_21\" class=\"gts_text\">El ungulado par m\u00e1s alto de todos es la <a title=\"\u00a1La jirafa - el animal m\u00e1s alto del mundo!\" href=\"http:\/\/www.big-animals.com\/the-giraffe-the-worlds-tallest-animal\/\">jirafa<\/a>, que es tambi\u00e9n el animal m\u00e1s alto en la tierra hoy.<\/span><\/p>\n<p><span id=\"gts_text_22\" class=\"gts_text\">Los ungulados pares proporcionan alimentos y otras ventajas a los seres humanos, especialmente las vacas, las ovejas, los cerdos y las cabras.<\/span> <span id=\"gts_text_23\" class=\"gts_text\">En la actualidad, la ganader\u00eda es una industria multimillonaria por todo el mundo.<\/span><\/p>\n<figure id=\"attachment_1066\" aria-describedby=\"caption-attachment-1066\" style=\"width: 300px\" class=\"wp-caption aligncenter\"><a href=\"http:\/\/www.big-animals.com\/wp-content\/uploads\/2011\/05\/FoodFromUngulates.jpg\"><img loading=\"lazy\" decoding=\"async\" class=\"size-medium wp-image-1066\" title=\"Embutidos, gelatina, leche, cuero, lana, carne de res, jam\u00f3n, queso, carne de cordero, yogur, tocino - todos estos se obtienen de los ungulados pares\" src=\"http:\/\/www.big-animals.com\/wp-content\/uploads\/2011\/05\/FoodFromUngulates-300x118.jpg\" alt=\"Embutidos, gelatina, leche, cuero, lana, carne de res, jam\u00f3n, queso, carne de cordero, yogur, tocino - todos estos se obtienen de los ungulados pares\" width=\"300\" height=\"118\" \/><\/a><figcaption id=\"caption-attachment-1066\" class=\"wp-caption-text\">Embutidos, gelatina, leche, cuero, lana, carne de res, jam\u00f3n, queso, carne de cordero, yogur, tocino &#8211; todos estos se obtienen de los ungulados pares<\/figcaption><\/figure>\n<p><span id=\"gts_text_24\" class=\"gts_text\">\u00a0<\/span><\/p>\n","protected":false},"excerpt":{"rendered":"<p>Los ungulados son mam\u00edferos cuyos dedos est\u00e1n provistos de pezu\u00f1as; se apoyan o caminan con el extremo de los dedos. Los ungulados pares son mam\u00edferos con pezu\u00f1as cuyo peso lo soportan casi por igual el tercer y cuarto dedos, en vez de soportarlo principal o completamente el tercero como en los ungulados impares. Por ejemplo, &hellip; <a href=\"https:\/\/www.big-animals.com\/es\/ungulados-mamiferos-dedo\/\" class=\"more-link\">Continue reading <span class=\"screen-reader-text\">Mam\u00edferos ungulados<\/span><\/a><\/p>\n","protected":false},"author":1,"featured_media":0,"parent":0,"menu_order":0,"comment_status":"closed","ping_status":"open","template":"","meta":{"_acf_changed":false,"footnotes":""},"acf":[],"_links":{"self":[{"href":"https:\/\/www.big-animals.com\/es\/wp-json\/wp\/v2\/pages\/278"}],"collection":[{"href":"https:\/\/www.big-animals.com\/es\/wp-json\/wp\/v2\/pages"}],"about":[{"href":"https:\/\/www.big-animals.com\/es\/wp-json\/wp\/v2\/types\/page"}],"author":[{"embeddable":true,"href":"https:\/\/www.big-animals.com\/es\/wp-json\/wp\/v2\/users\/1"}],"replies":[{"embeddable":true,"href":"https:\/\/www.big-animals.com\/es\/wp-json\/wp\/v2\/comments?post=278"}],"version-history":[{"count":3,"href":"https:\/\/www.big-animals.com\/es\/wp-json\/wp\/v2\/pages\/278\/revisions"}],"predecessor-version":[{"id":999,"href":"https:\/\/www.big-animals.com\/es\/wp-json\/wp\/v2\/pages\/278\/revisions\/999"}],"wp:attachment":[{"href":"https:\/\/www.big-animals.com\/es\/wp-json\/wp\/v2\/media?parent=278"}],"curies":[{"name":"wp","href":"https:\/\/api.w.org\/{rel}","templated":true}]}}