{"id":279,"date":"2011-05-09T09:23:34","date_gmt":"2011-05-09T09:23:34","guid":{"rendered":""},"modified":"2013-08-06T07:32:59","modified_gmt":"2013-08-05T23:32:59","slug":"rana-goliat","status":"publish","type":"page","link":"https:\/\/www.big-animals.com\/es\/rana-goliat\/","title":{"rendered":"Rana Goliat"},"content":{"rendered":"<p><span class=\"gts_text\" id=\"gts_text_1\">Las Ranas Goliat son las <a title=\"Rana\" href=\"http:\/\/www.big-animals.com\/frog\/\">ranas<\/a> m\u00e1s grandes del mundo.<\/span> <span class=\"gts_text\" id=\"gts_text_2\">\u00a1Son tan grandes como un gato dom\u00e9stico!<\/span> <span class=\"gts_text\" id=\"gts_text_3\">Los ni\u00f1os, en algunos pa\u00edses africanos, tratan a esta rana como una mascota, igual que a un perro o un gato.<\/span> <span class=\"gts_text\" id=\"gts_text_4\">Pueden crecer a 13 pulgadas (33 cm).<\/span> <span class=\"gts_text\" id=\"gts_text_5\">Cuando sus patas est\u00e1n extendidas, miden cerca de 3 pies de largo (90 cm) y pueden pesar tanto como un beb\u00e9 reci\u00e9n nacido.<\/span> <span class=\"gts_text\" id=\"gts_text_6\">Pesan unos 3kg (6,6 libras).<\/span><\/p>\n<figure id=\"attachment_973\" aria-describedby=\"caption-attachment-973\" style=\"width: 204px\" class=\"wp-caption alignright\"><a href=\"http:\/\/www.big-animals.com\/wp-content\/uploads\/2011\/05\/goliath-frog-and-human.png\"><img loading=\"lazy\" decoding=\"async\" class=\"size-medium wp-image-973\" title=\"Rana y ser humano de Goliat\" alt=\"Rana y ser humano de Goliat\" src=\"http:\/\/www.big-animals.com\/wp-content\/uploads\/2011\/05\/goliath-frog-and-human-204x300.png\" width=\"204\" height=\"300\" \/><\/a><figcaption id=\"caption-attachment-973\" class=\"wp-caption-text\">Rana Goliat y Ser Humano<\/figcaption><\/figure>\n<p><span class=\"gts_text\" id=\"gts_text_7\">Desafortunadamente, la poblaci\u00f3n de estas ranas est\u00e1 disminuyendo debido a que la gente las caza para comer y para venderlas como mascotas, y tambi\u00e9n porque se est\u00e1 destruyendo su h\u00e1bitat.<\/span> <span class=\"gts_text\" id=\"gts_text_8\">Esfuerzos de conservaci\u00f3n han sido realizados para protegerlas, ubic\u00e1ndolas en parques zool\u00f3gicos.<\/span> <span class=\"gts_text\" id=\"gts_text_9\">Pero no se cr\u00edan ni sobreviven bien en cautiverio.<\/span> <span class=\"gts_text\" id=\"gts_text_10\">La \u00fanica esperanza verdadera para la sobrevivencia de las ranas es asegurarse de que los seres humanos las protejan en el medio ambiente y no las exploten.<\/span> <span class=\"gts_text\" id=\"gts_text_11\">Como est\u00e1n clasificadas como una especie en peligro de extinci\u00f3n, el gobierno de Guinea Ecuatorial ha declarado que no se pueden sacar m\u00e1s de 300 ranas Goliat del pa\u00eds por a\u00f1o.<\/span><\/p>\n<p><span class=\"gts_text\" id=\"gts_text_12\">Se las puede encontrar en r\u00edos con corrientes r\u00e1pidas con fondos arenosos en los pa\u00edses de Camer\u00fan y Guinea Ecuatorial en Africa Occidental.<\/span>\u00a0Este tipo de r\u00edos pueden encontrarse\u00a0<span class=\"gts_text\" id=\"gts_text_13\">en la densa selva tropical y generalmente son claros.<\/span> <span class=\"gts_text\" id=\"gts_text_14\">El agua tiene mucho ox\u00edgeno.<\/span> <span class=\"gts_text\" id=\"gts_text_15\">El \u00e1rea alrededor de estos r\u00edos, por lo general, es muy h\u00fameda y caliente.<\/span><\/p>\n<p><span class=\"gts_text\" id=\"gts_text_16\">La parte superior de la rana es marr\u00f3n verdosa y por debajo es amarillenta-anaranjada.<\/span> <span class=\"gts_text\" id=\"gts_text_17\">Tiene piel \u00e1spera.<\/span> <span class=\"gts_text\" id=\"gts_text_18\">Debido a su gran tama\u00f1o, tiene que comer mucho.<\/span> <span class=\"gts_text\" id=\"gts_text_19\">Es un carn\u00edvoro que se alimenta, principalmente, de insectos, cangrejos, peces y otras ranas m\u00e1s peque\u00f1as.<\/span> <span class=\"gts_text\" id=\"gts_text_20\">En cambio, los renacuajos comen solamente plantas.<\/span> <span class=\"gts_text\" id=\"gts_text_21\">Puede vivir hasta 15 a\u00f1os.<\/span> <span class=\"gts_text\" id=\"gts_text_22\">Puede saltar en\u00e9rgicamente.<\/span> <span class=\"gts_text\" id=\"gts_text_23\">Puede saltar hasta 10 pies (3 metros) de un solo brinco.<\/span> <span class=\"gts_text\" id=\"gts_text_24\">\u00a1As\u00ed que no es f\u00e1cil capturarla!<\/span> <span class=\"gts_text\" id=\"gts_text_25\">Tiene dedos en los pies completamente reticulados que la hacen una gran nadadora de r\u00edos caudalosos.<\/span><\/p>\n<p><span class=\"gts_text\" id=\"gts_text_26\">Las ranas Goliat son mudas.<\/span> <span class=\"gts_text\" id=\"gts_text_27\">No producen ning\u00fan sonido pero oyen muy bien.<\/span> <span class=\"gts_text\" id=\"gts_text_28\">Las ranas Goliat hembras ponen unos cientos de huevos, los cuales se atan a las plantas que crecen en el fondo de los r\u00edos donde viven.<\/span> <span class=\"gts_text\" id=\"gts_text_29\">Una vez que los huevos se rompen, los renacuajos tardan unos 85 a 95 d\u00edas en desarrollarse.\u00a0Aunque las ranas adultas son enormes, sus huevos y renacuajos son de un tama\u00f1o casi igual al de otras ranas.<\/span><\/p>\n<p><span class=\"gts_text\" id=\"gts_text_30\">\u00a0<\/span><\/p>\n","protected":false},"excerpt":{"rendered":"<p>Las Ranas Goliat son las ranas m\u00e1s grandes del mundo. \u00a1Son tan grandes como un gato dom\u00e9stico! Los ni\u00f1os, en algunos pa\u00edses africanos, tratan a esta rana como una mascota, igual que a un perro o un gato. Pueden crecer a 13 pulgadas (33 cm). Cuando sus patas est\u00e1n extendidas, miden cerca de 3 pies &hellip; <a href=\"https:\/\/www.big-animals.com\/es\/rana-goliat\/\" class=\"more-link\">Continue reading <span class=\"screen-reader-text\">Rana Goliat<\/span><\/a><\/p>\n","protected":false},"author":1,"featured_media":0,"parent":0,"menu_order":0,"comment_status":"closed","ping_status":"open","template":"","meta":{"_acf_changed":false,"footnotes":""},"acf":[],"_links":{"self":[{"href":"https:\/\/www.big-animals.com\/es\/wp-json\/wp\/v2\/pages\/279"}],"collection":[{"href":"https:\/\/www.big-animals.com\/es\/wp-json\/wp\/v2\/pages"}],"about":[{"href":"https:\/\/www.big-animals.com\/es\/wp-json\/wp\/v2\/types\/page"}],"author":[{"embeddable":true,"href":"https:\/\/www.big-animals.com\/es\/wp-json\/wp\/v2\/users\/1"}],"replies":[{"embeddable":true,"href":"https:\/\/www.big-animals.com\/es\/wp-json\/wp\/v2\/comments?post=279"}],"version-history":[{"count":7,"href":"https:\/\/www.big-animals.com\/es\/wp-json\/wp\/v2\/pages\/279\/revisions"}],"predecessor-version":[{"id":605,"href":"https:\/\/www.big-animals.com\/es\/wp-json\/wp\/v2\/pages\/279\/revisions\/605"}],"wp:attachment":[{"href":"https:\/\/www.big-animals.com\/es\/wp-json\/wp\/v2\/media?parent=279"}],"curies":[{"name":"wp","href":"https:\/\/api.w.org\/{rel}","templated":true}]}}