{"id":280,"date":"2011-05-09T09:23:52","date_gmt":"2011-05-09T09:23:52","guid":{"rendered":""},"modified":"2015-06-08T06:33:44","modified_gmt":"2015-06-07T22:33:44","slug":"zorro-volador-filipino","status":"publish","type":"page","link":"https:\/\/www.big-animals.com\/es\/zorro-volador-filipino\/","title":{"rendered":"Zorro volador filipino"},"content":{"rendered":"<figure id=\"attachment_787\" aria-describedby=\"caption-attachment-787\" style=\"width: 200px\" class=\"wp-caption alignleft\"><a href=\"http:\/\/www.big-animals.com\/wp-content\/uploads\/2011\/03\/Golden_Crowned_Fruit_Bat.jpg\"><img loading=\"lazy\" decoding=\"async\" class=\"size-full wp-image-787\" title=\"El Fox de vuelo De oro-Coronado gigante - imagen de Elpidio Latorilla\" src=\"http:\/\/www.big-animals.com\/wp-content\/uploads\/2011\/03\/Golden_Crowned_Fruit_Bat.jpg\" alt=\"El Fox de vuelo De oro-Coronado gigante - imagen de Elpidio Latorilla\" width=\"200\" height=\"319\" \/><\/a><figcaption id=\"caption-attachment-787\" class=\"wp-caption-text\">El zorro volador filipino &#8211; Fotograf\u00eda de Elpidio Latorilla<\/figcaption><\/figure>\n<p><span id=\"gts_text_1\" class=\"gts_text\">Al zorro volador filipino tambi\u00e9n se lo conoce como murci\u00e9lago de la fruta.<\/span> <span id=\"gts_text_2\" class=\"gts_text\">Es un murci\u00e9lago de la fruta poco com\u00fan y adem\u00e1s, es el <a title=\"Palos\" href=\"http:\/\/www.big-animals.com\/es\/murcielagos\/\"> murci\u00e9lago m\u00e1s grande del<\/a> mundo.<\/span> <span id=\"gts_text_3\" class=\"gts_text\">Tiene una envergadura media de 1,5 metros y pesa hasta 1,2 kilogramos.<\/span> <span id=\"gts_text_4\" class=\"gts_text\">Se lo ve a menudo envuelto con sus alas negras grandes como una capa negra.<\/span> <span id=\"gts_text_5\" class=\"gts_text\">Desafortunadamente, este murci\u00e9lago est\u00e1 en peligro de extinci\u00f3n debido a la caza ilegal y la destrucci\u00f3n del bosque.<\/span><\/p>\n<p><span id=\"gts_text_6\" class=\"gts_text\">Es nativo de las selvas tropicales de las Filipinas.<\/span> <span id=\"gts_text_7\" class=\"gts_text\">Su nombre se debe al pelaje dorado alrededor de la cabeza.<\/span> <span id=\"gts_text_8\" class=\"gts_text\">No est\u00e1 relacionado con el zorro aunque su cara se parezca un poco.<\/span> <span id=\"gts_text_9\" class=\"gts_text\">Pertenece a la familia de los mega murci\u00e9lagos.<\/span> <span id=\"gts_text_10\" class=\"gts_text\">Tiene cuerpo negro y carecen de cola, como cualquier otro murci\u00e9lago de la fruta.<\/span> <span id=\"gts_text_11\" class=\"gts_text\">Es activo en la noche y puede volar por al menos 40 kil\u00f3metros en una sola noche en busca de comida.<\/span> <span id=\"gts_text_12\" class=\"gts_text\">Ama comer higos, pero si no puede encontrar ninguno, busca otras frutas para comer.<\/span><\/p>\n<p><span id=\"gts_text_13\" class=\"gts_text\">Al zorro volador filipino tambi\u00e9n se lo conoce como un dispersor de semillas silencioso porque las semillas en su esti\u00e9rcol y las semillas que escupen en la tierra mientras comen echan ra\u00edces y crecen en nuevos \u00e1rboles frutales.<\/span> <span id=\"gts_text_14\" class=\"gts_text\">Esto contribuye a mantener la selva tropical en las Filipinas.<\/span> <span id=\"gts_text_15\" class=\"gts_text\">El zorro volador filipino tambi\u00e9n ayuda a polinizar \u00e1rboles frutales.<\/span> <span id=\"gts_text_16\" class=\"gts_text\">Existen muchos \u00e1rboles frutales que dependen del zorro volador filipino para la polinizaci\u00f3n y para la diseminaci\u00f3n de las semillas.<\/span> <span id=\"gts_text_17\" class=\"gts_text\">Incluso su esti\u00e9rcol es un buen fertilizante para las plantas.<\/span><\/p>\n<figure id=\"attachment_789\" aria-describedby=\"caption-attachment-789\" style=\"width: 176px\" class=\"wp-caption alignright\"><a href=\"http:\/\/www.big-animals.com\/wp-content\/uploads\/2011\/03\/Giant_Golden_Crowned_Flying_Fox_And_Human1.png\"><img loading=\"lazy\" decoding=\"async\" class=\"size-medium wp-image-789\" title=\"El Fox de vuelo coronado de oro gigante es el palo m\u00e1s grande del mundo\" src=\"http:\/\/www.big-animals.com\/wp-content\/uploads\/2011\/03\/Giant_Golden_Crowned_Flying_Fox_And_Human1-176x300.png\" alt=\"El Fox de vuelo coronado de oro gigante es el palo m\u00e1s grande del mundo\" width=\"176\" height=\"300\" \/><\/a><figcaption id=\"caption-attachment-789\" class=\"wp-caption-text\">El zorro volador filipino es el murci\u00e9lago m\u00e1s grande del mundo<\/figcaption><\/figure>\n<p><span id=\"gts_text_18\" class=\"gts_text\">El zorro volador filipino tiene dos estaciones de cr\u00eda.<\/span> <span id=\"gts_text_19\" class=\"gts_text\">La hembra se queda pre\u00f1ada solo durante una de las estaciones.<\/span> <span id=\"gts_text_20\" class=\"gts_text\">La madre da a luz a solo una cr\u00eda.<\/span><\/p>\n<p><span id=\"gts_text_21\" class=\"gts_text\">A este murci\u00e9lago le gusta lavarse a menudo.<\/span> <span id=\"gts_text_22\" class=\"gts_text\">Utiliza sus alas negras para sacar el agua y verterla por todo su cuerpo.<\/span> <span id=\"gts_text_23\" class=\"gts_text\">Tienden a descansar en colonias muy grandes y, de ese modo, pueden mantenerse calientes y a salvo de los depredadores.<\/span> <span id=\"gts_text_24\" class=\"gts_text\">El problema con las colonias grandes es que facilita que la gente los cacen.<\/span> <span id=\"gts_text_25\" class=\"gts_text\">Por lo general, los cazadores los atrapan durante el d\u00eda, momento en que todos descansan.<\/span><\/p>\n<p><span id=\"gts_text_26\" class=\"gts_text\">En la actualidad, este murci\u00e9lago est\u00e1 en peligro y casi extinto.<\/span> <span id=\"gts_text_27\" class=\"gts_text\">Ha desaparecido de muchas islas m\u00e1s peque\u00f1as y de algunas islas m\u00e1s grandes en las Filipinas, como Panay y Ceb\u00fa.<\/span> <span id=\"gts_text_28\" class=\"gts_text\">Tambi\u00e9n se lo caza por su carne en algunas \u00e1reas.<\/span> <span id=\"gts_text_29\" class=\"gts_text\">Cuando los seres humanos se llevan las frutos, estos murci\u00e9lagos no tienen comida y pueden incluso morir de hambre.<\/span><\/p>\n<p><span id=\"gts_text_30\" class=\"gts_text\">Hay gente que trabaja duro para asegurarse de que el zorro volador filipino no se extinga.<\/span> <span id=\"gts_text_31\" class=\"gts_text\">La regi\u00f3n filipina de S\u00fabic y su bah\u00eda ha sido establecida como un lugar para investigaci\u00f3n sobre estos animales y para protegerlos.<\/span><\/p>\n<p><span id=\"gts_text_32\" class=\"gts_text\">\u00a0<\/span><\/p>\n","protected":false},"excerpt":{"rendered":"<p>Al zorro volador filipino tambi\u00e9n se lo conoce como murci\u00e9lago de la fruta. Es un murci\u00e9lago de la fruta poco com\u00fan y adem\u00e1s, es el murci\u00e9lago m\u00e1s grande del mundo. Tiene una envergadura media de 1,5 metros y pesa hasta 1,2 kilogramos. Se lo ve a menudo envuelto con sus alas negras grandes como una &hellip; <a href=\"https:\/\/www.big-animals.com\/es\/zorro-volador-filipino\/\" class=\"more-link\">Continue reading <span class=\"screen-reader-text\">Zorro volador filipino<\/span><\/a><\/p>\n","protected":false},"author":1,"featured_media":0,"parent":0,"menu_order":0,"comment_status":"closed","ping_status":"open","template":"","meta":{"_acf_changed":false,"footnotes":""},"acf":[],"_links":{"self":[{"href":"https:\/\/www.big-animals.com\/es\/wp-json\/wp\/v2\/pages\/280"}],"collection":[{"href":"https:\/\/www.big-animals.com\/es\/wp-json\/wp\/v2\/pages"}],"about":[{"href":"https:\/\/www.big-animals.com\/es\/wp-json\/wp\/v2\/types\/page"}],"author":[{"embeddable":true,"href":"https:\/\/www.big-animals.com\/es\/wp-json\/wp\/v2\/users\/1"}],"replies":[{"embeddable":true,"href":"https:\/\/www.big-animals.com\/es\/wp-json\/wp\/v2\/comments?post=280"}],"version-history":[{"count":2,"href":"https:\/\/www.big-animals.com\/es\/wp-json\/wp\/v2\/pages\/280\/revisions"}],"predecessor-version":[{"id":1069,"href":"https:\/\/www.big-animals.com\/es\/wp-json\/wp\/v2\/pages\/280\/revisions\/1069"}],"wp:attachment":[{"href":"https:\/\/www.big-animals.com\/es\/wp-json\/wp\/v2\/media?parent=280"}],"curies":[{"name":"wp","href":"https:\/\/api.w.org\/{rel}","templated":true}]}}