{"id":282,"date":"2011-05-09T09:24:15","date_gmt":"2011-05-09T09:24:15","guid":{"rendered":""},"modified":"2013-10-27T06:28:19","modified_gmt":"2013-10-26T22:28:19","slug":"josephoartigasia-monesi","status":"publish","type":"page","link":"https:\/\/www.big-animals.com\/es\/josephoartigasia-monesi\/","title":{"rendered":"Josephoartigasia Monesi"},"content":{"rendered":"<p>&nbsp;<\/p>\n<figure id=\"attachment_735\" aria-describedby=\"caption-attachment-735\" style=\"width: 300px\" class=\"wp-caption alignright\"><a href=\"http:\/\/www.big-animals.com\/wp-content\/uploads\/2011\/03\/Josephoartigasia_amd_Human1.png\"><img loading=\"lazy\" decoding=\"async\" class=\"size-medium wp-image-735\" title=\"Josephoartigasia y ser humano - adaptados de un bosquejo por Nobu Tamura\" alt=\"Josephoartigasia y ser humano - adaptados de un bosquejo por Nobu Tamura\" src=\"http:\/\/www.big-animals.com\/wp-content\/uploads\/2011\/03\/Josephoartigasia_amd_Human1-300x136.png\" width=\"300\" height=\"136\" \/><\/a><figcaption id=\"caption-attachment-735\" class=\"wp-caption-text\">Josephoartigasia y Ser Humano &#8211; adaptado de un dibujo de Nobu Tamura<\/figcaption><\/figure>\n<p><em><span class=\"gts_text\" id=\"gts_text_2\">Josephoartigasia Monesi<\/span><\/em> es el <a title=\"Roedores\" href=\"http:\/\/www.big-animals.com\/es\/roedores\/\">roedor<\/a> m\u00e1s grande que ha existido. <span class=\"gts_text\" id=\"gts_text_3\">Fue descubierto en Uruguay, Suram\u00e9rica.<\/span> <span class=\"gts_text\" id=\"gts_text_4\">\u00a1Pudo haber pesado una tonelada!<\/span> <span class=\"gts_text\" id=\"gts_text_5\">Es mucho m\u00e1s grande que el roedor vivo m\u00e1s parecido, el Pacarana, que pesa s\u00f3lo cerca de 15 kilogramos (33 libras).<\/span><\/p>\n<p><span class=\"gts_text\" id=\"gts_text_6\">Vivi\u00f3 en selvas tropicales de tierra baja y pudo haber comido plantas suaves porque sus muelas eran peque\u00f1as y no pod\u00eda masticar alimentos duros.<\/span> <span class=\"gts_text\" id=\"gts_text_7\">Sin embargo, ten\u00eda dientes delanteros muy grandes que med\u00edan m\u00e1s de 30 cent\u00edmetros de largo.<\/span> <span class=\"gts_text\" id=\"gts_text_8\">Estos dientes enormes lo protegieron contra los tigres dientes de sable.<\/span> <span class=\"gts_text\" id=\"gts_text_9\">Mantendr\u00edan alejados a sus depredadores mostrando sus enormes dientes delanteros.<\/span> <span class=\"gts_text\" id=\"gts_text_10\">Su cuerpo entero med\u00eda cerca de 3 metros de longitud y 1,5 metros de altura.<\/span><\/p>\n<p><span class=\"gts_text\" id=\"gts_text_11\">\u00a0<\/span><\/p>\n","protected":false},"excerpt":{"rendered":"<p>&nbsp; Josephoartigasia Monesi es el roedor m\u00e1s grande que ha existido. Fue descubierto en Uruguay, Suram\u00e9rica. \u00a1Pudo haber pesado una tonelada! Es mucho m\u00e1s grande que el roedor vivo m\u00e1s parecido, el Pacarana, que pesa s\u00f3lo cerca de 15 kilogramos (33 libras). Vivi\u00f3 en selvas tropicales de tierra baja y pudo haber comido plantas suaves &hellip; <a href=\"https:\/\/www.big-animals.com\/es\/josephoartigasia-monesi\/\" class=\"more-link\">Continue reading <span class=\"screen-reader-text\">Josephoartigasia Monesi<\/span><\/a><\/p>\n","protected":false},"author":1,"featured_media":0,"parent":0,"menu_order":0,"comment_status":"closed","ping_status":"open","template":"","meta":{"_acf_changed":false,"footnotes":""},"acf":[],"_links":{"self":[{"href":"https:\/\/www.big-animals.com\/es\/wp-json\/wp\/v2\/pages\/282"}],"collection":[{"href":"https:\/\/www.big-animals.com\/es\/wp-json\/wp\/v2\/pages"}],"about":[{"href":"https:\/\/www.big-animals.com\/es\/wp-json\/wp\/v2\/types\/page"}],"author":[{"embeddable":true,"href":"https:\/\/www.big-animals.com\/es\/wp-json\/wp\/v2\/users\/1"}],"replies":[{"embeddable":true,"href":"https:\/\/www.big-animals.com\/es\/wp-json\/wp\/v2\/comments?post=282"}],"version-history":[{"count":4,"href":"https:\/\/www.big-animals.com\/es\/wp-json\/wp\/v2\/pages\/282\/revisions"}],"predecessor-version":[{"id":662,"href":"https:\/\/www.big-animals.com\/es\/wp-json\/wp\/v2\/pages\/282\/revisions\/662"}],"wp:attachment":[{"href":"https:\/\/www.big-animals.com\/es\/wp-json\/wp\/v2\/media?parent=282"}],"curies":[{"name":"wp","href":"https:\/\/api.w.org\/{rel}","templated":true}]}}