{"id":283,"date":"2011-05-09T09:24:42","date_gmt":"2011-05-09T09:24:42","guid":{"rendered":""},"modified":"2014-08-27T04:52:35","modified_gmt":"2014-08-26T20:52:35","slug":"megalania","status":"publish","type":"page","link":"https:\/\/www.big-animals.com\/es\/megalania\/","title":{"rendered":"Megalania"},"content":{"rendered":"<p><span id=\"gts_text_1\" class=\"gts_text\">El Megalania es el <a title=\"Lagartos\" href=\"http:\/\/www.big-animals.com\/lizards\/\">lagarto<\/a> terrestre m\u00e1s grande que ha existido.<\/span> <span id=\"gts_text_2\" class=\"gts_text\">Era, de hecho, una clase de varano gigante.<\/span> <span id=\"gts_text_3\" class=\"gts_text\">Se encontraba en Australia meridional.<\/span> <span id=\"gts_text_4\" class=\"gts_text\">Desapareci\u00f3 hace alrededor de 40.000 a\u00f1os.<\/span> <span id=\"gts_text_5\" class=\"gts_text\">Los primeros colonos abor\u00edgenes de Australia pudieron haber visto a un Megalania vivo.<\/span><\/p>\n<p><span id=\"gts_text_6\" class=\"gts_text\">No existen f\u00f3siles completos del Megalania.<\/span> <span id=\"gts_text_7\" class=\"gts_text\">Por lo tanto, es muy dif\u00edcil decir exactamente cu\u00e1n grandes eran.<\/span> <span id=\"gts_text_8\" class=\"gts_text\">Se estima que el Megalania med\u00eda aproximadamente siete metros de largo (23 pies) y pesaba alrededor de 600 &#8211; 620 kilogramos (1320-1360 libras).<\/span> <span id=\"gts_text_9\" class=\"gts_text\">Puedes encontrar un cr\u00e1neo de Megalania de aproximadamente 74 cent\u00edmetros (29 pulgadas) de longitud en el Museo de la Ciencia, en Boston.<\/span><\/p>\n<figure id=\"attachment_575\" aria-describedby=\"caption-attachment-575\" style=\"width: 300px\" class=\"wp-caption aligncenter\"><a href=\"http:\/\/www.big-animals.com\/wp-content\/uploads\/2011\/02\/Megalania_And_Human.png\"><img loading=\"lazy\" decoding=\"async\" class=\"size-medium wp-image-575\" title=\"\u00a1Para Megalania, un ser humano ser\u00eda no m\u00e1s que un bocado!\" src=\"http:\/\/www.big-animals.com\/wp-content\/uploads\/2011\/02\/Megalania_And_Human-300x71.png\" alt=\"\u00a1Para Megalania, un ser humano ser\u00eda no m\u00e1s que un bocado!\" width=\"300\" height=\"71\" \/><\/a><figcaption id=\"caption-attachment-575\" class=\"wp-caption-text\">\u00a1Para Megalania, un ser humano ser\u00eda no m\u00e1s que un bocado!<\/figcaption><\/figure>\n<p><span id=\"gts_text_10\" class=\"gts_text\">El Megalania se alimentaba de animales medianos a grandes, como por ejemplo los <a title=\"\u00a1Los marsupiales m\u00e1s grandes del mundo!\" href=\"http:\/\/www.big-animals.com\/the-worlds-biggest-marsupials\/\">marsupiales<\/a> grandes como el <a title=\"\u00a1El Diprotodon - el siempre marsupial m\u00e1s grande!\" href=\"http:\/\/www.big-animals.com\/the-diprotodon-the-biggest-ever-marsupial\/\"><em>Diprotodon<\/em><\/a>.<\/span> <span id=\"gts_text_11\" class=\"gts_text\">Tambi\u00e9n cazaba reptiles, peque\u00f1os mam\u00edferos, aves, huevos y sus polluelos.<\/span> <span id=\"gts_text_12\" class=\"gts_text\">Ten\u00eda enormes miembros y un cuerpo enorme.<\/span> <span id=\"gts_text_13\" class=\"gts_text\">Sobre el gran cr\u00e1neo, puedes ver una peque\u00f1a cresta entre los ojos y una mand\u00edbula llena de dientes parecidos a sierras.<\/span><\/p>\n<p><span id=\"gts_text_14\" class=\"gts_text\">Es probable que los Megalania tuviesen gl\u00e1ndulas de veneno en la l\u00ednea de la mand\u00edbula.<\/span> <span id=\"gts_text_15\" class=\"gts_text\">Entonces, cuando el Megalania atacaba el veneno hubiera matado a la v\u00edctima.<\/span> <span id=\"gts_text_16\" class=\"gts_text\">Aunque el Megalania era enorme, inger\u00eda menos comida que un mam\u00edfero de su mismo tama\u00f1o.<\/span> <span id=\"gts_text_17\" class=\"gts_text\">Si fuera cierto que el Megalania ten\u00eda veneno, eso lo hubiera convertido en el vertebrado venenoso m\u00e1s grande que ha existido.<\/span><\/p>\n","protected":false},"excerpt":{"rendered":"<p>El Megalania es el lagarto terrestre m\u00e1s grande que ha existido. Era, de hecho, una clase de varano gigante. Se encontraba en Australia meridional. Desapareci\u00f3 hace alrededor de 40.000 a\u00f1os. Los primeros colonos abor\u00edgenes de Australia pudieron haber visto a un Megalania vivo. No existen f\u00f3siles completos del Megalania. Por lo tanto, es muy dif\u00edcil &hellip; <a href=\"https:\/\/www.big-animals.com\/es\/megalania\/\" class=\"more-link\">Continue reading <span class=\"screen-reader-text\">Megalania<\/span><\/a><\/p>\n","protected":false},"author":1,"featured_media":0,"parent":0,"menu_order":0,"comment_status":"closed","ping_status":"open","template":"","meta":{"_acf_changed":false,"footnotes":""},"acf":[],"_links":{"self":[{"href":"https:\/\/www.big-animals.com\/es\/wp-json\/wp\/v2\/pages\/283"}],"collection":[{"href":"https:\/\/www.big-animals.com\/es\/wp-json\/wp\/v2\/pages"}],"about":[{"href":"https:\/\/www.big-animals.com\/es\/wp-json\/wp\/v2\/types\/page"}],"author":[{"embeddable":true,"href":"https:\/\/www.big-animals.com\/es\/wp-json\/wp\/v2\/users\/1"}],"replies":[{"embeddable":true,"href":"https:\/\/www.big-animals.com\/es\/wp-json\/wp\/v2\/comments?post=283"}],"version-history":[{"count":2,"href":"https:\/\/www.big-animals.com\/es\/wp-json\/wp\/v2\/pages\/283\/revisions"}],"predecessor-version":[{"id":1002,"href":"https:\/\/www.big-animals.com\/es\/wp-json\/wp\/v2\/pages\/283\/revisions\/1002"}],"wp:attachment":[{"href":"https:\/\/www.big-animals.com\/es\/wp-json\/wp\/v2\/media?parent=283"}],"curies":[{"name":"wp","href":"https:\/\/api.w.org\/{rel}","templated":true}]}}