{"id":284,"date":"2011-05-09T09:25:35","date_gmt":"2011-05-09T09:25:35","guid":{"rendered":""},"modified":"2014-08-20T02:53:26","modified_gmt":"2014-08-19T18:53:26","slug":"montana-gorila","status":"publish","type":"page","link":"https:\/\/www.big-animals.com\/es\/montana-gorila\/","title":{"rendered":"Gorila de monta\u00f1a"},"content":{"rendered":"<p><span id=\"gts_text_1\" class=\"gts_text\">El gorila de monta\u00f1a es el <a title=\"Primates\" href=\"http:\/\/www.big-animals.com\/primates\/\">primate<\/a> m\u00e1s grande del mundo.<\/span> <span id=\"gts_text_2\" class=\"gts_text\">Un gorila de monta\u00f1a macho puede alcanzar hasta 1,9 metros (6,2 pies) de altura.<\/span> <span id=\"gts_text_3\" class=\"gts_text\">La envergadura del brazo es de alrededor de 2,3 metros (7,5 pies) y pesa aproximadamente 220 kilogramos (485 libras).<\/span> <span id=\"gts_text_4\" class=\"gts_text\">El gorila de monta\u00f1a macho adulto es dos veces m\u00e1s grande que la hembra.<\/span> <span id=\"gts_text_5\" class=\"gts_text\">La hembra gorila pesa alrededor de 98 kilogramos (216 libras) y mide 1,5 metros (5 pies) de alto.<\/span> <span id=\"gts_text_6\" class=\"gts_text\">Los brazos son m\u00e1s largos que las piernas.<\/span><\/p>\n<figure id=\"attachment_677\" aria-describedby=\"caption-attachment-677\" style=\"width: 300px\" class=\"wp-caption alignright\"><a href=\"http:\/\/www.big-animals.com\/wp-content\/uploads\/2011\/03\/Mountain_Gorilla.jpg\"><img loading=\"lazy\" decoding=\"async\" class=\"size-medium wp-image-677\" title=\"Una hembra de gorila de monta\u00f1a\" src=\"http:\/\/www.big-animals.com\/wp-content\/uploads\/2011\/03\/Mountain_Gorilla-300x297.jpg\" alt=\"Una hembra de gorila de monta\u00f1a\" width=\"300\" height=\"297\" \/><\/a><figcaption id=\"caption-attachment-677\" class=\"wp-caption-text\">Foto de una hembra de gorila de monta\u00f1a<\/figcaption><\/figure>\n<h3><span id=\"gts_text_7\" class=\"gts_text\">Poblaci\u00f3n del gorila de monta\u00f1a<\/span><\/h3>\n<p><span id=\"gts_text_8\" class=\"gts_text\">El gorila de monta\u00f1a es una de las dos subespecies del gorila oriental.<\/span> <span id=\"gts_text_9\" class=\"gts_text\">Existen dos poblaciones.<\/span> <span id=\"gts_text_10\" class=\"gts_text\">Una se encuentra en las monta\u00f1as volc\u00e1nicas de Virunga de \u00c1frica Central.<\/span> <span id=\"gts_text_11\" class=\"gts_text\">La otra se encuentra en el Parque Nacional impenetrable de Bwindi en Uganda.<\/span> <span id=\"gts_text_12\" class=\"gts_text\">En el a\u00f1o 2010 hab\u00eda aproximadamente 790 gorilas de monta\u00f1a en el mundo.<\/span> <span id=\"gts_text_13\" class=\"gts_text\">Los gorilas est\u00e1n en serio peligro de extinci\u00f3n.<\/span><\/p>\n<h3><span id=\"gts_text_14\" class=\"gts_text\">H\u00e1bitat del gorila de monta\u00f1a<\/span><\/h3>\n<p><span id=\"gts_text_15\" class=\"gts_text\">Los gorilas de monta\u00f1a tienen el pelaje m\u00e1s largo y grueso que otros gorilas porque viven en grandes altitudes (2500-4000m, o 8200-13000 pies) en selvas nebulosas de bamb\u00fa donde la temperatura media oscila entre los 8C hasta los 20C (45-70F).<\/span><\/p>\n<h3><span id=\"gts_text_16\" class=\"gts_text\">Gorila de monta\u00f1a: Datos interesantes<\/span><\/h3>\n<p><span id=\"gts_text_17\" class=\"gts_text\">Cada gorila posee rasgos nasales \u00fanicos.<\/span> <span id=\"gts_text_18\" class=\"gts_text\">Los machos adultos tienen una pronunciada cresta \u00f3sea en lo alto del cr\u00e1neo y en la nuca.<\/span> <span id=\"gts_text_19\" class=\"gts_text\">Ello le confiere a sus cabezas una forma c\u00f3nica.<\/span> <span id=\"gts_text_20\" class=\"gts_text\">Las hembras adultas tambi\u00e9n tienen dichas crestas, pero las de ellas no son tan obvias.<\/span> <span id=\"gts_text_21\" class=\"gts_text\">Tambi\u00e9n tienen mand\u00edbulas y dientes m\u00e1s largos.<\/span> <span id=\"gts_text_22\" class=\"gts_text\">A los machos adultos les crece un \u00e1rea de pelo plateado en su espalda y caderas.<\/span> <span id=\"gts_text_23\" class=\"gts_text\">Por eso, a los machos adultos tambi\u00e9n se los denomina <em>Silverbacks<\/em> (espalda plateada).<\/span> <span id=\"gts_text_24\" class=\"gts_text\">Los ojos y o\u00eddos lucen peque\u00f1os comparados con la gran cabeza y nariz negra brillante sin pelo.<\/span><\/p>\n<p><span id=\"gts_text_25\" class=\"gts_text\">El gorila de monta\u00f1a es principalmente terrestre.<\/span> <span id=\"gts_text_26\" class=\"gts_text\">A veces tiende a caminar en cuatro patas.<\/span> <span id=\"gts_text_27\" class=\"gts_text\">Se suben solo a los \u00e1rboles frutales que pueden soportar su gran peso.<\/span> <span id=\"gts_text_28\" class=\"gts_text\">Puede correr en dos patas en distancias cortas.<\/span><\/p>\n<p><span id=\"gts_text_29\" class=\"gts_text\">Est\u00e1n activos durante el d\u00eda.<\/span> <span id=\"gts_text_30\" class=\"gts_text\">Pasan la mayor parte de su tiempo comiendo.<\/span> <span id=\"gts_text_31\" class=\"gts_text\">De hecho, necesitan grandes cantidades de comida para mantener su enorme cuerpo.<\/span> <span id=\"gts_text_32\" class=\"gts_text\">Buscan la comida temprano en la ma\u00f1ana y luego descansan un rato m\u00e1s y alrededor del mediod\u00eda.<\/span> <span id=\"gts_text_33\" class=\"gts_text\">Por la tarde, buscan comida otra vez antes de descansar en la noche.<\/span><\/p>\n<p><span id=\"gts_text_34\" class=\"gts_text\">Cada gorila de monta\u00f1a construye un nido de las hojas y de las plantas que los rodea.<\/span> <span id=\"gts_text_35\" class=\"gts_text\">Duermen en su nido.<\/span> <span id=\"gts_text_36\" class=\"gts_text\">Las madres generalmente comparten sus nidos con los beb\u00e9s que necesitan atenci\u00f3n.<\/span> <span id=\"gts_text_37\" class=\"gts_text\">Dejan su nido cuando sale el sol, aproximadamente a las 6am, a menos que el clima est\u00e9 gris y fr\u00edo.<\/span><\/p>\n<h3><span id=\"gts_text_38\" class=\"gts_text\">Comida y dieta del gorila de monta\u00f1a<\/span><\/h3>\n<p><span id=\"gts_text_39\" class=\"gts_text\">El gorila de monta\u00f1a se alimenta principalmente de plantas.<\/span> <span id=\"gts_text_40\" class=\"gts_text\">Su dieta principal consiste de hojas, brotes y tallos.<\/span> <span id=\"gts_text_41\" class=\"gts_text\">Tambi\u00e9n come corteza, ra\u00edces, flores, frutas y peque\u00f1os invertebrados.<\/span> <span id=\"gts_text_42\" class=\"gts_text\">Los machos adultos pueden comer hasta 35 kilogramos (75 libras) de plantas por d\u00eda.<\/span> <span id=\"gts_text_43\" class=\"gts_text\">Sin embargo, una hembra come solo alrededor de 18 kilogramos (40 libras) por d\u00eda.<\/span><\/p>\n<h3><span id=\"gts_text_44\" class=\"gts_text\">Beb\u00e9s del gorila de monta\u00f1a<\/span><\/h3>\n<p><span id=\"gts_text_45\" class=\"gts_text\">Un gorila de monta\u00f1a reci\u00e9n nacido pesa alrededor de 1,8 kilogramos (4 libras) y pasa sus primeros meses de vida bajo el cuidado de su madre.<\/span> <span id=\"gts_text_46\" class=\"gts_text\">La madre lo carga en su espalda.<\/span> <span id=\"gts_text_47\" class=\"gts_text\">Al principio, la madre carga todo el tiempo al infante.<\/span> <span id=\"gts_text_48\" class=\"gts_text\">La cr\u00eda comienza a caminar aproximadamente a los cuatro o cinco meses.<\/span> <span id=\"gts_text_49\" class=\"gts_text\">Empieza a comer pedazos de plantas entre los cuatro a seis meses.<\/span> <span id=\"gts_text_50\" class=\"gts_text\">A los ocho meses come regularmente comida s\u00f3lida.<\/span> <span id=\"gts_text_51\" class=\"gts_text\">La madre cesa de amamantar al beb\u00e9 cuando tiene alrededor de tres a\u00f1os, pero el joven gorila de monta\u00f1a todav\u00eda permanece cerca de su madre.<\/span> <span id=\"gts_text_52\" class=\"gts_text\">Las madres solo dan a luz un beb\u00e9 cada seis a ocho a\u00f1os.<\/span><\/p>\n<p><span id=\"gts_text_53\" class=\"gts_text\">La mayor\u00eda de los gorilas de monta\u00f1a machos y alrededor de tres de cada cinco hembras abandonan el grupo de sus padres.<\/span> <span id=\"gts_text_54\" class=\"gts_text\">Los machos se van cuando tienen aproximadamente 11 a\u00f1os.<\/span> <span id=\"gts_text_55\" class=\"gts_text\">El proceso de separaci\u00f3n es lento.<\/span> <span id=\"gts_text_56\" class=\"gts_text\">Pasan cada vez m\u00e1s tiempo al borde del grupo y finalmente abandonan al grupo definitivamente.<\/span><\/p>\n<figure id=\"attachment_678\" aria-describedby=\"caption-attachment-678\" style=\"width: 300px\" class=\"wp-caption alignleft\"><a href=\"http:\/\/www.big-animals.com\/wp-content\/uploads\/2011\/03\/Gorilla_and_human.png\"><img loading=\"lazy\" decoding=\"async\" class=\"size-medium wp-image-678\" title=\"Los seres humanos pueden ser grandes, pero el gorila de monta\u00f1a es el primate m\u00e1s grande del mundo\" src=\"http:\/\/www.big-animals.com\/wp-content\/uploads\/2011\/03\/Gorilla_and_human-300x243.png\" alt=\"Los seres humanos pueden ser grandes, pero el gorila de monta\u00f1a es el primate m\u00e1s grande del mundo\" width=\"300\" height=\"243\" \/><\/a><figcaption id=\"caption-attachment-678\" class=\"wp-caption-text\">Los seres humanos pueden ser grandes, pero el gorila de monta\u00f1a es el primate m\u00e1s grande del mundo<\/figcaption><\/figure>\n<p><span id=\"gts_text_57\" class=\"gts_text\">El gorila de monta\u00f1a vive en grupos de aproximadamente 6 a 12 miembros.<\/span> <span id=\"gts_text_58\" class=\"gts_text\">El &#8220;espalda plateada&#8221; m\u00e1s viejo y m\u00e1s grande lidera a una familia de tres hembras y cuatro o cinco descendientes.<\/span> <span id=\"gts_text_59\" class=\"gts_text\">El &#8220;espalda plateada&#8221; lleva al grupo a buenos sitios de alimentaci\u00f3n a lo largo del a\u00f1o.<\/span> <span id=\"gts_text_60\" class=\"gts_text\">Tambi\u00e9n intenta resolver conflictos dentro del grupo y los protege de los depredadores.<\/span> <span id=\"gts_text_61\" class=\"gts_text\">El l\u00edder es el centro de la atenci\u00f3n durante su tiempo de descanso y los j\u00f3venes permanecen cerca de \u00e9l y a menudo lo invitan a que juegue con ellos.<\/span> <span id=\"gts_text_62\" class=\"gts_text\">Si un gorila de monta\u00f1a madre muere o abandona al grupo, el &#8220;espalda plateada&#8221; generalmente cuida del descendiente abandonado, incluso los coloca en su nido.<\/span> <span id=\"gts_text_63\" class=\"gts_text\">Un &#8220;espalda plateada&#8221; experimentado es capaz de quitar el alambre o cuerda de los cazadores furtivos de las manos o de los pies de los miembros de su grupo.<\/span> <span id=\"gts_text_64\" class=\"gts_text\">Cuando el &#8220;espalda plateada&#8221; muere o su vida termina por causa de enfermedad, accidente o por culpa de los cazadores furtivos, el grupo familiar puede dividirse seriamente si no deja el grupo a cargo de un descendiente macho que puede asumir su rol.<\/span><\/p>\n<p><span id=\"gts_text_65\" class=\"gts_text\">El gorila de monta\u00f1a establece y consolida sus relaciones dentro del grupo durante el tiempo de descanso al mediod\u00eda.<\/span> <span id=\"gts_text_66\" class=\"gts_text\">Las hembras acicalan a sus descendientes regularmente, y se aseguran de que su pelo no tenga ninguna suciedad o pulga.<\/span> <span id=\"gts_text_67\" class=\"gts_text\">Aprenden c\u00f3mo comunicarse y comportarse dentro del grupo a trav\u00e9s de juego.<\/span> <span id=\"gts_text_68\" class=\"gts_text\">El &#8220;espalda plateada&#8221; y las hembras adultas pueden incluso participar.<\/span><\/p>\n<h3><span id=\"gts_text_69\" class=\"gts_text\">M\u00e1s datos del gorila de monta\u00f1a<\/span><\/h3>\n<p><span id=\"gts_text_70\" class=\"gts_text\">Existen al menos 25 clases distintas de sonidos que los gorilas de monta\u00f1a reproducen.<\/span> <span id=\"gts_text_71\" class=\"gts_text\">Los utilizan mientras se comunican en el denso bosque.<\/span> <span id=\"gts_text_72\" class=\"gts_text\">Los sonidos clasificados como gru\u00f1idos y ladridos se oyen m\u00e1s a menudo mientras viajan.<\/span> <span id=\"gts_text_73\" class=\"gts_text\">Dichos sonidos indican el paradero de los miembros individuales del grupo.<\/span> <span id=\"gts_text_74\" class=\"gts_text\">Los gritos y rugidos de alarma o advertencia son normalmente producidos por los &#8220;espalda plateada&#8221;.<\/span> <span id=\"gts_text_75\" class=\"gts_text\">Sonidos profundos de tripas y eructos indican que los gorilas de monta\u00f1a est\u00e1n satisfechos y se los oye con frecuencia durante el tiempo de la alimentaci\u00f3n y de descanso.<\/span><\/p>\n<p><span id=\"gts_text_76\" class=\"gts_text\">Por alguna raz\u00f3n desconocida los gorilas de monta\u00f1a les temen a los animales de sangre fr\u00eda.<\/span> <span id=\"gts_text_77\" class=\"gts_text\">Por ejemplo, los beb\u00e9s gorilas de monta\u00f1a tienen miedo de los camaleones y de las orugas.<\/span> <span id=\"gts_text_78\" class=\"gts_text\">Tambi\u00e9n le temen al agua.<\/span> <span id=\"gts_text_79\" class=\"gts_text\">Cruzan una corriente solamente si tienen un tronco para pisar encima as\u00ed no se mojan.<\/span><\/p>\n<h3><span id=\"gts_text_80\" class=\"gts_text\">El gorila de monta\u00f1a: especie en serio peligro de extinci\u00f3n.<\/span><\/h3>\n<p><span id=\"gts_text_81\" class=\"gts_text\">Los gorilas de monta\u00f1a est\u00e1n amenazados por la caza ilegal, la guerra, la enfermedad, la tala de \u00e1rboles y el comercio ilegal de animales.<\/span> <span id=\"gts_text_82\" class=\"gts_text\">Son asesinados frecuentemente por trampas previstas para otros animales; se los caza por las cabezas, manos y pies.<\/span> <span id=\"gts_text_83\" class=\"gts_text\">Las partes del cuerpo son vendidas a los coleccionistas.<\/span> <span id=\"gts_text_84\" class=\"gts_text\">Los gorilas de monta\u00f1a beb\u00e9s se venden a los parques zool\u00f3gicos, a investigadores y a tiendas de mascotas.<\/span> <span id=\"gts_text_85\" class=\"gts_text\">Cuando se roba a un gorila de monta\u00f1a beb\u00e9, por lo general, al menos un adulto en el grupo termina muerto porque lucha a muerte para impedir que se lleven al beb\u00e9.<\/span> <span id=\"gts_text_86\" class=\"gts_text\">Todas estas actividades han causado un descenso en la poblaci\u00f3n de gorilas de monta\u00f1a.<\/span> <span id=\"gts_text_87\" class=\"gts_text\">Se han comenzado a hacer esfuerzos en conservaci\u00f3n para salvar a estas criaturas seriamente en peligro.<\/span><\/p>\n<p><span id=\"gts_text_88\" class=\"gts_text\">\u00a0<\/span><\/p>\n","protected":false},"excerpt":{"rendered":"<p>El gorila de monta\u00f1a es el primate m\u00e1s grande del mundo. Un gorila de monta\u00f1a macho puede alcanzar hasta 1,9 metros (6,2 pies) de altura. La envergadura del brazo es de alrededor de 2,3 metros (7,5 pies) y pesa aproximadamente 220 kilogramos (485 libras). El gorila de monta\u00f1a macho adulto es dos veces m\u00e1s grande &hellip; <a href=\"https:\/\/www.big-animals.com\/es\/montana-gorila\/\" class=\"more-link\">Continue reading <span class=\"screen-reader-text\">Gorila de monta\u00f1a<\/span><\/a><\/p>\n","protected":false},"author":1,"featured_media":0,"parent":0,"menu_order":0,"comment_status":"closed","ping_status":"open","template":"","meta":{"_acf_changed":false,"footnotes":""},"acf":[],"_links":{"self":[{"href":"https:\/\/www.big-animals.com\/es\/wp-json\/wp\/v2\/pages\/284"}],"collection":[{"href":"https:\/\/www.big-animals.com\/es\/wp-json\/wp\/v2\/pages"}],"about":[{"href":"https:\/\/www.big-animals.com\/es\/wp-json\/wp\/v2\/types\/page"}],"author":[{"embeddable":true,"href":"https:\/\/www.big-animals.com\/es\/wp-json\/wp\/v2\/users\/1"}],"replies":[{"embeddable":true,"href":"https:\/\/www.big-animals.com\/es\/wp-json\/wp\/v2\/comments?post=284"}],"version-history":[{"count":3,"href":"https:\/\/www.big-animals.com\/es\/wp-json\/wp\/v2\/pages\/284\/revisions"}],"predecessor-version":[{"id":976,"href":"https:\/\/www.big-animals.com\/es\/wp-json\/wp\/v2\/pages\/284\/revisions\/976"}],"wp:attachment":[{"href":"https:\/\/www.big-animals.com\/es\/wp-json\/wp\/v2\/media?parent=284"}],"curies":[{"name":"wp","href":"https:\/\/api.w.org\/{rel}","templated":true}]}}