{"id":285,"date":"2011-05-09T09:25:56","date_gmt":"2011-05-09T09:25:56","guid":{"rendered":""},"modified":"2011-05-09T09:25:56","modified_gmt":"2011-05-09T09:25:56","slug":"primates","status":"publish","type":"page","link":"https:\/\/www.big-animals.com\/es\/primates\/","title":{"rendered":"Primates"},"content":{"rendered":"<p><span id=\"gts_text_1\" class=\"gts_text\">Los primates son un grupo de <a title=\"\u00a1Los mam\u00edferos m\u00e1s grandes del mundo!\" href=\"http:\/\/www.big-animals.com\/the-worlds-biggest-mammals\/\">mam\u00edferos<\/a> que incluyen como l\u00e9mures, lorises, galagos, tarsiers, monos y monos.<\/span> <span id=\"gts_text_2\" class=\"gts_text\">Como seres humanos tambi\u00e9n pertenecemos a este grupo.<\/span> <span id=\"gts_text_3\" class=\"gts_text\">La mayor\u00eda de los primates pueden ser encontrados en bosques tropicales o subtropicales en Am\u00e9rica, \u00c1frica y Asia.<\/span> <span id=\"gts_text_4\" class=\"gts_text\">Hay algunos ejemplos de los primates (con excepci\u00f3n de seres humanos) que viven fuera de los bosques tropicales.<\/span> <span id=\"gts_text_5\" class=\"gts_text\">\u00a1Por ejemplo, el Macaque japon\u00e9s de la monta\u00f1a-vivienda vive en el norte de Honshu que se cubra con la nieve por 8 meses en un a\u00f1o!<\/span> <span id=\"gts_text_6\" class=\"gts_text\">El Macaque de Barbary vive en las monta\u00f1as de atlas de Argelia y de Marruecos.<\/span> <span id=\"gts_text_7\" class=\"gts_text\">Algunos primates viven en las altas monta\u00f1as.<\/span> <span id=\"gts_text_8\" class=\"gts_text\">Por ejemplo, el mono chato negro vive en las monta\u00f1as de Hengduan en las altitudes de 4700 metros (15400 pies).<\/span> <span id=\"gts_text_9\" class=\"gts_text\">Encuentran al primate m\u00e1s grande del mundo, el <a title=\"Gorila de monta\u00f1a\" href=\"http:\/\/www.big-animals.com\/mountain-gorilla\/\">gorila de monta\u00f1a<\/a>, en 4200 metros (13800 pies) en las monta\u00f1as de Virunga.<\/span> <span id=\"gts_text_10\" class=\"gts_text\">La mayor\u00eda de los primates no tienen gusto de nadar pero algunos de ellos son buenos nadadores y son c\u00f3modos en pantanos y \u00e1reas acuosas.<\/span> <span id=\"gts_text_11\" class=\"gts_text\">Por ejemplo, el mono del pantano de Allen tiene dedos levemente reticulados para ayudarle para nadar.<\/span> <span id=\"gts_text_12\" class=\"gts_text\">Finalmente hay tambi\u00e9n algunos monos que viven cerca de nosotros.<\/span> <span id=\"gts_text_13\" class=\"gts_text\">Por ejemplo el macaco de la India Mascaque que viven cerca del acuerdo humano.<\/span><\/p>\n<p><span id=\"gts_text_14\" class=\"gts_text\">El primate vivo m\u00e1s peque\u00f1o es Mouse Lemur de se\u00f1ora Berthe que pesa solamente 30 gramos (1 onza) y el primate vivo m\u00e1s grande es el <a title=\"Gorila de monta\u00f1a\" href=\"http:\/\/www.big-animals.com\/mountain-gorilla\/\">gorila de monta\u00f1a<\/a> enorme que pesa cerca de 200 kilogramos (440 libras).<\/span> <span id=\"gts_text_15\" class=\"gts_text\">El primate m\u00e1s grande es nunca los 3 metros (10 pies) <a title=\"Gigantopithecus\" href=\"http:\/\/www.big-animals.com\/gigantopithecus\/\"><em>Gigantopithecus<\/em><\/a> alto.<\/span><\/p>\n<figure id=\"attachment_666\" aria-describedby=\"caption-attachment-666\" style=\"width: 204px\" class=\"wp-caption alignright\"><a href=\"http:\/\/www.big-animals.com\/wp-content\/uploads\/2011\/03\/Lemur_Catta.jpeg\"><img loading=\"lazy\" decoding=\"async\" class=\"size-full wp-image-666\" title=\"El l\u00e9mur Anillo-Atado es uno de los primates m\u00e1s ruidosos\" src=\"http:\/\/www.big-animals.com\/wp-content\/uploads\/2011\/03\/Lemur_Catta.jpeg\" alt=\"El l\u00e9mur Anillo-Atado es uno de los primates m\u00e1s ruidosos\" width=\"204\" height=\"363\" \/><\/a><figcaption id=\"caption-attachment-666\" class=\"wp-caption-text\">The Ring-Tailed Lemur is one of the noisiest primates<\/figcaption><\/figure>\n<p><span id=\"gts_text_16\" class=\"gts_text\">Algunos primates no viven principalmente en \u00e1rboles sino que viven en tierra tambi\u00e9n.<\/span> <span id=\"gts_text_17\" class=\"gts_text\">Por ejemplo, los grandes monos y los babuinos.<\/span> <span id=\"gts_text_18\" class=\"gts_text\">La mayor\u00eda de los primates pueden subir \u00e1rboles.<\/span> <span id=\"gts_text_19\" class=\"gts_text\">Pueden saltar de \u00e1rbol al \u00e1rbol, caminando en 2 o 4 miembros, nudillo-caminando y balanceando entre las ramas de \u00e1rboles.<\/span> <span id=\"gts_text_20\" class=\"gts_text\">\u00a1Los Bushbabies se aferran en los troncos de \u00e1rbol verticales y despu\u00e9s saltan!<\/span> <span id=\"gts_text_21\" class=\"gts_text\">Los monos de ara\u00f1a se mueven alrededor balanceando desde una rama de \u00e1rbol a otra rama de \u00e1rbol.<\/span> <span id=\"gts_text_22\" class=\"gts_text\">Los orangutanes se mueven alrededor usando sus brazos y piernas para llevar sus cuerpos pesados a trav\u00e9s de los \u00e1rboles.<\/span> <span id=\"gts_text_23\" class=\"gts_text\">Los chimpanc\u00e9s y los gorilas har\u00e1n un paseo del nudillo y pueden moverse en dos miembros para las distancias cortas.<\/span><\/p>\n<p><span id=\"gts_text_24\" class=\"gts_text\">Los primates tienen cerebros grandes comparados con otros mam\u00edferos.<\/span> <span id=\"gts_text_25\" class=\"gts_text\">Tienen dos ojos situados de lado a lado delante de sus cabezas.<\/span> <span id=\"gts_text_26\" class=\"gts_text\">\u00c9stos trabajan junta permiten que localicen objetos exactamente.<\/span> <span id=\"gts_text_27\" class=\"gts_text\">Los animales como pescados y caballos no tienen ojos como primates.<\/span> <span id=\"gts_text_28\" class=\"gts_text\">La mayor\u00eda de los primates tienen pulgares oponibles que les ayuda para asir cosas f\u00e1cilmente.<\/span> <span id=\"gts_text_29\" class=\"gts_text\">Algunos tienen colas que puedan utilizar para comprender o para sostenerse sobre las ramas de \u00e1rbol mientras que alimentan, cavan o protegiendo ellos mismos contra depredadores.<\/span> <span id=\"gts_text_30\" class=\"gts_text\">Algunos primates eligen vivir solamente, otros viven en pares y otros viven en grupos grandes.<\/span><\/p>\n<p><span id=\"gts_text_31\" class=\"gts_text\">Los ojos de los primates hacen frente adelante.<\/span> <span id=\"gts_text_32\" class=\"gts_text\">Tienen 5 dedos o dedos del pie en cada miembro, con los clavos en el extremo de cada dedo o dedo del pie.<\/span> <span id=\"gts_text_33\" class=\"gts_text\">Los lados inferiores de las manos y de los pies tienen cojines sensibles en las yemas del dedo.<\/span> <span id=\"gts_text_34\" class=\"gts_text\">Esto significa que sus yemas del dedo son sensibles a la presi\u00f3n, a la temperatura y al dolor.<\/span> <span id=\"gts_text_35\" class=\"gts_text\">El hueso del cuello del primate se construye en una manera que permiten el gran movimiento.<\/span><\/p>\n<p><span id=\"gts_text_36\" class=\"gts_text\">Los primates crecen m\u00e1s lentamente que otros mam\u00edferos el mismo tama\u00f1o.<\/span> <span id=\"gts_text_37\" class=\"gts_text\">Viven m\u00e1s de largo &#8211; especialmente las hembras.<\/span> <span id=\"gts_text_38\" class=\"gts_text\">A su madre amamantan a todos los ni\u00f1os del primate no humano y los beb\u00e9s dependen de sus madres para preparar y el transporte.<\/span> <span id=\"gts_text_39\" class=\"gts_text\">En una cierta especie, a los varones en el grupo protegen y son transportados a los ni\u00f1os, especialmente si los varones son sus padres.<\/span> <span id=\"gts_text_40\" class=\"gts_text\">Los hermanos y las t\u00edas pueden tambi\u00e9n ayudar a tomar el cuidado de los beb\u00e9s.<\/span> <span id=\"gts_text_41\" class=\"gts_text\">Los primates ganan su social y habilidades que luchan con jugar.<\/span><\/p>\n<figure id=\"attachment_667\" aria-describedby=\"caption-attachment-667\" style=\"width: 227px\" class=\"wp-caption alignleft\"><a href=\"http:\/\/www.big-animals.com\/wp-content\/uploads\/2011\/03\/Bonobo.jpg\"><img loading=\"lazy\" decoding=\"async\" class=\"size-full wp-image-667\" title=\"El Bonobo, o chimpanc\u00e9 del enano\" src=\"http:\/\/www.big-animals.com\/wp-content\/uploads\/2011\/03\/Bonobo.jpg\" alt=\"El Bonobo, o chimpanc\u00e9 del enano\" width=\"227\" height=\"239\" \/><\/a><figcaption id=\"caption-attachment-667\" class=\"wp-caption-text\">The Bonobo, or Dwarf Chimpanzee<\/figcaption><\/figure>\n<p><span id=\"gts_text_42\" class=\"gts_text\">La mayor\u00eda de los primates comen las frutas, las hojas, las gomas y los insectos.<\/span> <span id=\"gts_text_43\" class=\"gts_text\">Por ejemplo, los monos de chill\u00f3n comen las hojas.<\/span> <span id=\"gts_text_44\" class=\"gts_text\">Los monos tit\u00ed comen la goma &#8211; tienen dientes fuertes de la incisivo que les permitan abrir la corteza de \u00e1rbol para conseguir la goma.<\/span> <span id=\"gts_text_45\" class=\"gts_text\">Tiene garras para ayudarles para aferrarse sobre \u00e1rboles mientras que alimenta.<\/span> <span id=\"gts_text_46\" class=\"gts_text\">Aye-aye tiene roedor-como dientes, y un dedo medio largo, fino.<\/span> <span id=\"gts_text_47\" class=\"gts_text\">Golpear\u00e1 ligeramente en \u00e1rboles como una pulsaci\u00f3n de corriente para encontrar larvas de insecto.<\/span> <span id=\"gts_text_48\" class=\"gts_text\">Entonces masticar\u00e1 para arriba los agujeros en la madera y pondr\u00e1 su dedo medio fino largo dentro para sacar las larvas del \u00e1rbol.<\/span> <span id=\"gts_text_49\" class=\"gts_text\">Algunos primates, tales como el Mangabey Gris-Cheeked tienen esmalte grueso en sus dientes que les ayuden para romper las frutas y las semillas duras abiertas que otros monos no pueden abrir.<\/span><\/p>\n<p><span id=\"gts_text_50\" class=\"gts_text\">El Gelada es la \u00fanica especie del primate que come principalmente la hierba.<\/span> <span id=\"gts_text_51\" class=\"gts_text\">\u00a1Tarsiers come insectos, los crust\u00e1ceos, los peque\u00f1os vertebrados y las serpientes &#8211; incluyendo serpientes venenosas!<\/span> <span id=\"gts_text_52\" class=\"gts_text\">Los monos del capuch\u00f3n comen toda clase de comida como las frutas, las hojas, las flores, los brotes, n\u00e9ctar, las semillas, los insectos y otros invertebrados, huevos del p\u00e1jaro y peque\u00f1os vertebrados tales como p\u00e1jaros, lagartos, ardillas y palos.<\/span> <span id=\"gts_text_53\" class=\"gts_text\">El chimpanc\u00e9 com\u00fan tiene una amplia gama de dieta incluyendo otros monos, por ejemplo, el mono de Colobus rojo occidental.<\/span><\/p>\n<p><span id=\"gts_text_54\" class=\"gts_text\">La uni\u00f3n internacional para la protecci\u00f3n de la naturaleza (IUCN) ha enumerado m\u00e1s que un tercero de primates seg\u00fan lo puesto en peligro seriamente.<\/span> <span id=\"gts_text_55\" class=\"gts_text\">La mayor parte de los ponen en peligro debido a la tala de \u00e1rboles, la matanza del gran n\u00famero de monos salvajes para proteger agricultura, la caza ilegal para el uso en medicinas, como animales dom\u00e9sticos y para la comida.<\/span><\/p>\n<p><span id=\"gts_text_56\" class=\"gts_text\">\u00a0<\/span><\/p>\n","protected":false},"excerpt":{"rendered":"<p>Los primates son un grupo de mam\u00edferos que incluyen como l\u00e9mures, lorises, galagos, tarsiers, monos y monos. Como seres humanos tambi\u00e9n pertenecemos a este grupo. La mayor\u00eda de los primates pueden ser encontrados en bosques tropicales o subtropicales en Am\u00e9rica, \u00c1frica y Asia. Hay algunos ejemplos de los primates (con excepci\u00f3n de seres humanos) que &hellip; <a href=\"https:\/\/www.big-animals.com\/es\/primates\/\" class=\"more-link\">Continue reading <span class=\"screen-reader-text\">Primates<\/span><\/a><\/p>\n","protected":false},"author":1,"featured_media":0,"parent":0,"menu_order":0,"comment_status":"closed","ping_status":"open","template":"","meta":{"_acf_changed":false,"footnotes":""},"acf":[],"_links":{"self":[{"href":"https:\/\/www.big-animals.com\/es\/wp-json\/wp\/v2\/pages\/285"}],"collection":[{"href":"https:\/\/www.big-animals.com\/es\/wp-json\/wp\/v2\/pages"}],"about":[{"href":"https:\/\/www.big-animals.com\/es\/wp-json\/wp\/v2\/types\/page"}],"author":[{"embeddable":true,"href":"https:\/\/www.big-animals.com\/es\/wp-json\/wp\/v2\/users\/1"}],"replies":[{"embeddable":true,"href":"https:\/\/www.big-animals.com\/es\/wp-json\/wp\/v2\/comments?post=285"}],"version-history":[{"count":1,"href":"https:\/\/www.big-animals.com\/es\/wp-json\/wp\/v2\/pages\/285\/revisions"}],"predecessor-version":[{"id":695,"href":"https:\/\/www.big-animals.com\/es\/wp-json\/wp\/v2\/pages\/285\/revisions\/695"}],"wp:attachment":[{"href":"https:\/\/www.big-animals.com\/es\/wp-json\/wp\/v2\/media?parent=285"}],"curies":[{"name":"wp","href":"https:\/\/api.w.org\/{rel}","templated":true}]}}