{"id":286,"date":"2011-05-09T09:26:05","date_gmt":"2011-05-09T09:26:05","guid":{"rendered":""},"modified":"2015-06-08T06:44:12","modified_gmt":"2015-06-07T22:44:12","slug":"proboscidea","status":"publish","type":"page","link":"https:\/\/www.big-animals.com\/es\/proboscidea\/","title":{"rendered":"Proboscidea"},"content":{"rendered":"<p><span id=\"gts_text_1\" class=\"gts_text\">Los proboscidea son un orden de <a title=\"\u00a1Los mam\u00edferos m\u00e1s grandes del mundo!\" href=\"http:\/\/www.big-animals.com\/the-worlds-biggest-mammals\/\">mam\u00edferos<\/a> que incluyen a los elefantes y al mamut extinto.<\/span> <span id=\"gts_text_2\" class=\"gts_text\">Los proboscidea tienen una larga trompa muscular, colmillos largos y piernas cortas.<\/span> <span id=\"gts_text_3\" class=\"gts_text\">Los proboscidea primitivos no ten\u00edan una trompa larga.<\/span><\/p>\n<p><span id=\"gts_text_4\" class=\"gts_text\">A los proboscidea tambi\u00e9n se los denomina Proboscidios.<\/span> <span id=\"gts_text_5\" class=\"gts_text\">El <a title=\"\u00a1Elefante africano de Bush - el animal de la tierra m\u00e1s grande del mundo!\" href=\"http:\/\/www.big-animals.com\/es\/?p=293\/\">elefante africano de sabana<\/a> es el Proboscidio m\u00e1s grande, y es tambi\u00e9n el animal terrestre m\u00e1s grande del mundo en la actualidad.<\/span><\/p>\n<figure id=\"attachment_1056\" aria-describedby=\"caption-attachment-1056\" style=\"width: 300px\" class=\"wp-caption alignright\"><a href=\"http:\/\/www.big-animals.com\/wp-content\/uploads\/2011\/05\/ThreeElephants.jpg\"><img loading=\"lazy\" decoding=\"async\" class=\"size-medium wp-image-1056\" title=\"Todos los elefantes modernos de Proboscids AR\" src=\"http:\/\/www.big-animals.com\/wp-content\/uploads\/2011\/05\/ThreeElephants-300x208.jpg\" alt=\"Todos los elefantes modernos de Proboscids AR\" width=\"300\" height=\"208\" \/><\/a><figcaption id=\"caption-attachment-1056\" class=\"wp-caption-text\">Todos los proboscideos actuales son elefantes<\/figcaption><\/figure>\n<p><span id=\"gts_text_6\" class=\"gts_text\">El Proboscidea actual est\u00e1 representado por la familia Elephantidae.<\/span> <span id=\"gts_text_7\" class=\"gts_text\">Existen tres diferentes especies de elefantes.<\/span> <span id=\"gts_text_8\" class=\"gts_text\">Dichas especies son las dos especies de elefantes africanos y el elefante asi\u00e1tico, que es una especie en peligro.<\/span> <span id=\"gts_text_9\" class=\"gts_text\">El elefante asi\u00e1tico es el animal terrestre vivo m\u00e1s grande de Asia.<\/span> <span id=\"gts_text_10\" class=\"gts_text\">Los cient\u00edficos han descubierto que existen dos diferentes especies de elefantes africanos.<\/span> <span id=\"gts_text_11\" class=\"gts_text\">Estos son el elefante africano de sabana y el elefante africano de bosque.<\/span><\/p>\n<p><span id=\"gts_text_12\" class=\"gts_text\">Entre los Proboscidios extintos se incluyen el mamut lanudo y al mastodonte.<\/span> <span id=\"gts_text_13\" class=\"gts_text\">Los mastodontes eran herb\u00edvoros lanudos y con grandes colmillos, que vivieron durante la \u00faltima edad de hielo.<\/span> <span id=\"gts_text_14\" class=\"gts_text\">Sus colmillos pudieron haber crecido hasta alrededor de 5 metros de largo.<\/span> <span id=\"gts_text_15\" class=\"gts_text\">Los colmillos eran curvados hacia arriba pero eran m\u00e1s rectos que los del mamut lanudo.<\/span> <span id=\"gts_text_16\" class=\"gts_text\">La espalda no se arque\u00f3 como la del mamut lanudo.<\/span> <span id=\"gts_text_17\" class=\"gts_text\">Ten\u00edan cabezas m\u00e1s largas y planas que el mamut lanudo.<\/span> <span id=\"gts_text_18\" class=\"gts_text\">Eran de aproximadamente el tama\u00f1o de un elefante asi\u00e1tico, que mide alrededor de 3,2 metros de alto.<\/span> <span id=\"gts_text_19\" class=\"gts_text\">Las orejas eran m\u00e1s peque\u00f1as que las de los elefantes actuales.<\/span> <span id=\"gts_text_20\" class=\"gts_text\">De acuerdo con el tipo de dientes que ten\u00edan, buscaban su alimento y no pastaban como los elefantes actuales y los mamut lanudos.<\/span><\/p>\n<figure id=\"attachment_1057\" aria-describedby=\"caption-attachment-1057\" style=\"width: 295px\" class=\"wp-caption alignleft\"><a href=\"http:\/\/www.big-animals.com\/wp-content\/uploads\/2011\/05\/Mammoth.png\"><img loading=\"lazy\" decoding=\"async\" class=\"size-full wp-image-1057\" title=\"Los mamuts fueron adaptados perfectamente para el tiempo fr\u00edo\" src=\"http:\/\/www.big-animals.com\/wp-content\/uploads\/2011\/05\/Mammoth.png\" alt=\"Los mamuts fueron adaptados perfectamente para el tiempo fr\u00edo\" width=\"295\" height=\"250\" \/><\/a><figcaption id=\"caption-attachment-1057\" class=\"wp-caption-text\">Los mamuts estaban bien preparados para el clima fr\u00edo<\/figcaption><\/figure>\n<p><span id=\"gts_text_21\" class=\"gts_text\">El mamut lanudo tambi\u00e9n vivi\u00f3 durante el per\u00edodo de la Edad de Hielo hace aproximadamente 150.000 a\u00f1os.<\/span> <span id=\"gts_text_22\" class=\"gts_text\">El mamut lanudo macho ten\u00eda una altura aproximada de 2,8 metros hasta 4,0 metros.<\/span> <span id=\"gts_text_23\" class=\"gts_text\">Podr\u00edan haber pesado hasta 8 toneladas.<\/span> <span id=\"gts_text_24\" class=\"gts_text\"><\/span> <span id=\"gts_text_25\" class=\"gts_text\">Ten\u00edan una capa gruesa del pelo lanudo de hasta un metro de largo con una fina capa interna de pelo que los habr\u00eda mantenido realmente calientes en el fr\u00edo extremo.<\/span> <span id=\"gts_text_26\" class=\"gts_text\">Tambi\u00e9n ten\u00edan las orejas muy peque\u00f1as comparadas con las de los elefantes actuales.<\/span> <span id=\"gts_text_27\" class=\"gts_text\">\u00a0Las orejas del mamut m\u00e1s grande med\u00edan solo 30 cent\u00edmetros de largo comparadas con 180 cm de un elefante africano.<\/span><\/p>\n<p><span id=\"gts_text_28\" class=\"gts_text\">La piel no era m\u00e1s gruesa que los elefantes actuales.<\/span> <span id=\"gts_text_29\" class=\"gts_text\">No obstante, ten\u00edan montones de gl\u00e1ndulas de aceite en la piel que secretaba grasa en el pelo lanudo para aislar sus cuerpos.<\/span> <span id=\"gts_text_30\" class=\"gts_text\">Aparte de ello ten\u00edan una capa de grasa debajo de su piel que era de 8 cm de espesor para mantenerlos calientes.<\/span> <span id=\"gts_text_31\" class=\"gts_text\">Ten\u00edan una cabeza abombada.<\/span> <span id=\"gts_text_32\" class=\"gts_text\">Tambi\u00e9n ten\u00edan colmillos curvados muy largos, de alrededor de 5 metros de largo.<\/span><\/p>\n<p><span id=\"gts_text_33\" class=\"gts_text\">\u00a0<\/span><\/p>\n","protected":false},"excerpt":{"rendered":"<p>Los proboscidea son un orden de mam\u00edferos que incluyen a los elefantes y al mamut extinto. Los proboscidea tienen una larga trompa muscular, colmillos largos y piernas cortas. Los proboscidea primitivos no ten\u00edan una trompa larga. A los proboscidea tambi\u00e9n se los denomina Proboscidios. El elefante africano de sabana es el Proboscidio m\u00e1s grande, y &hellip; <a href=\"https:\/\/www.big-animals.com\/es\/proboscidea\/\" class=\"more-link\">Continue reading <span class=\"screen-reader-text\">Proboscidea<\/span><\/a><\/p>\n","protected":false},"author":1,"featured_media":0,"parent":0,"menu_order":0,"comment_status":"closed","ping_status":"open","template":"","meta":{"_acf_changed":false,"footnotes":""},"acf":[],"_links":{"self":[{"href":"https:\/\/www.big-animals.com\/es\/wp-json\/wp\/v2\/pages\/286"}],"collection":[{"href":"https:\/\/www.big-animals.com\/es\/wp-json\/wp\/v2\/pages"}],"about":[{"href":"https:\/\/www.big-animals.com\/es\/wp-json\/wp\/v2\/types\/page"}],"author":[{"embeddable":true,"href":"https:\/\/www.big-animals.com\/es\/wp-json\/wp\/v2\/users\/1"}],"replies":[{"embeddable":true,"href":"https:\/\/www.big-animals.com\/es\/wp-json\/wp\/v2\/comments?post=286"}],"version-history":[{"count":2,"href":"https:\/\/www.big-animals.com\/es\/wp-json\/wp\/v2\/pages\/286\/revisions"}],"predecessor-version":[{"id":1071,"href":"https:\/\/www.big-animals.com\/es\/wp-json\/wp\/v2\/pages\/286\/revisions\/1071"}],"wp:attachment":[{"href":"https:\/\/www.big-animals.com\/es\/wp-json\/wp\/v2\/media?parent=286"}],"curies":[{"name":"wp","href":"https:\/\/api.w.org\/{rel}","templated":true}]}}