{"id":287,"date":"2011-05-09T09:26:10","date_gmt":"2011-05-09T09:26:10","guid":{"rendered":""},"modified":"2014-08-27T05:15:02","modified_gmt":"2014-08-26T21:15:02","slug":"monotremados","status":"publish","type":"page","link":"https:\/\/www.big-animals.com\/es\/monotremados\/","title":{"rendered":"Monotremados"},"content":{"rendered":"<figure id=\"attachment_995\" aria-describedby=\"caption-attachment-995\" style=\"width: 300px\" class=\"wp-caption alignright\"><a href=\"http:\/\/www.big-animals.com\/wp-content\/uploads\/2011\/05\/Platypus.jpeg\"><img loading=\"lazy\" decoding=\"async\" class=\"size-medium wp-image-995\" title=\"El ornitorrinco - foto por \u201cRainbow606\u201d\" src=\"http:\/\/www.big-animals.com\/wp-content\/uploads\/2011\/05\/Platypus-300x290.jpg\" alt=\"El ornitorrinco - foto por \u201cRainbow606\u201d\" width=\"300\" height=\"290\" \/><\/a><figcaption id=\"caption-attachment-995\" class=\"wp-caption-text\">El ornitorrinco &#8211; foto por \u201cRainbow606\u201d<\/figcaption><\/figure>\n<p><span id=\"gts_text_1\" class=\"gts_text\">Los monotremados son una clase de <a title=\"\u00a1Los mam\u00edferos m\u00e1s grandes del mundo!\" href=\"http:\/\/www.big-animals.com\/the-worlds-biggest-mammals\/\">mam\u00edferos<\/a> poco comunes que ponen huevos.<\/span> <span id=\"gts_text_2\" class=\"gts_text\">Sus huevos eclosionan despu\u00e9s de tan solo diez d\u00edas.<\/span> <span id=\"gts_text_3\" class=\"gts_text\">Se los puede encontrar en Australia, Tasmania y Nueva Guinea.<\/span> <span id=\"gts_text_4\" class=\"gts_text\">Dicho grupo comprende al ornitorrinco y a los cuatro tipos de equidnas (oso hormiguero espinoso).<\/span><\/p>\n<p><span id=\"gts_text_5\" class=\"gts_text\">Al igual que otros mam\u00edferos, los monotremados son de sangre caliente con una tasa metab\u00f3lica alta, pero no tan alta como otros mam\u00edferos.<\/span> <span id=\"gts_text_6\" class=\"gts_text\">La piel est\u00e1 cubierta de pelo.<\/span> <span id=\"gts_text_7\" class=\"gts_text\">Despu\u00e9s de que los beb\u00e9s salen del cascar\u00f3n, se alimentan de leche materna.<\/span> <span id=\"gts_text_8\" class=\"gts_text\">Las madres no tienen tetillas, as\u00ed que los beb\u00e9s solo lamen la leche que rezuma de la piel de su madre.<\/span><\/p>\n<p><span id=\"gts_text_9\" class=\"gts_text\">Los monotremados adultos no tienen dientes.<\/span> <span id=\"gts_text_10\" class=\"gts_text\">Tienen un \u00fanico hueso en el maxilar inferior, tres huesos del o\u00eddo medio y picos.<\/span> <span id=\"gts_text_11\" class=\"gts_text\">Tienen huesos adicionales en la faja del hombro.<\/span> <span id=\"gts_text_12\" class=\"gts_text\">Caminan como los reptiles, con las piernas en los costados en vez de por debajo sus cuerpos.<\/span> <span id=\"gts_text_13\" class=\"gts_text\">Ponen huevos min\u00fasculos.<\/span> <span id=\"gts_text_14\" class=\"gts_text\">Ponen normalmente dos huevos por vez.<\/span> <span id=\"gts_text_15\" class=\"gts_text\">Dichos huevos est\u00e1n cubiertos de c\u00e1scaras cori\u00e1ceas como los huevos de los reptiles.<\/span><\/p>\n<figure id=\"attachment_996\" aria-describedby=\"caption-attachment-996\" style=\"width: 300px\" class=\"wp-caption alignleft\"><a href=\"http:\/\/www.big-animals.com\/wp-content\/uploads\/2011\/05\/Echidna.jpg\"><img loading=\"lazy\" decoding=\"async\" class=\"size-medium wp-image-996\" title=\"Un Echidna - imagen por \u201cKeresH\u201d\" src=\"http:\/\/www.big-animals.com\/wp-content\/uploads\/2011\/05\/Echidna-300x196.jpg\" alt=\"Un Echidna - imagen por \u201cKeresH\u201d\" width=\"300\" height=\"196\" \/><\/a><figcaption id=\"caption-attachment-996\" class=\"wp-caption-text\">Un Echidna &#8211; imagen por \u201cKeresH\u201d<\/figcaption><\/figure>\n<p><span id=\"gts_text_16\" class=\"gts_text\">El ornitorrinco pasa gran parte de su vida en el agua.<\/span> <span id=\"gts_text_17\" class=\"gts_text\">Los dedos del pie palmeados carecen de pelo, tiene un pico de color gris azulado como el de un pato, pelaje marr\u00f3n corto impermeable y una cola plana y peluda como la cola de un castor.<\/span> <span id=\"gts_text_18\" class=\"gts_text\">Posee hendiduras min\u00fasculas por o\u00eddo, peque\u00f1os ojos y narinas que puede cerrar para mantener el agua fuera cuando nada.<\/span> <span id=\"gts_text_19\" class=\"gts_text\">Mide entre uno a dos pies de largo (30-60 cm) y pesa entre tres o cuatro libras (1,3 &#8211; 1.7kg).<\/span> <span id=\"gts_text_20\" class=\"gts_text\">Se alimenta de larvas de insecto, camarones, ranas y huevos de peces.<\/span><\/p>\n<p><span id=\"gts_text_21\" class=\"gts_text\">Los equidnas tienen pelo negro o marr\u00f3n, espinas dorsales de color m\u00e1s claro.<\/span> <span id=\"gts_text_22\" class=\"gts_text\">Cuentan con ojos min\u00fasculos y boca min\u00fascula sin dientes.<\/span> <span id=\"gts_text_23\" class=\"gts_text\">Tiene una lengua pegajosa muy larga que utiliza para atrapar termitas y hormigas.<\/span> <span id=\"gts_text_24\" class=\"gts_text\">Los equidnas miden tambi\u00e9n entre uno a dos pies de largo (30-60 cm).<\/span> <span id=\"gts_text_25\" class=\"gts_text\">Poseen piernas cortas con garras largas y pesadas en los pies y un hocico puntiagudo.<\/span><\/p>\n<p><span id=\"gts_text_26\" class=\"gts_text\">El tipo m\u00e1s grande de equidna y el monotremado m\u00e1s grande de todos es el: <a title=\"Echidna de pico largo occidental\" href=\"http:\/\/www.big-animals.com\/western-long-beaked-echidna\/\">Equidna de pico largo occidental<\/a>.<\/span><\/p>\n<p><span id=\"gts_text_27\" class=\"gts_text\">\u00a0<\/span><\/p>\n","protected":false},"excerpt":{"rendered":"<p>Los monotremados son una clase de mam\u00edferos poco comunes que ponen huevos. Sus huevos eclosionan despu\u00e9s de tan solo diez d\u00edas. Se los puede encontrar en Australia, Tasmania y Nueva Guinea. Dicho grupo comprende al ornitorrinco y a los cuatro tipos de equidnas (oso hormiguero espinoso). Al igual que otros mam\u00edferos, los monotremados son de &hellip; <a href=\"https:\/\/www.big-animals.com\/es\/monotremados\/\" class=\"more-link\">Continue reading <span class=\"screen-reader-text\">Monotremados<\/span><\/a><\/p>\n","protected":false},"author":1,"featured_media":0,"parent":0,"menu_order":0,"comment_status":"closed","ping_status":"open","template":"","meta":{"_acf_changed":false,"footnotes":""},"acf":[],"_links":{"self":[{"href":"https:\/\/www.big-animals.com\/es\/wp-json\/wp\/v2\/pages\/287"}],"collection":[{"href":"https:\/\/www.big-animals.com\/es\/wp-json\/wp\/v2\/pages"}],"about":[{"href":"https:\/\/www.big-animals.com\/es\/wp-json\/wp\/v2\/types\/page"}],"author":[{"embeddable":true,"href":"https:\/\/www.big-animals.com\/es\/wp-json\/wp\/v2\/users\/1"}],"replies":[{"embeddable":true,"href":"https:\/\/www.big-animals.com\/es\/wp-json\/wp\/v2\/comments?post=287"}],"version-history":[{"count":2,"href":"https:\/\/www.big-animals.com\/es\/wp-json\/wp\/v2\/pages\/287\/revisions"}],"predecessor-version":[{"id":1006,"href":"https:\/\/www.big-animals.com\/es\/wp-json\/wp\/v2\/pages\/287\/revisions\/1006"}],"wp:attachment":[{"href":"https:\/\/www.big-animals.com\/es\/wp-json\/wp\/v2\/media?parent=287"}],"curies":[{"name":"wp","href":"https:\/\/api.w.org\/{rel}","templated":true}]}}