{"id":288,"date":"2011-05-09T09:26:18","date_gmt":"2011-05-09T09:26:18","guid":{"rendered":""},"modified":"2014-09-16T08:57:12","modified_gmt":"2014-09-16T00:57:12","slug":"oso-polar","status":"publish","type":"page","link":"https:\/\/www.big-animals.com\/es\/oso-polar\/","title":{"rendered":"Oso polar"},"content":{"rendered":"<p><span id=\"gts_text_1\" class=\"gts_text\">Los osos polares viven dentro del C\u00edrculo Polar \u00c1rtico.<\/span> <span id=\"gts_text_2\" class=\"gts_text\">Se los puede encontrar en Canad\u00e1, Alaska, Noruega y el norte de Rusia.<\/span> <span id=\"gts_text_3\" class=\"gts_text\">Son los mam\u00edferos terresteres m\u00e1s grandes del mundo del orden <a title=\"Carn\u00edvoros\" href=\"http:\/\/www.big-animals.com\/carnivora\/\">Carnivora<\/a>.<\/span> <span id=\"gts_text_4\" class=\"gts_text\">(El carnivora m\u00e1s grande del mundo es una clase de foca, el<a title=\"Sello de elefante meridional\" href=\"http:\/\/www.big-animals.com\/southern-elephant-seal\/\"> elefante marino meridional<\/a>, y se encuentra mucho m\u00e1s c\u00f3modo en el mar que en la tierra) Son tambi\u00e9n los osos m\u00e1s grandes; apenas un poco m\u00e1s grande que los osos pardos.<\/span> <span id=\"gts_text_5\" class=\"gts_text\">Un oso polar macho adulto pesa alrededor de 350 &#8211; 680 kilogramos (770 &#8211; 1500 libras) y la hembra adulta pesa alrededor de 150 &#8211; 250 kilogramos (330 &#8211; 550 libras).<\/span> <span id=\"gts_text_6\" class=\"gts_text\">\u00a1Cuando la hembra est\u00e1 pre\u00f1ada, llega a pesar tanto como 500 kilogramos (1100 libras)!<\/span> <span id=\"gts_text_7\" class=\"gts_text\">Las temperaturas donde viven los osos polares se extienden de una media de -34C (- 30F) en el invierno y 0C (32 F) en el verano.<\/span> <span id=\"gts_text_8\" class=\"gts_text\">Los osos polares pueden soportar el fr\u00edo extremo porque est\u00e1n cubiertos de un denso abrigo de piel blanco.<\/span> <span id=\"gts_text_9\" class=\"gts_text\">La altura de un oso polar macho promedio es de alrededor de 2,4 &#8211; 3 metros (8-10 pies) y la del oso polar hembra es de alrededor de 1,8 &#8211; 2,4 metros (6-8 pies).<\/span><\/p>\n<figure id=\"attachment_839\" aria-describedby=\"caption-attachment-839\" style=\"width: 300px\" class=\"wp-caption aligncenter\"><a href=\"http:\/\/www.big-animals.com\/wp-content\/uploads\/2011\/04\/Polar_Bear_And_Human-2.png\"><img loading=\"lazy\" decoding=\"async\" class=\"size-medium wp-image-839\" title=\"El oso polar es el mam\u00edfero terrestre del orden Carnivora m\u00e1s grande del mundo\" src=\"http:\/\/www.big-animals.com\/wp-content\/uploads\/2011\/04\/Polar_Bear_And_Human-2-300x180.png\" alt=\"El oso polar es el mam\u00edfero terrestre del orden Carnivora m\u00e1s grande del mundo\" width=\"300\" height=\"180\" \/><\/a><figcaption id=\"caption-attachment-839\" class=\"wp-caption-text\">El oso polar es el mam\u00edfero terrestre del orden Carnivora m\u00e1s grande del mundo<\/figcaption><\/figure>\n<h3><span id=\"gts_text_10\" class=\"gts_text\">H\u00e1bitat del oso polar<\/span><\/h3>\n<p><span id=\"gts_text_11\" class=\"gts_text\">Nacen en la tierra pero pasan la mayor parte de su tiempo en el mar, en el hielo marino.<\/span> <span id=\"gts_text_12\" class=\"gts_text\">Por eso, algunas personas afirman que el oso polar es un mam\u00edfero marino.<\/span> <span id=\"gts_text_13\" class=\"gts_text\">Pueden permanecer en el hielo marino durante meses y cazar.<\/span> <span id=\"gts_text_14\" class=\"gts_text\">El hielo marino es como un gran pedazo plano de hielo que deriva en el mar.<\/span> <span id=\"gts_text_15\" class=\"gts_text\">Dicho hielo marino cubre las aguas en los oc\u00e9anos \u00e1rticos.<\/span> <span id=\"gts_text_16\" class=\"gts_text\">Las focas emigran seg\u00fan c\u00f3mo el hielo marino cambia.<\/span> <span id=\"gts_text_17\" class=\"gts_text\">Cuando las focas emigran, los osos polares tambi\u00e9n lo hacen, porque dichos animales son la comida preferida del oso polar.<\/span> <span id=\"gts_text_18\" class=\"gts_text\">En algunas \u00e1reas, si el hielo se derrite totalmente en verano, los osos polares emigran a la tierra y esperan durante meses hasta que se forme el hielo marino.<\/span> <span id=\"gts_text_19\" class=\"gts_text\">En el mar de Beaufort, los osos polares emigran hacia el norte cada verano, donde el hielo sigue congelado durante todo el a\u00f1o.<\/span><\/p>\n<h3><span id=\"gts_text_20\" class=\"gts_text\">Adaptaciones del oso polar<\/span><\/h3>\n<p><span id=\"gts_text_21\" class=\"gts_text\">El tipo de oso m\u00e1s cercano al oso polar es el oso pardo.<\/span> <span id=\"gts_text_22\" class=\"gts_text\">Los osos polares tienen una estructura m\u00e1s alargada y un cr\u00e1neo y nariz m\u00e1s largos.<\/span> <span id=\"gts_text_23\" class=\"gts_text\">Tienen peque\u00f1os o\u00eddos y una peque\u00f1a cola, pero tienen patas enormes.<\/span> <span id=\"gts_text_24\" class=\"gts_text\">Las patas son mucho m\u00e1s grandes comparadas con otras patas de otras especies de osos.<\/span> <span id=\"gts_text_25\" class=\"gts_text\">Estas patas grandes y redondeadas permiten que los osos puedan equilibrar su peso mientras que caminan sobre la nieve y el hielo marino.<\/span> <span id=\"gts_text_26\" class=\"gts_text\">Las patas son como zapatos para la nieve para los osos polares.<\/span> <span id=\"gts_text_27\" class=\"gts_text\">Las patas de un oso polar adulto miden alrededor de 30 cm (1 pie) .<\/span> <span id=\"gts_text_28\" class=\"gts_text\">Lo que es m\u00e1s, las almohadillas de las patas se cubren de peque\u00f1as protuberancias que les proporcionan una buena fricci\u00f3n al caminar en el hielo resbaladizo.<\/span> <span id=\"gts_text_29\" class=\"gts_text\">Las garras del oso polar son cortas y construidas s\u00f3lidamente comparadas con las del oso pardo.<\/span> <span id=\"gts_text_30\" class=\"gts_text\">Tener esas clases de garras ayuda al oso polar a agarrar la pesada presa o hielo sin ninguna dificultad.\u00a0Los osos polares tienen 42 dientes.<\/span> <span id=\"gts_text_31\" class=\"gts_text\">Las muelas son m\u00e1s peque\u00f1as y m\u00e1s filosas que las muelas del oso pardo.<\/span> <span id=\"gts_text_32\" class=\"gts_text\">Al ser carn\u00edvoros, los colmillos son grandes y filosos.<\/span><\/p>\n<h3><span id=\"gts_text_33\" class=\"gts_text\">Oso polar: informaci\u00f3n y hechos<\/span><\/h3>\n<p><span id=\"gts_text_34\" class=\"gts_text\">Los osos polares tienen un aislamiento no solo de piel, sino tambi\u00e9n de una capa de grasa de hasta 10 cent\u00edmetros (4 pulgadas) de espesor.<\/span> <span id=\"gts_text_35\" class=\"gts_text\">La piel y pelo se recalientan si la temperatura sube m\u00e1s de 10C (50 F).<\/span> <span id=\"gts_text_36\" class=\"gts_text\">La piel consiste en una capa de pelo interna densa y una capa externa de pelo que luce blancuzca.<\/span> <span id=\"gts_text_37\" class=\"gts_text\">La capa externa de piel tiene alrededor de 5 a 15 cm (2 a 6 pulgadas) de densidad y cubre casi el cuerpo entero.<\/span><\/p>\n<p><span id=\"gts_text_38\" class=\"gts_text\">El pelaje blanco crudo generalmente se torna amarillo a medida que envejecen.<\/span> <span id=\"gts_text_39\" class=\"gts_text\">Cuando se los mantiene en un lugar c\u00e1lido y h\u00famedo, su piel puede tornarse verde p\u00e1lido porque pueden crecer algas dentro de la capa externa de piel.<\/span> <span id=\"gts_text_40\" class=\"gts_text\">Los machos tienen pelo m\u00e1s largo en las piernas delanteras que sigue creciendo hasta que el oso alcance los 14 a\u00f1os.<\/span><\/p>\n<p><span id=\"gts_text_41\" class=\"gts_text\">El oso polar tiene un muy buen sentido del olfato.<\/span> <span id=\"gts_text_42\" class=\"gts_text\">Puede detectar una foca que est\u00e9 aproximadamente a 1,5 kil\u00f3metros (1 milla) lejos y bajo un metro (una yarda) de nieve.<\/span> <span id=\"gts_text_43\" class=\"gts_text\">Su audici\u00f3n es tan buena como la nuestra y tambi\u00e9n pueden ver a lo lejos sin ninguna dificultad.<\/span><\/p>\n<h3><span id=\"gts_text_44\" class=\"gts_text\">C\u00f3mo nadan los osos polares<\/span><\/h3>\n<p><span id=\"gts_text_45\" class=\"gts_text\">Son nadadores maravillosos.<\/span> <span id=\"gts_text_46\" class=\"gts_text\">Nadan desde una punta a la otra del hielo marino.<\/span> <span id=\"gts_text_47\" class=\"gts_text\">Los han visto nadar a 320km (200 millas) de la tierra m\u00e1s cercana.<\/span> <span id=\"gts_text_48\" class=\"gts_text\">La grasa corporal lo ayuda a flotar.<\/span> <span id=\"gts_text_49\" class=\"gts_text\">Ellos hacen nado &#8220;de perrito&#8221; con la cabeza y gran parte de la espalda sobre el agua.<\/span> <span id=\"gts_text_50\" class=\"gts_text\">Las patas grandes les ayudan a propulsarse r\u00e1pidamente a trav\u00e9s del agua.<\/span> <span id=\"gts_text_51\" class=\"gts_text\">Pueden nadar aproximadamente a 10 kil\u00f3metros por hora (6 mph).<\/span> <span id=\"gts_text_52\" class=\"gts_text\">Tienden a caminar lenta y torpemente.<\/span> <span id=\"gts_text_53\" class=\"gts_text\">La velocidad de la caminata es de aproximadamente 5,5km\/h (3,5 mph).<\/span> <span id=\"gts_text_54\" class=\"gts_text\">Cuando corren alcanzan una velocidad m\u00e1xima de hasta 40km\/h (25 mph).<\/span><\/p>\n<h3><span id=\"gts_text_55\" class=\"gts_text\">C\u00f3mo cazan los osos polares<\/span><\/h3>\n<p><span id=\"gts_text_56\" class=\"gts_text\">El oso polar es el m\u00e1s carn\u00edvoro de todos los osos.<\/span> <span id=\"gts_text_57\" class=\"gts_text\">Se alimentan principalmente de focas.<\/span> <span id=\"gts_text_58\" class=\"gts_text\">El \u00e1rtico es el hogar de millones de focas.<\/span> <span id=\"gts_text_59\" class=\"gts_text\">Las focas son cazadas por los osos cuando salen a la superficie en agujeros en el hielo marino para respirar o cuando se ubican sobre el hielo marino para descansar.<\/span><\/p>\n<p><span id=\"gts_text_60\" class=\"gts_text\">El m\u00e9todo m\u00e1s com\u00fan de caza del oso polar se denomina caza inm\u00f3vil.<\/span> <span id=\"gts_text_61\" class=\"gts_text\">El oso utiliza su excelente sentido del olfato para localizar un agujero de respiraci\u00f3n de la foca y se agazapa all\u00ed cerca, de manera silenciosa y paciente, a la espera de que una foca aparezca.<\/span> <span id=\"gts_text_62\" class=\"gts_text\">Cuando la foca sale del agujero para respirar, el oso polar huele su respiraci\u00f3n y r\u00e1pidamente la alcanza en el agujero y arrastra a la pobre foca hacia fuera con su pata.<\/span> <span id=\"gts_text_63\" class=\"gts_text\">El hocico y cuello largo del oso polar le permite buscar focas en los agujeros profundos.<\/span> <span id=\"gts_text_64\" class=\"gts_text\">Las potentes piernas traseras le proporcionan la fuerza para arrastrar incluso a las focas grandes sobre el hielo.<\/span> <span id=\"gts_text_65\" class=\"gts_text\">El oso polar tambi\u00e9n ataca a las focas cuando est\u00e1n descansando sobre el hielo marino.<\/span> <span id=\"gts_text_66\" class=\"gts_text\">Por ejemplo, si el oso polar localiza una foca, camina 100 m (300 pies) y entonces se agazapa.<\/span> <span id=\"gts_text_67\" class=\"gts_text\">Si la foca no se da cuenta, el oso se arrastra de 10 a 12 metros (30 &#8211; 35 pies) de la foca y acomete repentinamente hacia ella y la ataca.<\/span> <span id=\"gts_text_68\" class=\"gts_text\">Un tercer m\u00e9todo de caza es atacar las colonias reproductivas de las focas hembras.<\/span><\/p>\n<p><span id=\"gts_text_69\" class=\"gts_text\">Los osos adultos tienden a comer solo comidas muy cal\u00f3ricas; la piel y la capa gruesa de grasa de una foca.<\/span> <span id=\"gts_text_70\" class=\"gts_text\">Los osos j\u00f3venes que no dependen m\u00e1s de su madre pero que no tienen suficiente habilidad para la caza o el tama\u00f1o para cazar focas, tienen que buscar animales muertos que fueron dejados detr\u00e1s por otros osos.<\/span> <span id=\"gts_text_71\" class=\"gts_text\">Los osos j\u00f3venes tambi\u00e9n pudieran verse forzados a aceptar un animal muerto medio comido si matan a una foca pero no pueden detener a osos m\u00e1s grandes de rob\u00e1rselos.<\/span> <span id=\"gts_text_72\" class=\"gts_text\">\u00a0\u00a1Pobrecitos!<\/span><\/p>\n<p><span id=\"gts_text_73\" class=\"gts_text\">El oso polar es un potente y enorme depredador.<\/span> <span id=\"gts_text_74\" class=\"gts_text\">Pueden matar a una morsa adulta, aunque en raras ocasiones lo intentan.<\/span> <span id=\"gts_text_75\" class=\"gts_text\">Una morsa puede tener m\u00e1s de dos veces el peso del oso, y tiene colmillos de marfil largos que son de alrededor de 3 pies de largo (90cm).<\/span> <span id=\"gts_text_76\" class=\"gts_text\">La morsa utiliza dichos colmillos como arma mortal para defenderse.<\/span><\/p>\n<p><span id=\"gts_text_77\" class=\"gts_text\">Los osos polares tambi\u00e9n cazan belugas, las cogen de sus agujeros de respiraci\u00f3n en el hielo marino.<\/span> <span id=\"gts_text_78\" class=\"gts_text\">Las belugas son del mismo tama\u00f1o que las morsas y, de hecho, es muy dif\u00edcil que el oso polar las pueda matar.<\/span> <span id=\"gts_text_79\" class=\"gts_text\">Los osos polares atacan con escasa frecuencia a una ballena adulta madura.<\/span><\/p>\n<p><span id=\"gts_text_80\" class=\"gts_text\">La mayor\u00eda de los animales de tierra en el \u00e1rtico pueden correr m\u00e1s r\u00e1pido que los osos polares en tierra firme porque los osos se recalientan r\u00e1pidamente.<\/span> <span id=\"gts_text_81\" class=\"gts_text\">Tambi\u00e9n, la mayor\u00eda de los animales marinos con los que el oso se encuentra saben nadar m\u00e1s r\u00e1pido que los osos polares.<\/span> <span id=\"gts_text_82\" class=\"gts_text\">As\u00ed pues, como puedes ver, los osos polares no son los corredores m\u00e1s r\u00e1pidos en tierra firme y tampoco los nadadores m\u00e1s r\u00e1pidos del mar.<\/span> <span id=\"gts_text_83\" class=\"gts_text\">En algunos lugares, los osos polares comen morsas j\u00f3venes y los cad\u00e1veres de morsas o de ballenas adultas.<\/span><\/p>\n<figure id=\"attachment_836\" aria-describedby=\"caption-attachment-836\" style=\"width: 300px\" class=\"wp-caption alignright\"><a href=\"http:\/\/www.big-animals.com\/wp-content\/uploads\/2011\/04\/Polar_Bear_And_Cubs.jpg\"><img loading=\"lazy\" decoding=\"async\" class=\"size-medium wp-image-836\" title=\"Madre y oseznos del oso polar\" src=\"http:\/\/www.big-animals.com\/wp-content\/uploads\/2011\/04\/Polar_Bear_And_Cubs-300x162.jpg\" alt=\"Madre y oseznos del oso polar\" width=\"300\" height=\"162\" \/><\/a><figcaption id=\"caption-attachment-836\" class=\"wp-caption-text\">Madre y oseznos del oso polar<\/figcaption><\/figure>\n<h3><span id=\"gts_text_84\" class=\"gts_text\">Beb\u00e9s del oso polar<\/span><\/h3>\n<p><span id=\"gts_text_85\" class=\"gts_text\">Los osos polares est\u00e1n activos a lo largo del a\u00f1o, a excepci\u00f3n de las osas pre\u00f1adas.<\/span> <span id=\"gts_text_86\" class=\"gts_text\">Una osa polar pre\u00f1ada se siente demasiado pesada para estar activa.<\/span> <span id=\"gts_text_87\" class=\"gts_text\">Ella ha aumentado por lo menos 200 kg (440 libras).<\/span> <span id=\"gts_text_88\" class=\"gts_text\">Para dar a luz entra en un refugio excavado en el hielo.<\/span> <span id=\"gts_text_89\" class=\"gts_text\">Los oseznos nacen ciegos, cubiertos de piel marr\u00f3n claro y pesan menos de un kilogramo (menos de 2 libras).<\/span> <span id=\"gts_text_90\" class=\"gts_text\">Son totalmente desvalidos, \u00a1se morir\u00edan r\u00e1pidamente de fr\u00edo fuera de la guarida!<\/span> <span id=\"gts_text_91\" class=\"gts_text\">Cuando tienen alrededor de 30 d\u00edas de nacidos reci\u00e9n abren los ojos.<\/span><\/p>\n<p><span id=\"gts_text_92\" class=\"gts_text\">Nacen entre noviembre y febrero, cuando el \u00e1rtico es oscuro y fr\u00edo.<\/span> <span id=\"gts_text_93\" class=\"gts_text\">La madre a\u00fan no come mientras alimenta a los oseznos con leche.<\/span> <span id=\"gts_text_94\" class=\"gts_text\">La madre da a luz normalmente a dos cr\u00edas por vez.<\/span> <span id=\"gts_text_95\" class=\"gts_text\">Permanece con sus cr\u00edas en la guarida hasta que los oseznos sean lo suficientemente grandes para cuidar de ellos mismos.<\/span> <span id=\"gts_text_96\" class=\"gts_text\">Cuando est\u00e1n listos, la madre abre la entrada de la guarida.<\/span> <span id=\"gts_text_97\" class=\"gts_text\">Sus oseznos pesan alrededor de 10 a 15 kg para entonces (22 a 33 libras).<\/span> <span id=\"gts_text_98\" class=\"gts_text\">Durante aproximadamente 12 a 15 d\u00edas, la familia pasa tiempo solo fuera de la guarida y ella todav\u00eda permanece cerca de sus cr\u00edas.<\/span> <span id=\"gts_text_99\" class=\"gts_text\">Los oseznos juegan entre s\u00ed.<\/span> <span id=\"gts_text_100\" class=\"gts_text\">Los oseznos comienzan gradualmente a tomar paseos largos desde la guarida hacia el hielo marino.<\/span> <span id=\"gts_text_101\" class=\"gts_text\">Permanecen generalmente con su madre por aproximadamente un a\u00f1o y medio, mientras aprenden c\u00f3mo cazar.<\/span> <span id=\"gts_text_102\" class=\"gts_text\">En total, la madre tiene que pasar sin comer por alrededor de 8 meses.<\/span><\/p>\n<p><span id=\"gts_text_103\" class=\"gts_text\">Los osos polares tienen la capacidad de retrasar su tasa metab\u00f3lica cuando la comida es dif\u00edcil de encontrar, y aumentan su tasa metab\u00f3lica de nuevo cuando la comida es abundante.<\/span> <span id=\"gts_text_104\" class=\"gts_text\">Los osos polares pueden retrasar su ritmo card\u00edaco desde 46 a 27 latidos por minutos.<\/span> <span id=\"gts_text_105\" class=\"gts_text\">Pueden ayunar hasta por varios meses en los que el hielo marino derrite y no pueden encontrar focas para cazar.<\/span> <span id=\"gts_text_106\" class=\"gts_text\">Viven de sus reservas de grasa por meses durante ese tiempo.<\/span> <span id=\"gts_text_107\" class=\"gts_text\">Los osos polares pueden tambi\u00e9n alimentarse de bueyes almizcleros, renos, huevos de aves, roedores, crust\u00e1ceos, cangrejos e incluso de otros osos polares.<\/span> <span id=\"gts_text_108\" class=\"gts_text\">Tambi\u00e9n comen plantas como bayas, ra\u00edces y algas pero solo en muy raras ocasiones; necesitan una dieta muy rica en grasas, y las focas y las ballenas son las comidas con m\u00e1s cantidad de grasa que pueden conseguir.<\/span> <span id=\"gts_text_109\" class=\"gts_text\">No podr\u00edan conseguir suficiente energ\u00eda tan solo de animales y plantas terrestres.<\/span><\/p>\n<h3><span id=\"gts_text_110\" class=\"gts_text\">Ataques del oso polar<\/span><\/h3>\n<p><span id=\"gts_text_111\" class=\"gts_text\">En raras oportunidades atacan a seres humanos, a menos que sean molestados.<\/span> <span id=\"gts_text_112\" class=\"gts_text\">No obstante, un oso polar hambriento pudiera matar y comer a un ser humano.<\/span> <span id=\"gts_text_113\" class=\"gts_text\">Entonces, \u00a1no molestes jam\u00e1s a un oso hambriento!<\/span> <span id=\"gts_text_114\" class=\"gts_text\">Son cazadores furtivos y astutos.<\/span> <span id=\"gts_text_115\" class=\"gts_text\">Su presa es a menudo cazada sin que se de cuenta.<\/span> <span id=\"gts_text_116\" class=\"gts_text\">Si una persona es atacada por un oso pardo, ser\u00e1 herida gravemente; pero entonces el oso abandona a su v\u00edctima.<\/span> <span id=\"gts_text_117\" class=\"gts_text\">Cuando un oso polar ataca a una persona, en raras ocasiones la v\u00edctima sobrevive.<\/span> <span id=\"gts_text_118\" class=\"gts_text\">Entonces, si un oso polar te ataca, \u00a1d\u00ed tu \u00faltima oraci\u00f3n!<\/span><\/p>\n<p><span id=\"gts_text_119\" class=\"gts_text\">Por lo general, los osos polares adultos viven solos, pero han sido vistos jugando con otros osos polares durante horas e incluso abraz\u00e1ndose mientras dorm\u00edan.<\/span> <span id=\"gts_text_120\" class=\"gts_text\">Los oseznos son juguetones.<\/span> <span id=\"gts_text_121\" class=\"gts_text\">Pueden bramar, rugir, gru\u00f1ir, resoplar y ronronear.<\/span><\/p>\n<p><span id=\"gts_text_122\" class=\"gts_text\">Son menos vulnerables a enfermedades infecciosas y a par\u00e1sitos que la mayor\u00eda de los mam\u00edferos terrestres.<\/span> <span id=\"gts_text_123\" class=\"gts_text\">Con escasa frecuencia viven m\u00e1s de 25 a\u00f1os.<\/span> <span id=\"gts_text_124\" class=\"gts_text\">El oso polar m\u00e1s viejo que existi\u00f3, del que se tiene registro, muri\u00f3 a la edad de 32 a\u00f1os y la osa polar m\u00e1s vieja en cautiverio muri\u00f3 en 1991 cuando ten\u00eda 43 a\u00f1os.<\/span> <span id=\"gts_text_125\" class=\"gts_text\">Cuando los osos polares salvajes envejecen, llegan a ser demasiado d\u00e9biles para cazar comida.<\/span> <span id=\"gts_text_126\" class=\"gts_text\">Mueren poco a poco de hambre.<\/span> <span id=\"gts_text_127\" class=\"gts_text\">Aparte de eso, los osos polares salvajes heridos gravemente en peleas o accidentes, pudieran tambi\u00e9n morir dado que no pueden cazar m\u00e1s.<\/span> <span id=\"gts_text_128\" class=\"gts_text\">Tambi\u00e9n mueren de hambre.<\/span><\/p>\n<p><span id=\"gts_text_129\" class=\"gts_text\">Los osos polares son depredadores de nivel superior.<\/span> <span id=\"gts_text_130\" class=\"gts_text\">No tienen ning\u00fan depredador, aunque a veces sus cr\u00edas son devoradas por lobos hambrientos u osos pardos.<\/span><\/p>\n<p><span id=\"gts_text_131\" class=\"gts_text\">Los osos polares se han cazado por largo tiempo por la piel, carne, grasa, tendones, ves\u00edcula biliar y dientes caninos.<\/span> <span id=\"gts_text_132\" class=\"gts_text\">Han sido cazados por los nativos del \u00e1rtico.<\/span> <span id=\"gts_text_133\" class=\"gts_text\">Ten\u00edan la costumbre de utilizar algo para distraer al oso, y despu\u00e9s le arrojaban lanzas o flechas.<\/span> <span id=\"gts_text_134\" class=\"gts_text\">La piel era utilizada para hacer pantalones y calzado.<\/span> <span id=\"gts_text_135\" class=\"gts_text\">La carne es comestible.<\/span> <span id=\"gts_text_136\" class=\"gts_text\">La grasa era utilizada en alimentos y como combustible para iluminar los hogares.<\/span> <span id=\"gts_text_137\" class=\"gts_text\">Los tendones eran utilizados como hilos para coser la ropa.<\/span> <span id=\"gts_text_138\" class=\"gts_text\">La ves\u00edcula biliar y, a veces, el coraz\u00f3n del oso eran secados y pulverizados para preparar medicinas.<\/span> <span id=\"gts_text_139\" class=\"gts_text\">Los grandes dientes caninos eran utilizados para hacer amuletos.<\/span> <span id=\"gts_text_140\" class=\"gts_text\">No muchos seres humanos han vivido en el fr\u00edo extremo del \u00e1rtico, por lo tanto, la caza de osos polares no afect\u00f3 su poblaci\u00f3n.<\/span><\/p>\n<h3><span id=\"gts_text_141\" class=\"gts_text\">El oso polar en peligro por el calentamiento global<\/span><\/h3>\n<p><span id=\"gts_text_142\" class=\"gts_text\">El 15 de mayo de 2008, el gobierno de los E.E.U.U. ha clasificado a los osos polares como una especie amenazada bajo el Acta de especies en peligro de extinci\u00f3n.<\/span> <span id=\"gts_text_143\" class=\"gts_text\">Los efectos del calentamiento del planeta han afectado de manera significativa a la forma de vida de los osos polares.<\/span> <span id=\"gts_text_144\" class=\"gts_text\">Debido a las temperaturas m\u00e1s c\u00e1lidas, el hielo marino ahora se derrite mucho antes que hace 30 a\u00f1os.<\/span> <span id=\"gts_text_145\" class=\"gts_text\">Lo explicado anteriormente significa que los osos polares tienen una estaci\u00f3n m\u00e1s corta para alimentarse y mueren finalmente de desnutrici\u00f3n.<\/span> <span id=\"gts_text_146\" class=\"gts_text\">Aparte de esto, la contaminaci\u00f3n y los derrames de petr\u00f3leo en el Oc\u00e9ano \u00e1rtico tambi\u00e9n amenazan la vida de los osos polares.<\/span> <span id=\"gts_text_147\" class=\"gts_text\">La organizaci\u00f3n U.S Geological Survey predice que dos tercios de los osos polares del mundo desaparecer\u00e1n de la faz de la tierra en el 2050 debido al calentamiento global.<\/span> <span id=\"gts_text_148\" class=\"gts_text\">La cantidad de hielo marino en el \u00e1rtico est\u00e1 haci\u00e9ndose m\u00e1s y m\u00e1s peque\u00f1a cada d\u00e9cada, como puedes ver en el mapa abajo.<\/span> <span id=\"gts_text_149\" class=\"gts_text\">Si desaparece dicho hielo marino, el pobre oso polar estar\u00e1 en un gran problema, y pudiera no sobrevivir, excepto en parques zool\u00f3gicos.<\/span><\/p>\n<figure id=\"attachment_842\" aria-describedby=\"caption-attachment-842\" style=\"width: 537px\" class=\"wp-caption aligncenter\"><a href=\"http:\/\/www.big-animals.com\/wp-content\/uploads\/2011\/04\/Arctic_Sea_Ice_Decline.jpg\"><img loading=\"lazy\" decoding=\"async\" class=\"size-full wp-image-842\" title=\"El h\u00e1bitat del oso polar es amenazado por el calentamiento del planeta\" src=\"http:\/\/www.big-animals.com\/wp-content\/uploads\/2011\/04\/Arctic_Sea_Ice_Decline.jpg\" alt=\"El h\u00e1bitat del oso polar es amenazado por el calentamiento del planeta\" width=\"537\" height=\"433\" \/><\/a><figcaption id=\"caption-attachment-842\" class=\"wp-caption-text\">El h\u00e1bitat del oso polar es amenazado por el calentamiento del planeta<\/figcaption><\/figure>\n","protected":false},"excerpt":{"rendered":"<p>Los osos polares viven dentro del C\u00edrculo Polar \u00c1rtico. Se los puede encontrar en Canad\u00e1, Alaska, Noruega y el norte de Rusia. Son los mam\u00edferos terresteres m\u00e1s grandes del mundo del orden Carnivora. (El carnivora m\u00e1s grande del mundo es una clase de foca, el elefante marino meridional, y se encuentra mucho m\u00e1s c\u00f3modo en &hellip; <a href=\"https:\/\/www.big-animals.com\/es\/oso-polar\/\" class=\"more-link\">Continue reading <span class=\"screen-reader-text\">Oso polar<\/span><\/a><\/p>\n","protected":false},"author":1,"featured_media":0,"parent":0,"menu_order":0,"comment_status":"closed","ping_status":"open","template":"","meta":{"_acf_changed":false,"footnotes":""},"acf":[],"_links":{"self":[{"href":"https:\/\/www.big-animals.com\/es\/wp-json\/wp\/v2\/pages\/288"}],"collection":[{"href":"https:\/\/www.big-animals.com\/es\/wp-json\/wp\/v2\/pages"}],"about":[{"href":"https:\/\/www.big-animals.com\/es\/wp-json\/wp\/v2\/types\/page"}],"author":[{"embeddable":true,"href":"https:\/\/www.big-animals.com\/es\/wp-json\/wp\/v2\/users\/1"}],"replies":[{"embeddable":true,"href":"https:\/\/www.big-animals.com\/es\/wp-json\/wp\/v2\/comments?post=288"}],"version-history":[{"count":3,"href":"https:\/\/www.big-animals.com\/es\/wp-json\/wp\/v2\/pages\/288\/revisions"}],"predecessor-version":[{"id":1012,"href":"https:\/\/www.big-animals.com\/es\/wp-json\/wp\/v2\/pages\/288\/revisions\/1012"}],"wp:attachment":[{"href":"https:\/\/www.big-animals.com\/es\/wp-json\/wp\/v2\/media?parent=288"}],"curies":[{"name":"wp","href":"https:\/\/api.w.org\/{rel}","templated":true}]}}