{"id":289,"date":"2011-05-09T09:26:27","date_gmt":"2011-05-09T09:26:27","guid":{"rendered":""},"modified":"2015-06-13T02:54:47","modified_gmt":"2015-06-12T18:54:47","slug":"salamandras","status":"publish","type":"page","link":"https:\/\/www.big-animals.com\/es\/salamandras\/","title":{"rendered":"Salamandras"},"content":{"rendered":"<p><span id=\"gts_text_1\" class=\"gts_text\">Hay cerca de 500 especies de <a title=\"Anfibio\" href=\"http:\/\/www.big-animals.com\/es\/?p=270\">anfibios<\/a> llamados Salamandras.<\/span> <span id=\"gts_text_2\" class=\"gts_text\">Tienen cuerpos finos, narices cortas y colas largas.<\/span> <span id=\"gts_text_3\" class=\"gts_text\">Como todos los anfibios, son vertebrados y de sangre fr\u00eda.<\/span> <span id=\"gts_text_4\" class=\"gts_text\">La mayor\u00eda de las salamandras tienen 4 dedos en sus patas delanteras y 5 dedos en sus patas traseras.<\/span> <span id=\"gts_text_5\" class=\"gts_text\">Tienen 4 piernas como un lagarto.<\/span> <span id=\"gts_text_6\" class=\"gts_text\">No tienen garras.<\/span> <span id=\"gts_text_7\" class=\"gts_text\">Pueden trepar \u00e1rboles con sus pies.<\/span><\/p>\n<figure id=\"attachment_888\" aria-describedby=\"caption-attachment-888\" style=\"width: 251px\" class=\"wp-caption alignleft\"><a href=\"http:\/\/www.big-animals.com\/wp-content\/uploads\/2011\/04\/Axolotl1.jpg\"><img loading=\"lazy\" decoding=\"async\" class=\"size-full wp-image-888\" title=\"Algunas salamandras viven en el agua, algo en tierra\" src=\"http:\/\/www.big-animals.com\/wp-content\/uploads\/2011\/04\/Axolotl1.jpg\" alt=\"Algunas salamandras viven en el agua, algo en tierra\" width=\"251\" height=\"202\" \/><\/a><figcaption id=\"caption-attachment-888\" class=\"wp-caption-text\">Algunas salamandras viven en el agua, otras en la tierra<\/figcaption><\/figure>\n<h3><span id=\"gts_text_8\" class=\"gts_text\">H\u00e1bitats de la salamandra<\/span><\/h3>\n<p><span id=\"gts_text_9\" class=\"gts_text\">Tienen piel h\u00fameda porque viven cerca del agua o en el agua.<\/span> <span id=\"gts_text_10\" class=\"gts_text\">La mayor\u00eda de los tipos de salamandra viven en humedales como peque\u00f1os arroyos o charcas.<\/span> <span id=\"gts_text_11\" class=\"gts_text\">\u00a0Se encuentran en casi todas partes del mundo a excepci\u00f3n de los desiertos y cerca de los polos norte y sur.<\/span> <span id=\"gts_text_12\" class=\"gts_text\">No se encuentran en Australia, la Ant\u00e1rtida ni la mayor parte de \u00c1frica.<\/span> <span id=\"gts_text_13\" class=\"gts_text\">Un tercio de las especies descubiertas de salamandras se encuentra en Norteam\u00e9rica.<\/span> <span id=\"gts_text_14\" class=\"gts_text\">Algunas salamandras pasan toda su vida en el agua, otras pasan tiempo en el agua de vez en cuando y algunas pasan toda su vida adulta en tierra.<\/span><\/p>\n<p><span id=\"gts_text_15\" class=\"gts_text\">Las salamandras pueden volver a crecer sus miembros as\u00ed como otras partes del cuerpo cuando las da\u00f1an, como algunos lagartos pueden hacer crecer sus colas.<\/span> <span id=\"gts_text_16\" class=\"gts_text\">Sin embargo, las salamandras est\u00e1n m\u00e1s vinculadas a las ranas y no a los lagartos, aunque se parezcan m\u00e1s a un lagarto que una rana.<\/span> <span id=\"gts_text_17\" class=\"gts_text\">La mayor\u00eda de las especies de salamandras tienen miembros peque\u00f1os, o no tienen miembros, lo que las hace parecerse a una anguila.<\/span> <span id=\"gts_text_18\" class=\"gts_text\">A menudo poseen colores brillantes.<\/span> <span id=\"gts_text_19\" class=\"gts_text\">Las salamandras que permanecen bajo la tierra suelen ser de color blanco o rosado.<\/span><\/p>\n<p><span id=\"gts_text_20\" class=\"gts_text\">La mayor\u00eda de las salamandras son muy peque\u00f1as, pero hay algunas realmente enormes.<\/span> <span id=\"gts_text_21\" class=\"gts_text\">Var\u00edan de tama\u00f1o desde las salamandras min\u00fasculas con una longitud de 2,7 cm incluyendo la cola, a la <a title=\"Salamandra gigante china\" href=\"http:\/\/www.big-animals.com\/es\/?p=270\">salamandra gigante china<\/a>, el anfibio m\u00e1s grande de todos, que puede alcanzar hasta 180 cm y pesar hasta 65 kg.<\/span> <span id=\"gts_text_22\" class=\"gts_text\">La mayor\u00eda de las salamandras miden entre 10 cm-20 cm de largo.<\/span> <span id=\"gts_text_23\" class=\"gts_text\">Mudan su capa de piel externa regularmente a medida que van creciendo &#8211; \u00a1Y luego comen esa piel muerta!<\/span><\/p>\n<figure id=\"attachment_889\" aria-describedby=\"caption-attachment-889\" style=\"width: 300px\" class=\"wp-caption aligncenter\"><a href=\"http:\/\/www.big-animals.com\/wp-content\/uploads\/2011\/04\/Cave_salamander.jpg\"><img loading=\"lazy\" decoding=\"async\" class=\"size-medium wp-image-889\" title=\"Parece un lagarto, pero est\u00e1 m\u00e1s bi\u00e9n una rana\" src=\"http:\/\/www.big-animals.com\/wp-content\/uploads\/2011\/04\/Cave_salamander-300x103.jpg\" alt=\"Parece un lagarto, pero est\u00e1 m\u00e1s bi\u00e9n una rana\" width=\"300\" height=\"103\" \/><\/a><figcaption id=\"caption-attachment-889\" class=\"wp-caption-text\">Esta salamandra moteada parece una lagartija, pero es m\u00e1s similar a una rana<\/figcaption><\/figure>\n<p><span id=\"gts_text_24\" class=\"gts_text\">Las diversas especies de salamandras tienen m\u00e9todos diferentes de respiraci\u00f3n.<\/span> <span id=\"gts_text_25\" class=\"gts_text\">Aquellas que no tienen pulmones respiran a trav\u00e9s de sus branquias.<\/span> <span id=\"gts_text_26\" class=\"gts_text\">La mayor parte de estas branquias se ubican fuera de sus cuerpos, situadas a cada lado de su cabeza.<\/span> <span id=\"gts_text_27\" class=\"gts_text\">Algunas salamandras viven en tierra y tienen pulmones para ayudarlas a respirar.<\/span> <span id=\"gts_text_28\" class=\"gts_text\">Sus pulmones son simples.<\/span> <span id=\"gts_text_29\" class=\"gts_text\">\u00a0La mayor\u00eda de las especies, como el Proteo (<em>Proteus anguinus<\/em>), tienen pulmones y branquias cuando llegan a la adultez.\u00a0Algunas<\/span> <span id=\"gts_text_30\" class=\"gts_text\">salamandras que viven en tierra no tienen ni pulmones ni branquias &#8211; respiran a trav\u00e9s de su piel.<\/span> Algunas<span id=\"gts_text_31\" class=\"gts_text\"> especies con pulmones tambi\u00e9n pueden respirar a trav\u00e9s de su piel.<\/span><\/p>\n<p><span id=\"gts_text_32\" class=\"gts_text\">La piel de las salamandras produce la mucosa que ayuda a mantenerlas h\u00famedas cuando est\u00e1n en tierra seca, y tambi\u00e9n les ayuda a mantener su equilibrio salino mientras est\u00e1n en el agua.<\/span> <span id=\"gts_text_33\" class=\"gts_text\">Esta mucosa tambi\u00e9n proporciona una cierta clase de lubricaci\u00f3n \u00fatil para nadar, lo que les ayuda a desplazarse a trav\u00e9s del agua con facilidad.<\/span> <span id=\"gts_text_34\" class=\"gts_text\">Con la ayuda de este lubricante y de sus pies reticulados, las salamandras son grandes nadadoras.<\/span> <span id=\"gts_text_35\" class=\"gts_text\">\u00a1Cuidado!<\/span> <span id=\"gts_text_36\" class=\"gts_text\">Algunas salamandras producen veneno en las gl\u00e1ndulas en su piel para protegerlas contra depredadores.<\/span><\/p>\n<h3><span id=\"gts_text_37\" class=\"gts_text\">\u00bfQu\u00e9 comen las salamandras?<\/span><\/h3>\n<p><span id=\"gts_text_38\" class=\"gts_text\">Tienen una lengua pegajosa que les ayuda a atrapar su presa.<\/span> <span id=\"gts_text_39\" class=\"gts_text\">Algunas salamandras pueden estirar su lengua muy lejos para coger su presa.<\/span> <span id=\"gts_text_40\" class=\"gts_text\">La mayor\u00eda de las especies de salamandra tienen peque\u00f1os dientes en los maxilares superiores e inferiores, a diferencia de las ranas, que s\u00f3lo tienen dientes en el maxilar superior.<\/span> <span id=\"gts_text_41\" class=\"gts_text\">\u00a1Incluso las larvas de salamandras tienen dientes! A<\/span> l<span id=\"gts_text_42\" class=\"gts_text\">as salamandras les gusta comer caracoles.<\/span><\/p>\n<figure id=\"attachment_890\" aria-describedby=\"caption-attachment-890\" style=\"width: 300px\" class=\"wp-caption aligncenter\"><a href=\"http:\/\/www.big-animals.com\/wp-content\/uploads\/2011\/04\/Colorful_Salamander.jpg\"><img loading=\"lazy\" decoding=\"async\" class=\"size-medium wp-image-890\" title=\"Las salamandras a menudo se colorean brillantemente\" src=\"http:\/\/www.big-animals.com\/wp-content\/uploads\/2011\/04\/Colorful_Salamander-300x104.jpg\" alt=\"Las salamandras a menudo se colorean brillantemente\" width=\"300\" height=\"104\" \/><\/a><figcaption id=\"caption-attachment-890\" class=\"wp-caption-text\">Las salamandras suelen tener colores brillantes<\/figcaption><\/figure>\n<p><span id=\"gts_text_43\" class=\"gts_text\">Tienen un buen sentido del olfato pero no escuchan muy bien.<\/span> <span id=\"gts_text_44\" class=\"gts_text\">\u00a0La mayor\u00eda de las salamandras tienen buena visi\u00f3n, excepto las salamandras que viven bajo tierra &#8211; sus ojos pueden hasta estar cubiertos por una capa de piel.<\/span> <span id=\"gts_text_45\" class=\"gts_text\">Utilizan sus ojos para cazar para su comida.<\/span> <span id=\"gts_text_46\" class=\"gts_text\">Las larvas y las salamandras adultas que viven en el agua tienen una l\u00ednea de detecci\u00f3n especial en sus lados (como los peces) para detectar el movimiento y vibraciones en el agua.<\/span> <span id=\"gts_text_47\" class=\"gts_text\">Este \u00f3rgano sensorial los protege contra sus depredadores.<\/span> <span id=\"gts_text_48\" class=\"gts_text\">No tienen o\u00eddo externo.<\/span> <span id=\"gts_text_49\" class=\"gts_text\">Utilizan su cola para escaparse r\u00e1pidamente cuando necesitan.<\/span> <span id=\"gts_text_50\" class=\"gts_text\">Cuando un depredador ataca a una salamandra, la cola de la salamandra se desprende de su cuerpo y se agita durante alg\u00fan tiempo, lo cual le da a la salamandra una oportunidad para escaparse mientras que el depredador es distra\u00eddo por la cola.<\/span> <span id=\"gts_text_51\" class=\"gts_text\">Dentro de s\u00f3lo algunas semanas, la salamandra puede volver a crecer la cola y cualquier otro miembro que haya perdido en el ataque.<br \/>\n<\/span><\/p>\n<p><span id=\"gts_text_52\" class=\"gts_text\">Las salamandras ponen sus huevos en el agua.<\/span> <span id=\"gts_text_53\" class=\"gts_text\">Pasan la primera parte de su vida en el agua.<\/span> <span id=\"gts_text_54\" class=\"gts_text\">Los huevos eclosionan en larvas.<\/span> <span id=\"gts_text_55\" class=\"gts_text\">Estas larvas tienen branquias para respirar.<\/span> <span id=\"gts_text_56\" class=\"gts_text\">Dependiendo de la especie, la etapa larval puede tener piernas o no.<\/span> <span id=\"gts_text_57\" class=\"gts_text\">La etapa larval puede durar d\u00edas como puede durar a\u00f1os, dependiendo de la especie de salamandra.<\/span> <span id=\"gts_text_58\" class=\"gts_text\">Algunas especies, como la salamandra de Dunn, no tienen ninguna etapa larval.<\/span> <span id=\"gts_text_59\" class=\"gts_text\">Los beb\u00e9s se parecen a su pap\u00e1 y su mam\u00e1.<\/span><\/p>\n<p><span id=\"gts_text_60\" class=\"gts_text\">El n\u00famero de salamandras en el mundo se est\u00e1 reduciendo debido a la destrucci\u00f3n de bosques y humedales por parte de los humanos, y debido al cambio clim\u00e1tico.<\/span><\/p>\n","protected":false},"excerpt":{"rendered":"<p>Hay cerca de 500 especies de anfibios llamados Salamandras. Tienen cuerpos finos, narices cortas y colas largas. Como todos los anfibios, son vertebrados y de sangre fr\u00eda. La mayor\u00eda de las salamandras tienen 4 dedos en sus patas delanteras y 5 dedos en sus patas traseras. Tienen 4 piernas como un lagarto. No tienen garras. &hellip; <a href=\"https:\/\/www.big-animals.com\/es\/salamandras\/\" class=\"more-link\">Continue reading <span class=\"screen-reader-text\">Salamandras<\/span><\/a><\/p>\n","protected":false},"author":1,"featured_media":0,"parent":0,"menu_order":0,"comment_status":"closed","ping_status":"open","template":"","meta":{"_acf_changed":false,"footnotes":""},"acf":[],"_links":{"self":[{"href":"https:\/\/www.big-animals.com\/es\/wp-json\/wp\/v2\/pages\/289"}],"collection":[{"href":"https:\/\/www.big-animals.com\/es\/wp-json\/wp\/v2\/pages"}],"about":[{"href":"https:\/\/www.big-animals.com\/es\/wp-json\/wp\/v2\/types\/page"}],"author":[{"embeddable":true,"href":"https:\/\/www.big-animals.com\/es\/wp-json\/wp\/v2\/users\/1"}],"replies":[{"embeddable":true,"href":"https:\/\/www.big-animals.com\/es\/wp-json\/wp\/v2\/comments?post=289"}],"version-history":[{"count":2,"href":"https:\/\/www.big-animals.com\/es\/wp-json\/wp\/v2\/pages\/289\/revisions"}],"predecessor-version":[{"id":1087,"href":"https:\/\/www.big-animals.com\/es\/wp-json\/wp\/v2\/pages\/289\/revisions\/1087"}],"wp:attachment":[{"href":"https:\/\/www.big-animals.com\/es\/wp-json\/wp\/v2\/media?parent=289"}],"curies":[{"name":"wp","href":"https:\/\/api.w.org\/{rel}","templated":true}]}}