{"id":291,"date":"2011-05-09T09:27:38","date_gmt":"2011-05-09T09:27:38","guid":{"rendered":""},"modified":"2013-08-06T05:21:44","modified_gmt":"2013-08-05T21:21:44","slug":"moa-gigante-ave-mas-alta","status":"publish","type":"page","link":"https:\/\/www.big-animals.com\/es\/moa-gigante-ave-mas-alta\/","title":{"rendered":"La Moa Gigante: \u00a1El Ave M\u00e1s Alta que Existi\u00f3!"},"content":{"rendered":"<h3><span class=\"gts_text\" id=\"gts_text_1\">La moa gigante extinta<\/span><\/h3>\n<p><span class=\"gts_text\" id=\"gts_text_2\">El<a href=\"\/Birds.html\">\u00a0ave<\/a> m\u00e1s alta que ha existido era la moa gigante de Nueva Zelanda.<\/span> <span class=\"gts_text\" id=\"gts_text_3\">Algunos cient\u00edficos creen que parec\u00edan una avestruz muy grande, otros dicen que probablemente no pod\u00edan caminar con el cuello sostenido tan alto.<\/span> <span class=\"gts_text\" id=\"gts_text_4\">Si caminaban como lo hace una avestruz, las hembras habr\u00edan llegado a ser de alrededor de tres metros (10 pies) de alto (aunque los machos eran m\u00e1s bajos). <img loading=\"lazy\" decoding=\"async\" title=\"un ser humano t\u00edpico al lado de un moa gigante t\u00edpico\" alt=\"una imagen que muestra los tama\u00f1os relativos de un moa humano y gigante\" src=\"http:\/\/ba.dr-mikes-maths.com\/\/wp-content\/themes\/twentyten\/images\/ba\/giant-moa-and-human.png\" width=\"243\" height=\"283\" \/> Desafortunadamente, nadie sabe con seguridad; el \u00faltimo moa gigante muri\u00f3 hace aproximadamente 500 a\u00f1os.<\/span><\/p>\n<h3><span class=\"gts_text\" id=\"gts_text_6\">Moas de Nueva Zelanda<\/span><\/h3>\n<p><span class=\"gts_text\" id=\"gts_text_7\">Las moas eran un grupo entero de aves que vivieron en Nueva Zelanda.<\/span> <span class=\"gts_text\" id=\"gts_text_8\">La moa gigante era la moa m\u00e1s grande, la m\u00e1s peque\u00f1a era del tama\u00f1o de un pavo.<\/span> <span class=\"gts_text\" id=\"gts_text_9\">Las moas gigantes viv\u00edan en los bosques.<\/span> <span class=\"gts_text\" id=\"gts_text_10\">Eran tan grandes que antes de que llegaran los humanos, ten\u00eda solamente un enemigo: un \u00e1guila gigante denominada \u00e1guila de Haast.<\/span> <span class=\"gts_text\" id=\"gts_text_11\">Desafortunadamente, una ave tan grande habr\u00eda sido una presa muy buena para un cazador con una familia hambrienta.<\/span> <span class=\"gts_text\" id=\"gts_text_12\">Tambi\u00e9n, los reci\u00e9n llegados neozelandeses comenzaron a talar los bosques para construir granjas, as\u00ed que la moa gigante ten\u00eda cada vez menos espacio para vivir.<\/span><\/p>\n<h3><span class=\"gts_text\" id=\"gts_text_13\">Informaci\u00f3n de la moa gigante<\/span><\/h3>\n<p><span class=\"gts_text\" id=\"gts_text_14\">Las moas pertenecieron a un grupo de aves llamadas <a title=\"Ratites\" href=\"http:\/\/www.big-animals.com\/ratites\/\"><span style=\"font-style: italic\">R\u00e1tidas<\/span><\/a>, que incluyen em\u00faes, avestruces y los kiwis.<\/span> <span class=\"gts_text\" id=\"gts_text_15\">EL hueso de su pecho es plano, como una balsa (en ingl\u00e9s la palabra <span style=\"font-style: italic\"> Ratite <\/span>viene de la palabra latina para balsa).<\/span> <span class=\"gts_text\" id=\"gts_text_16\">Lo dicho anteriormente significa que los m\u00fasculos de la alas de una r\u00e1tida no eran lo suficientemente fuertes para ayudarles a volar, incluso si las alas eran grandes y el ave muy peque\u00f1a.<\/span> <span class=\"gts_text\" id=\"gts_text_17\">\u00a1En realidad, la moa gigante parece que no ten\u00eda ninguna ala en absoluto!<\/span><\/p>\n<p><span class=\"gts_text\" id=\"gts_text_18\">\u00a1La moa gigante, dado que era la ave m\u00e1s alta del mundo, era tambi\u00e9n la r\u00e1tida m\u00e1s alta, y la especie de moa m\u00e1s alta!\u00a0 \u00a1La ave m\u00e1s pesada (la <a title=\"P\u00e1jaro de elefante\" href=\"http:\/\/www.big-animals.com\/elephant-bird-2\/\">ave elefante<\/a>) y en la actualidad la ave m\u00e1s alta y m\u00e1s pesada (la <a href=\"\/Ostrich.html\">avestruz<\/a>) son r\u00e1tidas tambi\u00e9n: \u00a1Verdaderamente un grupo asombroso de aves!<\/span><\/p>\n<h3><span class=\"gts_text\" id=\"gts_text_19\">Im\u00e1genes de la moa gigante<\/span><\/h3>\n<p><span class=\"gts_text\" id=\"gts_text_20\">Desafortunadamente, debido a que est\u00e1n extintas, nadie conoce a ciencia cierta c\u00f3mo luc\u00eda una moa gigante.<\/span> <span class=\"gts_text\" id=\"gts_text_21\">Puedes ver los huesos en algunos museos y artistas han realizado estimaciones de c\u00f3mo pod\u00edan haber llegado a lucir.<\/span> <span class=\"gts_text\" id=\"gts_text_22\">\u00a1<a href=\"http:\/\/images.google.com.au\/images?q=Giant+Moa\" target=\"_blank\">Una b\u00fasqueda de im\u00e1genes en Google<\/a> te mostrar\u00e1 muchos ejemplos!<\/span><\/p>\n","protected":false},"excerpt":{"rendered":"<p>La moa gigante extinta El\u00a0ave m\u00e1s alta que ha existido era la moa gigante de Nueva Zelanda. Algunos cient\u00edficos creen que parec\u00edan una avestruz muy grande, otros dicen que probablemente no pod\u00edan caminar con el cuello sostenido tan alto. Si caminaban como lo hace una avestruz, las hembras habr\u00edan llegado a ser de alrededor de &hellip; <a href=\"https:\/\/www.big-animals.com\/es\/moa-gigante-ave-mas-alta\/\" class=\"more-link\">Continue reading <span class=\"screen-reader-text\">La Moa Gigante: \u00a1El Ave M\u00e1s Alta que Existi\u00f3!<\/span><\/a><\/p>\n","protected":false},"author":1,"featured_media":0,"parent":0,"menu_order":0,"comment_status":"closed","ping_status":"open","template":"","meta":{"_acf_changed":false,"footnotes":""},"acf":[],"_links":{"self":[{"href":"https:\/\/www.big-animals.com\/es\/wp-json\/wp\/v2\/pages\/291"}],"collection":[{"href":"https:\/\/www.big-animals.com\/es\/wp-json\/wp\/v2\/pages"}],"about":[{"href":"https:\/\/www.big-animals.com\/es\/wp-json\/wp\/v2\/types\/page"}],"author":[{"embeddable":true,"href":"https:\/\/www.big-animals.com\/es\/wp-json\/wp\/v2\/users\/1"}],"replies":[{"embeddable":true,"href":"https:\/\/www.big-animals.com\/es\/wp-json\/wp\/v2\/comments?post=291"}],"version-history":[{"count":4,"href":"https:\/\/www.big-animals.com\/es\/wp-json\/wp\/v2\/pages\/291\/revisions"}],"predecessor-version":[{"id":579,"href":"https:\/\/www.big-animals.com\/es\/wp-json\/wp\/v2\/pages\/291\/revisions\/579"}],"wp:attachment":[{"href":"https:\/\/www.big-animals.com\/es\/wp-json\/wp\/v2\/media?parent=291"}],"curies":[{"name":"wp","href":"https:\/\/api.w.org\/{rel}","templated":true}]}}