{"id":292,"date":"2011-05-09T09:27:48","date_gmt":"2011-05-09T09:27:48","guid":{"rendered":""},"modified":"2013-08-05T09:40:15","modified_gmt":"2013-08-05T01:40:15","slug":"mariposa-atlas","status":"publish","type":"page","link":"https:\/\/www.big-animals.com\/es\/mariposa-atlas\/","title":{"rendered":"La Mariposa Atlas: \u00a1La Mariposa M\u00e1s Grande Del Mundo!"},"content":{"rendered":"<h3><span class=\"gts_text\" id=\"gts_text_1\">Informaci\u00f3n sobre la Mariposa Atlas, <em>Attacus Atlas<\/em><\/span><\/h3>\n<p><span class=\"gts_text\" id=\"gts_text_2\">Estas grandes mariposas pueden encontrarse en los bosques tropicales y subtropicales de Asia Meridional, China del Sur y es una mariposa que se ve com\u00fanmente en el Archipi\u00e9lago Malayo<\/span><br \/>\n<img loading=\"lazy\" decoding=\"async\" title=\"Polilla de atlas - la polilla m\u00e1s grande del mundo, y el insecto con las alas m\u00e1s grandes\" alt=\"Polilla de atlas - la polilla m\u00e1s grande del mundo, y el insecto con las alas m\u00e1s grandes\" src=\"http:\/\/ba.dr-mikes-maths.com\/\/wp-content\/themes\/twentyten\/images\/ba\/atlas-moth.jpg\" width=\"355\" height=\"177\" \/><span class=\"gts_text\" id=\"gts_text_3\"><strong>\u00a1La mariposa atlas \u00a0m\u00e1s grandes que cualquier otro <a title=\"\u00a1Los insectos m\u00e1s grandes del mundo!\" href=\"http:\/\/www.big-animals.com\/the-worlds-biggest-insects\/\">insecto<\/a>!<\/strong><\/span><\/p>\n<p><span class=\"gts_text\" id=\"gts_text_4\">que incluye a Tailandia, Singapur e Indonesia.<\/span>\u00a0L<span class=\"gts_text\" id=\"gts_text_5\">a envergadura de sus alas es m\u00e1s grande que la de cualquier <a title=\"\u00a1Los insectos m\u00e1s grandes del mundo!\" href=\"http:\/\/www.big-animals.com\/the-worlds-biggest-insects\/\">insecto<\/a>, \u00a1miden\u00a0cerca de 400 cm cuadrados (62 pulgadas cuadradas)!<\/span> <span class=\"gts_text\" id=\"gts_text_6\">En la India, se las cultiva por la seda de sus capullos &#8211; producen una seda marr\u00f3n parecida a la lana.<\/span> <span class=\"gts_text\" id=\"gts_text_7\">\u00a1Sus capullos se utilizan como monederos en Taiw\u00e1n!\u00a0Se las denomina Mariposas Atlas porque sus grandes alas parecen un mapa.<\/span><\/p>\n<p><span class=\"gts_text\" id=\"gts_text_8\">Las mariposas atlas hembras son m\u00e1s grandes y m\u00e1s pesadas que los machos.<\/span> <span class=\"gts_text\" id=\"gts_text_9\">Conectan las extremidades de sus alas y se dice que se parecen a la cabeza entera de una serpiente con ojos, para asustar a sus depredadores.<\/span> <span class=\"gts_text\" id=\"gts_text_10\">Sus cuerpos son melenudos y peque\u00f1os comparados con sus alas.<\/span> <span class=\"gts_text\" id=\"gts_text_11\">Sus colores var\u00edan, en diferentes tonos del marr\u00f3n.<\/span> <span class=\"gts_text\" id=\"gts_text_12\">La mariposa atlas hembra pone los huevos.<\/span> <span class=\"gts_text\" id=\"gts_text_13\">Estos huevos se convierten en orugas de color verde musgo despu\u00e9s de 2 semanas.<\/span> <span class=\"gts_text\" id=\"gts_text_14\">Se alimentan de las hojas de los \u00e1rboles de fruta c\u00edtrica y de otros \u00e1rboles de hoja perenne.<\/span> <span class=\"gts_text\" id=\"gts_text_15\">Las mariposas adultas aparecer\u00e1n despu\u00e9s de un mes.<\/span><\/p>\n","protected":false},"excerpt":{"rendered":"<p>Informaci\u00f3n sobre la Mariposa Atlas, Attacus Atlas Estas grandes mariposas pueden encontrarse en los bosques tropicales y subtropicales de Asia Meridional, China del Sur y es una mariposa que se ve com\u00fanmente en el Archipi\u00e9lago Malayo \u00a1La mariposa atlas \u00a0m\u00e1s grandes que cualquier otro insecto! que incluye a Tailandia, Singapur e Indonesia.\u00a0La envergadura de sus &hellip; <a href=\"https:\/\/www.big-animals.com\/es\/mariposa-atlas\/\" class=\"more-link\">Continue reading <span class=\"screen-reader-text\">La Mariposa Atlas: \u00a1La Mariposa M\u00e1s Grande Del Mundo!<\/span><\/a><\/p>\n","protected":false},"author":1,"featured_media":0,"parent":0,"menu_order":0,"comment_status":"closed","ping_status":"open","template":"","meta":{"_acf_changed":false,"footnotes":""},"acf":[],"_links":{"self":[{"href":"https:\/\/www.big-animals.com\/es\/wp-json\/wp\/v2\/pages\/292"}],"collection":[{"href":"https:\/\/www.big-animals.com\/es\/wp-json\/wp\/v2\/pages"}],"about":[{"href":"https:\/\/www.big-animals.com\/es\/wp-json\/wp\/v2\/types\/page"}],"author":[{"embeddable":true,"href":"https:\/\/www.big-animals.com\/es\/wp-json\/wp\/v2\/users\/1"}],"replies":[{"embeddable":true,"href":"https:\/\/www.big-animals.com\/es\/wp-json\/wp\/v2\/comments?post=292"}],"version-history":[{"count":7,"href":"https:\/\/www.big-animals.com\/es\/wp-json\/wp\/v2\/pages\/292\/revisions"}],"predecessor-version":[{"id":983,"href":"https:\/\/www.big-animals.com\/es\/wp-json\/wp\/v2\/pages\/292\/revisions\/983"}],"wp:attachment":[{"href":"https:\/\/www.big-animals.com\/es\/wp-json\/wp\/v2\/media?parent=292"}],"curies":[{"name":"wp","href":"https:\/\/api.w.org\/{rel}","templated":true}]}}