{"id":293,"date":"2011-05-09T09:28:04","date_gmt":"2011-05-09T09:28:04","guid":{"rendered":""},"modified":"2014-10-04T03:47:02","modified_gmt":"2014-10-03T19:47:02","slug":"africano-elefante-mundo-grande-terrestre-animal","status":"publish","type":"page","link":"https:\/\/www.big-animals.com\/es\/africano-elefante-mundo-grande-terrestre-animal\/","title":{"rendered":"Elefante africano de sabana: \u00a1el animal terrestre m\u00e1s grande del mundo!"},"content":{"rendered":"<h3><span id=\"gts_text_1\" class=\"gts_text\">\u00bfC\u00f3mo es de grande el elefante africano de sabana?<\/span><\/h3>\n<p><span id=\"gts_text_2\" class=\"gts_text\">El elefante africano de sabana es el <a href=\"http:\/\/www.big-animals.com\/es\/mundo-grande-animales\/\">animal<\/a> terrestre m\u00e1s grande del mundo.<\/span> <span id=\"gts_text_3\" class=\"gts_text\">Un macho adulto mide unos\u00a03-3,35 m (10-11 pies) de alto, 6-7 m (20-24 pies) de ancho y pesa alrededor de 6.800 kg (15000 libras).<\/span> <span id=\"gts_text_4\" class=\"gts_text\">Las hembras son un poco\u00a0m\u00e1s peque\u00f1as.<\/span> <span id=\"gts_text_5\" class=\"gts_text\">Pueden comer 226 kg\u00a0(500 libras) de comida al\u00a0d\u00eda y beber 190 l (50 galones) de agua.<\/span> <span id=\"gts_text_6\" class=\"gts_text\">La imagen de abajo muestra c\u00f3mo es de grande el elefante africano de sabana, comparado con un ser humano.<\/span><\/p>\n<figure id=\"attachment_617\" aria-describedby=\"caption-attachment-617\" style=\"width: 300px\" class=\"wp-caption alignleft\"><a href=\"http:\/\/www.big-animals.com\/wp-content\/uploads\/2008\/11\/elephant-and-human1.png\"><img loading=\"lazy\" decoding=\"async\" class=\"size-medium wp-image-617\" title=\"Elefante y ser humano africanos de Bush\" src=\"http:\/\/www.big-animals.com\/wp-content\/uploads\/2008\/11\/elephant-and-human1-300x189.png\" alt=\"Elefante y ser humano africanos de Bush\" width=\"300\" height=\"189\" \/><\/a><figcaption id=\"caption-attachment-617\" class=\"wp-caption-text\">Elefante africano de sabana\u00a0y ser humano<\/figcaption><\/figure>\n<p><span id=\"gts_text_7\" class=\"gts_text\">Como es tan grande, un elefante adulto no tiene casi ning\u00fan enemigo.<\/span> <span id=\"gts_text_8\" class=\"gts_text\">Un elefante beb\u00e9 puede ser atacado por un le\u00f3n o un cocodrilo, pero la \u00fanica criatura que puede da\u00f1ar un elefante adulto es un ser humano bien preparado. Sin embargo, en algunas reservas naturales\u00a0ha habido grandes manadas de leones que han descubierto c\u00f3mo\u00a0matar a un elefante adulto, mediante un trabajo en equipo y estrategia ingeniosos.<\/span><\/p>\n<h3><span id=\"gts_text_9\" class=\"gts_text\">Caza furtiva del elefante<\/span><\/h3>\n<p><span id=\"gts_text_10\" class=\"gts_text\">En el pasado, se han cazado elefantes\u00a0por su carne y piel, por la supuesta \u201cdiversi\u00f3n\u201d de cazar un elefante y en especial por sus colmillos, hechos\u00a0de marfil.<\/span> <span id=\"gts_text_11\" class=\"gts_text\">En el siglo XIX, el marfil se utilizaba\u00a0para fabricar teclas de piano, valiosas obras de arte y otras cosas.<\/span> <span id=\"gts_text_12\" class=\"gts_text\">Debido a que a las personas les gustaba tanto el marfil, se aniquilaba muchos elefantes, miles cada a\u00f1o.<\/span> <span id=\"gts_text_13\" class=\"gts_text\">La poblaci\u00f3n de elefantes africanos disminuy\u00f3 de varios millones en 1900 a solamente 700.000 en 1989, cuando se prohibi\u00f3 la caza de elefantes por el marfil.<\/span> <span id=\"gts_text_14\" class=\"gts_text\">Si no hubiera sido as\u00ed, el elefante africano se habr\u00eda extinguido\u00a0en los a\u00f1os 90.<\/span>\u00a0As\u00ed como est\u00e1<span id=\"gts_text_15\" class=\"gts_text\">, hay ahora alrededor de 2 millones de elefantes africanos.<\/span><\/p>\n<p><span id=\"gts_text_16\" class=\"gts_text\">En la actualidad, es ilegal matar elefantes por su marfil y en muchos pa\u00edses es tambi\u00e9n ilegal comprar y vender marfil.<\/span> <span id=\"gts_text_17\" class=\"gts_text\">A pesar de esto, a\u00fan hay delincuentes que cazan elefantes ilegalmente.<\/span> Son los llamados<span id=\"gts_text_18\" class=\"gts_text\">\u00a0\u201ccazadores furtivos\u201d y causan mucho da\u00f1o.<\/span> <span id=\"gts_text_19\" class=\"gts_text\">Por ejemplo, en el pa\u00eds africano denominado Chad, el n\u00famero de elefantes ha descendido de 300.000 a solamente 10.000 en cuarenta a\u00f1os, todo debido a la caza ilegal.<\/span><br \/>\n<img decoding=\"async\" title=\"una imagen de un elefante africano de Bush\" src=\"http:\/\/ba.dr-mikes-maths.com\/\/wp-content\/themes\/twentyten\/images\/ba\/african-bush-elephant.jpg\" alt=\"una imagen de un elefante africano de Bush\" \/><\/p>\n<h3><span id=\"gts_text_20\" class=\"gts_text\">Elefantes africanos y asi\u00e1ticos<\/span><\/h3>\n<p><span id=\"gts_text_21\" class=\"gts_text\">Hace tiempo\u00a0los cient\u00edficos clasificaron a los elefantes en dos especies diferentes, el elefante africano y el elefante asi\u00e1tico (o indio).<\/span> <span id=\"gts_text_22\" class=\"gts_text\">Desde el estudio del ADN del elefante africano, se han dado cuenta de que \u00e9stos son, en realidad, dos especies diferentes que han denominado elefante africano de sabana y elefante africano de bosque.<\/span> <span id=\"gts_text_23\" class=\"gts_text\">El elefante de sabana es el m\u00e1s grande de los dos tipos de elefantes africanos y ambos tipos son m\u00e1s grandes que el elefante asi\u00e1tico.<\/span><\/p>\n<p><span id=\"gts_text_24\" class=\"gts_text\">Estas tres especies son las \u00fanicas criaturas viviente\u00a0en la orden <span style=\"font-style: italic\">Elephantidae<\/span>\u00a0y Elephantidae es la \u00fanica orden de mam\u00edferos en la familia <span style=\"font-style: italic\">Proboscidea <\/span> (la palabra <span style=\"font-style: italic\">Proboscidae<\/span> viene de la palabra griega \u201cnariz\u201d).<\/span> <span id=\"gts_text_25\" class=\"gts_text\">Por lo tanto, el elefante africano de sabana es:<\/span><\/p>\n<ul>\n<li><span id=\"gts_text_26\" class=\"gts_text\">El m\u00e1s grande del mundo de los tres <span style=\"font-style: italic\">Elephantidae.<\/span><\/span><\/li>\n<li><span id=\"gts_text_27\" class=\"gts_text\">El m\u00e1s grande del mundo de los tres <span style=\"font-style: italic\">Proboscidea.<\/span><\/span><\/li>\n<li><span id=\"gts_text_28\" class=\"gts_text\">El m\u00e1s grande del mundo de los 3900 <a href=\"\/Mammals.html\">mam\u00edferos<\/a> terrestres, <\/span><span id=\"gts_text_29\" class=\"gts_text\">adem\u00e1s de ser el animal terrestre m\u00e1s grande del mundo.<\/span> <span id=\"gts_text_30\" class=\"gts_text\">El mam\u00edfero y animal m\u00e1s grandes de todos es la <a title=\"La ballena azul: \u00a1el animal m\u00e1s grande del mundo!\" href=\"http:\/\/www.big-animals.com\/es\/ballena-azul-animal-mas-grande-del-mundo\/\">ballena azul<\/a> que vive en el mar.<\/span><\/li>\n<\/ul>\n<h3><span id=\"gts_text_31\" class=\"gts_text\">Los colmillos del elefante<\/span><\/h3>\n<p><span id=\"gts_text_32\" class=\"gts_text\">Los colmillos del elefante son incisivos muy grandes.<\/span> <span id=\"gts_text_33\" class=\"gts_text\">Otros animales con colmillos son: morsas, jabal\u00edes y narvales (entre otros).<\/span><\/p>\n<h3><span id=\"gts_text_34\" class=\"gts_text\">Elefante: hechos y mitos<\/span><\/h3>\n<p><span id=\"gts_text_35\" class=\"gts_text\">Hay un refr\u00e1n que dice que \u201cun elefante nunca olvida\u201d.<\/span> <span id=\"gts_text_36\" class=\"gts_text\">Aunque sea probablemente no m\u00e1s cierto para los elefantes que para la gente, lo que <span style=\"font-style: italic\">s\u00ed<\/span> es verdad es que los elefantes son animales muy inteligentes.<\/span> <span id=\"gts_text_37\" class=\"gts_text\">En algunos casos, la supervivencia de una manada depende del miembro m\u00e1s viejo que pueda recordar d\u00f3nde encontr\u00f3 agua en una sequ\u00eda muchas d\u00e9cadas atr\u00e1s.<\/span> Tambi\u00e9n se observ\u00f3 que l<span id=\"gts_text_38\" class=\"gts_text\">os elefantes utilizan\u00a0\u201cherramientas\u201d. Por ejemplo, una rama para rascarse la parte de atr\u00e1s o una madera destrozada\u00a0para tapar un abrevadero en tiempo de sequ\u00eda, para que no se seque.<\/span><\/p>\n<p><span id=\"gts_text_39\" class=\"gts_text\">Si una manada de elefantes se encuentra con un elefante muerto, todos se re\u00fanen a su alrededor y puede que\u00a0hasta lo toquen con su trompa, quiz\u00e1s en se\u00f1al de duelo.<\/span> <span id=\"gts_text_40\" class=\"gts_text\">Sin embargo, los famosos \u201ccementerios de elefante\u201d donde los elefantes van a morir son s\u00f3lo un mito.<\/span>\u00a0N<span id=\"gts_text_41\" class=\"gts_text\">o buscan un \u201clugar especial para morir\u201d cuando les llega la hora.<\/span><\/p>\n<p><span id=\"gts_text_42\" class=\"gts_text\">Un elefante puede vivir hasta 60-70 a\u00f1os en su medio natural.<\/span> <span id=\"gts_text_43\" class=\"gts_text\">Algunos elefantes en cautividad\u00a0han vivido hasta 80 a\u00f1os.<\/span><\/p>\n<h3><span id=\"gts_text_44\" class=\"gts_text\">H\u00e1bitat y dieta del elefante<\/span><\/h3>\n<p><span id=\"gts_text_45\" class=\"gts_text\">El elefante africano de sabana vive casi por todas partes de \u00c1frica al sur del desierto del S\u00e1hara, excepto en las junglas.<\/span> <span id=\"gts_text_46\" class=\"gts_text\">Prefieren los pastizales\u00a0y sabanas abiertos, \u00a1e incluso se les ha visto\u00a0derribar \u00e1rboles a prop\u00f3sito!<\/span> <span id=\"gts_text_47\" class=\"gts_text\">Las hembras viajan en peque\u00f1os grupos familiares, los machos viajan solos, excepto cuando son j\u00f3venes.<\/span> <span id=\"gts_text_48\" class=\"gts_text\">Viajan muy lejos en busca de comida o de agua.<\/span> <span id=\"gts_text_49\" class=\"gts_text\">Los elefantes son herb\u00edvoro, y comen una amplia variedad de diferentes tipos de plantas.\u00a0<\/span> <span id=\"gts_text_50\" class=\"gts_text\">Muchas plantas se benefician de esto, ya que los elefantes transportan las semillas de las plantas en el est\u00f3mago largas distancias, \u00a1y entonces \u201cplantan\u201d las semillas en una gran pila\u00a0de caca\u00a0fertilizante!<\/span><\/p>\n<h3><span id=\"gts_text_51\" class=\"gts_text\">Los elefantes y los seres humanos<\/span><\/h3>\n<p><span id=\"gts_text_52\" class=\"gts_text\">Adem\u00e1s de cazarlos por la carne y el marfil, la gente ha hecho uso de la gran fuerza del elefante durante mucho\u00a0tiempo, para tirar de pesos pesados, mover equipo pesado y dem\u00e1s.<\/span> <span id=\"gts_text_53\" class=\"gts_text\">Los elefantes se han utilizado en guerras; uno de los ejemplos m\u00e1s famosos fue cuando <a href=\"http:\/\/es.wikipedia.org\/wiki\/An%C3%ADbal#Viaje_a_Italia\">An\u00edbal<\/a> utiliz\u00f3 elefantes de guerra a trav\u00e9s de los Alpes para atacar al Imperio romano.<\/span> <span id=\"gts_text_54\" class=\"gts_text\">Los elefantes asi\u00e1ticos eran una parte importante del ej\u00e9rcito indio hasta la invenci\u00f3n del ca\u00f1\u00f3n en el siglo XVII.<\/span> <span id=\"gts_text_55\" class=\"gts_text\">Tambi\u00e9n tienen un lugar especial en la religi\u00f3n hind\u00fa.<\/span> <span id=\"gts_text_56\" class=\"gts_text\">Ahora, los elefantes son una parte \u201cque hay que ver\u201d en cualquier visita al parque zool\u00f3gico o al safari.<\/span><\/p>\n","protected":false},"excerpt":{"rendered":"<p>\u00bfC\u00f3mo es de grande el elefante africano de sabana? El elefante africano de sabana es el animal terrestre m\u00e1s grande del mundo. Un macho adulto mide unos\u00a03-3,35 m (10-11 pies) de alto, 6-7 m (20-24 pies) de ancho y pesa alrededor de 6.800 kg (15000 libras). Las hembras son un poco\u00a0m\u00e1s peque\u00f1as. Pueden comer 226 &hellip; <a href=\"https:\/\/www.big-animals.com\/es\/africano-elefante-mundo-grande-terrestre-animal\/\" class=\"more-link\">Continue reading <span class=\"screen-reader-text\">Elefante africano de sabana: \u00a1el animal terrestre m\u00e1s grande del mundo!<\/span><\/a><\/p>\n","protected":false},"author":1,"featured_media":0,"parent":0,"menu_order":0,"comment_status":"closed","ping_status":"open","template":"","meta":{"_acf_changed":false,"footnotes":""},"acf":[],"_links":{"self":[{"href":"https:\/\/www.big-animals.com\/es\/wp-json\/wp\/v2\/pages\/293"}],"collection":[{"href":"https:\/\/www.big-animals.com\/es\/wp-json\/wp\/v2\/pages"}],"about":[{"href":"https:\/\/www.big-animals.com\/es\/wp-json\/wp\/v2\/types\/page"}],"author":[{"embeddable":true,"href":"https:\/\/www.big-animals.com\/es\/wp-json\/wp\/v2\/users\/1"}],"replies":[{"embeddable":true,"href":"https:\/\/www.big-animals.com\/es\/wp-json\/wp\/v2\/comments?post=293"}],"version-history":[{"count":15,"href":"https:\/\/www.big-animals.com\/es\/wp-json\/wp\/v2\/pages\/293\/revisions"}],"predecessor-version":[{"id":1049,"href":"https:\/\/www.big-animals.com\/es\/wp-json\/wp\/v2\/pages\/293\/revisions\/1049"}],"wp:attachment":[{"href":"https:\/\/www.big-animals.com\/es\/wp-json\/wp\/v2\/media?parent=293"}],"curies":[{"name":"wp","href":"https:\/\/api.w.org\/{rel}","templated":true}]}}