{"id":294,"date":"2011-05-09T09:29:56","date_gmt":"2011-05-09T09:29:56","guid":{"rendered":""},"modified":"2013-10-27T06:21:33","modified_gmt":"2013-10-26T22:21:33","slug":"roedores","status":"publish","type":"page","link":"https:\/\/www.big-animals.com\/es\/roedores\/","title":{"rendered":"Roedores"},"content":{"rendered":"<p><span class=\"gts_text\" id=\"gts_text_1\">Los roedores son <a title=\"\u00a1Los mam\u00edferos m\u00e1s grandes del mundo!\" href=\"http:\/\/www.big-animals.com\/the-worlds-biggest-mammals\/\">mam\u00edferos<\/a> que tienen dos dientes delanteros en el maxilar superior e inferior que crecen continuamente.<\/span> Deben<span class=\"gts_text\" id=\"gts_text_2\"> mantenerlos cortos a trav\u00e9s de morder permanentemente.<\/span> <span class=\"gts_text\" id=\"gts_text_3\">Estos dientes son muy filosos y resultan muy \u00fatiles para morder.<\/span> Los u<span class=\"gts_text\" id=\"gts_text_4\">tilizan para morder madera, desmenuzar la comida y defenderse de los depredadores.<\/span> Los <span class=\"gts_text\" id=\"gts_text_5\">dientes est\u00e1n recubiertos de esmalte en el exterior y esmalte dental expuesto en el interior.<\/span> <span class=\"gts_text\" id=\"gts_text_6\">Son dientes especiales que se mantienen afilados a trav\u00e9s del uso.<\/span> <span class=\"gts_text\" id=\"gts_text_7\">Los roedores no tienen colmillos como los perros y los gatos.<\/span><\/p>\n<p><span class=\"gts_text\" id=\"gts_text_8\">Una cuarta parte de los mam\u00edferos son roedores.<\/span> <span class=\"gts_text\" id=\"gts_text_9\">Hay cerca de 2277 especies de roedores.<\/span> <span class=\"gts_text\" id=\"gts_text_10\">Se encuentran en grandes cantidades en todos los continentes a excepci\u00f3n de la Ant\u00e1rtida.<\/span> Se<span class=\"gts_text\" id=\"gts_text_11\"> pueden encontrar en todos los h\u00e1bitat excepto en los oc\u00e9anos.<\/span> <span class=\"gts_text\" id=\"gts_text_12\">Los roedores m\u00e1s comunes son ratones y ratas.<\/span> <span class=\"gts_text\" id=\"gts_text_13\">Algunos otros roedores son ardillas, puerco espines, castores, ardillas listadas, conejillos de Indias y campa\u00f1oles.<\/span><\/p>\n<figure id=\"attachment_712\" aria-describedby=\"caption-attachment-712\" style=\"width: 300px\" class=\"wp-caption alignleft\"><a href=\"http:\/\/www.big-animals.com\/wp-content\/uploads\/2011\/03\/Rat_in_the_snow.jpg\"><img loading=\"lazy\" decoding=\"async\" class=\"size-medium wp-image-712\" title=\"La rata es un roedor t\u00edpico - fotograf\u00ede colocando de Juan\" alt=\"La rata es un roedor t\u00edpico - fotograf\u00ede colocando de Juan\" src=\"http:\/\/www.big-animals.com\/wp-content\/uploads\/2011\/03\/Rat_in_the_snow-300x268.jpg\" width=\"300\" height=\"268\" \/><\/a><figcaption id=\"caption-attachment-712\" class=\"wp-caption-text\">La rata es un roedor t\u00edpico &#8211; foto de John Fielding<\/figcaption><\/figure>\n<p><span class=\"gts_text\" id=\"gts_text_14\">La mayor\u00eda de los roedores comen semillas y plantas.<\/span> Algunos tambi\u00e9n<span class=\"gts_text\" id=\"gts_text_15\"> comen insectos o pescado.<\/span> <span class=\"gts_text\" id=\"gts_text_16\">Ciertas ardillas incluso comen p\u00e1jaros como cardenales y arrendajos azules.<\/span> <span class=\"gts_text\" id=\"gts_text_17\">Algunos roedores son plagas porque comen las semillas que almacenamos para nuestra propia alimentaci\u00f3n y lo peor de todo es que transmiten enfermedades.<\/span> <span class=\"gts_text\" id=\"gts_text_18\">El roedor es el \u00fanico mam\u00edfero placentario no volador y no marino que lleg\u00f3 a Australia sin haber sido introducido por el hombre. C<\/span><span class=\"gts_text\" id=\"gts_text_19\">erca del 25% de los mam\u00edferos en Australia son roedores.<\/span><\/p>\n<p><span class=\"gts_text\" id=\"gts_text_20\">La mayor\u00eda de los roedores son peque\u00f1os.<\/span> <span class=\"gts_text\" id=\"gts_text_21\">\u00a1El rat\u00f3n enano africano mide solamente 6 cent\u00edmetros (2,4 pulgadas) de largo y pesa 7 gramos (0,3 onzas) cuando llega a la adultez!<\/span> <span class=\"gts_text\" id=\"gts_text_22\">Por el contrario, el <a title=\"Carpincho\" href=\"http:\/\/www.big-animals.com\/es\/carpincho\/\">Carpincho<\/a> es enorme.<\/span> <span class=\"gts_text\" id=\"gts_text_23\">Pesa 80 kilogramos (175 libras).<\/span> <span class=\"gts_text\" id=\"gts_text_24\">\u00a1El roedor m\u00e1s grande que ha existido jam\u00e1s es el <a title=\"Josephoartigasia Monesi\" href=\"http:\/\/www.big-animals.com\/es\/josephoartigasia-monesi\/\"><em>Josephoartigasia Monesi<\/em><\/a>, pesaba entre 1 y 2,5 toneladas!<\/span><\/p>\n<p><span class=\"gts_text\" id=\"gts_text_25\">Los roedores son importantes en muchos ecosistemas porque son peque\u00f1os y se reproducen r\u00e1pidamente.<\/span> <span class=\"gts_text\" id=\"gts_text_26\">Por lo tanto, son una fuente importante de alimentaci\u00f3n para muchos depredadores.<\/span> <span class=\"gts_text\" id=\"gts_text_27\">Tambi\u00e9n ayudan a esparcir las semillas que comen.<\/span> <span class=\"gts_text\" id=\"gts_text_28\">La gente caza a los roedores por la piel y para eliminarlos como plagas.<\/span> <span class=\"gts_text\" id=\"gts_text_29\">\u00a1Tambi\u00e9n se utilizan como animales dom\u00e9sticos, para la investigaci\u00f3n cient\u00edfica, la experimentaci\u00f3n con animales, como alimento e incluso, para la localizaci\u00f3n de minas terrestres!<\/span><\/p>\n","protected":false},"excerpt":{"rendered":"<p>Los roedores son mam\u00edferos que tienen dos dientes delanteros en el maxilar superior e inferior que crecen continuamente. Deben mantenerlos cortos a trav\u00e9s de morder permanentemente. Estos dientes son muy filosos y resultan muy \u00fatiles para morder. Los utilizan para morder madera, desmenuzar la comida y defenderse de los depredadores. Los dientes est\u00e1n recubiertos de &hellip; <a href=\"https:\/\/www.big-animals.com\/es\/roedores\/\" class=\"more-link\">Continue reading <span class=\"screen-reader-text\">Roedores<\/span><\/a><\/p>\n","protected":false},"author":1,"featured_media":0,"parent":0,"menu_order":0,"comment_status":"closed","ping_status":"open","template":"","meta":{"_acf_changed":false,"footnotes":""},"acf":[],"_links":{"self":[{"href":"https:\/\/www.big-animals.com\/es\/wp-json\/wp\/v2\/pages\/294"}],"collection":[{"href":"https:\/\/www.big-animals.com\/es\/wp-json\/wp\/v2\/pages"}],"about":[{"href":"https:\/\/www.big-animals.com\/es\/wp-json\/wp\/v2\/types\/page"}],"author":[{"embeddable":true,"href":"https:\/\/www.big-animals.com\/es\/wp-json\/wp\/v2\/users\/1"}],"replies":[{"embeddable":true,"href":"https:\/\/www.big-animals.com\/es\/wp-json\/wp\/v2\/comments?post=294"}],"version-history":[{"count":3,"href":"https:\/\/www.big-animals.com\/es\/wp-json\/wp\/v2\/pages\/294\/revisions"}],"predecessor-version":[{"id":660,"href":"https:\/\/www.big-animals.com\/es\/wp-json\/wp\/v2\/pages\/294\/revisions\/660"}],"wp:attachment":[{"href":"https:\/\/www.big-animals.com\/es\/wp-json\/wp\/v2\/media?parent=294"}],"curies":[{"name":"wp","href":"https:\/\/api.w.org\/{rel}","templated":true}]}}