{"id":297,"date":"2011-05-09T09:30:42","date_gmt":"2011-05-09T09:30:42","guid":{"rendered":""},"modified":"2014-03-04T10:22:21","modified_gmt":"2014-03-04T02:22:21","slug":"mundo-grande-animales","status":"publish","type":"page","link":"https:\/\/www.big-animals.com\/es\/mundo-grande-animales\/","title":{"rendered":"\u00a1Los animales m\u00e1s grandes del mundo!"},"content":{"rendered":"<p><span class=\"gts_text\" id=\"gts_text_1\"><strong>\u00bfQu\u00e9 es un animal?<\/strong><\/span><\/p>\n<p><span class=\"gts_text\" id=\"gts_text_2\">Los animales son seres vivos.<\/span> <span class=\"gts_text\" id=\"gts_text_3\">Los aspectos que distinguen a los animales de otros seres vivos (como plantas, hongos, etc.) son los siguentes:<\/span><\/p>\n<ul>\n<li><span class=\"gts_text\" id=\"gts_text_4\">A diferencia de las bacterias, habitualmente el cuerpo de un animal est\u00e1 formado por muchas c\u00e9lulas.<\/span><\/li>\n<li><span class=\"gts_text\" id=\"gts_text_5\">A diferencia de las plantas, un animal no puede generar su propia comida: debe comer para sobrevivir, lo se relaciona con el<\/span><span class=\"gts_text\" id=\"gts_text_6\">\u00a0hecho de que la mayor\u00eda de los animales respiran ox\u00edgeno<\/span>\u00a0<span class=\"gts_text\" id=\"gts_text_7\">(las plantas respiran di\u00f3xido de carbono).<\/span><\/li>\n<li><span class=\"gts_text\" id=\"gts_text_8\">A diferencia de las plantas y de los hongos, las c\u00e9lulas de los animales tienen una membrana flexible y no una pared celular s\u00f3lida.<\/span><\/li>\n<\/ul>\n<p><span class=\"gts_text\" id=\"gts_text_9\">Adem\u00e1s, por lo general los animales pueden moverse y responder al medio ambiente.<\/span> <span class=\"gts_text\" id=\"gts_text_10\">El animal m\u00e1s grande del mundo es la <a title=\"La ballena azul: \u00a1el animal m\u00e1s grande del mundo!\" href=\"http:\/\/www.big-animals.com\/es\/ballena-azul-animal-mas-grande-del-mundo\/\">ballena azul<\/a>.<\/span><\/p>\n<p><span class=\"gts_text\" id=\"gts_text_11\"><strong>\u00bfQu\u00e9 clases de animales existen?<\/strong><\/span><\/p>\n<p><span class=\"gts_text\" id=\"gts_text_12\">El reino animal se divide en diferentes grupos, llamados <strong>filos<\/strong>, que se describen a continuaci\u00f3n<\/span><span class=\"gts_text\" id=\"gts_text_13\">:<\/span><\/p>\n<ul>\n<li><span class=\"gts_text\" id=\"gts_text_14\">Acantoc\u00e9falos (&#8216;cabeza espinosa&#8217;): contiene 850 especies de \u201cgusanos de cabeza espinosa\u201d.<\/span> <span class=\"gts_text\" id=\"gts_text_15\">Estos par\u00e1sitos tienen una trompa espinosa, denominada prob\u00f3scide,\u00a0con la cual se adhieren a la mucosa interna de su v\u00edctima.<\/span><\/li>\n<li><span class=\"gts_text\" id=\"gts_text_16\">Acelomorfos (&#8216;sin intestino&#8217;): no tienen intestino. En su lugar, <\/span><span class=\"gts_text\" id=\"gts_text_17\">estas criaturas min\u00fasculas forman una superficie similar a la gelatina por la cual absorben el alimento que ingieren.<\/span><\/li>\n<li><span class=\"gts_text\" id=\"gts_text_18\">An\u00e9lidos (&#8216;anillo peque\u00f1o&#8217;): contiene 15.000 especies de gusanos \u201csegmentados\u201d, incluida la lombriz de tierra.<\/span> <span class=\"gts_text\" id=\"gts_text_19\">Si uno observa a estos \u00a0gusanos, pareciera que su cuerpo est\u00e1 formado por un mont\u00f3n de anillos circulares.<\/span><\/li>\n<li><span class=\"gts_text\" id=\"gts_text_20\"><a title=\"Los artr\u00f3podos m\u00e1s grandes del mundo\" href=\"http:\/\/www.big-animals.com\/es\/the-worlds-biggest-arthropods\/\">Artr\u00f3podos<\/a>\u00a0(&#8216;pie articulado&#8217;): se trata del filo <\/span><span class=\"gts_text\" id=\"gts_text_21\">m\u00e1s grande hasta ahora, con m\u00e1s de un mill\u00f3n de especies, que i<\/span><span class=\"gts_text\" id=\"gts_text_22\">ncluye insectos, ara\u00f1as, cangrejos y muchos otros animales con un exoesqueleto duro.<\/span><\/li>\n<li><span class=\"gts_text\" id=\"gts_text_23\">Braqui\u00f3podos (&#8216;pie corto&#8217;): es un peque\u00f1o filo de animales marinos.<\/span> <span class=\"gts_text\" id=\"gts_text_24\">Viven dentro una c\u00e1scara, como las almejas y otros bivalvos, pero internamente son muy diferentes a los bivalvos.<\/span> <span class=\"gts_text\" id=\"gts_text_25\">Suelen tener un mont\u00f3n de tent\u00e1culos alrededor de sus bocas, con las que se sujetan a las rocas.<\/span><\/li>\n<li><span class=\"gts_text\" id=\"gts_text_26\">Briozoos (&#8216;animales musgo&#8217;): habitualmente e<\/span><span class=\"gts_text\" id=\"gts_text_27\">stas criaturas son muy peque\u00f1as y viven en colonias, formando tapetes o masas rocosas.<\/span> <span class=\"gts_text\" id=\"gts_text_28\">Existen cerca de 5.000 especies de briozoos.<\/span><\/li>\n<li>Quetognatos (&#8216;mand\u00edbulas de pelo largo): contienen unas 100 especies de gusanos torpedos. Aunque existen pocas tipos de este peque\u00f1o plankton, la poblaci\u00f3n de algunas de estas especies es inmensa.<\/li>\n<li><a title=\"\u00a1Los cordados m\u00e1s grandes del mundo!\" href=\"http:\/\/www.big-animals.com\/es\/mundo-los-mas-grande-cordados\/\">Cordados<\/a>\u00a0(&#8216;cord\u00f3n&#8217;): los animales de este filo tienen una espina dorsal hueca (o similar) que contiene un nervio principal.\u00a0S\u00ed, \u00a1como nosotros!\u00a0Y todos los animales con los que estamos familiarizados: gatos, perros, p\u00e1jaros, peces, ranas, tortugas, etc.; incluido el animal\u00a0<a title=\"La ballena azul: \u00a1el animal m\u00e1s grande del mundo!\" href=\"http:\/\/www.big-animals.com\/es\/ballena-azul-animal-mas-grande-del-mundo\/\">m\u00e1s grande del mundo<\/a>.\u00a0Existen unas 63.000 especies de cordados.<\/li>\n<li>Cnidarios (&#8216;agujas punzantes&#8217;):\u00a0es un nombre muy apropiado para este filo que incluye 10.000 especies de medusas, an\u00e9monas de mar, avispas de mar y otras criaturas marinas blandas con tent\u00e1culos urticantes.<\/li>\n<li><span class=\"gts_text\" id=\"gts_text_28\"><\/span>Cicli\u00f3foros (&#8216;rueda que lleva&#8217;): este filo solo tiene 3 especies conocidas de animales muy infrecuentes y comparten una relaci\u00f3n simbi\u00f3tica con determinadas especies de langosta.<\/li>\n<li>Cten\u00f3foros (&#8216;portadores de peines&#8217;): solo contiene alrededor de 100 especies de animales.\u00a0De hecho, aunque a menudo se confunden con\u00a0las medusas, estas \u201cmedusas de peine\u201d son en su conjunto otro filo diferente.<\/li>\n<li>Entoproctos (&#8216;ano interno&#8217;): sus bocas son similares a las de los braqui\u00f3podos y los briozoos.\u00a0Sin embargo, tambi\u00e9n expulsan el contenido intestinal cerca de la boca, \u00a1puaj!<\/li>\n<li><a title=\"\u00a1Los equinodermos m\u00e1s grandes del mundo!\" href=\"http:\/\/www.big-animals.com\/es\/mundo-grande-equinodermos\/\">Equinodermos<\/a>\u00a0(&#8216;piel espinosa&#8217;):\u00a0incluyen cerca de 7.000 especies vivas de estrellas de mar, erizos de mar, pepinos de mar y criaturas similares.\u00a0Todos tienen, de manera m\u00e1s o menos obvia, el mismo tipo de simetr\u00eda que las estrellas de mar.<\/li>\n<li>Equiuroideos (&#8216;cola de espina&#8217;):\u00a0estos gusanos, de los que existen 140 tipos diferentes, no se dividen en segmentos como los an\u00e9lidos, sino que tienen espinas en sus colas.\u00a0La mayor\u00eda viven en el agua.<\/li>\n<li>Foron\u00eddeos: se trata de un peque\u00f1o filo de criaturas del mar que se fabrican una c\u00e1scara con forma de tubo para ellos mismos y con un mont\u00f3n de tent\u00e1culos alrededor de\u00a0la boca.\u00a0Debido a la forma de su intestino, hay quienes los llaman\u00a0\u201cgusanos de herradura\u201d.<\/li>\n<li>Gastrotricos (&#8216;est\u00f3mago peludo&#8217;):\u00a0estas criaturas microsc\u00f3picas \u2014existen cerca de 450 especies diferentes\u2014 viven muy poco tiempo (unos tres d\u00edas).<\/li>\n<li>Gnatostom\u00falidos (&#8216;de boca peque\u00f1a&#8217;): es otro peque\u00f1o f\u00edlo de animales microsc\u00f3picos; tambi\u00e9n se les conoce como\u00a0\u201cgusanos mand\u00edbula\u201d.<\/li>\n<li>Hemicordados (&#8216;medio cord\u00f3n&#8217;):\u00a0son los 70 tipos aproximadamente de \u201cgusano bellota\u201d y otras determinadas criaturas similares.\u00a0La caracter\u00edstica por la que se diferencian es que la parte de su cavidad bucal se engancha fuera del cuerpo como un gran collar.<\/li>\n<li><span class=\"gts_text\" id=\"gts_text_62\">Loric\u00edferos (&#8216;que llevan cota&#8217;): solo existen unas <\/span><span class=\"gts_text\" id=\"gts_text_63\">20 especies de estos diminutos animales.<\/span> <span class=\"gts_text\" id=\"gts_text_64\">Viven en el barro del mar y se mueven utilizando capas que parecen paraguas.<\/span><\/li>\n<li><span class=\"gts_text\" id=\"gts_text_65\">Micrognatozoos (&#8216;peque\u00f1os animales con mand\u00edbula&#8217;): en el a\u00f1o <\/span><span class=\"gts_text\" id=\"gts_text_66\">2000, se descubri\u00f3 la \u00fanica especie conocida de micrognatozoos.<\/span> <span class=\"gts_text\" id=\"gts_text_67\">Era tan diferente de otros animales que se le adjudic\u00f3 su propio filo. Con una<\/span><span class=\"gts_text\" id=\"gts_text_68\">\u00a0mand\u00edbula de 32 piezas m\u00f3viles, es uno de los animales m\u00e1s complejos del reino animal.<\/span><\/li>\n<li><span class=\"gts_text\" id=\"gts_text_69\"><a title=\"\u00a1Los moluscos m\u00e1s grandes del mundo!\" href=\"http:\/\/www.big-animals.com\/es\/mundo-grande-moluscos\/\">Moluscos<\/a> (&#8216;c\u00e1scara fina&#8217;): engloba\u00a0<\/span><span class=\"gts_text\" id=\"gts_text_71\">112.000 especies, incluidos los caracoles, los percebes, los bivalvos (almejas y otros), e incluso los calamares y los pulpos, y es el segundo o tercer f\u00edlo m\u00e1s diverso.<\/span><\/li>\n<li><span class=\"gts_text\" id=\"gts_text_72\">Mixozoos (&#8216;animal de baba&#8217;): hace un tiempo no se consideraban animales\u00a0<\/span><span class=\"gts_text\" id=\"gts_text_73\">en absoluto.<\/span> <span class=\"gts_text\" id=\"gts_text_74\">Son par\u00e1sitos microsc\u00f3picos que afectan a peces y gusanos.<\/span><\/li>\n<li><span class=\"gts_text\" id=\"gts_text_75\">Nematodos (&#8216;con aspecto de hilo&#8217;): existen<\/span><span class=\"gts_text\" id=\"gts_text_76\">\u00a0muchas especies de nematodos y parecen gusanos microsc\u00f3picos.<\/span> <span class=\"gts_text\" id=\"gts_text_77\">Muchos son par\u00e1sitos y algunos est\u00e1n lejos de ser microsc\u00f3picos, \u00a1pero pueden crecer hasta algunos metros de longitud!<\/span>\u00a0Comunmente se los denomina\u00a0<span class=\"gts_text\" id=\"gts_text_78\">\u201cgusanos redondos\u201d.<\/span><\/li>\n<li><span class=\"gts_text\" id=\"gts_text_79\">Nematomorfos (&#8216;forma de hilo&#8217;): esto<\/span><span class=\"gts_text\" id=\"gts_text_80\">s gusanos finos y largos son par\u00e1sitos que atacan a ciertos insectos y cangrejos.<\/span> <span class=\"gts_text\" id=\"gts_text_81\">Existen cerca de 320 especies.<\/span><\/li>\n<li><span class=\"gts_text\" id=\"gts_text_82\">Nemertinos (&#8216;ninfa de mar&#8217;): f\u00edlo de las 1.200 especies de gusano de cinta.<\/span>\u00a0Pueden invertir\u00a0<span class=\"gts_text\" id=\"gts_text_83\">sus bocas y comen trag\u00e1ndose a su presa entera.<\/span> <span class=\"gts_text\" id=\"gts_text_84\">Son capaces de expandir sus cuerpos para tragar una presa varias veces m\u00e1s grandes que \u00a0ellos mismos.<\/span>\u00a0\u00a1Se sospecha de que una de las especies puede crecer en longitud superando incluso a la\u00a0<span class=\"gts_text\" id=\"gts_text_85\">ballena azul!<\/span><\/li>\n<li><span class=\"gts_text\" id=\"gts_text_86\">Onic\u00f3foros (&#8216;portador de la garra&#8217;): se trata de un peque\u00f1o f\u00edlo de criaturas similares a las orugas denominadas gusanos aterciopelados.<\/span> <span class=\"gts_text\" id=\"gts_text_87\">Algunos cient\u00edficos afirman que estos gusanos no pertenecen en su propio f\u00edlo, sino que en realidad son artr\u00f3podos.<\/span><\/li>\n<li><span class=\"gts_text\" id=\"gts_text_88\">Orton\u00e9ctidos (&#8216;que nada recto&#8217;): e<\/span><span class=\"gts_text\" id=\"gts_text_89\">stas criaturas simples\u00a0\u2014solo existen unas 20 especies conocidas\u2014 act\u00faan como par\u00e1sitos en algunos gusanos, moluscos y equinodermos.<\/span><\/li>\n<li><a title=\"\u00a1El Placozoans m\u00e1s grande del mundo!\" href=\"http:\/\/www.big-animals.com\/es\/mundo-el-mas-grande-placozoans\/\">Placozoos<\/a>\u00a0(&#8216;animales tubulares&#8217;): solo existe una especie conocida y, b\u00e1sicamente, se parece a una mancha.<\/li>\n<li><span class=\"gts_text\" id=\"gts_text_95\">Platelmintos (&#8216;gusanos planos&#8217;): \u00a0y es el f\u00edlo de, bueno, de los gusanos planos.<\/span> <span class=\"gts_text\" id=\"gts_text_96\">La mayor parte de las 25.000 especies son microsc\u00f3picas, de vida independiente e inofensivas.<\/span> <span class=\"gts_text\" id=\"gts_text_97\">Sin embargo, existen algunas especies que son par\u00e1sitos, inluida la infame duela del h\u00edgado (Fasciola hep\u00e1tica), que afecta a cerca de 30 millones de personas en todo el mundo.<\/span><\/li>\n<li><span class=\"gts_text\" id=\"gts_text_98\">Por\u00edferos o esponjas (&#8216;portador de poros&#8217;): son las<\/span><span class=\"gts_text\" id=\"gts_text_99\">\u00a0esponjas de mar. Actualmente, viven cerca de 5.000 especies.<\/span> <span class=\"gts_text\" id=\"gts_text_100\">Las esponjas son \u00fanicas entre los animales que no tienen \u00f3rganos como tales, ya que sus cuerpos son solo un mont\u00f3n de c\u00e9lulas que trabajan juntas.<\/span><\/li>\n<li><span class=\"gts_text\" id=\"gts_text_101\">Priap\u00falidos: filo peque\u00f1o (de unas 17 especies) de gusanos que viven enterrados en fondos arenosos o fangosos.<\/span>\u00a0Se descubrieron hace un siglo,\u00a0<span class=\"gts_text\" id=\"gts_text_102\">pero todav\u00eda no se conocen en profundidad.<\/span><\/li>\n<li><span class=\"gts_text\" id=\"gts_text_102\"><\/span>Quetognatos (&#8216;mand\u00edbula de pelo largo&#8217;): contiene los 100 especies aproximadamente de gusanos de flecha.\u00a0Aunque existen pocos tipos de este plancton min\u00fasculo, \u00a1la poblaci\u00f3n de una algunas especie es enorme!<\/li>\n<li>Quinorrincos (&#8216;trompa de movimiento&#8217;):\u00a0son los caprichosamente denominados \u201cdragones de barro\u201d.\u00a0Son criaturas muy peque\u00f1as, con cuerpos espinosos y segmentados, y un mont\u00f3n de espinas alrededor de la cabeza que utilizan para impulsarse y atravesar el barro.\u00a0Existen\u00a0cerca de 150 especies conocidas.<\/li>\n<li><span class=\"gts_text\" id=\"gts_text_103\">Rombozoos (&#8216;animal con forma de rombo&#8217;): se trata de un filo de par\u00e1sitos diminutos que afectan a pulpos y a calamares.<\/span>\u00a0\u00a1<span class=\"gts_text\" id=\"gts_text_104\">Cada adulto \u2014de una especie determinada\u2014 tiene exactamente el mismo n\u00famero de c\u00e9lulas!<\/span><\/li>\n<li><span class=\"gts_text\" id=\"gts_text_105\">Rot\u00edferos (&#8216;que llevan la rueda&#8217;): e<\/span><span class=\"gts_text\" id=\"gts_text_106\">stos animales microsc\u00f3picos tienen mechones de pelo alrededor de la boca y los utilizan para enguajar los alimentos.<\/span>\u00a0Cuando mueven el pelo, el movimiento es similar al de una rueda. Existen unas 2.000 especies<span class=\"gts_text\" id=\"gts_text_108\">.<\/span><\/li>\n<li><span class=\"gts_text\" id=\"gts_text_109\">Sip\u00fanculos (&#8216;peque\u00f1o tubo&#8217;): a estos se les llama\u00a0<\/span><span class=\"gts_text\" id=\"gts_text_110\">\u201cgusanos cacahuete\u201d debido a la forma que adoptan cuando est\u00e1n asustados.<\/span> <span class=\"gts_text\" id=\"gts_text_111\">La boca tiene una masa de tent\u00e1culos que se pueden invertir en el cuerpo.<\/span>\u00a0Suelen medir menos de 10 cm de largo<span class=\"gts_text\" id=\"gts_text_112\">.<\/span><\/li>\n<li><span class=\"gts_text\" id=\"gts_text_113\">Tard\u00edgrados (&#8216;paso lento&#8217;): es el filo de los \u201cosos de agua\u201d.<\/span> <span class=\"gts_text\" id=\"gts_text_114\">Son animales muy peque\u00f1os que se parecen un poco a un topo de seis piernas. Viven<\/span><span class=\"gts_text\" id=\"gts_text_115\">\u00a0en condiciones extremas, desde lo m\u00e1s alto del Himalaya hasta las aguas m\u00e1s profundas del oceano.<\/span>\u00a0Existen unas\u00a0<span class=\"gts_text\" id=\"gts_text_116\">750 especies.<\/span><\/li>\n<li><span class=\"gts_text\" id=\"gts_text_117\">Xenoturb\u00e9lidos (&#8216;gusano plano extra\u00f1o&#8217;): solo se conocen dos especies<\/span><span class=\"gts_text\" id=\"gts_text_118\">.<\/span>\u00a0No se han definido con detalle los \u00f3rganos de estos animales,<span class=\"gts_text\" id=\"gts_text_119\">\u00a0excepto un sistema nervioso;<\/span>\u00a0se alimentan de<span class=\"gts_text\" id=\"gts_text_120\">\u00a0moluscos.<\/span><\/li>\n<\/ul>\n<p><span class=\"gts_text\" id=\"gts_text_121\"><strong>\u00bfCu\u00e1l es el animal m\u00e1s grande del mundo?<\/strong><\/span><\/p>\n<p><span class=\"gts_text\" id=\"gts_text_122\">El animal m\u00e1s grande del mundo (aunque quiz\u00e1 no el m\u00e1s largo del mundo) es la <a title=\"La ballena azul: \u00a1el animal m\u00e1s grande del mundo!\" href=\"http:\/\/www.big-animals.com\/es\/ballena-azul-animal-mas-grande-del-mundo\/\">ballena azul<\/a>.<\/span> <span class=\"gts_text\" id=\"gts_text_123\">Puede crecer hasta alcanzar 30 metros de longitud o m\u00e1s y pesar alrededor 140 toneladas, \u00a1que equivalen a 140.000 quilos!<\/span> <span class=\"gts_text\" id=\"gts_text_124\">Es incluso m\u00e1s grande de lo que jam\u00e1s lo fueron los dinosaurios.<\/span> <span class=\"gts_text\" id=\"gts_text_125\">Por desgracia, casi siguen el camino de los dinosaurios en el siglo XX debido a la caza de ballenas.<\/span> <span class=\"gts_text\" id=\"gts_text_126\">La caza de ballenas azules se prohibi\u00f3 en los a\u00f1os 60 y se dej\u00f3 de practicar en los 70.<\/span> <span class=\"gts_text\" id=\"gts_text_127\">Incluso ahora, la poblaci\u00f3n de ballenas azules sigue siendo menos del 1 % de lo que era antes de que comenzara la caza de ballenas.<\/span><\/p>\n","protected":false},"excerpt":{"rendered":"<p>\u00bfQu\u00e9 es un animal? Los animales son seres vivos. Los aspectos que distinguen a los animales de otros seres vivos (como plantas, hongos, etc.) son los siguentes: A diferencia de las bacterias, habitualmente el cuerpo de un animal est\u00e1 formado por muchas c\u00e9lulas. A diferencia de las plantas, un animal no puede generar su propia &hellip; <a href=\"https:\/\/www.big-animals.com\/es\/mundo-grande-animales\/\" class=\"more-link\">Continue reading <span class=\"screen-reader-text\">\u00a1Los animales m\u00e1s grandes del mundo!<\/span><\/a><\/p>\n","protected":false},"author":1,"featured_media":0,"parent":0,"menu_order":0,"comment_status":"closed","ping_status":"open","template":"","meta":{"_acf_changed":false,"footnotes":""},"acf":[],"_links":{"self":[{"href":"https:\/\/www.big-animals.com\/es\/wp-json\/wp\/v2\/pages\/297"}],"collection":[{"href":"https:\/\/www.big-animals.com\/es\/wp-json\/wp\/v2\/pages"}],"about":[{"href":"https:\/\/www.big-animals.com\/es\/wp-json\/wp\/v2\/types\/page"}],"author":[{"embeddable":true,"href":"https:\/\/www.big-animals.com\/es\/wp-json\/wp\/v2\/users\/1"}],"replies":[{"embeddable":true,"href":"https:\/\/www.big-animals.com\/es\/wp-json\/wp\/v2\/comments?post=297"}],"version-history":[{"count":8,"href":"https:\/\/www.big-animals.com\/es\/wp-json\/wp\/v2\/pages\/297\/revisions"}],"predecessor-version":[{"id":886,"href":"https:\/\/www.big-animals.com\/es\/wp-json\/wp\/v2\/pages\/297\/revisions\/886"}],"wp:attachment":[{"href":"https:\/\/www.big-animals.com\/es\/wp-json\/wp\/v2\/media?parent=297"}],"curies":[{"name":"wp","href":"https:\/\/api.w.org\/{rel}","templated":true}]}}