{"id":299,"date":"2011-05-09T09:32:12","date_gmt":"2011-05-09T09:32:12","guid":{"rendered":""},"modified":"2015-06-15T04:13:24","modified_gmt":"2015-06-14T20:13:24","slug":"equinodermos-mas-grandes-del-mundo","status":"publish","type":"page","link":"https:\/\/www.big-animals.com\/es\/equinodermos-mas-grandes-del-mundo\/","title":{"rendered":"\u00a1Los equinodermos m\u00e1s grandes del mundo!"},"content":{"rendered":"<p><span id=\"gts_text_1\" class=\"gts_text\"><strong>\u00bfCu\u00e1l es un equinodermo?<\/strong><\/span><\/p>\n<p><span id=\"gts_text_2\" class=\"gts_text\">Los equinodermos son un grupo (en realidad, un f\u00edlum) de <a href=\"http:\/\/www.big-animals.com\/es\/?p=297\">animales<\/a>.<\/span> <span id=\"gts_text_3\" class=\"gts_text\">Su nombre proviene del idioma Griego, y significa \u201cpiel espinosa\u201d.<\/span> <span id=\"gts_text_4\" class=\"gts_text\">Los equinodermos beb\u00e9 nadan libremente con la ayuda de unos pelos min\u00fasculos llamados \u201ccilios\u201d.<\/span> <span id=\"gts_text_5\" class=\"gts_text\">Mientras crecen, desarrollan una simetr\u00eda maravillosa &#8211; esto es m\u00e1s obvio entre las estrellas de mar &#8211; y desarrollan placas o espinas dorsales duras por debajo de su piel.<\/span> Los equinodermos utilizan el a<span id=\"gts_text_6\" class=\"gts_text\">gua en vez de la sangre\u00a0para respirar y para transportar la comida dentro de su cuerpo.<\/span> <span id=\"gts_text_7\" class=\"gts_text\">Hay dos competidores para el equinodermo m\u00e1s grande del mundo, y ambos son estrellas de mar.<\/span><\/p>\n<p><span id=\"gts_text_8\" class=\"gts_text\"><strong>\u00bfQu\u00e9 clase de equinodermos hay?<\/strong><\/span><\/p>\n<p><span id=\"gts_text_9\" class=\"gts_text\">El f\u00edlum de los equinodermos, llamado <em>Echinodermata<\/em>, se divide en cinco grupos, llamados las <em><strong>clases<\/strong><\/em>.<\/span> <span id=\"gts_text_10\" class=\"gts_text\">\u00c9stos son:<\/span><\/p>\n<ul>\n<li><span id=\"gts_text_11\" class=\"gts_text\">Estrellas de mar (Asteroida).<\/span> <span id=\"gts_text_12\" class=\"gts_text\">Hay cerca de 1800 especies de \u00e9stas, viven en todos los oc\u00e9anos del mundo.<\/span> <span id=\"gts_text_13\" class=\"gts_text\">Cazan otros animales para comer.<\/span><\/li>\n<li><span id=\"gts_text_14\" class=\"gts_text\">Estrellas con plumas y lirios de mar (Crinoidea).<\/span> N<span id=\"gts_text_15\" class=\"gts_text\">ormalmente se adhieren a las rocas, y tienen muchos brazos con los cuales atrapan su comida.<\/span> <span id=\"gts_text_16\" class=\"gts_text\">Hay cerca de 600 especies de Crinoideos.<\/span><\/li>\n<li><span id=\"gts_text_17\" class=\"gts_text\">Erizos de mar (Echinoidea).<\/span> <span id=\"gts_text_18\" class=\"gts_text\">Estos animales con forma de bola a menudo poseen muchas p\u00faas que sobresalen de un duro caparaz\u00f3n.<\/span> <span id=\"gts_text_19\" class=\"gts_text\">Hay cerca de 1000 especies.<\/span><\/li>\n<li><span id=\"gts_text_20\" class=\"gts_text\">Pepinos, cohombors o carajos de mar (Holothuroidea). Se parecen a las babosas, y tienen una piel similar al cuero.<\/span> <span id=\"gts_text_21\" class=\"gts_text\">Hay cerca de 1000 especies de pepino de mar. \u00a1Algunos se consideran comidas deliciosas en algunos pa\u00edses asi\u00e1ticos!<\/span><\/li>\n<li><span id=\"gts_text_22\" class=\"gts_text\">Las Ofiuras (Ophiuroidea) no son estrellas de mar, pero son muy similares,\u00a0 por lo que a menudo se las llaman estrellas de mar.<\/span> <span id=\"gts_text_23\" class=\"gts_text\">Hay cerca de 1500 especies de ofiuras.<\/span><\/li>\n<\/ul>\n<p><span id=\"gts_text_24\" class=\"gts_text\">Adem\u00e1s de \u00e9stos, hay varios otros tipos de equinodermo de los cuales s\u00f3lo se conocen sus f\u00f3siles.<\/span><\/p>\n<p><span id=\"gts_text_25\" class=\"gts_text\"><strong>\u00bfCu\u00e1l es el equinodermo m\u00e1s grande del mundo?<\/strong><\/span><\/p>\n<p><span id=\"gts_text_26\" class=\"gts_text\">Hay dos competidores para el t\u00edtulo del equinodermo m\u00e1s grande del mundo, ambos estrellas de mar.<\/span> <span id=\"gts_text_27\" class=\"gts_text\">Hay un campe\u00f3n del peso pesado, la Estrella de mar de Catala (<em>Thromidia catalai<\/em>), tambi\u00e9n conocida como estrella gorda, y pesa alrededor de 6 kilogramos.<\/span> <span id=\"gts_text_28\" class=\"gts_text\">Sin embargo, sus brazos gordos s\u00f3lo miden cerca de 30 cm de largo.\u00a0<\/span><span id=\"gts_text_29\" class=\"gts_text\">\u00a1La <\/span><span id=\"gts_text_28\" class=\"gts_text\"><a href=\"http:\/\/www.big-animals.com\/es\/?p=310\"><em>Midgardia Xandaros<\/em><\/a><\/span> <span id=\"gts_text_29\" class=\"gts_text\">tiene brazos que puedan alcanzar hasta dos veces esa longitud!<\/span><\/p>\n","protected":false},"excerpt":{"rendered":"<p>\u00bfCu\u00e1l es un equinodermo? Los equinodermos son un grupo (en realidad, un f\u00edlum) de animales. Su nombre proviene del idioma Griego, y significa \u201cpiel espinosa\u201d. Los equinodermos beb\u00e9 nadan libremente con la ayuda de unos pelos min\u00fasculos llamados \u201ccilios\u201d. Mientras crecen, desarrollan una simetr\u00eda maravillosa &#8211; esto es m\u00e1s obvio entre las estrellas de mar &hellip; <a href=\"https:\/\/www.big-animals.com\/es\/equinodermos-mas-grandes-del-mundo\/\" class=\"more-link\">Continue reading <span class=\"screen-reader-text\">\u00a1Los equinodermos m\u00e1s grandes del mundo!<\/span><\/a><\/p>\n","protected":false},"author":1,"featured_media":0,"parent":0,"menu_order":0,"comment_status":"closed","ping_status":"open","template":"","meta":{"_acf_changed":false,"footnotes":""},"acf":[],"_links":{"self":[{"href":"https:\/\/www.big-animals.com\/es\/wp-json\/wp\/v2\/pages\/299"}],"collection":[{"href":"https:\/\/www.big-animals.com\/es\/wp-json\/wp\/v2\/pages"}],"about":[{"href":"https:\/\/www.big-animals.com\/es\/wp-json\/wp\/v2\/types\/page"}],"author":[{"embeddable":true,"href":"https:\/\/www.big-animals.com\/es\/wp-json\/wp\/v2\/users\/1"}],"replies":[{"embeddable":true,"href":"https:\/\/www.big-animals.com\/es\/wp-json\/wp\/v2\/comments?post=299"}],"version-history":[{"count":2,"href":"https:\/\/www.big-animals.com\/es\/wp-json\/wp\/v2\/pages\/299\/revisions"}],"predecessor-version":[{"id":1089,"href":"https:\/\/www.big-animals.com\/es\/wp-json\/wp\/v2\/pages\/299\/revisions\/1089"}],"wp:attachment":[{"href":"https:\/\/www.big-animals.com\/es\/wp-json\/wp\/v2\/media?parent=299"}],"curies":[{"name":"wp","href":"https:\/\/api.w.org\/{rel}","templated":true}]}}