{"id":302,"date":"2011-05-09T09:33:09","date_gmt":"2011-05-09T09:33:09","guid":{"rendered":""},"modified":"2014-01-28T02:26:49","modified_gmt":"2014-01-27T18:26:49","slug":"mundo-grande-vertebrados","status":"publish","type":"page","link":"https:\/\/www.big-animals.com\/es\/mundo-grande-vertebrados\/","title":{"rendered":"\u00a1Los vertebrados m\u00e1s grandes del mundo!"},"content":{"rendered":"<p><span class=\"gts_text\" id=\"gts_text_1\"><strong>\u00bfQu\u00e9 es un vertebrado?<\/strong><\/span><\/p>\n<p><span class=\"gts_text\" id=\"gts_text_2\">Los vertebrados son un grupo de <a href=\"\/Animals.html\">animales<\/a>.<\/span> <span class=\"gts_text\" id=\"gts_text_3\">Todos tienen una \u201ccolumna vertebral\u201d compuesta de varias \u201cv\u00e9rtebras\u201d, que contienen un nervio importante.<\/span> <span class=\"gts_text\" id=\"gts_text_4\">Los vertebrados son el grupo m\u00e1s grande de los <a href=\"\/Chordates.html\">cordados,<\/a>(Chordata) existen aproximadamente 57000 especies conocidas, en su mayor\u00eda peces.<\/span> <span class=\"gts_text\" id=\"gts_text_5\">El animal m\u00e1s grande del mundo es un vertebrado: la <a href=\"\/Blue-Whale.html\">ballena azul<\/a>.<\/span><\/p>\n<p><span class=\"gts_text\" id=\"gts_text_6\"><strong>\u00bfQu\u00e9 clase de vertebrados existen?<\/strong><\/span><\/p>\n<p><span class=\"gts_text\" id=\"gts_text_7\">Una persona promedio divide a los vertebrados en peces, anfibios, reptiles, aves y mam\u00edferos.<\/span> <span class=\"gts_text\" id=\"gts_text_8\">La mayor\u00eda de los cient\u00edficos hacen lo mismo, salvo que los peces est\u00e1n divididos en un gran n\u00famero de grupos, (o \u201cclases\u201d).<\/span> <span class=\"gts_text\" id=\"gts_text_9\">Adem\u00e1s, algunos dinosaurios eran tan diferentes unos de otros que les fueron asignados su propia clase.<\/span><\/p>\n<ul>\n<li><span class=\"gts_text\" id=\"gts_text_10\">Las clases m\u00e1s conocidas de <a title=\"\u00a1Los peces m\u00e1s grandes del mundo!\" href=\"http:\/\/www.big-animals.com\/es\/mundo-grande-peces\/\">peces<\/a> son los condrictios (pez cartiligenous) y los <em>peces \u00f3seos<\/em>, entre los que se incluyen los <em>actinopterigios<\/em> (Actinopterygii) y los <em>sarcopterigios<\/em> (Sarcopterygii).<\/span> <span class=\"gts_text\" id=\"gts_text_11\">Muchas de las otras clases se encuentran totalmente extintas ahora.<\/span> <span class=\"gts_text\" id=\"gts_text_12\">Los cient\u00edficos clasifican a los peces en las siguientes clases:<\/span>\n<ul>\n<li><span class=\"gts_text\" id=\"gts_text_13\">Los <em>acantodios<\/em> (Acanthodii), a veces denominados tiburones espinosos, son un grupo extinto de peces que ten\u00edan algunas caracter\u00edsticas de los peces cartilaginosos, y de otros peces \u00f3seos.<\/span><\/li>\n<li><span class=\"gts_text\" id=\"gts_text_14\">Los <em>actinopterigios<\/em> (Actinopterygii) son la clase m\u00e1s grande de peces, de hecho, \u00a1son la clase m\u00e1s grande de vertebrados!<\/span> <span class=\"gts_text\" id=\"gts_text_15\">Existen 27000 especies, estos &#8220;peces de aletas radiadas&#8221; viven en el mar y en agua dulce.<\/span><\/li>\n<li><span class=\"gts_text\" id=\"gts_text_16\">Los <em>cefalaspidomorfos<\/em> (Cephalaspidomorphi) son un grupo de peces sin mand\u00edbulas extintos.<\/span> <span class=\"gts_text\" id=\"gts_text_17\">Los cient\u00edficos est\u00e1n divididos en cuanto a qu\u00e9 animales deber\u00edan pertenecer exactamente a este grupo; algunos afirman que las lampreas deber\u00edan ser incluidas, otros discrepan.<\/span><\/li>\n<li><span class=\"gts_text\" id=\"gts_text_18\">Los <em>condrictios<\/em> (Condrichthyes) son peces cartilaginosos, entre ellos se incluyen a los tiburones y a las rayas.<\/span> <span class=\"gts_text\" id=\"gts_text_19\">Dichos peces no tienen huesos verdaderos; su esqueleto est\u00e1 formado de cart\u00edlago.<\/span><\/li>\n<li><span class=\"gts_text\" id=\"gts_text_20\">Los <em>conodontos<\/em> (Conodonta): un grupo de animales parecidos a los gusanos, principalmente conocidos por sus dientes fosilizados.<\/span><\/li>\n<li><span class=\"gts_text\" id=\"gts_text_21\">Los <em>hiperoartios<\/em> (Hyperoartia) son una clase de <em>lampreas<\/em>, un grupo de animales marinos muy parecidos externamente a las anguilas, que son tan diferentes de los peces que los cient\u00edficos los ubican en un grupo totalmente diferente.<\/span><\/li>\n<li><span class=\"gts_text\" id=\"gts_text_22\"><em>Mixinos<\/em> (Myxini) : son los hiperotretos. Se parecen un poco a las anguilas y pueden atarse en nudos.<\/span><\/li>\n<li><span class=\"gts_text\" id=\"gts_text_23\"><em>Placodermos<\/em> (Placodermi): otro grupo de peces extintos, que ten\u00edan placas duras para proteger sus cabezas.<\/span><\/li>\n<li><span class=\"gts_text\" id=\"gts_text_24\">Los <em>pteraspidomorfos<\/em> (Pteraspidomorphi): grupo de peces extintos, que carec\u00edan de mand\u00edbulas.<\/span><\/li>\n<li><span class=\"gts_text\" id=\"gts_text_25\">Los <em>sarcopterigios<\/em> (Sarcopterygii) o peces de aletas lobuladas, incluyen a los peces pulmonados y a los celacantos; de estos \u00faltimos alguna vez se pens\u00f3 que estaban extintos.<\/span><\/li>\n<\/ul>\n<\/li>\n<li><span class=\"gts_text\" id=\"gts_text_26\">Otras clases de vertebrados son:<\/span>\n<ul>\n<li><span class=\"gts_text\" id=\"gts_text_27\">Los <a title=\"Anfibios\" href=\"http:\/\/www.big-animals.com\/es\/anfibios\/\"><em>anfibios<\/em> <\/a>(Amphibia)<\/span> <span class=\"gts_text\" id=\"gts_text_28\">comprenden a las <a title=\"Rana\" href=\"http:\/\/www.big-animals.com\/es\/rana\/\">ranas<\/a>, tritones, sapos, salamandras, ajolotes, etc.<\/span> <span class=\"gts_text\" id=\"gts_text_29\">Pueden respirar tanto aire como agua.<\/span><\/li>\n<li><span class=\"gts_text\" id=\"gts_text_30\">Los <a href=\"http:\/\/www.big-animals.com\/the-worlds-biggest-reptiles\/\">reptiles<\/a> (Sauropsida)<\/span> <span class=\"gts_text\" id=\"gts_text_31\">incluyen a tortugas, lagartos, serpientes y otros vertebrados terrestres con escamas.<\/span><\/li>\n<li><span class=\"gts_text\" id=\"gts_text_32\">Los <em>sin\u00e1psidos<\/em> (Synapsida) es un grupo de criaturas que la mayor\u00eda de nosotros denominar\u00edamos dinosaurios, pero que se diferenciaron tanto de otros dinosaurios que les fue dada su propia clase.<\/span><\/li>\n<li><span class=\"gts_text\" id=\"gts_text_33\"><a title=\"\u00a1Las aves m\u00e1s grandes del mundo!\" href=\"http:\/\/www.big-animals.com\/es\/mundo-grandes-aves\/\">Las aves<\/a>\u00a0(Aves)<\/span> <span class=\"gts_text\" id=\"gts_text_34\">en su mayor\u00eda est\u00e1n cubiertas de plumas y son capaces de volar.<\/span><\/li>\n<li><span class=\"gts_text\" id=\"gts_text_35\"><a href=\"\/Mammals.html\">Los mam\u00edferos<\/a> (Mammalia)<\/span>\u00a0casi todas\u00a0<span class=\"gts_text\" id=\"gts_text_36\">estas criaturas de sangre caliente tienen pelo, y todas alimentan a sus cr\u00edas con leche de sus mamas.<\/span> <span class=\"gts_text\" id=\"gts_text_37\">El <a title=\"\u00a1Los vertebrados m\u00e1s grandes del mundo!\" href=\"http:\/\/www.big-animals.com\/es\/mundo-grande-vertebrados\/\">vertebrado m\u00e1s grande del mundo<\/a>, de hecho, el animal m\u00e1s grande del mundo, es un mam\u00edfero.<\/span><\/li>\n<\/ul>\n<\/li>\n<\/ul>\n<p><span class=\"gts_text\" id=\"gts_text_38\"><strong>\u00bfCu\u00e1l es el vertebrado m\u00e1s grande del mundo?<\/strong><\/span><\/p>\n<p><span class=\"gts_text\" id=\"gts_text_39\">El vertebrado m\u00e1s grande del mundo en todos los aspectos es la <a title=\"La ballena azul: \u00a1el animal m\u00e1s grande del mundo!\" href=\"http:\/\/www.big-animals.com\/es\/ballena-azul-animal-mas-grande-del-mundo\/\">ballena azul<\/a>.<\/span> <span class=\"gts_text\" id=\"gts_text_40\">\u00a1Puede crecer hasta 30 metros (100 pies) de largo o m\u00e1s, y pesar alrededor 140 toneladas; que son 140.000 Kilos, o 300.000 libras!<\/span> <span class=\"gts_text\" id=\"gts_text_41\">Es incluso m\u00e1s grande que los dinosaurios m\u00e1s grandes que jam\u00e1s hayan existido.<\/span> <span class=\"gts_text\" id=\"gts_text_42\">Tristemente, casi sigue el mismo camino que los dinosaurios en el siglo XX debido a la caza indiscriminada de ballenas, que\u00a0<\/span><span class=\"gts_text\" id=\"gts_text_43\">fue prohibida en los a\u00f1os 60, y finaliz\u00f3 definitivamente en los a\u00f1os 70.<\/span> <span class=\"gts_text\" id=\"gts_text_44\">Incluso en la actualidad, la poblaci\u00f3n de ballenas azules sigue siendo menos del 1% de lo que era antes de que la caza de ballenas comenzara.<\/span><\/p>\n","protected":false},"excerpt":{"rendered":"<p>\u00bfQu\u00e9 es un vertebrado? Los vertebrados son un grupo de animales. Todos tienen una \u201ccolumna vertebral\u201d compuesta de varias \u201cv\u00e9rtebras\u201d, que contienen un nervio importante. Los vertebrados son el grupo m\u00e1s grande de los cordados,(Chordata) existen aproximadamente 57000 especies conocidas, en su mayor\u00eda peces. El animal m\u00e1s grande del mundo es un vertebrado: la ballena &hellip; <a href=\"https:\/\/www.big-animals.com\/es\/mundo-grande-vertebrados\/\" class=\"more-link\">Continue reading <span class=\"screen-reader-text\">\u00a1Los vertebrados m\u00e1s grandes del mundo!<\/span><\/a><\/p>\n","protected":false},"author":1,"featured_media":0,"parent":0,"menu_order":0,"comment_status":"closed","ping_status":"open","template":"","meta":{"_acf_changed":false,"footnotes":""},"acf":[],"_links":{"self":[{"href":"https:\/\/www.big-animals.com\/es\/wp-json\/wp\/v2\/pages\/302"}],"collection":[{"href":"https:\/\/www.big-animals.com\/es\/wp-json\/wp\/v2\/pages"}],"about":[{"href":"https:\/\/www.big-animals.com\/es\/wp-json\/wp\/v2\/types\/page"}],"author":[{"embeddable":true,"href":"https:\/\/www.big-animals.com\/es\/wp-json\/wp\/v2\/users\/1"}],"replies":[{"embeddable":true,"href":"https:\/\/www.big-animals.com\/es\/wp-json\/wp\/v2\/comments?post=302"}],"version-history":[{"count":3,"href":"https:\/\/www.big-animals.com\/es\/wp-json\/wp\/v2\/pages\/302\/revisions"}],"predecessor-version":[{"id":823,"href":"https:\/\/www.big-animals.com\/es\/wp-json\/wp\/v2\/pages\/302\/revisions\/823"}],"wp:attachment":[{"href":"https:\/\/www.big-animals.com\/es\/wp-json\/wp\/v2\/media?parent=302"}],"curies":[{"name":"wp","href":"https:\/\/api.w.org\/{rel}","templated":true}]}}