{"id":307,"date":"2011-05-09T11:27:55","date_gmt":"2011-05-09T11:27:55","guid":{"rendered":""},"modified":"2014-01-28T13:36:29","modified_gmt":"2014-01-28T05:36:29","slug":"crocodilidos","status":"publish","type":"page","link":"https:\/\/www.big-animals.com\/es\/crocodilidos\/","title":{"rendered":"Crocod\u00edlidos"},"content":{"rendered":"<p><span class=\"gts_text\" id=\"gts_text_1\">Los crocod\u00edlidos aparecieron hace muchos a\u00f1os durante la \u00e9poca de los dinosaurios.<\/span> <span class=\"gts_text\" id=\"gts_text_2\">Los crocod\u00edlidos son un grupo de grandes reptiles, entre los que se incluyen a los cocodrilos, alig\u00e1tores y gaviales.<\/span><\/p>\n<h3><span class=\"gts_text\" id=\"gts_text_3\">Cocodrilo marino<\/span><\/h3>\n<p><span class=\"gts_text\" id=\"gts_text_4\">El crocod\u00edlido m\u00e1s grande del mundo es tambi\u00e9n el <a title=\"\u00a1Los reptiles m\u00e1s grandes del mundo!\" href=\"http:\/\/www.big-animals.com\/es\/mundo-grande-reptiles\/\">reptil<\/a> m\u00e1s grande del mundo, el <a title=\"Cocodrilo marino: el reptil m\u00e1s grande del mundo\" href=\"http:\/\/www.big-animals.com\/es\/agua-cocodrilo-mundo-grande-reptil\/\">cocodrilo marino<\/a>.<\/span><\/p>\n<figure id=\"attachment_634\" aria-describedby=\"caption-attachment-634\" style=\"width: 300px\" class=\"wp-caption alignleft\"><a href=\"http:\/\/www.big-animals.com\/wp-content\/uploads\/2011\/03\/SaltwaterCrocodileMaximo.jpg\"><img loading=\"lazy\" decoding=\"async\" class=\"size-medium wp-image-634\" title=\"El cocodrilo marino es el reptil m\u00e1s grande del mundo\" alt=\"El cocodrilo marino es el reptil m\u00e1s grande del mundo\" src=\"http:\/\/www.big-animals.com\/wp-content\/uploads\/2011\/03\/SaltwaterCrocodileMaximo-300x198.jpg\" width=\"300\" height=\"198\" \/><\/a><figcaption id=\"caption-attachment-634\" class=\"wp-caption-text\">El cocodrilo marino es el reptil m\u00e1s grande del mundo<\/figcaption><\/figure>\n<p><span class=\"gts_text\" id=\"gts_text_5\">Los crocod\u00edlidos tienen una posici\u00f3n de vientre plano.<\/span> <span class=\"gts_text\" id=\"gts_text_6\">Para caminar, ponen sus patas directamente debajo de ellos para realizar \u201clargas caminatas\u201d.<\/span> <span class=\"gts_text\" id=\"gts_text_7\">Dicha postura hace f\u00e1cil que los crocod\u00edlidos &#8220;galopen&#8221; en tierra si lo necesitan.<\/span><\/p>\n<p><span class=\"gts_text\" id=\"gts_text_8\">Los crocod\u00edlidos son criaturas de sangre fr\u00eda.<\/span> <span class=\"gts_text\" id=\"gts_text_9\">Son reptiles que viven en \u00e1reas tropicales en varias partes del mundo.<\/span> <span class=\"gts_text\" id=\"gts_text_10\">Todos los crocod\u00edlidos tienen dientes en alv\u00e9olos \u00f3seos, como los seres humanos.<\/span> <span class=\"gts_text\" id=\"gts_text_11\">Pero tienen m\u00e1s suerte que nosotros ya que sus dientes se sustituyen con frecuencia durante toda su vida.<\/span> <span class=\"gts_text\" id=\"gts_text_12\">Los crocod\u00edlidos j\u00f3venes sustituyen los dientes por otros m\u00e1s grandes a un ritmo de hasta un nuevo diente por alv\u00e9olo al mes.<\/span> <span class=\"gts_text\" id=\"gts_text_13\">Cuando son adultos los dientes se sustituyen a un ritmo m\u00e1s lento, solamente alrededor de un diente cada dos a\u00f1os o a\u00fan m\u00e1s tiempo.<\/span> <span class=\"gts_text\" id=\"gts_text_14\">Cuando son muy viejos, finalmente dejan de sustituir sus dientes, as\u00ed que son crocod\u00edlidos viejos desdentados.\u00a0<\/span> <span class=\"gts_text\" id=\"gts_text_15\">Un cocodrilo o alig\u00e1tor habr\u00e1 tenido al menos 3000 dientes durante su vida.<\/span> <span class=\"gts_text\" id=\"gts_text_16\">Cada diente est\u00e1 hueco.<\/span> <span class=\"gts_text\" id=\"gts_text_17\">El nuevo diente crece dentro del viejo.<\/span> <span class=\"gts_text\" id=\"gts_text_18\">Debido a esto, permite que el nuevo diente salga tan pronto como el diente viejo se caiga<\/span><span class=\"gts_text\" id=\"gts_text_18\">.<\/span><\/p>\n<p><span class=\"gts_text\" id=\"gts_text_18\"><\/span><span class=\"gts_text\" id=\"gts_text_19\">Los crocod\u00edlidos tienen un \u00e1rea secundaria en sus bocas que les permite respirar incluso cuando tienen la boca llena de agua.<\/span> <span class=\"gts_text\" id=\"gts_text_20\">Tienen orificios nasales adicionales en la parte posterior de su garganta, donde una parte especial de la lengua denominada \u201cv\u00e1lvula palatal\u201d se cierra para que no se atraganten o se ahoguen cuando abren la boca debajo del agua.<\/span><\/p>\n<p><span class=\"gts_text\" id=\"gts_text_21\">Los cocodrilos y los gaviales han modificado las gl\u00e1ndulas salinas de su lengua que utilizan para librarse del exceso de sal de su cuerpo.<\/span> <span class=\"gts_text\" id=\"gts_text_22\">Los alig\u00e1tores y los caimanes tambi\u00e9n las tienen, pero desgraciadamente no les sirven.<\/span> <span class=\"gts_text\" id=\"gts_text_23\">Esta es la raz\u00f3n por la que los alig\u00e1tores prefieren el agua dulce, pero los cocodrilos prefieren el agua del mar.<\/span><\/p>\n<p><span class=\"gts_text\" id=\"gts_text_24\">Los crocod\u00edlidos tienden a abrir sus bocas cuando est\u00e1n relajados.<\/span> <span class=\"gts_text\" id=\"gts_text_25\">Denominamos a ese comportamiento <em>gaping<\/em>\u00a0(boca abierta, en ingl\u00e9s).<\/span> <span class=\"gts_text\" id=\"gts_text_26\">Hacen eso para mantenerse frescos en los d\u00edas calurosos.<\/span> <span class=\"gts_text\" id=\"gts_text_27\">No obstante, a veces de noche cuando est\u00e1 lloviendo abren sus bocas tambi\u00e9n.<\/span> <span class=\"gts_text\" id=\"gts_text_28\">Quiz\u00e1s el <em>gaping<\/em>\u00a0significa algo para sus familiares y amigos.<\/span><\/p>\n<figure id=\"attachment_635\" aria-describedby=\"caption-attachment-635\" style=\"width: 300px\" class=\"wp-caption alignright\"><a href=\"http:\/\/www.big-animals.com\/wp-content\/uploads\/2011\/03\/Alligator.jpg\"><img loading=\"lazy\" decoding=\"async\" class=\"size-medium wp-image-635\" title=\"Los alig\u00e1tores, con un hocico m\u00e1s ancho, prefieren el agua dulce\" alt=\"Los alig\u00e1tores, con un hocico m\u00e1s ancho, prefieren el agua dulce\" src=\"http:\/\/www.big-animals.com\/wp-content\/uploads\/2011\/03\/Alligator-300x235.jpg\" width=\"300\" height=\"235\" \/><\/a><figcaption id=\"caption-attachment-635\" class=\"wp-caption-text\">Los alig\u00e1tores, con un hocico m\u00e1s ancho, prefieren el agua dulce<\/figcaption><\/figure>\n<p><span class=\"gts_text\" id=\"gts_text_29\">Los crocod\u00edlidos machos son animales territoriales, al igual que los dragones de Komodo machos.<\/span> <span class=\"gts_text\" id=\"gts_text_30\">Protegen su territorio ferozmente contra otros intrusos machos.<\/span> <span class=\"gts_text\" id=\"gts_text_31\">Una madre pone alrededor de 50-80 huevos en un nido en tierra.<\/span>\u00a0Elabora<span class=\"gts_text\" id=\"gts_text_32\">\u00a0su nido en cerca de un r\u00edo.<\/span> <span class=\"gts_text\" id=\"gts_text_33\">El nido se construye con hojas, barro u otra vegetaci\u00f3n.<\/span> <span class=\"gts_text\" id=\"gts_text_34\">Dichas hojas mantienen los huevos calientes y h\u00famedos.<\/span> <span class=\"gts_text\" id=\"gts_text_35\">La madre cuida de los beb\u00e9s despu\u00e9s de que salgan del cascar\u00f3n.<\/span> <span class=\"gts_text\" id=\"gts_text_36\">Permanecer\u00e1 con ellos hasta que sean lo suficientemente grandes para cuidarse solos.<\/span> <span class=\"gts_text\" id=\"gts_text_37\">En muchas especies de crocod\u00edlidos, \u00a1la madre lleva a sus beb\u00e9s en la boca!<\/span> <span class=\"gts_text\" id=\"gts_text_38\">\u00a1No querr\u00eda montar en la boca de un alig\u00e1tor hambriento!<\/span> <span class=\"gts_text\" id=\"gts_text_39\">Estos beb\u00e9s se alimentan de cangrejos, camarones e insectos.<\/span> <span class=\"gts_text\" id=\"gts_text_40\">No te acerques nunca a un crocod\u00edlido durante el per\u00edodo de anidaci\u00f3n.<\/span> <span class=\"gts_text\" id=\"gts_text_41\">\u00a1Son muy protectores con sus huevos y extremadamente feroces!<\/span><\/p>\n<p><span class=\"gts_text\" id=\"gts_text_42\">Si la temperatura del nido es de 30 \u00baC (86 \u00baF), el beb\u00e9 ser\u00e1 una hembra y si la temperatura est\u00e1 sobre los 34 \u00baC (93 \u00baF), habr\u00e1 montones de machos.<\/span> <span class=\"gts_text\" id=\"gts_text_43\">Los crocod\u00edlidos mantienen su temperatura corporal en \u00f3ptima condici\u00f3n al disfrutar del sol cuando el tiempo es fresco y quedarse a la sombra cuando el tiempo es c\u00e1lido.<\/span><\/p>\n<p><span class=\"gts_text\" id=\"gts_text_44\">Los crocod\u00edlidos tienen un cerebro relativamente peque\u00f1o, pero es m\u00e1s avanzado que el de otros animales de sangre fr\u00eda.<\/span> <span class=\"gts_text\" id=\"gts_text_45\">Pueden ver bien durante el d\u00eda y pueden incluso tener visi\u00f3n a color.<\/span> <span class=\"gts_text\" id=\"gts_text_46\">Tienen una pupila vertical, como la de un gato, que les proporciona gran visi\u00f3n nocturna.<\/span> <span class=\"gts_text\" id=\"gts_text_47\">Sin embargo, no pueden ver bien debajo del agua porque no pueden enfocar cuando est\u00e1n sumergidos.<\/span> <span class=\"gts_text\" id=\"gts_text_48\">Los t\u00edmpanos est\u00e1n detr\u00e1s de los ojos y est\u00e1n cubiertos por una aleta movible en la piel.<\/span> <span class=\"gts_text\" id=\"gts_text_49\">La aleta, las fosas nasales y los ojos se cierran cuando se zambullen, para impedir que les entren agua.<\/span><\/p>\n<p><span class=\"gts_text\" id=\"gts_text_50\">Los crocod\u00edlidos pueden responder al movimiento m\u00e1s leve en la superficie del agua.<\/span> <span class=\"gts_text\" id=\"gts_text_51\">Por lo tanto, pueden localizar a su presa y evitar a sus depredadores incluso en la oscuridad total.<\/span> <span class=\"gts_text\" id=\"gts_text_52\">La piel est\u00e1 cubierta de escamas que mudan individualmente.<\/span> <span class=\"gts_text\" id=\"gts_text_53\">Tienen la cola y el hocico largos y musculosos y el cuerpo aerodin\u00e1mico.<\/span> <span class=\"gts_text\" id=\"gts_text_54\">Los ojos y orificios nasales se encuentran encima de la cabeza, de este modo pueden permanecer casi totalmente bajo el agua y no ser vistos mientras esperan pacientemente que su cena vaya hacia ellos.<\/span> <span class=\"gts_text\" id=\"gts_text_55\">Tienen mand\u00edbulas superfuertes.<\/span> <span class=\"gts_text\" id=\"gts_text_56\">No mastican su comida; la tragan en pedazos grandes al igual que las serpientes.<\/span> <span class=\"gts_text\" id=\"gts_text_57\">Son carn\u00edvoros.<\/span> <span class=\"gts_text\" id=\"gts_text_58\">Comen aves, peque\u00f1os mam\u00edferos y peces.<\/span><\/p>\n<h3><span class=\"gts_text\" id=\"gts_text_59\">Diferencias entre el alig\u00e1tor y el cocodrilo<\/span><\/h3>\n<figure id=\"attachment_633\" aria-describedby=\"caption-attachment-633\" style=\"width: 300px\" class=\"wp-caption alignleft\"><a href=\"http:\/\/www.big-animals.com\/wp-content\/uploads\/2011\/03\/Ghairul.jpg\"><img loading=\"lazy\" decoding=\"async\" class=\"size-medium wp-image-633\" title=\"El Gavial tiene un hocico muy fino. Foto: Jonathon Zander\" alt=\"El Gavial tiene un hocico muy fino. Foto: Jonathon Zander\" src=\"http:\/\/www.big-animals.com\/wp-content\/uploads\/2011\/03\/Ghairul-300x124.jpg\" width=\"300\" height=\"124\" \/><\/a><figcaption id=\"caption-attachment-633\" class=\"wp-caption-text\">El gavial posee un hocico particularmente fino. Foto: Jonathon Zander.<\/figcaption><\/figure>\n<p><span class=\"gts_text\" id=\"gts_text_60\">Los alig\u00e1tores tienen un hocico m\u00e1s ancho.<\/span> <span class=\"gts_text\" id=\"gts_text_61\">Los cocodrilos tienen hocicos m\u00e1s largos y m\u00e1s estrechos que los alig\u00e1tores.<\/span> <span class=\"gts_text\" id=\"gts_text_62\">El maxilar superior del alig\u00e1tor es m\u00e1s ancho que el maxilar inferior y los dientes del maxilar inferior encajan dentro de peque\u00f1as surcos en la mand\u00edbula superior.<\/span> <span class=\"gts_text\" id=\"gts_text_63\">El maxilar inferior y superior de los cocodrilos es de la misma anchura y los dientes del maxilar inferior quedan fuera de la mand\u00edbula superior cuando cierran su boca.<\/span> <span class=\"gts_text\" id=\"gts_text_64\">Por eso, los grandes dientes del maxilar inferior quedan expuestos en un cocodrilo, pero quedan ocultos en un alig\u00e1tor.<\/span> <span class=\"gts_text\" id=\"gts_text_65\">Los alig\u00e1tores tienden a ser de un color m\u00e1s oscuro que los cocodrilos.<\/span> <span class=\"gts_text\" id=\"gts_text_66\">Son casi negros.<\/span> <span class=\"gts_text\" id=\"gts_text_67\">Los cocodrilos son m\u00e1s agresivos que los alig\u00e1tores.<\/span> <span class=\"gts_text\" id=\"gts_text_68\">El gavial tiene un hocico muy fino.<\/span> <span class=\"gts_text\" id=\"gts_text_69\">\u00a0<\/span><\/p>\n","protected":false},"excerpt":{"rendered":"<p>Los crocod\u00edlidos aparecieron hace muchos a\u00f1os durante la \u00e9poca de los dinosaurios. Los crocod\u00edlidos son un grupo de grandes reptiles, entre los que se incluyen a los cocodrilos, alig\u00e1tores y gaviales. Cocodrilo marino El crocod\u00edlido m\u00e1s grande del mundo es tambi\u00e9n el reptil m\u00e1s grande del mundo, el cocodrilo marino. Los crocod\u00edlidos tienen una posici\u00f3n &hellip; <a href=\"https:\/\/www.big-animals.com\/es\/crocodilidos\/\" class=\"more-link\">Continue reading <span class=\"screen-reader-text\">Crocod\u00edlidos<\/span><\/a><\/p>\n","protected":false},"author":1,"featured_media":0,"parent":0,"menu_order":0,"comment_status":"closed","ping_status":"open","template":"","meta":{"_acf_changed":false,"footnotes":""},"acf":[],"_links":{"self":[{"href":"https:\/\/www.big-animals.com\/es\/wp-json\/wp\/v2\/pages\/307"}],"collection":[{"href":"https:\/\/www.big-animals.com\/es\/wp-json\/wp\/v2\/pages"}],"about":[{"href":"https:\/\/www.big-animals.com\/es\/wp-json\/wp\/v2\/types\/page"}],"author":[{"embeddable":true,"href":"https:\/\/www.big-animals.com\/es\/wp-json\/wp\/v2\/users\/1"}],"replies":[{"embeddable":true,"href":"https:\/\/www.big-animals.com\/es\/wp-json\/wp\/v2\/comments?post=307"}],"version-history":[{"count":4,"href":"https:\/\/www.big-animals.com\/es\/wp-json\/wp\/v2\/pages\/307\/revisions"}],"predecessor-version":[{"id":831,"href":"https:\/\/www.big-animals.com\/es\/wp-json\/wp\/v2\/pages\/307\/revisions\/831"}],"wp:attachment":[{"href":"https:\/\/www.big-animals.com\/es\/wp-json\/wp\/v2\/media?parent=307"}],"curies":[{"name":"wp","href":"https:\/\/api.w.org\/{rel}","templated":true}]}}