{"id":308,"date":"2011-05-09T11:29:33","date_gmt":"2011-05-09T11:29:33","guid":{"rendered":""},"modified":"2011-05-09T11:29:33","modified_gmt":"2011-05-09T11:29:33","slug":"leedsichthys-problematicus-grande-pez","status":"publish","type":"page","link":"https:\/\/www.big-animals.com\/es\/leedsichthys-problematicus-grande-pez\/","title":{"rendered":"Leedsichthys Problematicus: \u00a1el pez m\u00e1s grande que ha existido!"},"content":{"rendered":"<p><span id=\"gts_text_1\" class=\"gts_text\">El Leedshichthys era un enorme pez, \u00a1el <a href=\"\/Fish.html\">pez<\/a> m\u00e1s grande que probablemente nado por los mares alguna vez!<\/span> <span id=\"gts_text_2\" class=\"gts_text\">Sus huesos fosilizados fueron descubiertos en Inglaterra en 1889 por el coleccionista de f\u00f3siles, Alfred Leeds.<\/span> <span id=\"gts_text_3\" class=\"gts_text\">El nombre cient\u00edfico completo, <em>Leedsichthys Problematicus<\/em>, es una mezcla de lat\u00edn y griego.<\/span><\/p>\n<ul>\n<li><span id=\"gts_text_4\" class=\"gts_text\"><em>Leedsichthys<\/em> significa los <em>pez de Leeds<\/em>, la palabra griega que significa <em>peces<\/em> es <em>Ichthys<\/em>.<\/span><\/li>\n<li><span id=\"gts_text_5\" class=\"gts_text\"><em>Problematicus<\/em> es <em>problem\u00e1tico<\/em> en lat\u00edn, que significa <em>Que presenta dificultades o que causa problemas<\/em>.<\/span><\/li>\n<\/ul>\n<p><span id=\"gts_text_6\" class=\"gts_text\">Por tanto, <em>Leedsichthys Problematicus<\/em> es <em>el pez de Alfred Leeds que causa problemas<\/em>.<\/span> <span id=\"gts_text_7\" class=\"gts_text\">\u00a1Para los cient\u00edficos era desconcertante imaginar c\u00f3mo un pez pod\u00eda ser tan grande!<\/span> <span id=\"gts_text_8\" class=\"gts_text\">Supongo que Leedsichthys plante\u00f3 otro problema a Alfred Leeds, a saber:<\/span><\/p>\n<ul>\n<li><span id=\"gts_text_9\" class=\"gts_text\"><em>\u00bfD\u00f3nde demonios voy a guardar todos estos enormes huesos ?<\/em><\/span><\/li>\n<\/ul>\n<p><span id=\"gts_text_10\" class=\"gts_text\"><strong>\u00bfC\u00f3mo era de grande el pez Leedsichthys?<\/strong><\/span><\/p>\n<p><span id=\"gts_text_11\" class=\"gts_text\">Debido a que nadie ha encontrado un esqueleto completo de Leedsichthys, no est\u00e1 claro c\u00f3mo era de grande.<\/span> <span id=\"gts_text_12\" class=\"gts_text\">Las estimaciones modernas afirman que med\u00eda de 50 a 75 pies de largo (16 a 22 metros), lo que lo convert\u00eda en el pez m\u00e1s grande que ha existido; m\u00e1s grande que el <a href=\"\/Whale-Shark.html\">tibur\u00f3n ballena<\/a> o el <a href=\"\/Megalodon-Shark.html\">Megalod\u00f3n<\/a>!<\/span> <span id=\"gts_text_13\" class=\"gts_text\">No obstante, no todos est\u00e1n de acuerdo.<\/span> <span id=\"gts_text_14\" class=\"gts_text\">Algunos cient\u00edficos sostienen que Leedsichthys creci\u00f3 \u201csolo\u201d hasta una longitud de nueve metros (27 pies).<\/span> <span id=\"gts_text_15\" class=\"gts_text\">Eso es a\u00fan m\u00e1s largo que dos autom\u00f3viles, y 50% m\u00e1s largo que los grandes tiburones blancos famosos por las pel\u00edculas <em>Tibur\u00f3n<\/em> de Steven Spielberg.<\/span><\/p>\n<p><span id=\"gts_text_16\" class=\"gts_text\">El Leedsichthys no era un tibur\u00f3n, sino una clase de <em>pez \u00f3seo<\/em>.<\/span> <span id=\"gts_text_17\" class=\"gts_text\">Ten\u00eda huesos, como la mayor\u00eda de los otros peces.<\/span> <span id=\"gts_text_18\" class=\"gts_text\">Los tiburones tienen cart\u00edlago en lugar de hueso.<\/span> <span id=\"gts_text_19\" class=\"gts_text\">Aunque era el <a href=\"\/Fish.html\">pez<\/a> m\u00e1s grande, no era el <a href=\"\/Vertebrates.html\">vertebrado<\/a> m\u00e1s grande; ese honor lo tiene la <a href=\"\/Blue-Whale.html\">ballena azul<\/a>.<\/span><\/p>\n<p><span id=\"gts_text_20\" class=\"gts_text\"><strong>\u00bfQu\u00e9 com\u00eda el pez Leedsichthys ?<\/strong><\/span><\/p>\n<p><span id=\"gts_text_21\" class=\"gts_text\">El pez Leedsichthys ten\u00eda 40000 dientes.<\/span> <span id=\"gts_text_22\" class=\"gts_text\">\u00a1No habr\u00eda sido divertido ser el dentista de dicho pez!<\/span> <span id=\"gts_text_23\" class=\"gts_text\">Sin embargo<img loading=\"lazy\" decoding=\"async\" title=\"Leedsichthys Problematicus\" src=\"http:\/\/ba.dr-mikes-maths.com\/\/wp-content\/themes\/twentyten\/images\/ba\/leedsichthys-small.jpg\" alt=\"Leedsichthys Problematicus que es atacado\" width=\"450\" height=\"318\" align=\"right\" \/><\/span><span id=\"gts_text_24\" class=\"gts_text\">a pesar de eso y de su enorme tama\u00f1o, el pez Leedsichthys habr\u00eda sido inofensivo.<\/span> <span id=\"gts_text_25\" class=\"gts_text\">Al igual que el tibur\u00f3n ballena y la ballena azul, el pez Leedsichthys muy probablemente se alimentaba de plancton.<\/span> <span id=\"gts_text_26\" class=\"gts_text\">Habr\u00eda nadado cerca de la superficie del mar, y beber\u00eda tragos enormes de agua, y filtrar\u00eda hacia fuera el plancton con las dos placas \u00f3seas de la parte posterior de la garganta.<\/span> <span id=\"gts_text_27\" class=\"gts_text\">Si estuviera vivo hoy, \u00a1ser\u00eda el plato fuerte de la carrera de un buceador nadar con uno!<\/span><\/p>\n<p><span id=\"gts_text_28\" class=\"gts_text\"><strong>Im\u00e1genes de Leedsichthys<\/strong><\/span><\/p>\n<p><span id=\"gts_text_29\" class=\"gts_text\">Debido a que al pez problem\u00e1tico de Leeds se lo conoce solo mediante f\u00f3siles, la gente no puede estar exactamente segura de c\u00f3mo luc\u00eda.<\/span> <span id=\"gts_text_30\" class=\"gts_text\">La imagen aqu\u00ed (debido a Bogdanov) muestra la idea del artista.<\/span> <span id=\"gts_text_31\" class=\"gts_text\">Muestra a un asustado pez Leedsichthys que es atacado por otra criatura extinta, un reptil llamado Liopleurodon.<\/span> <span id=\"gts_text_32\" class=\"gts_text\">Puedes encontrar una <a href=\"http:\/\/commons.wikimedia.org\/wiki\/Image:Leedsi%26Liopl_DB.jpg\" target=\"_blank\">versi\u00f3n m\u00e1s grande aqu\u00ed<\/a>.<\/span><\/p>\n","protected":false},"excerpt":{"rendered":"<p>El Leedshichthys era un enorme pez, \u00a1el pez m\u00e1s grande que probablemente nado por los mares alguna vez! Sus huesos fosilizados fueron descubiertos en Inglaterra en 1889 por el coleccionista de f\u00f3siles, Alfred Leeds. El nombre cient\u00edfico completo, Leedsichthys Problematicus, es una mezcla de lat\u00edn y griego. Leedsichthys significa los pez de Leeds, la palabra &hellip; <a href=\"https:\/\/www.big-animals.com\/es\/leedsichthys-problematicus-grande-pez\/\" class=\"more-link\">Continue reading <span class=\"screen-reader-text\">Leedsichthys Problematicus: \u00a1el pez m\u00e1s grande que ha existido!<\/span><\/a><\/p>\n","protected":false},"author":1,"featured_media":0,"parent":0,"menu_order":0,"comment_status":"closed","ping_status":"open","template":"","meta":{"_acf_changed":false,"footnotes":""},"acf":[],"_links":{"self":[{"href":"https:\/\/www.big-animals.com\/es\/wp-json\/wp\/v2\/pages\/308"}],"collection":[{"href":"https:\/\/www.big-animals.com\/es\/wp-json\/wp\/v2\/pages"}],"about":[{"href":"https:\/\/www.big-animals.com\/es\/wp-json\/wp\/v2\/types\/page"}],"author":[{"embeddable":true,"href":"https:\/\/www.big-animals.com\/es\/wp-json\/wp\/v2\/users\/1"}],"replies":[{"embeddable":true,"href":"https:\/\/www.big-animals.com\/es\/wp-json\/wp\/v2\/comments?post=308"}],"version-history":[{"count":2,"href":"https:\/\/www.big-animals.com\/es\/wp-json\/wp\/v2\/pages\/308\/revisions"}],"predecessor-version":[{"id":988,"href":"https:\/\/www.big-animals.com\/es\/wp-json\/wp\/v2\/pages\/308\/revisions\/988"}],"wp:attachment":[{"href":"https:\/\/www.big-animals.com\/es\/wp-json\/wp\/v2\/media?parent=308"}],"curies":[{"name":"wp","href":"https:\/\/api.w.org\/{rel}","templated":true}]}}