{"id":309,"date":"2011-05-09T11:29:50","date_gmt":"2011-05-09T11:29:50","guid":{"rendered":""},"modified":"2013-08-06T05:19:35","modified_gmt":"2013-08-05T21:19:35","slug":"megalodon-grande-tiburon-jamas","status":"publish","type":"page","link":"https:\/\/www.big-animals.com\/es\/megalodon-grande-tiburon-jamas\/","title":{"rendered":"Megalod\u00f3n: \u00a1El Tibur\u00f3n M\u00e1s Grande Que Ha Existido!"},"content":{"rendered":"<p><span class=\"gts_text\" id=\"gts_text_1\"><strong>Megalod\u00f3n y hechos:<\/strong> El Megalod\u00f3n, o megalodonte, es conocido principalmente por sus dientes y v\u00e9rtebras f\u00f3siles; puesto que era un pez cartilaginoso, no ten\u00eda huesos propiamente dichos, y por tanto, no est\u00e1n bien preservados como f\u00f3siles.<\/span> <span class=\"gts_text\" id=\"gts_text_2\">Los cient\u00edficos estiman que creci\u00f3 hasta 16 a 20 metros de largo (55 pies a 70 pies), y pesaba quiz\u00e1s 55000 kilogramos (120000 libras).<\/span><\/p>\n<p><span class=\"gts_text\" id=\"gts_text_3\"><strong>\u00bfQu\u00e9 com\u00eda el Megalod\u00f3n?<\/strong> <img decoding=\"async\" alt=\"\" src=\"http:\/\/ba.dr-mikes-maths.com\/\/wp-content\/themes\/twentyten\/images\/ba\/megalodon-tooth.jpg\" \/><\/span><\/p>\n<p><span class=\"gts_text\" id=\"gts_text_3\">El Megalod\u00f3n era un depredador.<\/span> <span class=\"gts_text\" id=\"gts_text_5\">\u00a1Un diente de Megalod\u00f3n med\u00eda alrededor de 17cm (7 pulgadas) de largo!<\/span> <span class=\"gts_text\" id=\"gts_text_6\">Sumado a esto y a su enorme tama\u00f1o, probablemente su alimento preferido habr\u00eda sido la ballena.<\/span> <span class=\"gts_text\" id=\"gts_text_7\">Probablemente se parec\u00eda mucho al gran tibur\u00f3n blanco; \u00a1solo que cuatro veces m\u00e1s grande!<\/span><\/p>\n<p><span class=\"gts_text\" id=\"gts_text_8\">El Megalodon era un <a href=\"\/Sharks.html\">tibur\u00f3n<\/a>.<\/span> <span class=\"gts_text\" id=\"gts_text_9\">Perteneci\u00f3 a una familia de tiburones denominados tiburones makos o tiburones blancos (Lamnidae).<\/span> <span class=\"gts_text\" id=\"gts_text_10\">Estos tiburones son tiburones de nado veloz que aman comer carne.<\/span> <span class=\"gts_text\" id=\"gts_text_11\">A pesar de su reputaci\u00f3n, incluso el m\u00e1s feroz en raras ocasiones ataca a los seres humanos.<\/span> <span class=\"gts_text\" id=\"gts_text_12\">Prefieren peces, focas y otras criaturas que habitan en los oc\u00e9anos.<\/span> <span class=\"gts_text\" id=\"gts_text_13\">Dado que el Megalod\u00f3n era un Lamnidae,era el <a href=\"\/Cartilaginous-Fish.html\">pez cartilaginoso m\u00e1s grande del mundo que ha existido jam\u00e1s <\/a>,<\/span><\/p>\n<ul>\n<li><span class=\"gts_text\" id=\"gts_text_14\">El tibur\u00f3n mako m\u00e1s grande del mundo que jam\u00e1s haya existido era el Megalod\u00f3n,<\/span><\/li>\n<li><span class=\"gts_text\" id=\"gts_text_15\">El <a href=\"\/Sharks.html\">tibur\u00f3n<\/a> m\u00e1s grande del mundo que ha existido jam\u00e1s era el Megalod\u00f3n,<\/span><\/li>\n<\/ul>\n<p><span class=\"gts_text\" id=\"gts_text_16\">No obstante, despu\u00e9s de eso, el Megalod\u00f3n se pone a un lado en los libros de registro.<\/span> <span class=\"gts_text\" id=\"gts_text_17\">El pez m\u00e1s grande del mundo era el <a href=\"\/Leedsichthys.html\">Leedsichthys<\/a>, y el <a href=\"\/Animals.html\">animal<\/a> y <a href=\"\/Vertebrates.html\">vertebrado<\/a> m\u00e1s grande del mundo que ha existido jam\u00e1s es la <a href=\"\/Blue-Whale.html\">ballena azul<\/a> (\u00a1que <em>es una<\/em> ballena!).<\/span><\/p>\n<p><span class=\"gts_text\" id=\"gts_text_18\"><em>Megalod\u00f3n<\/em> significa \u201cdiente enorme\u201d.<\/span> <span class=\"gts_text\" id=\"gts_text_19\">El nombre cient\u00edfico para designar all Megalod\u00f3n todav\u00eda es discutido por los cient\u00edficos.<\/span> <span class=\"gts_text\" id=\"gts_text_20\">Algunos sienten que debe ser <em>megalodon Carcharodon<\/em>, puesto que es similar al gran tibur\u00f3n blanco (<em>carcharias Carcharodon<\/em>).<\/span> <span class=\"gts_text\" id=\"gts_text_21\">Otros piensan que es lo suficientemente diferente para merecer su propio \u201cg\u00e9nero\u201d, y proponen el nombre <em>megalodon Carcharocles <\/em><em>.<\/em><\/span><\/p>\n<p><span class=\"gts_text\" id=\"gts_text_22\"><strong>Imagen de Megalod\u00f3n:<\/strong> Puesto que el Megalod\u00f3n est\u00e1 extinto, podemos imaginarnos solamente c\u00f3mo luc\u00eda.<\/span> <span class=\"gts_text\" id=\"gts_text_23\"><a href=\"http:\/\/images.google.com\/images?q=megalodon\" target=\"new\">Una b\u00fasqueda de im\u00e1genes de google<\/a> te llevar\u00e1 a algunas de dichas im\u00e1genes, as\u00ed como a muchas fotos reales de los dientes f\u00f3siles del megalod\u00f3n.<\/span><\/p>\n<p><span class=\"gts_text\" id=\"gts_text_24\"><strong>Tibur\u00f3n Megalod\u00f3n vivo:<\/strong> Por supuesto, un depredador tan enorme inspira a que algunos se imaginen todav\u00eda m\u00e1s; hay muchos rumores de avistamientos de Megalod\u00f3n.<\/span> <span class=\"gts_text\" id=\"gts_text_25\">Sin embargo, la investigaci\u00f3n en general prueba que los testigos solo vieron a un gran tibur\u00f3n blanco muy grande.<\/span> <span class=\"gts_text\" id=\"gts_text_26\">Mientras tanto, por supuesto, este enorme depredador tiene su parte en <a href=\"http:\/\/www.amazon.com\/gp\/redirect.html?link_code=ur2&amp;tag=michaelhartleysw&amp;camp=1789&amp;creative=9325&amp;location=\/gp\/search%3F%26index=blended%26keywords=megalodon%26_encoding=UTF8\">libros y pel\u00edculas<\/a>.<\/span> <span class=\"gts_text\" id=\"gts_text_27\">\u00a1Advertencia!<\/span> <span class=\"gts_text\" id=\"gts_text_28\">\u00a1No apto para impresionables!<\/span><\/p>\n","protected":false},"excerpt":{"rendered":"<p>Megalod\u00f3n y hechos: El Megalod\u00f3n, o megalodonte, es conocido principalmente por sus dientes y v\u00e9rtebras f\u00f3siles; puesto que era un pez cartilaginoso, no ten\u00eda huesos propiamente dichos, y por tanto, no est\u00e1n bien preservados como f\u00f3siles. Los cient\u00edficos estiman que creci\u00f3 hasta 16 a 20 metros de largo (55 pies a 70 pies), y pesaba &hellip; <a href=\"https:\/\/www.big-animals.com\/es\/megalodon-grande-tiburon-jamas\/\" class=\"more-link\">Continue reading <span class=\"screen-reader-text\">Megalod\u00f3n: \u00a1El Tibur\u00f3n M\u00e1s Grande Que Ha Existido!<\/span><\/a><\/p>\n","protected":false},"author":1,"featured_media":0,"parent":0,"menu_order":0,"comment_status":"closed","ping_status":"open","template":"","meta":{"_acf_changed":false,"footnotes":""},"acf":[],"_links":{"self":[{"href":"https:\/\/www.big-animals.com\/es\/wp-json\/wp\/v2\/pages\/309"}],"collection":[{"href":"https:\/\/www.big-animals.com\/es\/wp-json\/wp\/v2\/pages"}],"about":[{"href":"https:\/\/www.big-animals.com\/es\/wp-json\/wp\/v2\/types\/page"}],"author":[{"embeddable":true,"href":"https:\/\/www.big-animals.com\/es\/wp-json\/wp\/v2\/users\/1"}],"replies":[{"embeddable":true,"href":"https:\/\/www.big-animals.com\/es\/wp-json\/wp\/v2\/comments?post=309"}],"version-history":[{"count":2,"href":"https:\/\/www.big-animals.com\/es\/wp-json\/wp\/v2\/pages\/309\/revisions"}],"predecessor-version":[{"id":577,"href":"https:\/\/www.big-animals.com\/es\/wp-json\/wp\/v2\/pages\/309\/revisions\/577"}],"wp:attachment":[{"href":"https:\/\/www.big-animals.com\/es\/wp-json\/wp\/v2\/media?parent=309"}],"curies":[{"name":"wp","href":"https:\/\/api.w.org\/{rel}","templated":true}]}}