{"id":310,"date":"2011-05-09T11:30:23","date_gmt":"2011-05-09T11:30:23","guid":{"rendered":""},"modified":"2014-08-27T05:02:47","modified_gmt":"2014-08-26T21:02:47","slug":"midgardia-xandaros-mundo-grande-estrellas-de-mar","status":"publish","type":"page","link":"https:\/\/www.big-animals.com\/es\/midgardia-xandaros-mundo-grande-estrellas-de-mar\/","title":{"rendered":"Midgardia Xandaros: la estrella de mar m\u00e1s grande del mundo"},"content":{"rendered":"<p><span id=\"gts_text_1\" class=\"gts_text\"><strong>\u00bfQu\u00e9 es una Midgardia Xandaros?<\/strong><\/span><\/p>\n<p><span id=\"gts_text_2\" class=\"gts_text\">Una Midgardia Xandaros es una estrella de mar cuyos brazos son m\u00e1s largos que los de cualquier otra estrella de mar, \u00a1en el mundo entero!<\/span> <span id=\"gts_text_3\" class=\"gts_text\">Es miembro de un grupo de estrellas de mar denominadas <em>Brisingida<\/em>.<\/span> <span id=\"gts_text_4\" class=\"gts_text\">Algunas caracter\u00edsticas especiales de los bris\u00edngidos son:<\/span><\/p>\n<ul>\n<li><span id=\"gts_text_5\" class=\"gts_text\">Por lo general tienen m\u00e1s de cinco brazos; \u00a1la <em>Midgardia Xandaros<\/em> puede tener hasta doce!<\/span><\/li>\n<li><span id=\"gts_text_6\" class=\"gts_text\">Normalmente viven en aguas muy profundas: Se ha encontrado <em>Midgardia<\/em> a alrededor de 600 metros (2000 pies) de profundidad en el Golfo de M\u00e9xico.\u00a0<\/span> <span id=\"gts_text_7\" class=\"gts_text\">Para un buceador, el r\u00e9cord mundial es de solo la mitad, as\u00ed que puedes imaginar lo dif\u00edcil que es conseguir im\u00e1genes de la <em>Midgardia<\/em> viva.<\/span><\/li>\n<li><span id=\"gts_text_8\" class=\"gts_text\">Los bris\u00edngidos se alimentan levantando algunas de las patas hacia arriba, entonces, algunos pelos tipo velcro atrapan peque\u00f1as part\u00edculas comestibles.<\/span><\/li>\n<\/ul>\n<p><span id=\"gts_text_9\" class=\"gts_text\">Debido a que la Midgardia Xandaros es la estrella de mar m\u00e1s grande del mundo, es asimismo el bris\u00edngido m\u00e1s grande del mundo.<\/span> <span id=\"gts_text_10\" class=\"gts_text\">\u00a1De hecho, es el <a title=\"\u00a1Los equinodermos m\u00e1s grandes del mundo!\" href=\"http:\/\/www.big-animals.com\/es\/mundo-grande-equinodermos\/\">Equinodermo<\/a> m\u00e1s grande del mundo de cualquier tipo!<\/span><\/p>\n<p><span id=\"gts_text_11\" class=\"gts_text\"><strong>\u00bfC\u00f3mo es de grande la Midgardia Xandaros?<\/strong><\/span><\/p>\n<p><span id=\"gts_text_12\" class=\"gts_text\">La Midgardia tiene brazos muy largos, \u00a1y un cuerpo min\u00fasculo!<\/span> <span id=\"gts_text_13\" class=\"gts_text\">Aunque cada brazo mida 67cm (aproximadamente dos pies) de largo, \u00a1su cuerpo mide solamente una pulgada (2,6cm)!<\/span> <span id=\"gts_text_14\" class=\"gts_text\">Debido a eso, la Midgardia no tiene el r\u00e9cord de ser la estrella de mar de mayor peso; ese r\u00e9cord lo tienen las estrella de mar &#8220;Catala&#8221;, tambi\u00e9n conocidas como estrellas de mar &#8220;gordas&#8221;.<\/span> <span id=\"gts_text_15\" class=\"gts_text\">A\u00fan as\u00ed, debido a sus medidas, \u00a1la Midgardia ser\u00eda un espect\u00e1culo digo de ser visto!<\/span><\/p>\n<p><span id=\"gts_text_16\" class=\"gts_text\"><strong>\u00bfQu\u00e9 m\u00e1s se sabe sobre la Midgardia Xandaros?<\/strong><\/span><\/p>\n<p><span id=\"gts_text_17\" class=\"gts_text\">La Midgardia fue descubierta en 1970 en el Golfo de M\u00e9xico, pero muy poco se sabe sobre sus h\u00e1bitos, ciclo vital o n\u00fameros, excepto de lo que se puede conjeturar del hecho de que es un bris\u00edngido.<\/span> <span id=\"gts_text_18\" class=\"gts_text\">Ni siquiera tiene un nombre com\u00fan; solo su nombre cient\u00edfico, <em>Midgardia Xandaros<\/em>.<\/span> <span id=\"gts_text_19\" class=\"gts_text\">Nadie ha intentado estudiar la Midgardia o ha podido capturar un ejemplar vivo o la ha filmado en su h\u00e1bitat natural.<\/span> <span id=\"gts_text_20\" class=\"gts_text\">Ello se debe a que la Midgardia vive a tanta profundidad que es dif\u00edcil de estudiar.<\/span> <span id=\"gts_text_21\" class=\"gts_text\">Incre\u00edblemente, mucho de lo que tiene que ver con el oc\u00e9ano se encuentra a gran profundidad.<\/span> <span id=\"gts_text_22\" class=\"gts_text\">El hecho de que conozcamos tan poco sobre dicha estrella de mar que rompe r\u00e9cords demuestra que conocemos muy poco sobre la mayor parte del oc\u00e9ano.<\/span> <span id=\"gts_text_23\" class=\"gts_text\">\u00bfTal vez existan estrellas de mar m\u00e1s grandes esperando a ser descubiertas?<\/span><\/p>\n","protected":false},"excerpt":{"rendered":"<p>\u00bfQu\u00e9 es una Midgardia Xandaros? Una Midgardia Xandaros es una estrella de mar cuyos brazos son m\u00e1s largos que los de cualquier otra estrella de mar, \u00a1en el mundo entero! Es miembro de un grupo de estrellas de mar denominadas Brisingida. Algunas caracter\u00edsticas especiales de los bris\u00edngidos son: Por lo general tienen m\u00e1s de cinco &hellip; <a href=\"https:\/\/www.big-animals.com\/es\/midgardia-xandaros-mundo-grande-estrellas-de-mar\/\" class=\"more-link\">Continue reading <span class=\"screen-reader-text\">Midgardia Xandaros: la estrella de mar m\u00e1s grande del mundo<\/span><\/a><\/p>\n","protected":false},"author":1,"featured_media":0,"parent":0,"menu_order":0,"comment_status":"closed","ping_status":"open","template":"","meta":{"_acf_changed":false,"footnotes":""},"acf":[],"_links":{"self":[{"href":"https:\/\/www.big-animals.com\/es\/wp-json\/wp\/v2\/pages\/310"}],"collection":[{"href":"https:\/\/www.big-animals.com\/es\/wp-json\/wp\/v2\/pages"}],"about":[{"href":"https:\/\/www.big-animals.com\/es\/wp-json\/wp\/v2\/types\/page"}],"author":[{"embeddable":true,"href":"https:\/\/www.big-animals.com\/es\/wp-json\/wp\/v2\/users\/1"}],"replies":[{"embeddable":true,"href":"https:\/\/www.big-animals.com\/es\/wp-json\/wp\/v2\/comments?post=310"}],"version-history":[{"count":2,"href":"https:\/\/www.big-animals.com\/es\/wp-json\/wp\/v2\/pages\/310\/revisions"}],"predecessor-version":[{"id":1004,"href":"https:\/\/www.big-animals.com\/es\/wp-json\/wp\/v2\/pages\/310\/revisions\/1004"}],"wp:attachment":[{"href":"https:\/\/www.big-animals.com\/es\/wp-json\/wp\/v2\/media?parent=310"}],"curies":[{"name":"wp","href":"https:\/\/api.w.org\/{rel}","templated":true}]}}