{"id":311,"date":"2011-05-09T11:33:53","date_gmt":"2011-05-09T11:33:53","guid":{"rendered":""},"modified":"2014-02-21T21:39:25","modified_gmt":"2014-02-21T13:39:25","slug":"jirafa-mundo-alto-animal","status":"publish","type":"page","link":"https:\/\/www.big-animals.com\/es\/jirafa-mundo-alto-animal\/","title":{"rendered":"\u00a1La jirafa &#8211; el animal m\u00e1s alto del mundo!"},"content":{"rendered":"<p>La jirafa es el\u00a0<a href=\"http:\/\/www.big-animals.com\/Animals.html\">animal<\/a>\u00a0viviente m\u00e1s alto del mundo, una jirafa macho puede crecer hasta 16-18 pies de altura (4,9 &#8211; 5,5 metros).\u00a0\u00a1La jirafa m\u00e1s alta med\u00eda 19,2 pies!.\u00a0Los cient\u00edficos tambi\u00e9n la llaman\u00a0Giraffa Camelopardus.\u00a0\u00a0La palabra \u201cjirafa\u201d viene de la palabra \u00e1rabe \u201calto\u201d.\u00a0En \u00e9pocas antiguas, se la llamaba \u201ccamello leopardo\u201d, debido a las manchas parecidas a las del leopardo y a la vez y su caminar como el del camello.\u00a0La jirafa es muy alta, y por eso tiene algunas otras caracter\u00edsticas especiales.<\/p>\n<figure id=\"attachment_1074\" aria-describedby=\"caption-attachment-1074\" style=\"width: 222px\" class=\"wp-caption alignleft\"><a href=\"http:\/\/www.big-animals.com\/wp-content\/uploads\/2008\/12\/Giraffe.jpg\"><img loading=\"lazy\" decoding=\"async\" class=\"size-medium wp-image-1074\" title=\"La jirafa es el animal m\u00e1s alto del mundo\" alt=\"La jirafa es el animal m\u00e1s alto del mundo\" src=\"http:\/\/www.big-animals.com\/wp-content\/uploads\/2008\/12\/Giraffe-222x300.jpg\" width=\"222\" height=\"300\" \/><\/a><figcaption id=\"caption-attachment-1074\" class=\"wp-caption-text\">\u00a1La jirafa es el animal m\u00e1s alto del mundo!<\/figcaption><\/figure>\n<p>En primer lugar, para bombear sangre por todo su cuello hasta el cerebro, la jirafa necesita un coraz\u00f3n muy fuerte.\u00a0De hecho, su coraz\u00f3n pesa 26 libras (12 kilogramos), haci\u00e9ndole \u00a1el coraz\u00f3n m\u00e1s grande del reino animal!.\u00a0Tambi\u00e9n, tiene vasos sangu\u00edneos especiales en su cabeza \u00a1para evitar que se desmaye cuando levanta su cabeza repentinamente!<\/p>\n<p>Cuando hay una jirafa en un zool\u00f3gico, a veces es la cosa m\u00e1s alta en todo el parque.\u00a0Eso significa que es el m\u00e1s probable de ser \u00a1fulminado por un rayo durante una tormenta el\u00e9ctrica!.<\/p>\n<p>En la vida salvaje, las jirafas viven entre los \u00e1rboles que son m\u00e1s altos que ellas &#8211; y adem\u00e1s, en los lugares donde viven, hay mucho menos rel\u00e1mpagos que la mayor\u00eda de los otros lugares en el mundo.<\/p>\n<p><span class=\"gts_text\" id=\"gts_text_13\">La imagen debajo de demostraciones c\u00f3mo es grande una jirafa est\u00e1 en relaci\u00f3n con un ser humano t\u00edpico.<\/span><\/p>\n<h3><span class=\"gts_text\" id=\"gts_text_14\">El cuello de la jirafa<\/span><\/h3>\n<p>La jirafa tiene un cuello muy largo, pero tiene el mismo n\u00famero de huesos que el cuello de un ser humano &#8211; siete.\u00a0\u00a1\u00c9sta es la mitad del n\u00famero de huesos que tiene el cuello de un colibr\u00ed!\u00a0Sin embargo, las articulaciones entre los huesos son muy flexibles.<\/p>\n<p>Las jirafas a veces se frotan los cuellos juntos.\u00a0Esto puede ser un gesto amistoso, o puede ser parte de lucha.<\/p>\n<figure id=\"attachment_1077\" aria-describedby=\"caption-attachment-1077\" style=\"width: 198px\" class=\"wp-caption alignright\"><a href=\"http:\/\/www.big-animals.com\/wp-content\/uploads\/2008\/12\/giraffe-and-human1.png\"><img loading=\"lazy\" decoding=\"async\" class=\"size-medium wp-image-1077\" title=\"Jirafa y ser humano\" alt=\"Jirafa y ser humano\" src=\"http:\/\/www.big-animals.com\/wp-content\/uploads\/2008\/12\/giraffe-and-human1-198x300.png\" width=\"198\" height=\"300\" \/><\/a><figcaption id=\"caption-attachment-1077\" class=\"wp-caption-text\">Humano y jirafa<\/figcaption><\/figure>\n<h3><span class=\"gts_text\" id=\"gts_text_20\">La lengua de la jirafa<\/span><\/h3>\n<p>La lengua de la jirafa es \u00a0notable pero antes que nada, muy larga, cerca de 18-20 pulgadas (unos 45-50 cms).\u00a0Cuando las piernas largas y cuello largo no son suficientes, utiliza su lengua larga para ayudarle a alcanzar las hojas que crecen en lo alto del \u00e1rbol.\u00a0Su lengua tambi\u00e9n es \u00fatil para perseguir o limpiarse\u00a0la cara de los insectos.<\/p>\n<p>A la jirafa le gusta toda clase de plantas, pero algunos de sus favoritos son muy espinosas.\u00a0\u00a1Debido a esto, su lengua es tambi\u00e9n muy muy dura, de modo que no se da\u00f1e durante el almuerzo!<\/p>\n<h3><span class=\"gts_text\" id=\"gts_text_26\">Los cuernos de la jirafa<\/span><\/h3>\n<p>Los cuernecillos de la jirafa se hacen del\u00a0cart\u00edlago\u00a0endurecido &#8211; como la materia que da forma a nuestra nariz, pero aun m\u00e1s duro. Los cuernos est\u00e1n cubiertos por piel.\u00a0Los cuernos de una jirafa hembra son m\u00e1s cortos que los de un macho, y tienden a tener pelo encima.<\/p>\n<h3><span class=\"gts_text\" id=\"gts_text_30\">H\u00e1bitat y dieta de la jirafa<\/span><\/h3>\n<p>A las jirafas les gustan zonas abiertas con \u00e1rboles dispersados &#8211; especialmente \u00e1rboles de la acacia.\u00a0Comen las hojas de los \u00e1rboles, las digieren durante alg\u00fan tiempo, despu\u00e9s (como las vacas) las regurgitan medias digeridas (el &#8220;bolo alimenticio\u201d) as\u00ed que puedan masticarlas m\u00e1s y digerirlas otra vez en otra parte del est\u00f3mago.\u00a0Debido a este h\u00e1bito, se clasifican las jirafas (con las vacas) como \u201crumiantes\u201d.<\/p>\n<p>Las jirafas pueden vivir en los mismos lugares con animales de granja, porque ellas prefieren comer las hojas que los dem\u00e1s no puede alcanzar.\u00a0Sin embargo, si los granjeros quitan todos los \u00e1rboles de un \u00e1rea, la jirafa est\u00e1 en problemas.\u00a0Aunque las jirafas no est\u00e9n en peligro de extinci\u00f3n, en algunas partes de \u00c1frica, sus n\u00fameros han bajado.<\/p>\n<h3><span class=\"gts_text\" id=\"gts_text_37\">Los otros hechos e informaci\u00f3n de la jirafa<\/span><\/h3>\n<p>La jirafa necesita de muy poco sue\u00f1o &#8211; solamente unos dos horas por d\u00eda, con siestas muy cortas durante el d\u00eda.\u00a0Aunque las jirafas parezcan muy reservadas, en realidad hacen diversos sonidos &#8211; toses, ronquidos, balidos, silbidos &#8211; y mucho m\u00e1s sonidos que los seres humanos no son capaces de o\u00edr porque son demasiado bajos.<\/p>\n<p>Los cient\u00edficos pusieron a las jirafas en una familia de mam\u00edferos llamada\u00a0Giraffidae.\u00a0Hay solamente dos tipos de Giraffidae vivientes hoy, la jirafa en s\u00ed misma, y el okapi (un animal hermoso, y el \u00fanico mam\u00edfero que puede lamerse los o\u00eddos).\u00a0Giraffidae son rumiantes, que a su vez son de la \u201corden\u201d\u00a0Artiodactyla (los\u00a0<b>artiod\u00e1ctilos)<\/b>, o \u201cpezu\u00f1as pares ungulados&#8221;.<\/p>\n<p>As\u00ed pues, las jirafas son<\/p>\n<ul>\n<li>Los girrafids m\u00e1s grandes del mundo &#8211; es decir, son m\u00e1s grande que okap\u00edes<\/li>\n<li>Los rumiantes m\u00e1s grandes del mundo &#8211; es decir, el m\u00e1s grande entre los casi 200 tipos de animales que mastican su bolo alimenticio<\/li>\n<li>El m\u00e1s alto de los casi 230 tipos de \u201cpezu\u00f1as pares\u00a0ungulados&#8221; del mundo &#8211; pero no lo m\u00e1s pesado, porque un\u00a0<a href=\"http:\/\/www.big-animals.com\/hippopotamus\/\">hipop\u00f3tamo<\/a>\u00a0pesa casi como una jirafa<\/li>\n<li>El m\u00e1s alto de los 5400 tipos de\u00a0<a href=\"http:\/\/www.big-animals.com\/Mammals.html\">mam\u00edfero<\/a>\u00a0en el mundo<\/li>\n<\/ul>\n<p><span class=\"gts_text\" id=\"gts_text_48\">Adem\u00e1s como ser el <a href=\"\/Animals.html\">animal<\/a> vivo m\u00e1s alto del mundo.<\/span><\/p>\n<p>Cuando una jirafa quiere correr, puede correr muy r\u00e1pidamente.\u00a0Gracias a sus piernas largas, puede alcanzar velocidades de 35 mph (55 kil\u00f3metros por hora).\u00a0La mayor\u00eda de los animales cuadr\u00fapedos, cuando corren, se muevan una pierna de cada lado opuesto a la vez, como la pierna izquierda delantera y la pierna derecha trasera.\u00a0\u00a1Si la jirafa intentara esto, le har\u00eda una zancadilla a s\u00ed mismo!\u00a0Al contrario de como los animales normalmente caminan, la jirafa se mueve las dos piernas izquierdas adelante, despu\u00e9s las piernas a la derechas &#8211; dando unos pasos a 15 pies (5 metros) de largo.<\/p>\n<div style=\"text-align: center\">\n<figure id=\"attachment_1078\" aria-describedby=\"caption-attachment-1078\" style=\"width: 475px\" class=\"wp-caption aligncenter\"><a href=\"http:\/\/www.big-animals.com\/wp-content\/uploads\/2008\/12\/GiraffeHead.jpg\"><img loading=\"lazy\" decoding=\"async\" class=\"size-large wp-image-1078   \" title=\"Esta fotograf\u00eda de la jirafa est\u00e1 al lado de corvej\u00f3n de Cody del fot\u00f3grafo de Michigan\" alt=\"Esta fotograf\u00eda de la jirafa est\u00e1 al lado de corvej\u00f3n de Cody del fot\u00f3grafo de Michigan\" src=\"http:\/\/www.big-animals.com\/wp-content\/uploads\/2008\/12\/GiraffeHead-791x1024.jpg\" width=\"475\" height=\"614\" \/><\/a><figcaption id=\"caption-attachment-1078\" class=\"wp-caption-text\">Esta foto es por el fot\u00f3grafo Cody Hough quien es de Michigan<\/figcaption><\/figure>\n<\/div>\n","protected":false},"excerpt":{"rendered":"<p>La jirafa es el\u00a0animal\u00a0viviente m\u00e1s alto del mundo, una jirafa macho puede crecer hasta 16-18 pies de altura (4,9 &#8211; 5,5 metros).\u00a0\u00a1La jirafa m\u00e1s alta med\u00eda 19,2 pies!.\u00a0Los cient\u00edficos tambi\u00e9n la llaman\u00a0Giraffa Camelopardus.\u00a0\u00a0La palabra \u201cjirafa\u201d viene de la palabra \u00e1rabe \u201calto\u201d.\u00a0En \u00e9pocas antiguas, se la llamaba \u201ccamello leopardo\u201d, debido a las manchas parecidas a las &hellip; <a href=\"https:\/\/www.big-animals.com\/es\/jirafa-mundo-alto-animal\/\" class=\"more-link\">Continue reading <span class=\"screen-reader-text\">\u00a1La jirafa &#8211; el animal m\u00e1s alto del mundo!<\/span><\/a><\/p>\n","protected":false},"author":1,"featured_media":0,"parent":0,"menu_order":0,"comment_status":"closed","ping_status":"open","template":"","meta":{"_acf_changed":false,"footnotes":""},"acf":[],"_links":{"self":[{"href":"https:\/\/www.big-animals.com\/es\/wp-json\/wp\/v2\/pages\/311"}],"collection":[{"href":"https:\/\/www.big-animals.com\/es\/wp-json\/wp\/v2\/pages"}],"about":[{"href":"https:\/\/www.big-animals.com\/es\/wp-json\/wp\/v2\/types\/page"}],"author":[{"embeddable":true,"href":"https:\/\/www.big-animals.com\/es\/wp-json\/wp\/v2\/users\/1"}],"replies":[{"embeddable":true,"href":"https:\/\/www.big-animals.com\/es\/wp-json\/wp\/v2\/comments?post=311"}],"version-history":[{"count":2,"href":"https:\/\/www.big-animals.com\/es\/wp-json\/wp\/v2\/pages\/311\/revisions"}],"predecessor-version":[{"id":880,"href":"https:\/\/www.big-animals.com\/es\/wp-json\/wp\/v2\/pages\/311\/revisions\/880"}],"wp:attachment":[{"href":"https:\/\/www.big-animals.com\/es\/wp-json\/wp\/v2\/media?parent=311"}],"curies":[{"name":"wp","href":"https:\/\/api.w.org\/{rel}","templated":true}]}}