{"id":312,"date":"2011-05-09T11:34:06","date_gmt":"2011-05-09T11:34:06","guid":{"rendered":""},"modified":"2014-02-11T18:56:34","modified_gmt":"2014-02-11T10:56:34","slug":"cangrejo-gigante-japones","status":"publish","type":"page","link":"https:\/\/www.big-animals.com\/es\/cangrejo-gigante-japones\/","title":{"rendered":"El cangrejo gigante japon\u00e9s"},"content":{"rendered":"<h3><span class=\"gts_text\" id=\"gts_text_1\">\u00bfQu\u00e9 es el cangrejo gigante japon\u00e9s?<\/span><\/h3>\n<p><span class=\"gts_text\" id=\"gts_text_2\">El cangrejo gigante japon\u00e9s es el <a title=\"Los artr\u00f3podos m\u00e1s grandes del mundo\" href=\"http:\/\/www.big-animals.com\/es\/the-worlds-biggest-arthropods\/\">artr\u00f3podo<\/a> m\u00e1s grande del mundo.<\/span> <span class=\"gts_text\" id=\"gts_text_3\">\u00a1Sus largas y delgadas patas hacen que parezcan ara\u00f1as!<\/span>\u00a0Esta es\u00a0<span class=\"gts_text\" id=\"gts_text_4\">una imagen:<\/span><\/p>\n<div style=\"text-align: center\"><img decoding=\"async\" class=\" gts_attribute gts_attribute_1_alt\" style=\"width: 500px;height: 405px\" alt=\"Cangrejo de ara\u00f1a japon\u00e9s en el mundo subacu\u00e1tico de Singapur en la isla de Sentosa\" src=\"http:\/\/ba.dr-mikes-maths.com\/\/wp-content\/themes\/twentyten\/images\/ba\/japanese-spider-crab-in-singapore.jpg\" \/><br \/>\n<span style=\"font-weight: bold\"><span class=\"gts_text\" id=\"gts_text_5\">El cangrejo gigante japon\u00e9s es el <a title=\"\u00a1Los crust\u00e1ceos m\u00e1s grandes del mundo!\" href=\"http:\/\/www.big-animals.com\/es\/mundo-grande-crustaceos\/\">crust\u00e1ceo<\/a>\u00a0y el artr\u00f3podo m\u00e1s grande del mundo.<\/span> <span class=\"gts_text\" id=\"gts_text_6\">Esta foto fue hecha en el &#8220;Underwater World&#8221; [<em>Mundo subacu\u00e1tico<\/em>] de Singapur en la Isla Sentosa<\/span><\/span><\/div>\n<p><span class=\"gts_text\" id=\"gts_text_7\">El cangrejo gigante japon\u00e9s puede pesar hasta 20 kg (44 libras) y cuando se encuentra completamente extendido \u00a1puede medir 4 metros (13 pies) de la punta de una pata a la otra!<\/span> <span class=\"gts_text\" id=\"gts_text_8\">Su cuerpo es peque\u00f1o comparado con sus patas, sin embargo, puede llegar a medir 60 cm (2 pies).<\/span> <span class=\"gts_text\" id=\"gts_text_9\">Tiene 10 patas y utiliza las dos patas delanteras como pinzas para alimentarse.<\/span> <span class=\"gts_text\" id=\"gts_text_10\">Aunque es el <a title=\"\u00a1Los crust\u00e1ceos m\u00e1s grandes del mundo!\" href=\"http:\/\/www.big-animals.com\/es\/mundo-grande-crustaceos\/\">crust\u00e1ceo<\/a> m\u00e1s grande del mundo, no es el m\u00e1s pesado porque la <a title=\"La Langosta Americana: El Artr\u00f3podo M\u00e1s Pesado del Mundo\" href=\"http:\/\/www.big-animals.com\/es\/americano-langosta-mundo-pesado-artropodo\/\">langosta americana<\/a> pesa m\u00e1s.<\/span><\/p>\n<h3><span class=\"gts_text\" id=\"gts_text_11\">\u00bfD\u00f3nde vive el cangrejo gigante japon\u00e9s?<\/span><\/h3>\n<p><span class=\"gts_text\" id=\"gts_text_12\">El cangrejo gigante japon\u00e9s se encuentra en el Oc\u00e9ano Pac\u00edfico cerca de Jap\u00f3n.<\/span> <span class=\"gts_text\" id=\"gts_text_13\">Pasa la mayor parte de su tiempo debajo del agua; puede vivir en el agua, a una profundidad de 200-300 metros (220-330 yardas). P<\/span><span class=\"gts_text\" id=\"gts_text_14\">uede vivir hasta 100 a\u00f1os.<\/span> <span class=\"gts_text\" id=\"gts_text_15\">Tiene un cuerpo anaranjado con puntos blancos en sus delgadas patas.<\/span> <span class=\"gts_text\" id=\"gts_text_16\">Sus ojos est\u00e1n delante y dos pinchos sobresalen entre ellos.<\/span> <span class=\"gts_text\" id=\"gts_text_17\">Durante la primavera pone huevos en el agua, a una profundidad de 50 metros (165 pies).<\/span> <span class=\"gts_text\" id=\"gts_text_18\">Come plantas, algas, y peque\u00f1os pescados.<\/span> <span class=\"gts_text\" id=\"gts_text_19\">Sus patas largas le ayudan a moverse r\u00e1pidamente para atrapar a su presa.<\/span><\/p>\n<h3><span class=\"gts_text\" id=\"gts_text_20\">\u00bfQu\u00e9 es un cangrejo ara\u00f1a?<\/span><\/h3>\n<p><span class=\"gts_text\" id=\"gts_text_21\">Existen aproximadamente 700 tipos de cangrejos ara\u00f1a en el mundo: tienen caparazones triangulares y, por lo general, tienen patas largas.<\/span> <span class=\"gts_text\" id=\"gts_text_22\">\u00c9stos constituyen aproximadamente el 10% de las especies conocidas de cangrejos. Los cient\u00edficos les denominan<\/span>\u00a0<span style=\"font-style: italic\"><span class=\"gts_text\" id=\"gts_text_23\">Brachyura<\/span><\/span><span class=\"gts_text\" id=\"gts_text_24\">, que significa \u201ccola corta\u201d.<\/span> <span class=\"gts_text\" id=\"gts_text_25\">Los cangrejos son crust\u00e1ceos que tienen una cola corta o, directamente, no tienen.<\/span> <span class=\"gts_text\" id=\"gts_text_26\">Los cangrejos forman junto con las langostas y los camarones un grupo llamado<\/span> <span style=\"font-style: italic\"><span class=\"gts_text\" id=\"gts_text_27\">Dec\u00e1podos<\/span><\/span> <span class=\"gts_text\" id=\"gts_text_28\">(diez pies), y tambi\u00e9n pertenecen a un grupo mayor de crust\u00e1ceos junto con aproximadamente 22.000 especies.<\/span> <span class=\"gts_text\" id=\"gts_text_29\">Asombrosamente, \u00a1el nombre de este \u00faltimo grupo (<\/span><span style=\"font-style: italic\"><span class=\"gts_text\" id=\"gts_text_30\">Malacostrata<\/span><\/span><span class=\"gts_text\" id=\"gts_text_31\">) significa en realidad \u201ccaparaz\u00f3n suave\u201d!<\/span>\u00a0Los\u00a0<span class=\"gts_text\" id=\"gts_text_32\">Malacostr\u00e1ceos son crust\u00e1ceos, y los crust\u00e1ceos se agrupan con las ara\u00f1as, los insectos, los milpi\u00e9s y los escorpiones en un filo llamado<\/span> <span style=\"font-style: italic\"><span class=\"gts_text\" id=\"gts_text_33\">Artr\u00f3podos<\/span><\/span><span class=\"gts_text\" id=\"gts_text_34\">.<\/span><\/p>\n<p><span class=\"gts_text\" id=\"gts_text_35\">Por lo tanto el cangrejo gigante japon\u00e9s, adem\u00e1s de ser el artr\u00f3podo m\u00e1s grande del mundo, es:<\/span><\/p>\n<ul>\n<li><span class=\"gts_text\" id=\"gts_text_36\">El <a title=\"\u00a1Los crust\u00e1ceos m\u00e1s grandes del mundo!\" href=\"http:\/\/www.big-animals.com\/es\/mundo-grande-crustaceos\/\">crust\u00e1ceo<\/a>\u00a0m\u00e1s grande del mundo,<\/span><\/li>\n<li><span class=\"gts_text\" id=\"gts_text_36\"><\/span><span class=\"gts_text\" id=\"gts_text_37\">el Malacostrata m\u00e1s grande del mundo,<\/span><\/li>\n<li><span class=\"gts_text\" id=\"gts_text_38\">el dec\u00e1podo m\u00e1s grande del mundo,<\/span><\/li>\n<li><span class=\"gts_text\" id=\"gts_text_39\">el cangrejo m\u00e1s grande y pesado del mundo, y<\/span><\/li>\n<li><span class=\"gts_text\" id=\"gts_text_40\">el cangrejo m\u00e1s grande y pesado de los cangrejos ara\u00f1as.<\/span><\/li>\n<\/ul>\n<p><span class=\"gts_text\" id=\"gts_text_41\">No es el artr\u00f3podo, crust\u00e1ceo o dec\u00e1podo m\u00e1s pesado; ese premio se lo lleva la corpulenta langosta americana, que pesa m\u00e1s que el cangrejo gigante japon\u00e9s por 2 kg (4,5 libras).<\/span><\/p>\n<h3><span class=\"gts_text\" id=\"gts_text_42\">El cangrejo gigante japon\u00e9s y el ser humano<\/span><\/h3>\n<p><span class=\"gts_text\" id=\"gts_text_43\">El cangrejo gigante japon\u00e9s constituye una fuente de alimento para el ser humano.<\/span> <span class=\"gts_text\" id=\"gts_text_44\">Se le considera un manjar en diferentes partes de Jap\u00f3n, en donde se sala y se cocina al vapor.<\/span> <span class=\"gts_text\" id=\"gts_text_45\">Desgraciadamente, en algunos lugares se han capturado demasiados, y el n\u00famero de cangrejos gigantes japoneses est\u00e1 disminuyendo.<\/span> <span class=\"gts_text\" id=\"gts_text_46\">Hoy en d\u00eda, se est\u00e1 intentando proteger al cangrejo gigante japon\u00e9s para que no se extinga; por ejemplo, a los pescadores no se les permite capturarlo durante la primavera, cuando pone sus huevos.<\/span> <span class=\"gts_text\" id=\"gts_text_47\">Los cangrejos gigantes japoneses son muy mansos y populares en los grandes acuarios.<\/span><\/p>\n","protected":false},"excerpt":{"rendered":"<p>\u00bfQu\u00e9 es el cangrejo gigante japon\u00e9s? El cangrejo gigante japon\u00e9s es el artr\u00f3podo m\u00e1s grande del mundo. \u00a1Sus largas y delgadas patas hacen que parezcan ara\u00f1as!\u00a0Esta es\u00a0una imagen: El cangrejo gigante japon\u00e9s es el crust\u00e1ceo\u00a0y el artr\u00f3podo m\u00e1s grande del mundo. Esta foto fue hecha en el &#8220;Underwater World&#8221; [Mundo subacu\u00e1tico] de Singapur en la &hellip; <a href=\"https:\/\/www.big-animals.com\/es\/cangrejo-gigante-japones\/\" class=\"more-link\">Continue reading <span class=\"screen-reader-text\">El cangrejo gigante japon\u00e9s<\/span><\/a><\/p>\n","protected":false},"author":1,"featured_media":0,"parent":0,"menu_order":0,"comment_status":"closed","ping_status":"open","template":"","meta":{"_acf_changed":false,"footnotes":""},"acf":[],"_links":{"self":[{"href":"https:\/\/www.big-animals.com\/es\/wp-json\/wp\/v2\/pages\/312"}],"collection":[{"href":"https:\/\/www.big-animals.com\/es\/wp-json\/wp\/v2\/pages"}],"about":[{"href":"https:\/\/www.big-animals.com\/es\/wp-json\/wp\/v2\/types\/page"}],"author":[{"embeddable":true,"href":"https:\/\/www.big-animals.com\/es\/wp-json\/wp\/v2\/users\/1"}],"replies":[{"embeddable":true,"href":"https:\/\/www.big-animals.com\/es\/wp-json\/wp\/v2\/comments?post=312"}],"version-history":[{"count":13,"href":"https:\/\/www.big-animals.com\/es\/wp-json\/wp\/v2\/pages\/312\/revisions"}],"predecessor-version":[{"id":874,"href":"https:\/\/www.big-animals.com\/es\/wp-json\/wp\/v2\/pages\/312\/revisions\/874"}],"wp:attachment":[{"href":"https:\/\/www.big-animals.com\/es\/wp-json\/wp\/v2\/media?parent=312"}],"curies":[{"name":"wp","href":"https:\/\/api.w.org\/{rel}","templated":true}]}}