{"id":314,"date":"2011-05-09T11:34:33","date_gmt":"2011-05-09T11:34:33","guid":{"rendered":""},"modified":"2014-10-03T20:45:17","modified_gmt":"2014-10-03T12:45:17","slug":"avestruz-mundo-grande-ave","status":"publish","type":"page","link":"https:\/\/www.big-animals.com\/es\/avestruz-mundo-grande-ave\/","title":{"rendered":"El avestruz: \u00a1El ave m\u00e1s grande del mundo!"},"content":{"rendered":"<h3><span id=\"gts_text_1\" class=\"gts_text\">\u00bfCu\u00e1l es el tama\u00f1o de un avestruz?<\/span><\/h3>\n<p><span id=\"gts_text_2\" class=\"gts_text\">El avestruz africano es el\u00a0<a title=\"\u00a1Las aves m\u00e1s grandes del mundo!\" href=\"http:\/\/www.big-animals.com\/es\/mundo-grandes-aves\/\">ave<\/a> m\u00e1s grande del mundo en todos los aspectos.<\/span> <span id=\"gts_text_3\" class=\"gts_text\">Los avestruces\u00a0<\/span><span class=\"gts_text\">m\u00e1s grandes viven en \u00c1frica del Norte, y crecen hasta <\/span><span class=\"gts_text\">aproximadamente 2,75 metros de alto (9 pies).<\/span>\u00a0\u00a1<span id=\"gts_text_4\" class=\"gts_text\">Pueden pesar m\u00e1s de 150 kilogramos (340 libras)!<\/span><\/p>\n<p><img loading=\"lazy\" decoding=\"async\" class=\"alignright\" style=\"width: 389px;height: 417px\" title=\"un ser humano t\u00edpico al lado de una avestruz t\u00edpica\" src=\"http:\/\/ba.dr-mikes-maths.com\/\/wp-content\/themes\/twentyten\/images\/ba\/ostrich-and-human.png\" alt=\"una imagen que muestra a los parientes tama\u00f1os de un ser humano y de una avestruz\" width=\"389\" height=\"417\" \/><span class=\"gts_text\">\u00a1Adem\u00e1s de ser las aves m\u00e1s grandes, los avestruce<\/span><span class=\"gts_text\">s tambi\u00e9n ponen los huev<\/span><span class=\"gts_text\">os m\u00e1s grandes! \u00a1Un solo huevo de avestruz pesa tanto como dos docenas de huevos de gallinas!<\/span> <span id=\"gts_text_6\" class=\"gts_text\">Aqu\u00ed la imagen muestra cu\u00e1n grande es un avestruz comparada con un ser humano promedio.<\/span><\/p>\n<h3><span id=\"gts_text_7\" class=\"gts_text\">El avestruz: hechos y mitos<\/span><\/h3>\n<p><span id=\"gts_text_8\" class=\"gts_text\">\u00a1Se ha conocido los avestruces desde, al menos, la \u00e9poca de los romanos! \u00a1Ser\u00eda dif\u00edcil no divisar a un ave tan grande en las llanuras herbosas de \u00c1frica!<\/span> <span id=\"gts_text_9\" class=\"gts_text\">Han sido cazados durante mucho tiempo por su carne y plumas.<\/span> <span id=\"gts_text_10\" class=\"gts_text\">De hecho, casi se extinguieron en el siglo XVIII.<\/span> <span id=\"gts_text_11\" class=\"gts_text\">En la actualidad, productos de avestruz tales como la carne, el cuero y l<\/span><span class=\"gts_text\">as plumas provienen de granjas; generalmente, a los avestruces salvajes se los deja libres.<\/span><\/p>\n<p><span id=\"gts_text_12\" class=\"gts_text\">Los avestruces no entierran su cabeza en la arena cuando est\u00e1n asustados.<\/span> <span id=\"gts_text_13\" class=\"gts_text\">Lo que s\u00ed hacen, si no pueden huir, es acostarse y permanecer quietos con el cuello y cabeza contra la tierra.<\/span> <span id=\"gts_text_14\" class=\"gts_text\">Entonces de lejos parecer\u00edan una parte m\u00e1s del paisaje.<\/span> <span id=\"gts_text_15\" class=\"gts_text\">Tambi\u00e9n se ha sabido que comen arena y piedras peque\u00f1as; quiz\u00e1s eso les ayuda a digerir su comida.<\/span> <span id=\"gts_text_16\" class=\"gts_text\">Tal vez algunas personas vieron alguna vez a un avestruz hacer esas cosas y malinterpretaron lo que hab\u00edan visto.<\/span><\/p>\n<p><span id=\"gts_text_17\" class=\"gts_text\">Los avestruces tambi\u00e9n pueden correr muy r\u00e1pido: 70 kil\u00f3metros por hora (43 millas por hora) en distancias cortos.<\/span> <span id=\"gts_text_18\" class=\"gts_text\">\u00a1M\u00e1s r\u00e1pido que un caballo!<\/span> <span id=\"gts_text_19\" class=\"gts_text\">Y pueden mantener velocidades de 48 kil\u00f3metros por hora (30 millas por hora) durante unos 30 minutos si lo tienen que hacer.<\/span> <span id=\"gts_text_20\" class=\"gts_text\">Por \u00faltimo, si todo falla, un avestruz tiene una garra larga en los dedos \u00a1y puede patear lo suficientemente fuerte como para matar a un le\u00f3n!<\/span><\/p>\n<p><img loading=\"lazy\" decoding=\"async\" title=\"avestruz y polluelo\" src=\"http:\/\/ba.dr-mikes-maths.com\/\/wp-content\/themes\/twentyten\/images\/ba\/ostrich_and_chick.jpg\" alt=\"avestruz y polluelo\" width=\"297\" height=\"404\" \/><br \/>\n<span style=\"float: left;text-align: center;font-size: 8px\"><span id=\"gts_text_21\" class=\"gts_text\">Avestruz y polluelo &#8211; foto<\/span>\u00a0de <span id=\"gts_text_21\" class=\"gts_text\">\u201cBMK\u201d<\/span>\u00a0<\/span><\/p>\n<p><span style=\"float: left;text-align: center;font-size: 8px\"><br \/>\n<\/span><span id=\"gts_text_22\" class=\"gts_text\">Los cient\u00edficos denominan al avestruz <em>Struhio Camelus<\/em>, que significa &#8220;gorri\u00f3n (grande como un) camello&#8221;. Se debe a que a los primeros cient\u00edficos la manera de caminar de los avestruces les hac\u00eda recordar a los camellos.<\/span> <span id=\"gts_text_23\" class=\"gts_text\">Los avestruces son los \u00fanicos miembros vivos de la &#8220;familia&#8221; de aves <span style=\"font-style: italic\"> Struthionidae<\/span>.<\/span> <span id=\"gts_text_24\" class=\"gts_text\">Tambi\u00e9n pertenecen a la &#8220;orden&#8221; de las aves <span style=\"font-style: italic\">Estrucioniformes<\/span>.<\/span>\u00a0A l<span id=\"gts_text_25\" class=\"gts_text\">as aves que pertenecen a esta orden tambi\u00e9n se las denomina <a title=\"R\u00e1tidas\" href=\"http:\/\/www.big-animals.com\/es\/ratites\/\"><span style=\"font-style: italic\">R\u00e1tidas<\/span><\/a>, \u00e9ste t\u00e9rmino no tiene nada que ver con las ratas, la palabra proviene de la palabra latina para <em>raft<\/em>\u00a0(balsa).<\/span> <span id=\"gts_text_26\" class=\"gts_text\">El hueso del pecho de una r\u00e1tida es plano, como una balsa.<\/span> <span id=\"gts_text_27\" class=\"gts_text\">La mayor\u00eda de las aves tienen una protuberancia especial que sobresale del pecho, sus fuertes m\u00fasculos est\u00e1n conectados a dicha protuberancia.<\/span><\/p>\n<p><span id=\"gts_text_28\" class=\"gts_text\">As\u00ed pues, adem\u00e1s de ser el\u00a0<a title=\"\u00a1Las aves m\u00e1s grandes del mundo!\" href=\"http:\/\/www.big-animals.com\/es\/mundo-grandes-aves\/\">ave<\/a> m\u00e1s grande del mundo, el avestruz es:<\/span><\/p>\n<ul>\n<li><span id=\"gts_text_29\" class=\"gts_text\">La r\u00e1tida m\u00e1s grande del mundo.<\/span><\/li>\n<li><span id=\"gts_text_30\" class=\"gts_text\"><span style=\"font-style: italic\">El Struthionidae<\/span> m\u00e1s grande de mundo (y el m\u00e1s peque\u00f1o, y el \u00fanico en su especie).<\/span><\/li>\n<\/ul>\n<p><span id=\"gts_text_31\" class=\"gts_text\">El avestruz se alimenta de casi cualquier cosa, pero su dieta natural se compone de hierbas y plantas, y alg\u00fan insecto o lagarto ocasional.<\/span><\/p>\n<h3><span id=\"gts_text_32\" class=\"gts_text\">Granjas de avestruces<\/span><\/h3>\n<p><span id=\"gts_text_33\" class=\"gts_text\">Los avestruces ya no se cazan.<\/span> <span id=\"gts_text_34\" class=\"gts_text\">En lugar de eso, se los cr\u00eda en granjas de avestruces o ranchos.<\/span> <span id=\"gts_text_35\" class=\"gts_text\">\u00a1De los avestruces se puede aprovechar la carne, las plumas, la piel e incluso las c\u00e1scaras de sus huevos!<\/span> <span id=\"gts_text_36\" class=\"gts_text\">\u00a1Las granjas son tambi\u00e9n una atracci\u00f3n tur\u00edstica en muchos lugares! Visit\u00e9 un parque de avestruces en Malasia e \u00a1incluso hab\u00eda la posibilidad de que los ni\u00f1os disfrutasen de montar un avestruz!<\/span><\/p>\n<h3><span id=\"gts_text_37\" class=\"gts_text\">Huevos de avestruz<\/span><\/h3>\n<p><img loading=\"lazy\" decoding=\"async\" title=\"un huevo de la avestruz compar\u00f3 con el huevo de un pollo\" src=\"http:\/\/ba.dr-mikes-maths.com\/\/wp-content\/themes\/twentyten\/images\/ba\/ostrichegg.jpg\" alt=\"un huevo de la avestruz compar\u00f3 con el huevo de un pollo\" width=\"400\" height=\"300\" \/>\u00a0\u00a1Los huevos de avestruz son enormes!<span style=\"float: right\"><br \/>\n<\/span> <span id=\"gts_text_39\" class=\"gts_text\">La imagen de la izquierda muestra un huevo de avestruz al lado de un huevo de gallina.<\/span> <span id=\"gts_text_40\" class=\"gts_text\">La c\u00e1scara del huevo es muy gruesa y fuerte.<\/span> <span id=\"gts_text_41\" class=\"gts_text\">\u00a1Tiene que ser resistente si un animal que pesa la sexta parte de una tonelada va a sentarse en \u00e9l!<\/span> <span id=\"gts_text_42\" class=\"gts_text\">La c\u00e1scara de huevo de avestruz se utiliza para realizar objetos de arte; se pueden comprar, por ejemplo, l\u00e1mparas talladas de huevo de avestruz y muchas otras cosas.<\/span> <span id=\"gts_text_43\" class=\"gts_text\">Puedes ver muchos ejemplos hermosos si haces una <a href=\"https:\/\/www.google.es\/search?hl=es&amp;site=imghp&amp;tbm=isch&amp;source=hp&amp;biw=1366&amp;bih=643&amp;q=arte+huevo+de+avestruz&amp;oq=arte+huevo+de+avestruz&amp;gs_l=img.3...4548.11350.0.11489.44.14.9.21.26.2.157.1370.8j6.14.0....0...1ac.1.35.img..29.15.1114.XaZRb42-I9o\" target=\"_blank\">b\u00fasqueda de im\u00e1genes con Google<\/a>.<\/span><\/p>\n<h3><span id=\"gts_text_44\" class=\"gts_text\">Carne de avestruz<\/span><\/h3>\n<p><span id=\"gts_text_45\" class=\"gts_text\">La carne de avestruz es roja.<\/span> <span id=\"gts_text_46\" class=\"gts_text\">Adem\u00e1s es muy saludable, baja en grasas y rica en minerales como el hierro y el calcio.<\/span> <span id=\"gts_text_47\" class=\"gts_text\">\u00a1Si te quieres probarla, seguramente puedas comprarla en el supermercado!<\/span><\/p>\n<h3><span id=\"gts_text_48\" class=\"gts_text\">Plumas de avestruz<\/span><\/h3>\n<p><span id=\"gts_text_49\" class=\"gts_text\">Los avestruces cambian las plumas, de manera natural, en determinado momento cada a\u00f1o.<\/span> <span id=\"gts_text_50\" class=\"gts_text\">Los granjeros recogen las plumas sin da\u00f1ar al ave.<\/span> <span id=\"gts_text_51\" class=\"gts_text\">Las plumas de avestruz se utilizan para hacer muy buenos plumeros.<\/span><\/p>\n<h3><span id=\"gts_text_52\" class=\"gts_text\">Cuero de avestruz<\/span><\/h3>\n<p><span id=\"gts_text_53\" class=\"gts_text\">Con la piel de avestruz se logra un cuero muy fuerte, que se puede convertir en carteras, bolsos, botas, correas y muchas otras cosas m\u00e1s.<\/span><\/p>\n<h3><span id=\"gts_text_54\" class=\"gts_text\">Carreras de avestruces<\/span><\/h3>\n<p><span id=\"gts_text_55\" class=\"gts_text\">Las carreras de avestruces ahora est\u00e1n mal vistas, pero antes eran muy populares.<\/span> <span id=\"gts_text_56\" class=\"gts_text\">La imagen de debajo muestra una vieja postal con un piloto de carro de avestruz.<\/span><\/p>\n<div style=\"text-align: center\"><img decoding=\"async\" title=\"Una postal vieja con un corredor del carro de la avestruz\" src=\"http:\/\/ba.dr-mikes-maths.com\/\/wp-content\/themes\/twentyten\/images\/ba\/ostrichcartjacksonville.jpg\" alt=\"Una postal vieja con un corredor del carro de la avestruz\" \/><\/div>\n","protected":false},"excerpt":{"rendered":"<p>\u00bfCu\u00e1l es el tama\u00f1o de un avestruz? El avestruz africano es el\u00a0ave m\u00e1s grande del mundo en todos los aspectos. Los avestruces\u00a0m\u00e1s grandes viven en \u00c1frica del Norte, y crecen hasta aproximadamente 2,75 metros de alto (9 pies).\u00a0\u00a1Pueden pesar m\u00e1s de 150 kilogramos (340 libras)! \u00a1Adem\u00e1s de ser las aves m\u00e1s grandes, los avestruces tambi\u00e9n &hellip; <a href=\"https:\/\/www.big-animals.com\/es\/avestruz-mundo-grande-ave\/\" class=\"more-link\">Continue reading <span class=\"screen-reader-text\">El avestruz: \u00a1El ave m\u00e1s grande del mundo!<\/span><\/a><\/p>\n","protected":false},"author":1,"featured_media":0,"parent":0,"menu_order":0,"comment_status":"closed","ping_status":"open","template":"","meta":{"_acf_changed":false,"footnotes":""},"acf":[],"_links":{"self":[{"href":"https:\/\/www.big-animals.com\/es\/wp-json\/wp\/v2\/pages\/314"}],"collection":[{"href":"https:\/\/www.big-animals.com\/es\/wp-json\/wp\/v2\/pages"}],"about":[{"href":"https:\/\/www.big-animals.com\/es\/wp-json\/wp\/v2\/types\/page"}],"author":[{"embeddable":true,"href":"https:\/\/www.big-animals.com\/es\/wp-json\/wp\/v2\/users\/1"}],"replies":[{"embeddable":true,"href":"https:\/\/www.big-animals.com\/es\/wp-json\/wp\/v2\/comments?post=314"}],"version-history":[{"count":17,"href":"https:\/\/www.big-animals.com\/es\/wp-json\/wp\/v2\/pages\/314\/revisions"}],"predecessor-version":[{"id":1043,"href":"https:\/\/www.big-animals.com\/es\/wp-json\/wp\/v2\/pages\/314\/revisions\/1043"}],"wp:attachment":[{"href":"https:\/\/www.big-animals.com\/es\/wp-json\/wp\/v2\/media?parent=314"}],"curies":[{"name":"wp","href":"https:\/\/api.w.org\/{rel}","templated":true}]}}