{"id":315,"date":"2011-05-09T11:34:54","date_gmt":"2011-05-09T11:34:54","guid":{"rendered":""},"modified":"2014-02-06T18:34:57","modified_gmt":"2014-02-06T10:34:57","slug":"diprotodon-grande-marsupial","status":"publish","type":"page","link":"https:\/\/www.big-animals.com\/es\/diprotodon-grande-marsupial\/","title":{"rendered":"Diprotodon: \u00a1El marsupial m\u00e1s grande que ha existido jam\u00e1s!"},"content":{"rendered":"<h3><span class=\"gts_text\" id=\"gts_text_1\">\u00bfC\u00f3mo era de grande el Diprotodon?<\/span><\/h3>\n<p><span class=\"gts_text\" id=\"gts_text_2\">Antes de que los seres humanos llegaran a Australia, hab\u00eda muchos animales grandes que ahora est\u00e1n extintos.<\/span> <span class=\"gts_text\" id=\"gts_text_3\">Hab\u00eda koalas gigantes, dos veces m\u00e1s grandes que los que podemos encontrar ahora, canguros gigantes y dem\u00e1s.<\/span> <span class=\"gts_text\" id=\"gts_text_4\">El m\u00e1s grande de todos \u00e9stos era un animal que se alimentaba de plantas y era del tama\u00f1o de un <a title=\"Hipop\u00f3tamo\" href=\"http:\/\/www.big-animals.com\/es\/hipopotamo\/\">hipop\u00f3tamo<\/a>, se le denominaba <span style=\"font-style: italic\">Diprotodon<\/span>.<\/span> <span class=\"gts_text\" id=\"gts_text_5\">Dicho animal era el <a title=\"\u00a1Los marsupiales m\u00e1s grandes del mundo!\" href=\"http:\/\/www.big-animals.com\/es\/mundo-grande-marsupiales\/\">marsupial<\/a> m\u00e1s grande que ha existido jam\u00e1s (alguna vez).<\/span> <span class=\"gts_text\" id=\"gts_text_6\">Med\u00eda alrededor de 3 metros de largo, 2 metros de alto y quiz\u00e1 pesaba aproximadamente 2 toneladas.<\/span> <span class=\"gts_text\" id=\"gts_text_7\">Era parecido a un wombat enorme.<\/span><br \/>\n<img decoding=\"async\" style=\"width: 600px;height: 250px\" alt=\"El Diprotodon y el ser humano.\" src=\"http:\/\/ba.dr-mikes-maths.com\/\/wp-content\/themes\/twentyten\/images\/ba\/diprotodon-and-human.png\" \/><\/p>\n<h3><span class=\"gts_text\" id=\"gts_text_8\">\u00bfPor qu\u00e9 se extingui\u00f3?<\/span><\/h3>\n<p><span class=\"gts_text\" id=\"gts_text_9\">Los cient\u00edficos no est\u00e1n seguros de por qu\u00e9 exactamente el <span style=\"font-style: italic\">Diprotodon<\/span> se extingui\u00f3.<\/span> <span class=\"gts_text\" id=\"gts_text_10\">Sabemos que sucedi\u00f3 poco despu\u00e9s de que las personas llegaran, quiz\u00e1s cazaron a esta pac\u00edfica criatura hasta hacerla desaparecer.<\/span> <span class=\"gts_text\" id=\"gts_text_11\">No obstante, los primeros habitantes de Australia tambi\u00e9n cambiaron el paisaje y el clima de Australia; los bosques lentamente llegaron a ser m\u00e1s secos, con menos maleza propicia para un gran consumidor de plantas de movimientos lentos.<\/span><\/p>\n<p><span class=\"gts_text\" id=\"gts_text_12\">En la actualidad, muchos museos exhiben los esqueletos del Diprotodon.<\/span> <span class=\"gts_text\" id=\"gts_text_13\">Aparte de eso, la \u00fanica pista que tenemos para saber c\u00f3mo era es la <a href=\"http:\/\/images.google.com.au\/images?q=diprotodon\" target=\"_blank\">imaginaci\u00f3n de los artistas<\/a>.<\/span><\/p>\n<h3><span class=\"gts_text\" id=\"gts_text_14\">Diprotodon: hechos<\/span><\/h3>\n<p><span class=\"gts_text\" id=\"gts_text_15\">Los cient\u00edficos no saben con exactitud cu\u00e1ntos tipos\u00a0<\/span>diferentes\u00a0<span class=\"gts_text\">de Diprotodon hab\u00eda.<\/span> <span class=\"gts_text\" id=\"gts_text_16\">Algunos afirman que hab\u00eda aproximadamente veinte tipos, otros sostienen que exist\u00eda solo uno.<\/span> <span class=\"gts_text\" id=\"gts_text_17\">Uno o veinte, todos formaban parte de una familia de mam\u00edferos denominados <span style=\"font-style: italic\">Diprotodontidae<\/span>, que a su vez pertenec\u00edan a un orden de mam\u00edferos denominados <span style=\"font-style: italic\">Diprotodontia<\/span>.<\/span> <span class=\"gts_text\" id=\"gts_text_18\">Todos estos nombres significan lo mismo: \u201cdos dientes delanteros\u201d.<\/span> <span class=\"gts_text\" id=\"gts_text_19\">Todos los marsupiales m\u00e1s conocidos: canguros, ualab\u00eds, koalas, etc. pertenecen al mismo <span style=\"font-style: italic\">orden<\/span> que los diprotodontes, pero se encuentran en diferentes familias.<\/span><\/p>\n<p><span class=\"gts_text\" id=\"gts_text_20\">Por lo tanto el Diprotodon es:<\/span><\/p>\n<ul>\n<li><span class=\"gts_text\" id=\"gts_text_21\">El <span style=\"font-style: italic\">Diprotodontidae<\/span> m\u00e1s grande del mundo que ha existido jam\u00e1s y<\/span><\/li>\n<li><span class=\"gts_text\" id=\"gts_text_22\">El <span style=\"font-style: italic\">Diprotodontia<\/span> m\u00e1s grande del mundo que ha existido jam\u00e1s,<\/span><\/li>\n<\/ul>\n<p><span class=\"gts_text\" id=\"gts_text_23\">as\u00ed como el marsupial m\u00e1s grande del mundo que ha existido jam\u00e1s.<\/span> <span class=\"gts_text\" id=\"gts_text_24\">No es el mam\u00edfero m\u00e1s grande, o el mam\u00edfero m\u00e1s grande que ha existido.<\/span> <span class=\"gts_text\" id=\"gts_text_25\">Ese honor es para la <a title=\"La ballena azul: \u00a1el animal m\u00e1s grande del mundo!\" href=\"http:\/\/www.big-animals.com\/es\/ballena-azul-animal-mas-grande-del-mundo\/\">ballena azul<\/a>.<\/span><\/p>\n<h3><span class=\"gts_text\" id=\"gts_text_26\">El Diprotodon y el <em>Bunyip<\/em><\/span><\/h3>\n<p><span class=\"gts_text\" id=\"gts_text_27\">Los cuentos folcl\u00f3ricos australianos nos hablan de una temible criatura denominada <span style=\"font-style: italic\">Bunyip<\/span>.<\/span> <span class=\"gts_text\" id=\"gts_text_28\">Se dec\u00eda que viv\u00eda cerca de los lagos y que hac\u00eda un espantoso ruido atronador.<\/span> <span class=\"gts_text\" id=\"gts_text_29\">Curiosamente, a algunos miembros de ciertas tribus de nativos australianos se les mostraron huesos de un Diprotodon y ellos los identificaron como los huesos de \u201cBunyip\u201d.<\/span> <span class=\"gts_text\" id=\"gts_text_30\">Es posible, pues, que el mito del <em>bunyip<\/em> est\u00e9 basado sobre el muy real, pero ahora extinto, Diprotodon.<\/span><\/p>\n","protected":false},"excerpt":{"rendered":"<p>\u00bfC\u00f3mo era de grande el Diprotodon? Antes de que los seres humanos llegaran a Australia, hab\u00eda muchos animales grandes que ahora est\u00e1n extintos. Hab\u00eda koalas gigantes, dos veces m\u00e1s grandes que los que podemos encontrar ahora, canguros gigantes y dem\u00e1s. El m\u00e1s grande de todos \u00e9stos era un animal que se alimentaba de plantas y &hellip; <a href=\"https:\/\/www.big-animals.com\/es\/diprotodon-grande-marsupial\/\" class=\"more-link\">Continue reading <span class=\"screen-reader-text\">Diprotodon: \u00a1El marsupial m\u00e1s grande que ha existido jam\u00e1s!<\/span><\/a><\/p>\n","protected":false},"author":1,"featured_media":0,"parent":0,"menu_order":0,"comment_status":"closed","ping_status":"open","template":"","meta":{"_acf_changed":false,"footnotes":""},"acf":[],"_links":{"self":[{"href":"https:\/\/www.big-animals.com\/es\/wp-json\/wp\/v2\/pages\/315"}],"collection":[{"href":"https:\/\/www.big-animals.com\/es\/wp-json\/wp\/v2\/pages"}],"about":[{"href":"https:\/\/www.big-animals.com\/es\/wp-json\/wp\/v2\/types\/page"}],"author":[{"embeddable":true,"href":"https:\/\/www.big-animals.com\/es\/wp-json\/wp\/v2\/users\/1"}],"replies":[{"embeddable":true,"href":"https:\/\/www.big-animals.com\/es\/wp-json\/wp\/v2\/comments?post=315"}],"version-history":[{"count":4,"href":"https:\/\/www.big-animals.com\/es\/wp-json\/wp\/v2\/pages\/315\/revisions"}],"predecessor-version":[{"id":861,"href":"https:\/\/www.big-animals.com\/es\/wp-json\/wp\/v2\/pages\/315\/revisions\/861"}],"wp:attachment":[{"href":"https:\/\/www.big-animals.com\/es\/wp-json\/wp\/v2\/media?parent=315"}],"curies":[{"name":"wp","href":"https:\/\/api.w.org\/{rel}","templated":true}]}}