{"id":316,"date":"2011-05-09T11:35:02","date_gmt":"2011-05-09T11:35:02","guid":{"rendered":""},"modified":"2014-10-04T03:48:46","modified_gmt":"2014-10-03T19:48:46","slug":"ballena-tiburon-mundo-grande-pescados","status":"publish","type":"page","link":"https:\/\/www.big-animals.com\/es\/ballena-tiburon-mundo-grande-pescados\/","title":{"rendered":"El tibur\u00f3n ballena"},"content":{"rendered":"<p><span id=\"gts_text_1\" class=\"gts_text\"><strong>Informaci\u00f3n del tibur\u00f3n ballena:<\/strong> El tibur\u00f3n ballena m\u00e1s grande que se ha registrado med\u00eda 12 metros (40 pies) de largo &#8211; aunque hay informes poco fiables\u00a0de un tibur\u00f3n ballena de 18 metros (60 pies).<\/span> <span id=\"gts_text_2\" class=\"gts_text\">A pesar de ser tan grandes, los tiburones ballena son totalmente inofensivos para los seres humanos.<\/span> <span id=\"gts_text_3\" class=\"gts_text\">Los tiburones ballena se identifican f\u00e1cilmente por su tama\u00f1o enorme y el patr\u00f3n de lunares que adorna sus cuerpos.<\/span><\/p>\n<p><span id=\"gts_text_4\" class=\"gts_text\"><strong>\u00bfQu\u00e9 comen\u00a0los tiburones ballena?<\/strong><\/span> <span id=\"gts_text_5\" class=\"gts_text\">Como todos los tiburones, el tibur\u00f3n ballena tiene hileras\u00a0de 300 dientes muy muy peque\u00f1os.<\/span> <span id=\"gts_text_6\" class=\"gts_text\">Sin embargo nunca utiliza sus dientes para comer, puesto que se alimenta s\u00f3lo de plancton microsc\u00f3pico, kriles, algas y otras criaturas muy peque\u00f1as que floten hasta\u00a0su boca abierta de par en par.<\/span> <span id=\"gts_text_7\" class=\"gts_text\">\u00a1Cuando digo de par en par, quiero decir muy de par en par!<\/span> <span id=\"gts_text_8\" class=\"gts_text\">Cuando da\u00a0un trago de camar\u00f3n ant\u00e1rtico, abre su boca\u00a01,5 metros (5 pies) de ancho.<\/span><\/p>\n<figure id=\"attachment_1483\" aria-describedby=\"caption-attachment-1483\" style=\"width: 300px\" class=\"wp-caption alignright\"><a href=\"http:\/\/www.big-animals.com\/wp-content\/uploads\/2008\/04\/whale-shark-1.jpg\"><img loading=\"lazy\" decoding=\"async\" class=\"size-medium wp-image-1483 gts_attribute gts_attribute_1_alt gts_attribute_3_title\" title=\"Tibur\u00f3n de ballena\" src=\"http:\/\/www.big-animals.com\/wp-content\/uploads\/2008\/04\/whale-shark-1-300x224.jpg\" alt=\"Tibur\u00f3n de ballena\" width=\"300\" height=\"224\" \/><\/a><figcaption id=\"caption-attachment-1483\" class=\"wp-caption-text\"><span id=\"gts_text_9\" class=\"gts_text\">Tibur\u00f3n ballena<\/span><\/figcaption><\/figure>\n<p><span id=\"gts_text_10\" class=\"gts_text\">El tibur\u00f3n ballena es un tibur\u00f3n, no una ballena.<\/span> <span id=\"gts_text_11\" class=\"gts_text\">Pertenece a una familia de tiburones llamados los tiburones alfombra.<\/span> <span id=\"gts_text_12\" class=\"gts_text\">Hay solamente 32 especies conocidas\u00a0de tibur\u00f3n alfombra.<\/span> Su nombre viene<span id=\"gts_text_13\" class=\"gts_text\">\u00a0de sus inusuales estampados de colores.<\/span> <span id=\"gts_text_14\" class=\"gts_text\">Puesto que el tibur\u00f3n de ballena es un tibur\u00f3n de alfombra, adem\u00e1s del <a class=\" gts_attribute gts_attribute_4_title\" title=\"\u00a1Los peces m\u00e1s grandes del mundo!\" href=\"http:\/\/www.big-animals.com\/es\/mundo-grande-peces\/\">pez m\u00e1s grande del mundo<\/a>:<\/span><\/p>\n<ul>\n<li><span id=\"gts_text_15\" class=\"gts_text\">El tibur\u00f3n alfombra m\u00e1s grande del mundo es el tibur\u00f3n ballena.<\/span><\/li>\n<li><span id=\"gts_text_16\" class=\"gts_text\">El tibur\u00f3n m\u00e1s grande del mundo es el tibur\u00f3n ballena.<\/span><\/li>\n<li><span id=\"gts_text_17\" class=\"gts_text\"><a class=\" gts_attribute gts_attribute_5_title\" title=\"\u00a1Los peces cartilaginosos m\u00e1s grandes del mundo!\" href=\"http:\/\/www.big-animals.com\/es\/mundo-grandes-cartilaginoso-peces\/\">El pez<\/a>\u00a0<a href=\"\/Cartilaginous-Fish.html\">cartilaginoso<\/a> m\u00e1s grande del mundo es el tibur\u00f3n ballena.<\/span><\/li>\n<\/ul>\n<p><span id=\"gts_text_18\" class=\"gts_text\">Sin embargo, despu\u00e9s de todo, el tibur\u00f3n de ballena se hecha a un lado en los libros de r\u00e9cords, ante el <a class=\" gts_attribute gts_attribute_6_title\" title=\"\u00a1Los animales m\u00e1s grandes del mundo!\" href=\"http:\/\/www.big-animals.com\/es\/mundo-grande-animales\/\">animal<\/a>\u00a0y el\u00a0<a class=\" gts_attribute gts_attribute_7_title\" title=\"\u00a1Los vertebrados m\u00e1s grandes del mundo!\" href=\"http:\/\/www.big-animals.com\/es\/mundo-grande-vertebrados\/\">vertebrado<\/a>\u00a0m\u00e1s grande del mundo, la <a class=\" gts_attribute gts_attribute_8_title\" title=\"La ballena azul: \u00a1el animal m\u00e1s grande del mundo!\" href=\"http:\/\/www.big-animals.com\/es\/ballena-azul-animal-mas-grande-del-mundo\/\">ballena azul<\/a> (\u00a1que <em>s\u00ed<\/em>\u00a0es<em>\u00a0<\/em>una ballena!).<\/span><\/p>\n<p><span id=\"gts_text_19\" class=\"gts_text\">El nombre cient\u00edfico para el tibur\u00f3n ballena es <em>Rhincodon Typus<\/em>.<\/span>\u00a0\u00a0<span id=\"gts_text_20\" class=\"gts_text\"><em>Rhincodon<\/em>\u00a0significa \u201cdientes de raspador\u201d y <em>Typus<\/em> significa \u201cejemplo\u201d.<\/span> As\u00ed es<span id=\"gts_text_21\" class=\"gts_text\">, el tibur\u00f3n ballena se llama \u201cun ejemplo de un Rhincodon\u201d, siendo la \u00fanica especie de rhincodon en el mundo.<\/span><\/p>\n<p><span id=\"gts_text_22\" class=\"gts_text\"><strong>Hechos sobre los tiburones ballena: <\/strong>El tibur\u00f3n ballena pasa la mayor parte de su tiempo en mar\u00a0abierto.<\/span> <span id=\"gts_text_23\" class=\"gts_text\">Aparece a menudo cerca de la costa en los momentos\u00a0del a\u00f1o en que espera encontrar mucha\u00a0comida ah\u00ed.<\/span> <span id=\"gts_text_24\" class=\"gts_text\">Puede oler su comida y nada por el agua hasta donde hay\u00a0la m\u00e1s alta concentraci\u00f3n de comida.<\/span> <span id=\"gts_text_25\" class=\"gts_text\">Los tiburones ballena beb\u00e9 salen del cascar\u00f3n, pero los huevos eclosionan\u00a0antes de que se pongan, as\u00ed que la madre tibur\u00f3n ballena\u00a0da a luz a beb\u00e9s tibur\u00f3n vivos,\u00a0\u00a1300 de una\u00a0vez!<\/span><\/p>\n<figure id=\"attachment_1485\" aria-describedby=\"caption-attachment-1485\" style=\"width: 300px\" class=\"wp-caption aligncenter\"><a href=\"http:\/\/www.big-animals.com\/wp-content\/uploads\/2008\/04\/whale-shark-2.gif\"><img loading=\"lazy\" decoding=\"async\" class=\"size-medium wp-image-1485 gts_attribute gts_attribute_2_alt gts_attribute_9_title\" title=\"Tibur\u00f3n y ser humano de ballena\" src=\"http:\/\/www.big-animals.com\/wp-content\/uploads\/2008\/04\/whale-shark-2-300x115.gif\" alt=\"Tibur\u00f3n y ser humano de ballena\" width=\"300\" height=\"115\" \/><\/a><figcaption id=\"caption-attachment-1485\" class=\"wp-caption-text\"><span id=\"gts_text_26\" class=\"gts_text\">Tibur\u00f3n ballena y ser humano<\/span><\/figcaption><\/figure>\n<p><span id=\"gts_text_27\" class=\"gts_text\"><strong>Bucear\u00a0con tiburones ballena:<\/strong> El tibur\u00f3n ballena es inofensivo para las personas y un nadador muy lento.<\/span> <span id=\"gts_text_28\" class=\"gts_text\">Su velocidad media es solamente de unos 5 km\/h\u00a0(3 millas por hora).<\/span> <span id=\"gts_text_29\" class=\"gts_text\">Debido a esto y porque es un animal tan raro y hermoso (\u00a1y enorme!), bucear\u00a0con tiburones ballena es una atracci\u00f3n popular entre\u00a0los buzos experimentados\u00a0y los que hacen esn\u00f3rquel.<\/span> <span id=\"gts_text_30\" class=\"gts_text\">El tibur\u00f3n se ve a menudo en Tailandia, las Maldivas, el Mar Rojo, Australia occidental (Arrecife de Ningaloo), la reserva marina de Gladden Spit en Belice y en las islas Gal\u00e1pagos.<\/span> <span id=\"gts_text_31\" class=\"gts_text\">Se ven con frecuencia\u00a0de diciembre a mayo en las Filipinas (Donsol).<\/span> <span id=\"gts_text_32\" class=\"gts_text\">Los buceadores con suerte\u00a0tambi\u00e9n se han topado con\u00a0tiburones ballena en las Seychelles y en Puerto Rico.<\/span> <span id=\"gts_text_33\" class=\"gts_text\">Entre diciembre y septiembre, es bien sabido que nadan\u00a0a lo largo de la bah\u00eda de La Paz en la Baja California mexicana.<\/span> <span id=\"gts_text_34\" class=\"gts_text\">La imagen de arriba\u00a0muestra c\u00f3mo es de grande el tibur\u00f3n en comparaci\u00f3n\u00a0con un buzo corriente.<\/span><\/p>\n<p><span id=\"gts_text_35\" class=\"gts_text\"><strong>Fotos e im\u00e1genes del tibur\u00f3n ballena:<\/strong> La mejor manera de conseguir un mont\u00f3n\u00a0de im\u00e1genes muy\u00a0bonitas\u00a0del tibur\u00f3n ballena es <a href=\"https:\/\/www.google.es\/search?hl=es&amp;site=imghp&amp;tbm=isch&amp;source=hp&amp;biw=1366&amp;bih=643&amp;q=tibur%C3%B3n+ballena&amp;oq=tibur%C3%B3n+ballena&amp;gs_l=img.3..0l10.814.3661.0.3847.17.13.1.2.3.0.174.1291.0j10.10.0....0...1ac.1.54.img..5.12.1208.dHzBJC2pFdA\">buscar im\u00e1genes en\u00a0Google<\/a>.<\/span> En especial<span id=\"gts_text_36\" class=\"gts_text\">, el <a href=\"http:\/\/www.flmnh.ufl.edu\/fish\/Gallery\/Descript\/Whaleshark\/whaleshark.html\" target=\"new\">Museo de Historia Natural de Florida<\/a>\u00a0tiene una descripci\u00f3n detallada del estilo\u00a0de vida del tibur\u00f3n ballena, con muchas fotos bonitas y diagramas a juego.<\/span><\/p>\n","protected":false},"excerpt":{"rendered":"<p>Informaci\u00f3n del tibur\u00f3n ballena: El tibur\u00f3n ballena m\u00e1s grande que se ha registrado med\u00eda 12 metros (40 pies) de largo &#8211; aunque hay informes poco fiables\u00a0de un tibur\u00f3n ballena de 18 metros (60 pies). A pesar de ser tan grandes, los tiburones ballena son totalmente inofensivos para los seres humanos. Los tiburones ballena se identifican &hellip; <a href=\"https:\/\/www.big-animals.com\/es\/ballena-tiburon-mundo-grande-pescados\/\" class=\"more-link\">Continue reading <span class=\"screen-reader-text\">El tibur\u00f3n ballena<\/span><\/a><\/p>\n","protected":false},"author":1,"featured_media":0,"parent":0,"menu_order":0,"comment_status":"closed","ping_status":"open","template":"","meta":{"_acf_changed":false,"footnotes":""},"acf":[],"_links":{"self":[{"href":"https:\/\/www.big-animals.com\/es\/wp-json\/wp\/v2\/pages\/316"}],"collection":[{"href":"https:\/\/www.big-animals.com\/es\/wp-json\/wp\/v2\/pages"}],"about":[{"href":"https:\/\/www.big-animals.com\/es\/wp-json\/wp\/v2\/types\/page"}],"author":[{"embeddable":true,"href":"https:\/\/www.big-animals.com\/es\/wp-json\/wp\/v2\/users\/1"}],"replies":[{"embeddable":true,"href":"https:\/\/www.big-animals.com\/es\/wp-json\/wp\/v2\/comments?post=316"}],"version-history":[{"count":6,"href":"https:\/\/www.big-animals.com\/es\/wp-json\/wp\/v2\/pages\/316\/revisions"}],"predecessor-version":[{"id":1050,"href":"https:\/\/www.big-animals.com\/es\/wp-json\/wp\/v2\/pages\/316\/revisions\/1050"}],"wp:attachment":[{"href":"https:\/\/www.big-animals.com\/es\/wp-json\/wp\/v2\/media?parent=316"}],"curies":[{"name":"wp","href":"https:\/\/api.w.org\/{rel}","templated":true}]}}