{"id":317,"date":"2011-05-09T11:35:25","date_gmt":"2011-05-09T11:35:25","guid":{"rendered":""},"modified":"2014-05-23T22:00:00","modified_gmt":"2014-05-23T14:00:00","slug":"agua-cocodrilo-mundo-grande-reptil","status":"publish","type":"page","link":"https:\/\/www.big-animals.com\/es\/agua-cocodrilo-mundo-grande-reptil\/","title":{"rendered":"Cocodrilo marino: el reptil m\u00e1s grande del mundo"},"content":{"rendered":"<p><span class=\"gts_text\" id=\"gts_text_1\">El reptil vivo m\u00e1s grande del mundo es el cocodrilo marino.<\/span> <span class=\"gts_text\" id=\"gts_text_2\">Vive en el norte de Australia, en el este de la India y en ciertas partes de Asia sudoriental.<\/span> <span class=\"gts_text\" id=\"gts_text_3\">El cocodrilo marino macho adulto mide alrededor de 4,5 a 5 metros de largo y p<\/span><span class=\"gts_text\" id=\"gts_text_4\">esa desde 600 a 1.000 kg.<\/span> <span class=\"gts_text\" id=\"gts_text_5\">El cocodrilo marino m\u00e1s grande del que se tuvo noticia med\u00eda 6,3 metros de longitud y p<\/span><span class=\"gts_text\" id=\"gts_text_6\">esaba aproximadamente 1.360 kg.<\/span> <span class=\"gts_text\" id=\"gts_text_7\">\u00a1Qu\u00e9 animal tan enorme!<\/span><\/p>\n<figure id=\"attachment_397\" aria-describedby=\"caption-attachment-397\" style=\"width: 300px\" class=\"wp-caption aligncenter\"><a href=\"http:\/\/www.big-animals.com\/wp-content\/uploads\/2011\/01\/Saltwater_Crocodile_And_Human1.png\"><img loading=\"lazy\" decoding=\"async\" class=\"size-medium wp-image-397\" title=\"Cocodrilo y ser humano del agua salada\" alt=\"Cocodrilo y ser humano del agua salada\" src=\"http:\/\/www.big-animals.com\/wp-content\/uploads\/2011\/01\/Saltwater_Crocodile_And_Human1-300x83.png\" width=\"300\" height=\"83\" \/><\/a><figcaption id=\"caption-attachment-397\" class=\"wp-caption-text\">Cocodrilo marino y ser humano<\/figcaption><\/figure>\n<p><span class=\"gts_text\" id=\"gts_text_8\">El cocodrilo marino hembra es de un tama\u00f1o mucho menor que el macho.<\/span> <span class=\"gts_text\" id=\"gts_text_9\">Mide \u201csolamente\u201d alrededor de 2,1 a 3,5 metros.<\/span> <span class=\"gts_text\" id=\"gts_text_10\">La hembra m\u00e1s grande de la que se tiene noticia med\u00eda alrededor de 4,2 metros.<\/span> <span class=\"gts_text\" id=\"gts_text_11\">Pesan de media aproximadamente 450 kg.<\/span><\/p>\n<figure id=\"attachment_399\" aria-describedby=\"caption-attachment-399\" style=\"width: 150px\" class=\"wp-caption alignleft\"><a href=\"http:\/\/www.big-animals.com\/wp-content\/uploads\/2011\/01\/Saltwater_Crocodile_Eye.jpg\"><img loading=\"lazy\" decoding=\"async\" class=\"size-thumbnail wp-image-399\" title=\"Ojo del cocodrilo del agua salada\" alt=\"Ojo del cocodrilo del agua salada\" src=\"http:\/\/www.big-animals.com\/wp-content\/uploads\/2011\/01\/Saltwater_Crocodile_Eye-150x150.jpg\" width=\"150\" height=\"150\" \/><\/a><figcaption id=\"caption-attachment-399\" class=\"wp-caption-text\">Ojo del cocodrilo marino<\/figcaption><\/figure>\n<p><span class=\"gts_text\" id=\"gts_text_12\">Existen tipos extintos de cocodrilos marinos que por lo general eran mucho m\u00e1s grandes.<\/span> <span class=\"gts_text\" id=\"gts_text_13\">\u00a1Pod\u00edan alcanzar los 18 metros de largo!<\/span>\u00a0A l<span class=\"gts_text\" id=\"gts_text_14\">os cocodrilos marinos les encantan los pantanos y los r\u00edos de agua dulce durante la estaci\u00f3n h\u00fameda, mientras que d<\/span><span class=\"gts_text\" id=\"gts_text_15\"><\/span><span class=\"gts_text\" id=\"gts_text_15\">urante la estaci\u00f3n seca se trasladan a la desembocadura de los r\u00edos.<\/span> <span class=\"gts_text\" id=\"gts_text_16\">Luchan ferozmente por el mejor lugar para vivir y<\/span>\u00a0p<span class=\"gts_text\" id=\"gts_text_17\">ueden alcanzar una velocidad de 24 a 30 km en una hora y de 3 a 5 km en distancias largas.<\/span><\/p>\n<p><span class=\"gts_text\" id=\"gts_text_18\">El cocodrilo marino ataca a cualquier animal que viole su territorio tanto en el agua como en la tierra.<\/span> <span class=\"gts_text\" id=\"gts_text_19\">Ademas, comen todo tipo de animales, entre los que se incluyen a monos, canguros, jabal\u00edes, dingos, aves, vacas, caballos, seres humanos, b\u00fafalos de agua e incluso tiburones.<\/span> <span class=\"gts_text\" id=\"gts_text_20\">Pueden atacar muy repentinamente y prefieren cazar de noche.<\/span><\/p>\n<figure id=\"attachment_401\" aria-describedby=\"caption-attachment-401\" style=\"width: 300px\" class=\"wp-caption alignright\"><a href=\"http:\/\/www.big-animals.com\/wp-content\/uploads\/2011\/01\/Saltwater_Crocodile.jpg\"><img loading=\"lazy\" decoding=\"async\" class=\"size-medium wp-image-401 \" title=\"El cocodrilo del agua salada - el reptil m\u00e1s grande del mundo\" alt=\"El cocodrilo del agua salada - el reptil m\u00e1s grande del mundo\" src=\"http:\/\/www.big-animals.com\/wp-content\/uploads\/2011\/01\/Saltwater_Crocodile-300x206.jpg\" width=\"300\" height=\"206\" \/><\/a><figcaption id=\"caption-attachment-401\" class=\"wp-caption-text\">El cocodrilo marino &#8211; El reptil m\u00e1s grande del mundo<\/figcaption><\/figure>\n<p><span class=\"gts_text\" id=\"gts_text_21\">Por lo general, esperan pacientemente a que su presa se acerque a la orilla del r\u00edo y entonces la arrastran dentro del agua.<\/span> <span class=\"gts_text\" id=\"gts_text_22\">El desafortunado animal muere por la gran presi\u00f3n de la mand\u00edbula de los cocodrilos marinos.<\/span> <span class=\"gts_text\" id=\"gts_text_23\">En algunos casos es posible que la presa se ahogue durante el ataque.<\/span> <span class=\"gts_text\" id=\"gts_text_24\">Los cocodrilos marinos beb\u00e9s tienen que cuidarse de los var\u00e1nidos, de los peces y de las aves.<\/span><\/p>\n","protected":false},"excerpt":{"rendered":"<p>El reptil vivo m\u00e1s grande del mundo es el cocodrilo marino. Vive en el norte de Australia, en el este de la India y en ciertas partes de Asia sudoriental. El cocodrilo marino macho adulto mide alrededor de 4,5 a 5 metros de largo y pesa desde 600 a 1.000 kg. El cocodrilo marino m\u00e1s &hellip; <a href=\"https:\/\/www.big-animals.com\/es\/agua-cocodrilo-mundo-grande-reptil\/\" class=\"more-link\">Continue reading <span class=\"screen-reader-text\">Cocodrilo marino: el reptil m\u00e1s grande del mundo<\/span><\/a><\/p>\n","protected":false},"author":1,"featured_media":0,"parent":0,"menu_order":0,"comment_status":"closed","ping_status":"open","template":"","meta":{"_acf_changed":false,"footnotes":""},"acf":[],"_links":{"self":[{"href":"https:\/\/www.big-animals.com\/es\/wp-json\/wp\/v2\/pages\/317"}],"collection":[{"href":"https:\/\/www.big-animals.com\/es\/wp-json\/wp\/v2\/pages"}],"about":[{"href":"https:\/\/www.big-animals.com\/es\/wp-json\/wp\/v2\/types\/page"}],"author":[{"embeddable":true,"href":"https:\/\/www.big-animals.com\/es\/wp-json\/wp\/v2\/users\/1"}],"replies":[{"embeddable":true,"href":"https:\/\/www.big-animals.com\/es\/wp-json\/wp\/v2\/comments?post=317"}],"version-history":[{"count":4,"href":"https:\/\/www.big-animals.com\/es\/wp-json\/wp\/v2\/pages\/317\/revisions"}],"predecessor-version":[{"id":965,"href":"https:\/\/www.big-animals.com\/es\/wp-json\/wp\/v2\/pages\/317\/revisions\/965"}],"wp:attachment":[{"href":"https:\/\/www.big-animals.com\/es\/wp-json\/wp\/v2\/media?parent=317"}],"curies":[{"name":"wp","href":"https:\/\/api.w.org\/{rel}","templated":true}]}}