{"id":318,"date":"2011-05-09T11:35:54","date_gmt":"2011-05-09T11:35:54","guid":{"rendered":""},"modified":"2015-04-27T21:11:30","modified_gmt":"2015-04-27T13:11:30","slug":"mundo-grandes-aves","status":"publish","type":"page","link":"https:\/\/www.big-animals.com\/es\/mundo-grandes-aves\/","title":{"rendered":"\u00a1Las aves m\u00e1s grandes del mundo!"},"content":{"rendered":"<h3><span id=\"gts_text_1\" class=\"gts_text\">\u00bfQu\u00e9 es un ave?<\/span><\/h3>\n<p><span id=\"gts_text_2\" class=\"gts_text\">\u00a1Por supuesto que todos conocemos qu\u00e9 son las aves!<\/span> <span id=\"gts_text_3\" class=\"gts_text\">Aqu\u00ed voy a hablar de c\u00f3mo las aves encajan en el reino animal: qu\u00e9 otros animales son como ellas, y de las similitudes y diferencias con otros animales.<\/span> <span id=\"gts_text_4\" class=\"gts_text\">Las aves son <a href=\"\/Vertebrates.html\">vertebrados;<\/a> tienen huesos en sus cuerpos, al igual que nosotros.<\/span> <span id=\"gts_text_5\" class=\"gts_text\">La mayor\u00eda de las aves tienen huesos huecos.<\/span> <span id=\"gts_text_6\" class=\"gts_text\">Esto las hace mucho m\u00e1s livianas; si una ave tuviera huesos como los nuestros, no podr\u00eda volar.<\/span><\/p>\n<p><span id=\"gts_text_7\" class=\"gts_text\">Adem\u00e1s, las aves son animales de &#8220;sangre caliente\u201d, lo que significa que pueden mantener la temperatura del cuerpo estable (como los mam\u00edferos), a\u00a0<\/span><span id=\"gts_text_8\" class=\"gts_text\">diferencia de otros vertebrados, como los reptiles, anfibios y peces.<\/span><\/p>\n<p><span id=\"gts_text_9\" class=\"gts_text\">El nombre cient\u00edfico de este grupo de animales es la palabra latina &#8220;avis&#8221;.<\/span> <span id=\"gts_text_10\" class=\"gts_text\"><\/span><span id=\"gts_text_11\" class=\"gts_text\">A partir de este t\u00e9rmino surgen las palabras inglesas como &#8220;aviary&#8221; (aviario) y &#8220;aviator&#8221; (aviador).<\/span> <span id=\"gts_text_12\" class=\"gts_text\">Los cient\u00edficos que estudian las aves se denominan Ornit\u00f3logos.<\/span> <span id=\"gts_text_13\" class=\"gts_text\"><\/span><span id=\"gts_text_14\" class=\"gts_text\"><\/span><\/p>\n<h3><span id=\"gts_text_15\" class=\"gts_text\">\u00bfQu\u00e9 hace a las aves especiales?<\/span><\/h3>\n<p><span id=\"gts_text_16\" class=\"gts_text\">La mayor\u00eda de los vertebrados terrestres tienen cuatro patas.<\/span> <span id=\"gts_text_17\" class=\"gts_text\">Las aves, en cambio, tienen dos patas y dos alas.<\/span> <span id=\"gts_text_18\" class=\"gts_text\">La mayor\u00eda de las aves pueden volar con las alas; algunas excepciones son los ping\u00fcinos, el ya extinto dodo o dronte y el ave m\u00e1s grande del mundo: el\u00a0<a href=\"\/Ostrich.html\">avestruz<\/a>.<\/span> <span style=\"float: right\"><img loading=\"lazy\" decoding=\"async\" class=\" gts_attribute gts_attribute_1_alt\" src=\"http:\/\/ba.dr-mikes-maths.com\/\/wp-content\/themes\/twentyten\/images\/ba\/feather.jpg\" alt=\"Las plumas de las aves las mantienen calientes y las ayudan a volar\" width=\"225\" height=\"300\" \/><\/span><span id=\"gts_text_19\" class=\"gts_text\">Solo las aves tienen plumas; las plumas de un ave la mantienen caliente y la ayudan a volar.<\/span> <span id=\"gts_text_20\" class=\"gts_text\">Las aves tienen pico y no tienen ning\u00fan diente.<\/span> <span id=\"gts_text_21\" class=\"gts_text\">A menudo, puedes adivinar qu\u00e9 clase de comida le gusta a un ave por la forma de su pico: a los loros les gusta cascar las semillas, ya que tienen un pico corto y fuerte, y el colibr\u00ed, que sorbe el n\u00e9ctar de las flores, tiene un pico fino y largo.<\/span> <span id=\"gts_text_22\" class=\"gts_text\">Adem\u00e1s, \u00a1todos las aves ponen huevos!<\/span> <span id=\"gts_text_23\" class=\"gts_text\">Los huevos de las aves tienen c\u00e1scara dura, a diferencia de los huevos de los reptiles, los anfibios y los peces.<\/span>\u00a0E<span id=\"gts_text_24\" class=\"gts_text\">stos animales tienen, por lo general, c\u00e1scaras blandas; \u00a1a veces tan blandas que apenas se las puede denominar c\u00e1scaras!<\/span><\/p>\n<p><span id=\"gts_text_25\" class=\"gts_text\">Las aves no tienen cuerdas vocales como nosotros.<\/span> <span id=\"gts_text_26\" class=\"gts_text\">Emiten sonidos en una parte de la garganta denominada <em>siringe<\/em>.<\/span>\u00a0A medida que\u00a0<span id=\"gts_text_27\" class=\"gts_text\">el aire la atraviesa, los costados de la siringe vibran y as\u00ed se produce el sonido.<\/span> <span id=\"gts_text_28\" class=\"gts_text\">Algunas aves pueden hacer que los dos lados de la siringe trabajen de manera independiente; \u00a1pueden cantar dos diferentes canciones al mismo tiempo!<\/span><\/p>\n<h3><span id=\"gts_text_29\" class=\"gts_text\">\u00bfQu\u00e9 clases de aves existen?<\/span><\/h3>\n<p><span id=\"gts_text_30\" class=\"gts_text\">Existen aproximadamente 10.000 diferentes tipos de aves.<\/span> <span id=\"gts_text_31\" class=\"gts_text\">Las aves forman el grupo de animales (los cient\u00edficos dir\u00edan una <em>clase<\/em>) denominada <em>Avis<\/em>, que es la palabra latina que significa \u201cave&#8221;.<\/span> <span id=\"gts_text_32\" class=\"gts_text\">Dicha <em>clase<\/em> est\u00e1 dividida en grupos m\u00e1s peque\u00f1os, denominados <em>\u00f3rdenes<\/em>.<\/span> <span id=\"gts_text_33\" class=\"gts_text\">Los cient\u00edficos siguen debatiendo sobre exactamente c\u00f3mo estos grupos deber\u00edan ser, y exactamente qu\u00e9 aves est\u00e1n en cada uno.<\/span> <span id=\"gts_text_34\" class=\"gts_text\">No obstante, la siguiente es una lista con la que est\u00e1n de acuerdo:<\/span><\/p>\n<ol>\n<li><span id=\"gts_text_35\" class=\"gts_text\"><em> Accipitriformes:\u00a0<\/em>en este orden se incluyen a la mayor\u00eda de las aves rapaces que cazan durante el d\u00eda.<\/span> <span id=\"gts_text_36\" class=\"gts_text\">Es decir, aves como los pigargos, los buitres y los halcones pertenecen a esta orden.<\/span> <span id=\"gts_text_37\" class=\"gts_text\">Algunos cient\u00edficos creen, en cambio, que todas estas aves deben ser consideradas como <em>Falconiformes<\/em>.<\/span> <span id=\"gts_text_38\" class=\"gts_text\">Existen alrededor de 220 especies de Accipitriformes.<\/span><\/li>\n<li><span id=\"gts_text_39\" class=\"gts_text\"><a class=\" gts_attribute gts_attribute_3_title\" title=\"Aves acu\u00e1ticas\" href=\"http:\/\/www.big-animals.com\/waterfowl\/\"><em>Los Anseriformes<\/em><\/a> incluyen alrededor de 150 especies (tipos) de aves.<\/span> <span id=\"gts_text_40\" class=\"gts_text\">Tienen patas palmeadas y son muy felices en el agua.<\/span> <span id=\"gts_text_41\" class=\"gts_text\">Entre estos se incluyen&#8230;, \u00bflo adivinaste? \u00a1los patos!<\/span> <span id=\"gts_text_42\" class=\"gts_text\">Tambi\u00e9n gansos, cisnes y muchas otras <a class=\" gts_attribute gts_attribute_4_title\" title=\"Aves acu\u00e1ticas\" href=\"http:\/\/www.big-animals.com\/waterfowl\/\">aves acu\u00e1ticas<\/a>.<\/span><\/li>\n<li><span id=\"gts_text_43\" class=\"gts_text\">Existen casi 450 diferentes especies de <em>Apodiformes<\/em>; son aves de vuelo r\u00e1pido y de peque\u00f1o tama\u00f1o, como los colibr\u00edes y los vencejos.<\/span> <span id=\"gts_text_44\" class=\"gts_text\"><em> Apodiformes<\/em> significa \u201csin pies\u201d; aunque estas aves los tienen, son peque\u00f1os y no los utilizan para mucho, excepto para posarse.<\/span><\/li>\n<li><span id=\"gts_text_45\" class=\"gts_text\">Los <em>Caprimulgiformes<\/em> duermen durante el d\u00eda y est\u00e1n despiertos por la noche.<\/span> <span id=\"gts_text_46\" class=\"gts_text\">Comen insectos, pero alguna vez la gente lleg\u00f3 a creer que se alimentaban \u00a1de cabras!<\/span> <span id=\"gts_text_47\" class=\"gts_text\">\u00a1Los palabra caprimulgiforme significa &#8220;chupacabras&#8221;!<\/span> <span id=\"gts_text_48\" class=\"gts_text\">La chotacabras es un t\u00edpico Caprimulgiforme.<\/span><\/li>\n<li><span id=\"gts_text_49\" class=\"gts_text\"><a class=\" gts_attribute gts_attribute_5_title\" title=\"Aves zancudas\" href=\"http:\/\/www.big-animals.com\/waders\/\"><em>Los Caradriformes<\/em><\/a> viven sobre todo cerca del mar y se alimentan de los crust\u00e1ceos de las rocas o cavan en el fango.<\/span> <span id=\"gts_text_50\" class=\"gts_text\">Algunos ejemplares de estas aves son las gaviotas y las alcas tordas.<\/span><\/li>\n<li><span id=\"gts_text_51\" class=\"gts_text\"><em>Los Ciconiiformes<\/em> incluyen a las garzas, cig\u00fce\u00f1as, esp\u00e1tulas y otras aves similares.<\/span> <span id=\"gts_text_52\" class=\"gts_text\">Algunos cient\u00edficos creen que los buitres y los c\u00f3ndores americanos tambi\u00e9n pertenecen en este grupo, aunque no todos est\u00e1n de acuerdo.<\/span><\/li>\n<li><span id=\"gts_text_53\" class=\"gts_text\"><em>Los Coliiformes<\/em>, o c\u00f3lidos, viven en \u00c1frica.<\/span> <span id=\"gts_text_54\" class=\"gts_text\">Son aves relativamente peque\u00f1as, que parecen corretear por los \u00e1rboles como ratones, pues revolotean de rama en rama en busca de bayas.<\/span><\/li>\n<li><span id=\"gts_text_55\" class=\"gts_text\"><a class=\" gts_attribute gts_attribute_6_title\" title=\"Columbidae\" href=\"http:\/\/www.big-animals.com\/columbidae\/\"><em>Los Columbiformes<\/em><\/a> incluyen a palomas y t\u00f3rtolas, as\u00ed como al <a class=\" gts_attribute gts_attribute_7_title\" title=\"Dodo\" href=\"http:\/\/www.big-animals.com\/dodo\/\">dodo,<\/a> ahora extinto .<\/span> <span id=\"gts_text_56\" class=\"gts_text\">A diferencia de la mayor\u00eda de las otras aves, las palomas y las t\u00f3rtolas beben aspirando el agua.<\/span> <span id=\"gts_text_57\" class=\"gts_text\">Otras aves tienen que levantar la cabeza para que el agua les llegue a la garganta.<\/span><\/li>\n<li><span id=\"gts_text_58\" class=\"gts_text\"><em>Los Coraciiformes<\/em> son aves coloridas, entre las que se incluyen a los martines pescadores, las abubillas y los abejarucos.<\/span> <span id=\"gts_text_59\" class=\"gts_text\"><em>El t\u00e9rmino Coraciiformes <\/em> proviene de las palabras latinas que significan \u201cparecido al cuervo\u201d, aunque los cuervos no pertenecen a este grupo.<\/span><\/li>\n<li><span id=\"gts_text_60\" class=\"gts_text\"><em>Los Cuculiformes<\/em> incluyen a los cucos y a otras aves tales como los turacos (comedores de bananos) y a un ave poco com\u00fan denominada hoac\u00edn, que es muy hermosa y vive en pantanos tropicales.<\/span><\/li>\n<li><span id=\"gts_text_61\" class=\"gts_text\"><em>Los Falconiformes<\/em> incluyen&#8230;, \u00bfadivinaste? \u00a1a los halcones!<\/span> <span id=\"gts_text_62\" class=\"gts_text\">Algunos cient\u00edficos afirman que los <em>Accipitriformes<\/em> (buitres, \u00e1guilas y dem\u00e1s) deben tambi\u00e9n ser considerados como <em>Falconiformes<\/em>.<\/span> <span id=\"gts_text_63\" class=\"gts_text\">Si no incluimos a los <em>Accipitriformes<\/em>, hay aproximadamente 60 especies de <em>Falconiformes<\/em>.<\/span><\/li>\n<li><span id=\"gts_text_64\" class=\"gts_text\"><a class=\" gts_attribute gts_attribute_8_title\" title=\"Galliformes\" href=\"http:\/\/www.big-animals.com\/galliformes\/\"><em>Los Galliformes<\/em><\/a> comprenden alrededor de 250 diferentes especies de gallinas, pavos, codornices y aves similares.<\/span> <span id=\"gts_text_65\" class=\"gts_text\">Todas pueden volar, pero la mayor\u00eda no puede hacerlo muy bien.<\/span><\/li>\n<li><span id=\"gts_text_66\" class=\"gts_text\"><em>Los Gaviiformes<\/em> son un orden de 5 especies (tipos) de aves buceadoras.<\/span> <span id=\"gts_text_67\" class=\"gts_text\">Estas aves se parecen un poco a los patos, pero su pico es puntiagudo.<\/span> <span id=\"gts_text_68\" class=\"gts_text\">Cazan peces mientras nadan tranquilamente en la superficie del agua; de repente, se zambullen y atrapan peces o ranas y se los tragan enteros.<\/span><\/li>\n<li><span id=\"gts_text_69\" class=\"gts_text\"><em>Gruiformes<\/em> significa &#8220;forma de grullas&#8221; .<\/span> <span id=\"gts_text_70\" class=\"gts_text\">Este es un grupo peculiar de aves; algunos miembros parecen muy diferentes de otros, pero su anatom\u00eda interna funciona de manera similar.<\/span> <span id=\"gts_text_71\" class=\"gts_text\">Tambi\u00e9n, en el pasado, a algunas aves se las han denominado Gruiformes solo porque no encajaban bien en otros grupos.<\/span> <span id=\"gts_text_72\" class=\"gts_text\">Debido a esto, los cient\u00edficos todav\u00eda est\u00e1n discutiendo qu\u00e9 aves exactamente pertenecen al grupo de Gruiformes.<\/span><\/li>\n<li><span id=\"gts_text_73\" class=\"gts_text\">Los <em>Passeriformes<\/em> son el grupo m\u00e1s grande de aves, con aproximadamente 5000 diferentes especies.<\/span> <span id=\"gts_text_74\" class=\"gts_text\">Tambi\u00e9n se llaman<\/span> <span style=\"font-style: italic\"><span id=\"gts_text_75\" class=\"gts_text\">passerines<\/span><\/span><span id=\"gts_text_76\" class=\"gts_text\">, o aves que se posan.<\/span><\/li>\n<li><span id=\"gts_text_77\" class=\"gts_text\">Los <em>Pelecaniformes<\/em> son aves acu\u00e1ticas medianas.<\/span> <span id=\"gts_text_78\" class=\"gts_text\">Tienen patas con cuatro dedos del pie palmeados y \u00a0respiran a trav\u00e9s de la boca porque no pueden hacerlo a trav\u00e9s de orificios nasales.<\/span> <span id=\"gts_text_79\" class=\"gts_text\">Los <em>Pelecaniformes<\/em> m\u00e1s populares son los pel\u00edcanos y los cormoranes.<\/span><\/li>\n<li><span id=\"gts_text_80\" class=\"gts_text\">El t\u00e9rmino <a class=\" gts_attribute gts_attribute_9_title\" title=\"Flamencos\" href=\"http:\/\/www.big-animals.com\/flamingos\/\"><em>Phoenicopteriformes <\/em><\/a> significa &#8220;parecido al f\u00e9nix&#8221;.<\/span> <span id=\"gts_text_81\" class=\"gts_text\">Estas son las aproximadamente media docena de especies de <a class=\" gts_attribute gts_attribute_10_title\" title=\"Flamencos\" href=\"http:\/\/www.big-animals.com\/flamingos\/\">flamenco<\/a>.<\/span><\/li>\n<li><span id=\"gts_text_82\" class=\"gts_text\">Los <em>Piciformes<\/em> comprenden a los p\u00e1jaros carpinteros, los tucanes y aves similares.<\/span> <span id=\"gts_text_83\" class=\"gts_text\">La mayor\u00eda de los Piciformes viven en los \u00e1rboles y comen insectos.<\/span><span style=\"float: right\"><img loading=\"lazy\" decoding=\"async\" class=\" gts_attribute gts_attribute_2_alt\" src=\"http:\/\/ba.dr-mikes-maths.com\/\/wp-content\/themes\/twentyten\/images\/ba\/grebe.jpg\" alt=\"Un somormujo en su nido.\" width=\"250\" height=\"233\" \/><\/span><\/li>\n<li><span id=\"gts_text_84\" class=\"gts_text\">Los <em>Podicipediformes<\/em> incluyen a apenas 22 especies de aves, denominadas somormujos.<\/span> <span id=\"gts_text_85\" class=\"gts_text\">Los somormujos son de tama\u00f1o mediano a grande y viven cerca del agua.<\/span> <span id=\"gts_text_86\" class=\"gts_text\">No vuelan muy bien, as\u00ed que cuando quieren escaparse se zambullen bajo el agua.<\/span>\u00a0A la derecha se ve<span id=\"gts_text_87\" class=\"gts_text\">\u00a0una imagen de un somormujo.<\/span><\/li>\n<li><span id=\"gts_text_88\" class=\"gts_text\">Los <em>Procellariiformes<\/em> abarcan a los petreles y a los albatros, en especial la m\u00e1s grande (aunque no la m\u00e1s pesada) ave voladora, el <a href=\"\/Wandering-Albatross.html\">albatros errante o viajero<\/a>.<\/span><\/li>\n<li><span id=\"gts_text_89\" class=\"gts_text\">Los <a class=\" gts_attribute gts_attribute_11_title\" title=\"Loros\" href=\"http:\/\/www.big-animals.com\/parrots\/\"><em>Psittaciformes<\/em><\/a> comprenden a los <a class=\" gts_attribute gts_attribute_12_title\" title=\"Loros\" href=\"http:\/\/www.big-animals.com\/parrots\/\">loros y cacat\u00faas<\/a>.<\/span> <span id=\"gts_text_90\" class=\"gts_text\">\u00a1Dicho orden comprende a algunas de las aves m\u00e1s inteligentes!<\/span><\/li>\n<li><span id=\"gts_text_91\" class=\"gts_text\">Existen solo 16 tipos de <em>Pteroclidiformes<\/em>: las gangas.<\/span> <span id=\"gts_text_92\" class=\"gts_text\">Estas voladoras de cuerpo s\u00f3lido y fuerte viven en las planicies de Espa\u00f1a, Portugal, \u00c1frica y la India.<\/span><\/li>\n<li><span id=\"gts_text_93\" class=\"gts_text\">Los <a class=\" gts_attribute gts_attribute_13_title\" title=\"Ping\u00fcinos\" href=\"http:\/\/www.big-animals.com\/penguins\/\"><em> Sphenisciformes<\/em><\/a> son 17 a 20 diferentes especies de <a class=\" gts_attribute gts_attribute_14_title\" title=\"Ping\u00fcinos\" href=\"http:\/\/www.big-animals.com\/penguins\/\">ping\u00fcinos<\/a>.<\/span> <span id=\"gts_text_94\" class=\"gts_text\">Los ping\u00fcinos viven \u00fanicamente en el hemisferio Sur; as\u00ed que los osos polares nunca se encuentran con ellos.<\/span> <span id=\"gts_text_95\" class=\"gts_text\">No todos los ping\u00fcinos viven en lugares nevosos; hay uno que vive en las Islas Gal\u00e1pagos.<\/span><\/li>\n<li><span id=\"gts_text_96\" class=\"gts_text\">Los <a class=\" gts_attribute gts_attribute_15_title\" title=\"B\u00fahos\" href=\"http:\/\/www.big-animals.com\/owls\/\">b\u00fahos<\/a> se denominan <a class=\" gts_attribute gts_attribute_16_title\" title=\"B\u00fahos\" href=\"http:\/\/www.big-animals.com\/owls\/\"><em>Strigiformes<\/em><\/a>.<\/span> <span id=\"gts_text_97\" class=\"gts_text\">La mayor\u00eda de los b\u00fahos duermen durante el d\u00eda, cazan en la noche, y tienen ojos orientados hacia adelante.<\/span> <span id=\"gts_text_98\" class=\"gts_text\">No obstante, (como la mayor\u00eda de las aves) no pueden voltear los ojos, as\u00ed que para ver en otra direcci\u00f3n, \u00a1tienen que girar toda la cabeza!<\/span><\/li>\n<li><span id=\"gts_text_99\" class=\"gts_text\"><a class=\" gts_attribute gts_attribute_17_title\" title=\"R\u00e1tidas\" href=\"http:\/\/www.big-animals.com\/ratites\/\"><em>Struthioniformes<\/em><\/a> significa \u201cparecida al avestruz\u201d.<\/span> <span id=\"gts_text_100\" class=\"gts_text\">Dichas aves no pueden volar, y no podr\u00edan hacerlo incluso si tuvieran alas grandes.<\/span>\u00a0La raz\u00f3n es\u00a0<span id=\"gts_text_101\" class=\"gts_text\">que el hueso del pecho es plano; no tiene lugar para que los m\u00fasculos de las alas se conecten.<\/span> <span id=\"gts_text_102\" class=\"gts_text\">Debido a esto, dichas aves tambi\u00e9n se denominan \u201c<a class=\" gts_attribute gts_attribute_18_title\" title=\"R\u00e1tidas\" href=\"http:\/\/www.big-animals.com\/ratites\/\">R\u00e1tidas<\/a>\u201d, t\u00e9rmino que proviene del ingl\u00e9s &#8220;raft&#8221; y significa balsa.<\/span>\u00a0El<span id=\"gts_text_103\" class=\"gts_text\">\u00a0ave m\u00e1s grande del mundo, el\u00a0<a href=\"\/Ostrich.html\">avestruz<\/a>,\u00a0es una R\u00e1tida.<\/span>\u00a0Es\u00a0<span id=\"gts_text_104\" class=\"gts_text\">m\u00e1s, las aves m\u00e1s altas y de mayor peso que han existido jam\u00e1s (la moa gigante y la ave elefante) tambi\u00e9n eran r\u00e1tidas.<\/span> <span id=\"gts_text_105\" class=\"gts_text\"><\/span> <span id=\"gts_text_106\" class=\"gts_text\"><\/span><\/li>\n<li><span id=\"gts_text_107\" class=\"gts_text\">Entre los <em>Tinamiformes<\/em> se incluyen alrededor de 47 tipos de aves que habitan en la tierra y que se parecen a las codornices.<\/span> <span id=\"gts_text_108\" class=\"gts_text\">Viven en Sudam\u00e9rica y M\u00e9xico, y son conocidas vulgarmente como tinam\u00faes.<\/span><\/li>\n<li><span id=\"gts_text_109\" class=\"gts_text\">El nombre <em>Trogoniformes<\/em> proviene de la palabra griega\u00a0<\/span><span style=\"font-style: italic\"><span id=\"gts_text_110\" class=\"gts_text\">trogon<\/span><\/span><span id=\"gts_text_111\" class=\"gts_text\">, que significa \u201cmordisquear\u201d.<\/span> <span id=\"gts_text_112\" class=\"gts_text\">Estas aves, denominadas Trogones o Quetzales, consiguieron su nombre debido a su h\u00e1bito de roer agujeros en los \u00e1rboles para construir sus nidos.<\/span><\/li>\n<li><span id=\"gts_text_113\" class=\"gts_text\">Los <em>Turn\u00edcidos<\/em> son otro grupo de aves que lucen como codornices.<\/span> <span id=\"gts_text_114\" class=\"gts_text\">Viven en \u00c1frica, Asia y Australia.<\/span><\/li>\n<\/ol>\n<h3><span id=\"gts_text_115\" class=\"gts_text\">\u00bfCu\u00e1l es el ave m\u00e1s grande del mundo?<\/span><\/h3>\n<p><span id=\"gts_text_116\" class=\"gts_text\">El ave m\u00e1s grande del mundo es el\u00a0<a href=\"\/Ostrich.html\">avestruz<\/a>.<\/span> <span id=\"gts_text_117\" class=\"gts_text\">Las avestruces son nativas de \u00c1frica, pero ahora se cr\u00edan por todo el mundo.<\/span> <span id=\"gts_text_118\" class=\"gts_text\">Puede crecer hasta 2,7 metros de alto y pesar 155 kilogramos.<\/span> <span id=\"gts_text_119\" class=\"gts_text\">\u00a1Un solo huevo de avestruz pesa tanto como dos docenas de huevos de gallina!<\/span><\/p>\n<p><span id=\"gts_text_120\" class=\"gts_text\">El avestruz tiene peque\u00f1as alas en comparaci\u00f3n con su gran tama\u00f1o y no puede volar.<\/span>\u00a0El\u00a0<span id=\"gts_text_121\" class=\"gts_text\">ave con las alas m\u00e1s grandes es el <a href=\"\/Wandering-Albatross.html\">albatros errante<\/a>.<\/span> <span id=\"gts_text_122\" class=\"gts_text\">La envergadura media es de 3,1 metros, pero algunas han alcanzado envergaduras tan grandes como 3,7 metros.<\/span> <span id=\"gts_text_123\" class=\"gts_text\">\u00a1Como sus alas son tan grandes, puede planear por horas!<\/span><\/p>\n<p><span id=\"gts_text_124\" class=\"gts_text\">Los albatros j\u00f3venes pesan aproximadamente 16 kilogramos, es decir, 35 libras durante sus primeros vuelos y pierden peso r\u00e1pidamente.<\/span> <span id=\"gts_text_125\" class=\"gts_text\">Es por eso que el albatros errante es mucho m\u00e1s liviano que el ave voladora de mayor peso: la avutarda Kori.<\/span> <span id=\"gts_text_126\" class=\"gts_text\">Dichas avutardas pueden pesar hasta 20 kilogramos.<\/span> <span id=\"gts_text_127\" class=\"gts_text\">Aunque puedan volar, \u00a1mayormente evitan hacerlo!<\/span><\/p>\n<p><span id=\"gts_text_128\" class=\"gts_text\">El ave de mayor peso<\/span> <span style=\"font-style: italic\"><span id=\"gts_text_129\" class=\"gts_text\">que ha existido jam\u00e1s<\/span><\/span> <span id=\"gts_text_130\" class=\"gts_text\">era una clase de <a class=\" gts_attribute gts_attribute_20_title\" title=\"Ave elefante\" href=\"http:\/\/www.big-animals.com\/elephant-bird-2\/\">ave elefante<\/a> denominada <em>Aepyornis<\/em>, que habit\u00f3 en Madagascar.<\/span> <span id=\"gts_text_131\" class=\"gts_text\">\u00a1Med\u00eda 3 metros de altura y pesaba unos 450 kilogramos!<\/span> <span id=\"gts_text_132\" class=\"gts_text\">Se cree que los seres humanos pudieron haber causado su extinci\u00f3n hace aproximadamente 400-500 a\u00f1os.<\/span><\/p>\n<p><span id=\"gts_text_133\" class=\"gts_text\">Sin embargo, la <a href=\"\/Giant-Moa.html\">Moa gigante de<\/a> Nueva Zelanda era todav\u00eda m\u00e1s alta.<\/span> <span id=\"gts_text_134\" class=\"gts_text\">Las hembras med\u00edan 4 metros de alto, pero pesaban \u201csolo\u201d 240 kilogramos o quiz\u00e1s hasta 280 kg.<\/span> <span id=\"gts_text_135\" class=\"gts_text\">Desafortunadamente, cuando los humanos arribaron a Nueva Zelanda, los cazaron y adem\u00e1s destruyeron los bosques para plantar cultivos, hasta que muri\u00f3 la \u00faltima Moa en el siglo XV.<\/span><\/p>\n","protected":false},"excerpt":{"rendered":"<p>\u00bfQu\u00e9 es un ave? \u00a1Por supuesto que todos conocemos qu\u00e9 son las aves! Aqu\u00ed voy a hablar de c\u00f3mo las aves encajan en el reino animal: qu\u00e9 otros animales son como ellas, y de las similitudes y diferencias con otros animales. Las aves son vertebrados; tienen huesos en sus cuerpos, al igual que nosotros. La &hellip; <a href=\"https:\/\/www.big-animals.com\/es\/mundo-grandes-aves\/\" class=\"more-link\">Continue reading <span class=\"screen-reader-text\">\u00a1Las aves m\u00e1s grandes del mundo!<\/span><\/a><\/p>\n","protected":false},"author":1,"featured_media":0,"parent":0,"menu_order":0,"comment_status":"closed","ping_status":"open","template":"","meta":{"_acf_changed":false,"footnotes":""},"acf":[],"_links":{"self":[{"href":"https:\/\/www.big-animals.com\/es\/wp-json\/wp\/v2\/pages\/318"}],"collection":[{"href":"https:\/\/www.big-animals.com\/es\/wp-json\/wp\/v2\/pages"}],"about":[{"href":"https:\/\/www.big-animals.com\/es\/wp-json\/wp\/v2\/types\/page"}],"author":[{"embeddable":true,"href":"https:\/\/www.big-animals.com\/es\/wp-json\/wp\/v2\/users\/1"}],"replies":[{"embeddable":true,"href":"https:\/\/www.big-animals.com\/es\/wp-json\/wp\/v2\/comments?post=318"}],"version-history":[{"count":2,"href":"https:\/\/www.big-animals.com\/es\/wp-json\/wp\/v2\/pages\/318\/revisions"}],"predecessor-version":[{"id":1061,"href":"https:\/\/www.big-animals.com\/es\/wp-json\/wp\/v2\/pages\/318\/revisions\/1061"}],"wp:attachment":[{"href":"https:\/\/www.big-animals.com\/es\/wp-json\/wp\/v2\/media?parent=318"}],"curies":[{"name":"wp","href":"https:\/\/api.w.org\/{rel}","templated":true}]}}