{"id":319,"date":"2011-05-09T11:36:48","date_gmt":"2011-05-09T11:36:48","guid":{"rendered":""},"modified":"2011-05-09T11:36:48","modified_gmt":"2011-05-09T11:36:48","slug":"mundo-grande-crustaceos","status":"publish","type":"page","link":"https:\/\/www.big-animals.com\/es\/mundo-grande-crustaceos\/","title":{"rendered":"\u00a1Los crust\u00e1ceos m\u00e1s grandes del mundo!"},"content":{"rendered":"<h3><span id=\"gts_text_1\" class=\"gts_text\">\u00bfCu\u00e1les son crust\u00e1ceos?<\/span><\/h3>\n<p><span id=\"gts_text_2\" class=\"gts_text\">La palabra \u201ccrust\u00e1ceos\u201d puede sonar como una palabra larga usted, pero este grupo de animales incluye algunos muy familiares.<\/span> <span id=\"gts_text_3\" class=\"gts_text\">Los cangrejos, las langostas, los cangrejos, el camar\u00f3n y las lapas son todos los crust\u00e1ceos.<\/span> <span id=\"gts_text_4\" class=\"gts_text\">Los crust\u00e1ceos todos pertenecen a un grupo m\u00e1s grande de animales, llamado <a href=\"\/Arthropods.html\"><span style=\"font-style: italic;\">Arthropods<\/span><\/a>, que tambi\u00e9n incluye insectos, ara\u00f1as y escorpiones.<\/span><\/p>\n<h3><span id=\"gts_text_5\" class=\"gts_text\">\u00bfD\u00f3nde los crust\u00e1ceos viven?<\/span><\/h3>\n<p><span id=\"gts_text_6\" class=\"gts_text\">La mayor parte de viven en el mar o el agua dulce.<\/span> <span id=\"gts_text_7\" class=\"gts_text\">\u00a1Alguna de ellos pueden vivir en tierra, tal como cangrejos de ermita\u00f1o que algunas personas mantengan como animales dom\u00e9sticos un acuario!<\/span> <span id=\"gts_text_8\" class=\"gts_text\">Los crust\u00e1ceos tienen una c\u00e1scara dura para protegerse contra su enemigo.<\/span> <span id=\"gts_text_9\" class=\"gts_text\">Generalmente, su cuerpo se divide en dos porciones, una cabeza y un abdomen.<\/span> <span id=\"gts_text_10\" class=\"gts_text\">Tienen antenas que utilicen para detectar el mundo alrededor de ellas, encontrando la comida o evitando peligro.<\/span> <span id=\"gts_text_11\" class=\"gts_text\">El abdomen incluye el coraz\u00f3n, el sistema digestivo y el sistema reproductivo.<\/span> <span id=\"gts_text_12\" class=\"gts_text\">Tienen piernas fuertes para arrastrarse y nadar.<\/span> <span id=\"gts_text_13\" class=\"gts_text\">Muchos crust\u00e1ceos utilizan sus garras que les ayuden a comer.<\/span><\/p>\n<h3><span id=\"gts_text_14\" class=\"gts_text\">\u00bfQu\u00e9 clase de crust\u00e1ceos hay?<\/span><\/h3>\n<p> <img decoding=\"async\" src=\"http:\/\/ba.dr-mikes-maths.com\/\/wp-content\/themes\/twentyten\/images\/ba\/japanese-spider-crab.jpg\" alt=\"cangrejo de ara\u00f1a japon\u00e9s\" \/><br \/>\n<span style=\"width: 400px; float: right; text-align: center;\"><span id=\"gts_text_15\" class=\"gts_text\"><strong><a href=\"\/Japanese-Spider-Crab.html\">El cangrejo de ara\u00f1a japon\u00e9s<\/a> es el artr\u00f3podo m\u00e1s grande el crust\u00e1ceo del mundo, y de hecho del mundo m\u00e1s grande<\/strong><\/span><\/span><br \/>\n<span id=\"gts_text_16\" class=\"gts_text\">Crust\u00e1ceos del grupo de los cient\u00edficos en los grupos, que llaman las \u201cclases\u201d.<\/span> <span id=\"gts_text_17\" class=\"gts_text\">\u00c9stos son<\/span><\/p>\n<ul>\n<li><span id=\"gts_text_18\" class=\"gts_text\">Hay cerca de 900 tipos de <span style=\"font-style: italic;\">Branchiopods<\/span>.<\/span> <span id=\"gts_text_19\" class=\"gts_text\">\u00c9stos tienden a ser muy peque\u00f1os ellos parecen peque\u00f1os camarones.<\/span> <span id=\"gts_text_20\" class=\"gts_text\">Pueden sobrevivir en los ambientes que no pueden otros animales, por ejemplo un lago casi desecado.<\/span> <span id=\"gts_text_21\" class=\"gts_text\">Los \u201cMar-Monos famosos\u201d guardados como animales dom\u00e9sticos son Branchiopods.<\/span><\/li>\n<li><span id=\"gts_text_22\" class=\"gts_text\">Los 17 tipos de Remipedes est\u00e1n ciegos, y pasan su nadar del tiempo al rev\u00e9s en sus partes posteriores en la parte inferior del mar.<\/span> <span id=\"gts_text_23\" class=\"gts_text\">Tienen una cabeza muy complicada, con un tronco largo y los colmillos.<\/span> <span id=\"gts_text_24\" class=\"gts_text\">Muy poco se sabe sobre ellos.<\/span><\/li>\n<li><span id=\"gts_text_25\" class=\"gts_text\">Los camarones de herradura son las peque\u00f1as criaturas que viven en el fango en el fondo marino.<\/span> <span id=\"gts_text_26\" class=\"gts_text\">Comen sent\u00e1ndose todav\u00eda y agua y fango whooshing en sus bocas, esperando que algo delicioso ser\u00e1 lavado adentro.<\/span> <span id=\"gts_text_27\" class=\"gts_text\">Los cient\u00edficos los llaman <span style=\"font-style: italic;\">Cephalocarida<\/span>.<\/span><\/li>\n<li><span id=\"gts_text_28\" class=\"gts_text\"><span style=\"font-style: italic;\">El Maxillopods<\/span> tiene un peque\u00f1o cuerpo y piernas comparados con su cabeza.<\/span> <span id=\"gts_text_29\" class=\"gts_text\">El m\u00e1s extremos son las lapas, que se pegan permanentemente a cualquier superficie subacu\u00e1tica conveniente.<\/span><\/li>\n<li><span id=\"gts_text_30\" class=\"gts_text\">Hay 13000 especies vivas de camar\u00f3n de semilla.<\/span> <span id=\"gts_text_31\" class=\"gts_text\">Estos crust\u00e1ceos min\u00fasculos componen la parte de lo que llamamos plancton, son tan comida importante para muchos animales de mar.<\/span> <span id=\"gts_text_32\" class=\"gts_text\">\u00a1Otros viven encendido, o en el fondo marino, o a\u00fan en suelo h\u00famedo de los bosques!<\/span><\/li>\n<li><span id=\"gts_text_33\" class=\"gts_text\">El grupo pasado (los cient\u00edficos los llaman fuente-<span>estilo del style= &#8220;: it\u00e1lico; el \u201c&#038;gt;Malacostraca<\/span>) contiene todos los crust\u00e1ceos m\u00e1s familiares (y todo el la m\u00e1s grande).<\/span> <span id=\"gts_text_34\" class=\"gts_text\">Hay<\/span>\n<ul>\n<li><span id=\"gts_text_35\" class=\"gts_text\"><span style=\"font-style: italic;\">El Leptostraca<\/span> min\u00fasculo (el nombre significa la \u201cc\u00e1scara fina\u201d) vive en el mundo entero los oc\u00e9anos.<\/span><\/li>\n<li><span id=\"gts_text_36\" class=\"gts_text\">Los camarones de predicador no son camarones, sino parecen ellos.<\/span> <span id=\"gts_text_37\" class=\"gts_text\">Hay cerca de 400 diversas especies, el m\u00e1s grande puede crecer sobre un pie largo (30 cm).<\/span> <span id=\"gts_text_38\" class=\"gts_text\">Tienen garras muy potentes, y a veces se llaman los \u201cdivisores del pulgar\u201d o los \u201casesinos de la gamba\u201d.<\/span><\/li>\n<li><span id=\"gts_text_39\" class=\"gts_text\">Los Woodlice, los pillbugs, los cangrejos, las langostas, las gambas y el camar\u00f3n todos pertenecen a la tercera y final subclase de Malacostraca.<\/span> <span id=\"gts_text_40\" class=\"gts_text\">Muchos de \u00e9stos son comidos por los seres humanos.<\/span> <span id=\"gts_text_41\" class=\"gts_text\">Todos los crust\u00e1ceos m\u00e1s grandes pertenecen a este grupo.<\/span><\/li>\n<\/ul>\n<\/li>\n<\/ul>\n<h3><span id=\"gts_text_42\" class=\"gts_text\">\u00bfCu\u00e1l es el crust\u00e1ceo m\u00e1s grande del mundo?<\/span><\/h3>\n<p><span id=\"gts_text_43\" class=\"gts_text\">El crust\u00e1ceo m\u00e1s grande del mundo es el <a href=\"\/Japanese-Spider-Crab.html\">cangrejo de ara\u00f1a japon\u00e9s<\/a>.<\/span> <span id=\"gts_text_44\" class=\"gts_text\">Puede pesar hasta 20kg (45 libras).<\/span> <span id=\"gts_text_45\" class=\"gts_text\">\u00a1Si estira hacia fuera sus piernas, pueden alcanzar hasta 4 metros (13 pies) de la extremidad a la extremidad!<\/span>  <span id=\"gts_text_46\" class=\"gts_text\">Consigue su nombre porque sus piernas largas recuerdan a gente una ara\u00f1a enorme.<\/span><\/p>\n<p><span id=\"gts_text_47\" class=\"gts_text\">Por otra parte, la <a href=\"\/American-Lobster.html\">langosta americana<\/a> (aunque es m\u00e1s peque\u00f1o) pesa m\u00e1s que el cangrejo de ara\u00f1a japon\u00e9s.<\/span> <span id=\"gts_text_48\" class=\"gts_text\">Puede abultar hasta pesa hasta 22kg (48 libras) y medida casi 1,2 metros (1,3 yardas) de largo.<\/span><\/p>\n<p><span id=\"gts_text_49\" class=\"gts_text\">El cangrejo de ara\u00f1a japon\u00e9s y la langosta americana viven en el mar.\u00a0\u00a1<a href=\"\/Coconut-Crab.html\">El cangrejo de coco<\/a>, <em>latro de Birgus<\/em>, no es apenas la tierra-vida m\u00e1s grande crust\u00e1cea, es el artr\u00f3podo m\u00e1s grande de la tierra y el invertebrado m\u00e1s grande de la tierra de todos!<\/span> <span id=\"gts_text_50\" class=\"gts_text\">Tiene un cuerpo que miden hasta 40 cm de largo (16 pulgadas) y pesa hasta 4 kilogramos (8,8 libras).<\/span> <span id=\"gts_text_51\" class=\"gts_text\">Sus piernas pueden atravesar 1 m (39 pulgadas).<\/span> <span id=\"gts_text_52\" class=\"gts_text\">Consigue su nombre de su comida preferida.<\/span><\/p>\n<p><span id=\"gts_text_53\" class=\"gts_text\">El crust\u00e1ceo de agua dulce m\u00e1s grande es el camar\u00f3n de hadas gigante, <span style=\"font-style: italic;\">gigas de Branchinecta<\/span> que tiene una longitud corporal del 15cm (6 pulgadas).<\/span> <span id=\"gts_text_54\" class=\"gts_text\">La lapa m\u00e1s grande es la lapa de bellota gigante, <em>nubilis del Balanus<\/em>, alcanzando 7 cm (2,8 adentro) en di\u00e1metro y 12,7 altos del cm (5 adentro).<\/span> <span id=\"gts_text_55\" class=\"gts_text\">El crust\u00e1ceo m\u00e1s grande que permanece en una cueva es el <span style=\"font-style: italic;\">robustus de Godzillius de la<\/span> especie<span style=\"font-style: italic;\">.<\/span><\/span>  <span id=\"gts_text_56\" class=\"gts_text\">Es 4,5 cm de largo.<\/span><\/p>\n","protected":false},"excerpt":{"rendered":"<p>\u00bfCu\u00e1les son crust\u00e1ceos? La palabra \u201ccrust\u00e1ceos\u201d puede sonar como una palabra larga usted, pero este grupo de animales incluye algunos muy familiares. Los cangrejos, las langostas, los cangrejos, el camar\u00f3n y las lapas son todos los crust\u00e1ceos. Los crust\u00e1ceos todos pertenecen a un grupo m\u00e1s grande de animales, llamado Arthropods, que tambi\u00e9n incluye insectos, ara\u00f1as &hellip; <a href=\"https:\/\/www.big-animals.com\/es\/mundo-grande-crustaceos\/\" class=\"more-link\">Continue reading <span class=\"screen-reader-text\">\u00a1Los crust\u00e1ceos m\u00e1s grandes del mundo!<\/span><\/a><\/p>\n","protected":false},"author":1,"featured_media":0,"parent":0,"menu_order":0,"comment_status":"closed","ping_status":"open","template":"","meta":{"_acf_changed":false,"footnotes":""},"acf":[],"_links":{"self":[{"href":"https:\/\/www.big-animals.com\/es\/wp-json\/wp\/v2\/pages\/319"}],"collection":[{"href":"https:\/\/www.big-animals.com\/es\/wp-json\/wp\/v2\/pages"}],"about":[{"href":"https:\/\/www.big-animals.com\/es\/wp-json\/wp\/v2\/types\/page"}],"author":[{"embeddable":true,"href":"https:\/\/www.big-animals.com\/es\/wp-json\/wp\/v2\/users\/1"}],"replies":[{"embeddable":true,"href":"https:\/\/www.big-animals.com\/es\/wp-json\/wp\/v2\/comments?post=319"}],"version-history":[{"count":1,"href":"https:\/\/www.big-animals.com\/es\/wp-json\/wp\/v2\/pages\/319\/revisions"}],"predecessor-version":[{"id":878,"href":"https:\/\/www.big-animals.com\/es\/wp-json\/wp\/v2\/pages\/319\/revisions\/878"}],"wp:attachment":[{"href":"https:\/\/www.big-animals.com\/es\/wp-json\/wp\/v2\/media?parent=319"}],"curies":[{"name":"wp","href":"https:\/\/api.w.org\/{rel}","templated":true}]}}