{"id":322,"date":"2011-05-09T11:37:39","date_gmt":"2011-05-09T11:37:39","guid":{"rendered":""},"modified":"2014-03-25T22:46:34","modified_gmt":"2014-03-25T14:46:34","slug":"titanoboa-grande-nunca-serpiente","status":"publish","type":"page","link":"https:\/\/www.big-animals.com\/es\/titanoboa-grande-nunca-serpiente\/","title":{"rendered":"Titanoboa, la serpiente m\u00e1s grande de todos los tiempos."},"content":{"rendered":"<figure id=\"attachment_446\" aria-describedby=\"caption-attachment-446\" style=\"width: 300px\" class=\"wp-caption alignright\"><a href=\"http:\/\/www.big-animals.com\/wp-content\/uploads\/2011\/02\/Titanoboa_And_Human.png\"><img loading=\"lazy\" decoding=\"async\" class=\"size-medium wp-image-446\" title=\"Titanoboa y ser humano\" alt=\"Titanoboa y ser humano\" src=\"http:\/\/www.big-animals.com\/wp-content\/uploads\/2011\/02\/Titanoboa_And_Human-300x201.png\" width=\"300\" height=\"201\" \/><\/a><figcaption id=\"caption-attachment-446\" class=\"wp-caption-text\">Titanoboa y un humano<\/figcaption><\/figure>\n<p><span class=\"gts_text\" id=\"gts_text_1\">Titanoboa significa boa tit\u00e1nica.<\/span> <span class=\"gts_text\" id=\"gts_text_2\">Es una serpiente prehist\u00f3rica que vivi\u00f3 hace unos 60-58 millones de a\u00f1os <\/span><span class=\"gts_text\" id=\"gts_text_2\">aproximadamente<\/span><span class=\"gts_text\" id=\"gts_text_2\">, despues de la extinci\u00f3n de los dinosaurios.<\/span> <span class=\"gts_text\">Este reptil <\/span>\u2014<span class=\"gts_text\">la <a title=\"Serpientes\" href=\"http:\/\/www.big-animals.com\/es\/serpientes\/\">serpiente<\/a> m\u00e1s grande de todos los tiempos<\/span>\u2014 <span class=\"gts_text\" id=\"gts_text_3\">med\u00eda entre 12 y 15 metros de largo, como la longitud de un autob\u00fas.<\/span> <span class=\"gts_text\" id=\"gts_text_4\">Pesaba como un coche peque\u00f1o de unos 1 135 kilogramos.<\/span> <span class=\"gts_text\" id=\"gts_text_5\">La parte m\u00e1s ancha de su cuerpo era aproximadamente de 1 metro de grosor.<\/span><\/p>\n<p><span class=\"gts_text\" id=\"gts_text_6\">Los f\u00f3siles del Titanaboa fueron descubiertos en una capa de roca en una mina de carb\u00f3n en Colombia, Sudam\u00e9rica.<\/span> <span class=\"gts_text\" id=\"gts_text_7\">Viv\u00eda en la selva tropical al noreste de Colombia.<\/span> <span class=\"gts_text\" id=\"gts_text_8\">El tama\u00f1o de Titanaboa nos dice que el clima de la selva tropical antigua debe haber sido m\u00e1s c\u00e1lido que hoy: unos 30\u00ba C.<\/span> <span class=\"gts_text\" id=\"gts_text_9\">El clima m\u00e1s c\u00e1lido de la tierra durante ese per\u00edodo permiti\u00f3 que las serpientes de sangre fr\u00eda fueran m\u00e1s grandes que las serpientes modernas.<\/span> <span class=\"gts_text\" id=\"gts_text_10\">Por ejemplo, \u00a0las serpientes m\u00e1s pesadas y largas del mundo hoy en d\u00eda son la pit\u00f3n reticulada, de unos 8,7 metros, y la anaconda, de aproximadamente 5,2 metros.<\/span>\u00a0Actualmente<span class=\"gts_text\" id=\"gts_text_11\">, los animales de sangre fr\u00eda de las zonas tropicales m\u00e1s c\u00e1lidas tienden a ser m\u00e1s grandes que los que se encuentran en zonas clim\u00e1ticas m\u00e1s frescas.<\/span><\/p>\n","protected":false},"excerpt":{"rendered":"<p>Titanoboa significa boa tit\u00e1nica. Es una serpiente prehist\u00f3rica que vivi\u00f3 hace unos 60-58 millones de a\u00f1os aproximadamente, despues de la extinci\u00f3n de los dinosaurios. Este reptil \u2014la serpiente m\u00e1s grande de todos los tiempos\u2014 med\u00eda entre 12 y 15 metros de largo, como la longitud de un autob\u00fas. Pesaba como un coche peque\u00f1o de unos &hellip; <a href=\"https:\/\/www.big-animals.com\/es\/titanoboa-grande-nunca-serpiente\/\" class=\"more-link\">Continue reading <span class=\"screen-reader-text\">Titanoboa, la serpiente m\u00e1s grande de todos los tiempos.<\/span><\/a><\/p>\n","protected":false},"author":1,"featured_media":0,"parent":0,"menu_order":0,"comment_status":"closed","ping_status":"open","template":"","meta":{"_acf_changed":false,"footnotes":""},"acf":[],"_links":{"self":[{"href":"https:\/\/www.big-animals.com\/es\/wp-json\/wp\/v2\/pages\/322"}],"collection":[{"href":"https:\/\/www.big-animals.com\/es\/wp-json\/wp\/v2\/pages"}],"about":[{"href":"https:\/\/www.big-animals.com\/es\/wp-json\/wp\/v2\/types\/page"}],"author":[{"embeddable":true,"href":"https:\/\/www.big-animals.com\/es\/wp-json\/wp\/v2\/users\/1"}],"replies":[{"embeddable":true,"href":"https:\/\/www.big-animals.com\/es\/wp-json\/wp\/v2\/comments?post=322"}],"version-history":[{"count":4,"href":"https:\/\/www.big-animals.com\/es\/wp-json\/wp\/v2\/pages\/322\/revisions"}],"predecessor-version":[{"id":893,"href":"https:\/\/www.big-animals.com\/es\/wp-json\/wp\/v2\/pages\/322\/revisions\/893"}],"wp:attachment":[{"href":"https:\/\/www.big-animals.com\/es\/wp-json\/wp\/v2\/media?parent=322"}],"curies":[{"name":"wp","href":"https:\/\/api.w.org\/{rel}","templated":true}]}}