{"id":323,"date":"2011-05-09T11:37:52","date_gmt":"2011-05-09T11:37:52","guid":{"rendered":""},"modified":"2011-05-09T11:37:52","modified_gmt":"2011-05-09T11:37:52","slug":"mundo-grande-terciopelo-gusanos","status":"publish","type":"page","link":"https:\/\/www.big-animals.com\/es\/mundo-grande-terciopelo-gusanos\/","title":{"rendered":"\u00a1Los gusanos del terciopelo m\u00e1s grandes del mundo!"},"content":{"rendered":"<h3><span id=\"gts_text_1\" class=\"gts_text\">\u00bfCu\u00e1l es un gusano de terciopelo?<\/span><\/h3>\n<p><span id=\"gts_text_2\" class=\"gts_text\">Los gusanos de terciopelo tienen piernas como una oruga.<\/span> <span id=\"gts_text_3\" class=\"gts_text\">Cada pierna se puede acortar y doblar por los m\u00fasculos internos.<\/span> <span id=\"gts_text_4\" class=\"gts_text\">\u00bfNo es eso fresco?\u00a0Los gusanos de terciopelo son tan diferentes de otras criaturas que est\u00e1n dados un f\u00edlum todo sus los propio (un f\u00edlum es el grupo posible m\u00e1s ancho de <a href=\"\/Animals.html\">animales<\/a> similares) &#8211; que los cient\u00edficos llaman <span style=\"font-style: italic;\">Onychophora<\/span>.<\/span> <span id=\"gts_text_5\" class=\"gts_text\">Viven en bosques y son muy coloridos.<\/span> <span id=\"gts_text_6\" class=\"gts_text\">Sobre todo son apenas 1 o 2 pulgadas (3-5 cm) de largo.<\/span> <span id=\"gts_text_7\" class=\"gts_text\">\u00a1Los gusanos de terciopelo son el \u00fanico f\u00edlum que no tiene ning\u00fan miembro que viva en agua!<\/span> <span id=\"gts_text_8\" class=\"gts_text\">Algunos gusanos de terciopelo ponen los huevos, otros no hacen.<\/span> <span id=\"gts_text_9\" class=\"gts_text\">Respiran a trav\u00e9s de su superficie del cuerpo.<\/span> <span id=\"gts_text_10\" class=\"gts_text\">Tienen dos antenas.<\/span> <span id=\"gts_text_11\" class=\"gts_text\">Un ciertas especies de gusano de terciopelo tienen solamente un ojo.<\/span> <span id=\"gts_text_12\" class=\"gts_text\">Hay sobre 100 diversos tipos de gusano de terciopelo sabidos, y los cient\u00edficos est\u00e1n descubriendo m\u00e1s todo el tiempo.<\/span><\/p>\n<div style=\"text-align: center;\"><img decoding=\"async\" style=\"width: 600px; height: 228px;\" src=\"http:\/\/ba.dr-mikes-maths.com\/\/wp-content\/themes\/twentyten\/images\/ba\/velvet-worm.jpg\" alt=\"Un gusano de terciopelo t\u00edpico\" \/><br \/>\n<span id=\"gts_text_13\" class=\"gts_text\"><span style=\"font-weight: bold;\">Un gusano de terciopelo t\u00edpico &#8211; fotograf\u00ede por<\/span> <a rel=\"nofollow\" href=\"http:\/\/www.flickr.com\/people\/12964067@N00\">Bruno Vellutini<\/a><\/span><\/div>\n<h3><span id=\"gts_text_14\" class=\"gts_text\">\u00bfCu\u00e1l es el gusano de terciopelo m\u00e1s grande?<\/span><\/h3>\n<p><span id=\"gts_text_15\" class=\"gts_text\">\u00a1El gusano de terciopelo m\u00e1s grande pertenece a una especie que <a href=\"\/Giant-Velvet-Worm.html\">ni siquiera tenga un nombre<\/a>!<\/span> <span id=\"gts_text_16\" class=\"gts_text\">Crece hasta 22 cm de largo (9 pulgadas), y vidas en las selvas de Costa Rica.<\/span> <span id=\"gts_text_17\" class=\"gts_text\">\u00a1El reci\u00e9n nacido de este gusano de terciopelo es m\u00e1s grande que los adultos de la mayor\u00eda de las especies!<\/span> <span id=\"gts_text_18\" class=\"gts_text\">El gusano de terciopelo gigante no pone el huevo.<\/span><\/p>\n<h3><span id=\"gts_text_19\" class=\"gts_text\">\u00bfQu\u00e9 los gusanos de terciopelo comen?<\/span><\/h3>\n<p><span id=\"gts_text_20\" class=\"gts_text\">Los gusanos de terciopelo son cazadores &#8211; se escabullir\u00e1n para arriba en un insecto sabroso, y arrojan a chorros un limo pegajoso para cogerlo para su cena.<\/span> <span id=\"gts_text_21\" class=\"gts_text\">\u00a1Pueden arrojar a chorros una distancia de hasta 30 cm &#8211; que sea 1 pie!<\/span> <span id=\"gts_text_22\" class=\"gts_text\">Tienen toothlets finos que masticaban para arriba su comida.<\/span> <span id=\"gts_text_23\" class=\"gts_text\">\u00a1No los subestime para su tama\u00f1o!<\/span> <span id=\"gts_text_24\" class=\"gts_text\">Pueden incluso masticar para arriba caracoles grandes.<\/span><\/p>\n<h3><span id=\"gts_text_25\" class=\"gts_text\">\u00bfD\u00f3nde los gusanos de terciopelo viven?<\/span><\/h3>\n<p><span id=\"gts_text_26\" class=\"gts_text\">Los gusanos de terciopelo prefieren lugares oscuros, h\u00famedos.<\/span> <span id=\"gts_text_27\" class=\"gts_text\">Los encuentran en selvas tropicales tropicales, y como Sur Lejano como Tasmania.<\/span> <span id=\"gts_text_28\" class=\"gts_text\">Dos especies viven en las grietas de las cuevas.<\/span> <span id=\"gts_text_29\" class=\"gts_text\">\u00a1Algunas personas incluso tienen gusto de guardar gusanos de terciopelo como animales dom\u00e9sticos!<\/span><\/p>\n","protected":false},"excerpt":{"rendered":"<p>\u00bfCu\u00e1l es un gusano de terciopelo? Los gusanos de terciopelo tienen piernas como una oruga. Cada pierna se puede acortar y doblar por los m\u00fasculos internos. \u00bfNo es eso fresco?\u00a0Los gusanos de terciopelo son tan diferentes de otras criaturas que est\u00e1n dados un f\u00edlum todo sus los propio (un f\u00edlum es el grupo posible m\u00e1s &hellip; <a href=\"https:\/\/www.big-animals.com\/es\/mundo-grande-terciopelo-gusanos\/\" class=\"more-link\">Continue reading <span class=\"screen-reader-text\">\u00a1Los gusanos del terciopelo m\u00e1s grandes del mundo!<\/span><\/a><\/p>\n","protected":false},"author":1,"featured_media":0,"parent":0,"menu_order":0,"comment_status":"closed","ping_status":"open","template":"","meta":{"_acf_changed":false,"footnotes":""},"acf":[],"_links":{"self":[{"href":"https:\/\/www.big-animals.com\/es\/wp-json\/wp\/v2\/pages\/323"}],"collection":[{"href":"https:\/\/www.big-animals.com\/es\/wp-json\/wp\/v2\/pages"}],"about":[{"href":"https:\/\/www.big-animals.com\/es\/wp-json\/wp\/v2\/types\/page"}],"author":[{"embeddable":true,"href":"https:\/\/www.big-animals.com\/es\/wp-json\/wp\/v2\/users\/1"}],"replies":[{"embeddable":true,"href":"https:\/\/www.big-animals.com\/es\/wp-json\/wp\/v2\/comments?post=323"}],"version-history":[{"count":1,"href":"https:\/\/www.big-animals.com\/es\/wp-json\/wp\/v2\/pages\/323\/revisions"}],"predecessor-version":[{"id":877,"href":"https:\/\/www.big-animals.com\/es\/wp-json\/wp\/v2\/pages\/323\/revisions\/877"}],"wp:attachment":[{"href":"https:\/\/www.big-animals.com\/es\/wp-json\/wp\/v2\/media?parent=323"}],"curies":[{"name":"wp","href":"https:\/\/api.w.org\/{rel}","templated":true}]}}