{"id":324,"date":"2011-05-09T21:56:37","date_gmt":"2011-05-09T21:56:37","guid":{"rendered":""},"modified":"2014-10-04T06:03:26","modified_gmt":"2014-10-03T22:03:26","slug":"elefante-marino-del-sur","status":"publish","type":"page","link":"https:\/\/www.big-animals.com\/es\/elefante-marino-del-sur\/","title":{"rendered":"Elefante marino del sur"},"content":{"rendered":"<p><span id=\"gts_text_1\" class=\"gts_text\">El elefante marino del sur es el animal <a title=\"Carn\u00edvoros\" href=\"http:\/\/www.big-animals.com\/es\/carnivoros\/\">carn\u00edvoro<\/a>\u00a0viviente\u00a0m\u00e1s grande.<\/span> <span id=\"gts_text_2\" class=\"gts_text\">Se los denomina elefantes marinos porque son muy grandes y los machos tienen una nariz con aspecto de trompa.<\/span> <span id=\"gts_text_3\" class=\"gts_text\">Utilizan la nariz\u00a0para rugir fuerte y alto.<\/span><\/p>\n<p><span id=\"gts_text_4\" class=\"gts_text\">El elefante marino del sur es m\u00e1s grande que el elefante marino del norte.<\/span> <span id=\"gts_text_5\" class=\"gts_text\">Tiene una nariz m\u00e1s ancha.<\/span> <span id=\"gts_text_6\" class=\"gts_text\">El elefante marino del norte se encuentra en California y sus alrededores.<\/span> Principalmente vive<span id=\"gts_text_7\" class=\"gts_text\">\u00a0en islas lejos\u00a0de las costas.<\/span> <span id=\"gts_text_8\" class=\"gts_text\">El elefante marino del sur vive sobre todo alrededor de la Ant\u00e1rtida.<\/span><\/p>\n<figure id=\"attachment_776\" aria-describedby=\"caption-attachment-776\" style=\"width: 300px\" class=\"wp-caption alignleft\"><a title=\"Elefante Marino del Sur\" href=\"http:\/\/www.big-animals.com\/es\/elefante-marino-del-sur\/\"><img loading=\"lazy\" decoding=\"async\" class=\"size-medium wp-image-776\" title=\"Sello y ser humano meridionales de elefante\" src=\"http:\/\/www.big-animals.com\/wp-content\/uploads\/2011\/03\/Southern_Elephant_Seal_And_Human-300x177.png\" alt=\"Sello y ser humano meridionales de elefante\" width=\"300\" height=\"177\" \/><\/a><figcaption id=\"caption-attachment-776\" class=\"wp-caption-text\">Elefante marino del sur y ser humano<\/figcaption><\/figure>\n<p><span id=\"gts_text_9\" class=\"gts_text\">El elefante marino del sur macho es aproximadamente 5 o 6 veces m\u00e1s grande que la hembra.<\/span> <span id=\"gts_text_10\" class=\"gts_text\">La hembra pesa aproximadamente entre 400 y 900 kilogramos (880\u00a0y 2000 libras) y mide entre 2,6 y 3 metros (8 y 9 pies) de largo m\u00e1s o menos.<\/span> <span id=\"gts_text_11\" class=\"gts_text\">En cambio, los machos pesan aproximadamente entre 2200 y 4000 kilogramos (4890 &#8211; 8820\u00a0libras) y miden entre 4,2 y 5 metros (13 y 16 pies) de largo m\u00e1s o menos.<\/span> <span id=\"gts_text_12\" class=\"gts_text\">Sus cr\u00edas pesan cerca de 40 kilogramos (88 libras) cuando nacen y, por lo general, se alimentan de la leche de su madre unas 3 semanas s\u00f3lo.<\/span> <span id=\"gts_text_13\" class=\"gts_text\">Hasta entonces, la madre no come, tanto ella como su cr\u00eda viven de la energ\u00eda almacenada en la capa gruesa de grasa de la madre.<\/span> <span id=\"gts_text_14\" class=\"gts_text\">Despu\u00e9s de casi un mes de ayuno, \u00a1la madre pierde bastante peso!<\/span><\/p>\n<p><span id=\"gts_text_15\" class=\"gts_text\">Sus ojos son grandes, redondeados y negros.<\/span>\u00a0\u00c9<span id=\"gts_text_16\" class=\"gts_text\">stos son importantes para cazar.<\/span>\u00a0Utilizan s<span id=\"gts_text_17\" class=\"gts_text\">us cuartos traseros\u00a0como aletas caudales.<\/span> <span id=\"gts_text_18\" class=\"gts_text\">Cada aleta tiene 5 dedos largos palmeados.<\/span>\u00a0Las\u00a0<span id=\"gts_text_19\" class=\"gts_text\">aletas que tienen en ambos lados de su cuerpo no las utilizan mucho para nadar.<\/span>\u00a0M\u00e1s bien, las utilizan para arrastrase en\u00a0tierra<span id=\"gts_text_20\" class=\"gts_text\">.<\/span> <span id=\"gts_text_21\" class=\"gts_text\">Pueden moverse velozmente, hasta\u00a0a 8 kil\u00f3metros por hora (5 millas por hora) en distancias cortas.<\/span> <span id=\"gts_text_22\" class=\"gts_text\">Aunque parezcan torpes cuando se mueven en la tierra, su gran velocidad hace que sean peligrosos cuando se los molesta.<\/span><\/p>\n<p><span id=\"gts_text_23\" class=\"gts_text\">El elefante marino no necesita pasar mucho tiempo en la superficie del agua.<\/span>\u00a0S\u00f3lo n<span id=\"gts_text_24\" class=\"gts_text\">ecesita algunos minutos para inhalar suficiente aire para la siguiente larga zambullida.<\/span> <span id=\"gts_text_25\" class=\"gts_text\">Se zambullen varias veces, cada vez m\u00e1s de 20 minutos y hasta por 2 horas cuando cazan presas como calamares y peces.<\/span> <span id=\"gts_text_26\" class=\"gts_text\">Son los elefantes marinos que nadan a mayores profundidades.<\/span> <span id=\"gts_text_27\" class=\"gts_text\">Pueden nadar en profundidades de 400 metros (1312 pies).<\/span><\/p>\n<figure id=\"attachment_778\" aria-describedby=\"caption-attachment-778\" style=\"width: 300px\" class=\"wp-caption alignright\"><a title=\"Elefante Marino del Sur\" href=\"http:\/\/www.big-animals.com\/es\/elefante-marino-del-sur\/\"><img loading=\"lazy\" decoding=\"async\" class=\"size-medium wp-image-778\" title=\"Sello de elefante meridional masculino - Photgraph de Bruno Navez\" src=\"http:\/\/www.big-animals.com\/wp-content\/uploads\/2011\/03\/Male_Southern_Elephant_Seal-300x300.jpg\" alt=\"Sello de elefante meridional masculino - Photgraph de Bruno Navez\" width=\"300\" height=\"300\" \/><\/a><figcaption id=\"caption-attachment-778\" class=\"wp-caption-text\">Elefante marino del sur macho &#8211; Fotograf\u00eda de Bruno Navez<\/figcaption><\/figure>\n<p><span id=\"gts_text_28\" class=\"gts_text\">Su cuerpo tiene forma de torpedo, lo que los ayuda a ser grandes nadadores.<\/span> M\u00e1s a\u00fan<span id=\"gts_text_29\" class=\"gts_text\">, sus cuerpos pueden almacenar grandes cantidades de sangre, lo que es bueno para transportar ox\u00edgeno.<\/span> <span id=\"gts_text_30\" class=\"gts_text\">\u00a1Incluso tienen espacio adicional\u00a0en su cuerpo para almacenar m\u00e1s sangre!<\/span> <span id=\"gts_text_31\" class=\"gts_text\">Todo esto los ayuda a ser los mejores buceadores, pueden respirar una vez\u00a0y aguantar\u00a0durante mucho mucho tiempo.<\/span><\/p>\n<p><span id=\"gts_text_32\" class=\"gts_text\">En los oc\u00e9anos, los elefantes marinos viven solos.<\/span> <span id=\"gts_text_33\" class=\"gts_text\">La mayor\u00eda de los elefantes marinos hembras se zambullen casi hasta el fondo del mar.<\/span> <span id=\"gts_text_34\" class=\"gts_text\">\u00a1Los machos no s\u00f3lo llegan al fondo del mar, sino que llegan al fondo de los lugares m\u00e1s profundos del mar!<\/span> <span id=\"gts_text_35\" class=\"gts_text\">Vuelven cada a\u00f1o a la misma \u00e1rea de caza.<\/span>\u00a0El<span id=\"gts_text_36\" class=\"gts_text\">\u00a0\u00e1rea principal de alimentaci\u00f3n es en la orilla de la Ant\u00e1rtida.<\/span> <span id=\"gts_text_37\" class=\"gts_text\">Cuando cazan en los oscuros oc\u00e9anos, la luz emitida por algunas de sus presas los ayuda a capturarlas f\u00e1cilmente.<\/span> <span id=\"gts_text_38\" class=\"gts_text\">Los elefantes marinos son sensibles a las vibraciones.<\/span> <span id=\"gts_text_39\" class=\"gts_text\">Tener esta sensibilidad tambi\u00e9n les ayuda en la captura de su presa.<\/span> <span id=\"gts_text_40\" class=\"gts_text\">Su depredador principal es la orca.<\/span><\/p>\n<p><span id=\"gts_text_41\" class=\"gts_text\">Los elefantes marinos pueden permanecer en tierra durante mucho tiempo.<\/span> <span id=\"gts_text_42\" class=\"gts_text\">Pueden permanecer secos varias semanas al\u00a0a\u00f1o.<\/span> <span id=\"gts_text_43\" class=\"gts_text\">Los elefantes marinos machos defienden sus territorios.<\/span> <span id=\"gts_text_44\" class=\"gts_text\">A veces se producen batallas violentas entre los machos, pero\u00a0por suerte\u00a0es raro que lleguen a matarse.<\/span> <span id=\"gts_text_45\" class=\"gts_text\">Cuando defienden sus territorios, permanecen varios meses sin alimentarse, a veces hasta 3 meses.<\/span> <span id=\"gts_text_46\" class=\"gts_text\">Viven de su energ\u00eda almacenada en la grasa de su cuerpo.<\/span> <span id=\"gts_text_47\" class=\"gts_text\">El elefante marino vencido huye tras\u00a0sufrir heridas y cortes graves.<\/span><\/p>\n<p><span id=\"gts_text_48\" class=\"gts_text\">Los elefantes marinos del sur machos producen sonidos como un rugido al toser para mostrarles a los dem\u00e1s qui\u00e9nes son y c\u00f3mo de grandes son.<\/span>\u00a0A menudo l<span id=\"gts_text_49\" class=\"gts_text\">as luchas entre los machos se resuelven mediante una postura que demuestra qui\u00e9n es el que manda y un rugido, m\u00e1s que golpearse\u00a0con sus trompas\u00a0y dientes.<\/span><\/p>\n<p><span id=\"gts_text_50\" class=\"gts_text\">Las cr\u00edas de elefantes marinos que ya no se amamantan se agrupan hasta que pierden la piel con la que nacieron.<\/span> <span id=\"gts_text_51\" class=\"gts_text\">Esta capa negra y peluda no les sirve para nadar pero\u00a0las mantiene calientes cuando hace fr\u00edo.<\/span> <span id=\"gts_text_52\" class=\"gts_text\">Despu\u00e9s de perder\u00a0sus abrigos de nacimiento, su piel se vuelve gris y marr\u00f3n, dependiendo del grosor y humedad del pelo.<\/span> <span id=\"gts_text_53\" class=\"gts_text\">Los elefantes marinos m\u00e1s viejos tienen una piel que parece cuero grueso que a menudo tiene cicatrices tras\u00a0la lucha con otros elefantes marinos.<\/span><\/p>\n<figure id=\"attachment_777\" aria-describedby=\"caption-attachment-777\" style=\"width: 300px\" class=\"wp-caption aligncenter\"><a title=\"Elefante Marino del Sur\" href=\"http:\/\/www.big-animals.com\/es\/elefante-marino-del-sur\/\"><img loading=\"lazy\" decoding=\"async\" class=\"size-medium wp-image-777\" title=\"Sello de elefante meridional del beb\u00e9 - fotograf\u00eda por la sarga Ouach\u00e9e\" src=\"http:\/\/www.big-animals.com\/wp-content\/uploads\/2011\/03\/Baby_Southern_Elephant_Seal-300x206.jpg\" alt=\"Sello de elefante meridional del beb\u00e9 - fotograf\u00eda por la sarga Ouach\u00e9e\" width=\"300\" height=\"206\" \/><\/a><figcaption id=\"caption-attachment-777\" class=\"wp-caption-text\">Cr\u00eda de elefante marino del sur &#8211; Fotograf\u00eda de Serge Ouach\u00e9e<\/figcaption><\/figure>\n<p><span id=\"gts_text_54\" class=\"gts_text\">Hace tiempo los elefantes marinos se cazaban por su aceite.<\/span> <span id=\"gts_text_55\" class=\"gts_text\">Fueron exterminados casi completamente en el siglo XIX.<\/span> <span id=\"gts_text_56\" class=\"gts_text\">Afortunadamente, se aprobaron leyes para protegerlos y se protegieron sus \u00e1reas de reproducci\u00f3n, por lo tanto estos esfuerzos han ayudado a garantizar que los elefantes marinos del sur no se encuentren m\u00e1s en v\u00edas de extinci\u00f3n.<\/span><\/p>\n<p><span id=\"gts_text_57\" class=\"gts_text\">\u00a0<\/span><\/p>\n","protected":false},"excerpt":{"rendered":"<p>El elefante marino del sur es el animal carn\u00edvoro\u00a0viviente\u00a0m\u00e1s grande. Se los denomina elefantes marinos porque son muy grandes y los machos tienen una nariz con aspecto de trompa. Utilizan la nariz\u00a0para rugir fuerte y alto. El elefante marino del sur es m\u00e1s grande que el elefante marino del norte. Tiene una nariz m\u00e1s ancha. &hellip; <a href=\"https:\/\/www.big-animals.com\/es\/elefante-marino-del-sur\/\" class=\"more-link\">Continue reading <span class=\"screen-reader-text\">Elefante marino del sur<\/span><\/a><\/p>\n","protected":false},"author":1,"featured_media":0,"parent":0,"menu_order":0,"comment_status":"closed","ping_status":"open","template":"","meta":{"_acf_changed":false,"footnotes":""},"acf":[],"_links":{"self":[{"href":"https:\/\/www.big-animals.com\/es\/wp-json\/wp\/v2\/pages\/324"}],"collection":[{"href":"https:\/\/www.big-animals.com\/es\/wp-json\/wp\/v2\/pages"}],"about":[{"href":"https:\/\/www.big-animals.com\/es\/wp-json\/wp\/v2\/types\/page"}],"author":[{"embeddable":true,"href":"https:\/\/www.big-animals.com\/es\/wp-json\/wp\/v2\/users\/1"}],"replies":[{"embeddable":true,"href":"https:\/\/www.big-animals.com\/es\/wp-json\/wp\/v2\/comments?post=324"}],"version-history":[{"count":33,"href":"https:\/\/www.big-animals.com\/es\/wp-json\/wp\/v2\/pages\/324\/revisions"}],"predecessor-version":[{"id":1052,"href":"https:\/\/www.big-animals.com\/es\/wp-json\/wp\/v2\/pages\/324\/revisions\/1052"}],"wp:attachment":[{"href":"https:\/\/www.big-animals.com\/es\/wp-json\/wp\/v2\/media?parent=324"}],"curies":[{"name":"wp","href":"https:\/\/api.w.org\/{rel}","templated":true}]}}