{"id":325,"date":"2011-05-13T09:19:29","date_gmt":"2011-05-13T09:19:29","guid":{"rendered":""},"modified":"2014-01-25T07:12:03","modified_gmt":"2014-01-24T23:12:03","slug":"ave-elefante","status":"publish","type":"page","link":"https:\/\/www.big-animals.com\/es\/ave-elefante\/","title":{"rendered":"Ave elefante"},"content":{"rendered":"<figure id=\"attachment_1116\" aria-describedby=\"caption-attachment-1116\" style=\"width: 283px\" class=\"wp-caption alignleft\"><a href=\"http:\/\/www.big-animals.com\/wp-content\/uploads\/2011\/05\/Elephant_Bird_And_Human.png\"><img loading=\"lazy\" decoding=\"async\" class=\"size-medium wp-image-1116 gts_attribute gts_attribute_1_alt gts_attribute_2_title\" title=\"Ave elefante y ser humano\" alt=\"Ave elefante y ser humano\" src=\"http:\/\/www.big-animals.com\/wp-content\/uploads\/2011\/05\/Elephant_Bird_And_Human-283x300.png\" width=\"283\" height=\"300\" \/><\/a><figcaption id=\"caption-attachment-1116\" class=\"wp-caption-text\">Ave elefante y ser humano<\/figcaption><\/figure>\n<p><span class=\"gts_text\" id=\"gts_text_1\">\u00a0<\/span><\/p>\n<p><span class=\"gts_text\" id=\"gts_text_2\">\u00a0<\/span><\/p>\n<p><span class=\"gts_text\" id=\"gts_text_3\">\u00a0<\/span><\/p>\n<p><span class=\"gts_text\" id=\"gts_text_4\">\u00a0<\/span><\/p>\n<p><span class=\"gts_text\" id=\"gts_text_5\">\u00a0<\/span><\/p>\n<p><span class=\"gts_text\" id=\"gts_text_6\">\u00a0<\/span><\/p>\n<p><span class=\"gts_text\" id=\"gts_text_7\">\u00a0<\/span><\/p>\n<p><span class=\"gts_text\" id=\"gts_text_8\">\u00a0<\/span><\/p>\n<p><span class=\"gts_text\" id=\"gts_text_9\">\u00a0<\/span><\/p>\n<p><span class=\"gts_text\" id=\"gts_text_10\">\u00a0<\/span><\/p>\n<p><span class=\"gts_text\" id=\"gts_text_11\">\u00a0<\/span><\/p>\n<p><span class=\"gts_text\" id=\"gts_text_12\">\u00a0<\/span><\/p>\n<p><span class=\"gts_text\" id=\"gts_text_13\">El ave elefante es el ave m\u00e1s pesada que existi\u00f3 en la Tierra.<\/span> <span class=\"gts_text\" id=\"gts_text_14\">Era una r\u00e1tida, un ave no voladora.<\/span> <span class=\"gts_text\" id=\"gts_text_15\">Por lo tanto, el hueso del pecho no ten\u00eda quilla.<\/span> <span class=\"gts_text\" id=\"gts_text_16\">Estaba relacionada con el avestruz y el em\u00fa.<\/span> <span class=\"gts_text\" id=\"gts_text_17\">Las aves elefantes eran parecidas a los avestruces.<\/span> <span class=\"gts_text\" id=\"gts_text_18\">Ten\u00edan peque\u00f1as cabezas, alas muy peque\u00f1as, patas largas y fuertes, garras filosas y un cuello largo y fuerte.<\/span> <span class=\"gts_text\" id=\"gts_text_19\">El cuerpo estaba cubierto de plumas similares al pelo, como los del em\u00fa, y su pico parec\u00eda una punta de lanza plana.<\/span> <span class=\"gts_text\" id=\"gts_text_20\">Aunque la moa era un poco m\u00e1s alta que el ave elefante, era m\u00e1s liviana, as\u00ed que el ave elefante es la campeona de los pesos pesados de todos los tiempos entre las aves.<\/span><\/p>\n<p><span class=\"gts_text\" id=\"gts_text_21\">\u00a1Med\u00eda 3 metros (10 pies) de altura! \u00a1<\/span><span class=\"gts_text\" id=\"gts_text_22\">\u00a1Las aves elefante eran m\u00e1s altas que un aro de baloncesto! Su peso era de 400 kilogramos (880 libras)\u00a0<\/span>aproximadamente<span class=\"gts_text\">.<\/span> <span class=\"gts_text\" id=\"gts_text_23\"><\/span> <span class=\"gts_text\" id=\"gts_text_24\">Sus huevos ten\u00edan una circunferencia de 1 metro (3 pies) y una longitud de hasta 34 cent\u00edmetros (13 pulgadas).<\/span> <span class=\"gts_text\" id=\"gts_text_25\">El volumen del huevo era aproximadamente 160 veces m\u00e1s grande que un huevo de gallina.<\/span> <span class=\"gts_text\" id=\"gts_text_26\">\u00a1Lo creas o no, podr\u00edas hacer m\u00e1s de 50 tortillas con uno de sus huevos! Eran herb\u00edvoros.<\/span><\/p>\n<p>&nbsp;<\/p>\n<p><span class=\"gts_text\" id=\"gts_text_28\">S\u00f3lo habitaron en la isla de Madagascar durante 60 millones de a\u00f1os.<\/span> <span class=\"gts_text\" id=\"gts_text_29\">Vivieron en Madagascar hasta hace aproximadamente 2.000 a\u00f1os, cuando los seres humanos aterrizaron en la isla.<\/span> <span class=\"gts_text\" id=\"gts_text_30\">Aunque es lamentable, s\u00f3lo 1.000 a\u00f1os m\u00e1s tarde se extinguieron.<\/span> <span class=\"gts_text\" id=\"gts_text_31\">La gente los cazaba por su carne y sus huevos eran robados de sus nidos para utilizarlos como alimentos.<\/span> <span class=\"gts_text\" id=\"gts_text_32\">Eran huevos tan gigantescos que estas aves los pon\u00edan en peque\u00f1as cantidades y los criaban lentamente.<\/span> <span class=\"gts_text\" id=\"gts_text_33\">As\u00ed es que, poco despu\u00e9s, se extinguieron de la faz de la tierra debido a la caza y a la destrucci\u00f3n de su h\u00e1bitat.<\/span><\/p>\n<p><span class=\"gts_text\" id=\"gts_text_34\">\u00a0<\/span><\/p>\n","protected":false},"excerpt":{"rendered":"<p>\u00a0 \u00a0 \u00a0 \u00a0 \u00a0 \u00a0 \u00a0 \u00a0 \u00a0 \u00a0 \u00a0 \u00a0 El ave elefante es el ave m\u00e1s pesada que existi\u00f3 en la Tierra. Era una r\u00e1tida, un ave no voladora. Por lo tanto, el hueso del pecho no ten\u00eda quilla. Estaba relacionada con el avestruz y el em\u00fa. Las aves elefantes eran parecidas &hellip; <a href=\"https:\/\/www.big-animals.com\/es\/ave-elefante\/\" class=\"more-link\">Continue reading <span class=\"screen-reader-text\">Ave elefante<\/span><\/a><\/p>\n","protected":false},"author":1,"featured_media":0,"parent":0,"menu_order":0,"comment_status":"closed","ping_status":"open","template":"","meta":{"_acf_changed":false,"footnotes":""},"acf":[],"_links":{"self":[{"href":"https:\/\/www.big-animals.com\/es\/wp-json\/wp\/v2\/pages\/325"}],"collection":[{"href":"https:\/\/www.big-animals.com\/es\/wp-json\/wp\/v2\/pages"}],"about":[{"href":"https:\/\/www.big-animals.com\/es\/wp-json\/wp\/v2\/types\/page"}],"author":[{"embeddable":true,"href":"https:\/\/www.big-animals.com\/es\/wp-json\/wp\/v2\/users\/1"}],"replies":[{"embeddable":true,"href":"https:\/\/www.big-animals.com\/es\/wp-json\/wp\/v2\/comments?post=325"}],"version-history":[{"count":12,"href":"https:\/\/www.big-animals.com\/es\/wp-json\/wp\/v2\/pages\/325\/revisions"}],"predecessor-version":[{"id":773,"href":"https:\/\/www.big-animals.com\/es\/wp-json\/wp\/v2\/pages\/325\/revisions\/773"}],"wp:attachment":[{"href":"https:\/\/www.big-animals.com\/es\/wp-json\/wp\/v2\/media?parent=325"}],"curies":[{"name":"wp","href":"https:\/\/api.w.org\/{rel}","templated":true}]}}