{"id":326,"date":"2011-05-14T22:25:13","date_gmt":"2011-05-14T22:25:13","guid":{"rendered":""},"modified":"2014-08-20T03:07:27","modified_gmt":"2014-08-19T19:07:27","slug":"hipopotamo","status":"publish","type":"page","link":"https:\/\/www.big-animals.com\/es\/hipopotamo\/","title":{"rendered":"Hipop\u00f3tamo"},"content":{"rendered":"<p><span id=\"gts_text_1\" class=\"gts_text\">El nombre &#8220;hipop\u00f3tamo&#8221; proviene de algunas palabras del griego cl\u00e1sico.<\/span> <span id=\"gts_text_2\" class=\"gts_text\"><em>Hippo<em> significa r\u00edo y <em>potamus<\/em> <em>caballo<\/em>.<\/em><\/em><\/span> <span id=\"gts_text_3\" class=\"gts_text\">Por lo tanto, hipop\u00f3tamo significa &#8220;caballo de r\u00edo&#8221;.<\/span> <span id=\"gts_text_4\" class=\"gts_text\">De hecho, pasan la mayor parte de su tiempo en el r\u00edo, pero son m\u00e1s parecidos a un cerdo que un caballo.<\/span><\/p>\n<p><span id=\"gts_text_5\" class=\"gts_text\">El hipop\u00f3tamo es el quinto <a title=\"\u00a1Los mam\u00edferos m\u00e1s grandes del mundo!\" href=\"http:\/\/www.big-animals.com\/the-worlds-biggest-mammals\/\">mam\u00edfero<\/a> vivo m\u00e1s grande de la tierra, despu\u00e9s de los tres tipos de <a title=\"\u00a1Elefante africano de Bush - el animal de la tierra m\u00e1s grande del mundo!\" href=\"http:\/\/www.big-animals.com\/the-african-bush-elephant-the-worlds-biggest-land-animal\/\">elefantes<\/a> y del <a title=\"Rinoceronte blanco\" href=\"http:\/\/www.big-animals.com\/white-rhinoceros\/\">rinoceronte blanco<\/a>.<\/span> <span id=\"gts_text_6\" class=\"gts_text\">Son los <a title=\"ungulate Uniforme-tocado con la punta del pie\" href=\"http:\/\/www.big-animals.com\/even-toed-ungulate\/\">mam\u00edferos ungulados <\/a> m\u00e1s pesados.<\/span> <span id=\"gts_text_7\" class=\"gts_text\">Solo su cuero puede pesar media tonelada.<\/span> <span id=\"gts_text_8\" class=\"gts_text\">Un hipop\u00f3tamo macho puede llegar a pesar entre 1,5 y 3 toneladas.<\/span> <span id=\"gts_text_9\" class=\"gts_text\">Una hembra pesa cerca de 1,5 toneladas.<\/span> <span id=\"gts_text_10\" class=\"gts_text\">Los hipop\u00f3tamos machos m\u00e1s viejos pueden ser mucho m\u00e1s grandes, alcanzan, por lo menos, 3,2 toneladas, incluso a veces pueden pesar hasta 4,5 toneladas.<\/span> <span id=\"gts_text_11\" class=\"gts_text\">Los hipop\u00f3tamos machos parecen que contin\u00faan creciendo durante el resto de sus vidas .<\/span> <span id=\"gts_text_12\" class=\"gts_text\">Sin embargo, las hembras cesan de crecer aproximadamente a los 25 a\u00f1os.<\/span> <span id=\"gts_text_13\" class=\"gts_text\">El rinoceronte blanco tiene un peso de alrededor de 1,5 a 3,5 toneladas y las tres especies de elefantes pesan alrededor de 3 a 9 toneladas.\u00a0\u00a0Por lo tanto, el hipop\u00f3tamo es uno de los cuatro mam\u00edferos con piernas de mayor tama\u00f1o.<\/span> <span id=\"gts_text_14\" class=\"gts_text\">A la mayor\u00eda de los hipop\u00f3tamos se los pesa cuando se los mata.<\/span> <span id=\"gts_text_15\" class=\"gts_text\">Es muy dif\u00edcil pesarlos mientras est\u00e1n vivos debido a su enorme tama\u00f1o.<\/span><\/p>\n<figure id=\"attachment_1124\" aria-describedby=\"caption-attachment-1124\" style=\"width: 300px\" class=\"wp-caption aligncenter\"><img loading=\"lazy\" decoding=\"async\" class=\"size-medium wp-image-1124\" title=\"\u00a1El hipop\u00f3tamo es uno de los animales m\u00e1s peligrosos de \u00c1frica!\" src=\"http:\/\/www.big-animals.com\/wp-content\/uploads\/2011\/05\/Hippopotamus-300x82.jpg\" alt=\"\u00a1El hipop\u00f3tamo es uno de los animales m\u00e1s peligrosos de \u00c1frica!\" width=\"300\" height=\"82\" \/><figcaption id=\"caption-attachment-1124\" class=\"wp-caption-text\">\u00a1El hipop\u00f3tamo es uno de los animales m\u00e1s peligrosos de \u00c1frica!&#8221;<\/figcaption><\/figure>\n<p><span id=\"gts_text_17\" class=\"gts_text\">Aunque el hipop\u00f3tamo sea corpulento y tenga piernas cortas, puede correr m\u00e1s r\u00e1pido que los seres humanos en tierra.<\/span> <span id=\"gts_text_18\" class=\"gts_text\">Puede correr a 30km por hora (18 millas por hora) en distancias cortas.<\/span> <span id=\"gts_text_19\" class=\"gts_text\">Tienen alrededor de 3,3 a 5,2 metros de largo (11 a 17 pies), lo que incluye una cola de aproximadamente 56 cent\u00edmetros (22 pulgadas) de largo.<\/span> <span id=\"gts_text_20\" class=\"gts_text\">Son criaturas semiacu\u00e1ticas.<\/span> <span id=\"gts_text_21\" class=\"gts_text\">Viven en los r\u00edos y en los lagos de \u00c1frica central y meridional.<\/span> <span id=\"gts_text_22\" class=\"gts_text\">Tanzania y Zambia tienen las poblaciones m\u00e1s grandes de hipop\u00f3tamos.<\/span> <span id=\"gts_text_23\" class=\"gts_text\">Son una de las criaturas m\u00e1s agresivas del mundo, especialmente cuando sus becerros j\u00f3venes est\u00e1n con ellas.<\/span> <span id=\"gts_text_24\" class=\"gts_text\">Se los considera como uno de los animales m\u00e1s peligrosos de \u00c1frica.<\/span> <span id=\"gts_text_25\" class=\"gts_text\">Es peligroso acercarse a ellos porque atacan a seres humanos, ya sea en barcos o en tierra.<\/span> <span id=\"gts_text_26\" class=\"gts_text\">Su poblaci\u00f3n ha disminuido debido a la caza ilegal por su carne y sus dientes caninos de marfil, tambi\u00e9n debido a la p\u00e9rdida de su h\u00e1bitat.<\/span> <span id=\"gts_text_27\" class=\"gts_text\">Los hipop\u00f3tamos pueden vivir hasta 40 a\u00f1os en el medio salvaje y hasta 50 a\u00f1os en cautiverio.<\/span><\/p>\n<p><span id=\"gts_text_28\" class=\"gts_text\">Los hipop\u00f3tamos tienen un torso en forma de barril, una boca enorme que pueden abrir en un \u00e1ngulo de 1,2 metros (4 pies).<\/span> <span id=\"gts_text_29\" class=\"gts_text\">Tienen dientes en el maxilar inferior.<\/span> <span id=\"gts_text_30\" class=\"gts_text\">Su cuerpo gris\u00e1ceo tiene una piel gruesa que casi no tiene pelo.<\/span> <span id=\"gts_text_31\" class=\"gts_text\">Los labios tienen aproximadamente 70 cent\u00edmetros de largo (27 pulgadas).<\/span> <span id=\"gts_text_32\" class=\"gts_text\">Tiene aproximadamente 1,5 metros (5 pies) de altura hasta el hombro.<\/span> <span id=\"gts_text_33\" class=\"gts_text\">Cuenta con una cola corta y peque\u00f1os ojos.<\/span> <span id=\"gts_text_34\" class=\"gts_text\">Los ojos, los o\u00eddos y los orificios nasales se encuentran en la parte superior de la cabeza; as\u00ed permanecen en el agua o en el fango y a\u00fan son capaces de ver, o\u00edr y respirar f\u00e1cilmente, sin ser notados por los depredadores y adem\u00e1s, de ese modo, evitan las quemaduras solares.<\/span><\/p>\n<p><span id=\"gts_text_35\" class=\"gts_text\">Al hipop\u00f3tamo macho se lo denomina toro y a la hembra se la denomina vaca y a su beb\u00e9 se lo denomina becerro.<\/span> <span id=\"gts_text_36\" class=\"gts_text\">\u00a0Son herb\u00edvoros y prefieren comer las hierbas cortas de las llanuras africanas.<\/span> <span id=\"gts_text_37\" class=\"gts_text\">Durante el d\u00eda permanecen frescos en el agua o el fango.<\/span> <span id=\"gts_text_38\" class=\"gts_text\">Permanecen bajo el agua hasta 5 a 6 minutos, pero los hipop\u00f3tamos j\u00f3venes permanecen bajo el agua por solo alrededor de minuto y medio.<\/span> <span id=\"gts_text_39\" class=\"gts_text\">Las madres dan a luz en el agua, \u00a1as\u00ed que un beb\u00e9 hipop\u00f3tamo puede nadar desde su nacimiento!<\/span> <span id=\"gts_text_40\" class=\"gts_text\">Tambi\u00e9n los amamantan bajo el agua.<\/span> <span id=\"gts_text_41\" class=\"gts_text\">Los amamantan en la tierra si su madre decide dejar el agua.<\/span> <span id=\"gts_text_42\" class=\"gts_text\">Pesan alrededor de 25 &#8211; 45 kilogramos (55-100 libras) cuando nacen y tienen una longitud media del 125cm (50 pulgadas).<\/span> <span id=\"gts_text_43\" class=\"gts_text\">La madre hipop\u00f3tamo ayuda a salir a su becerro a la superficie a tomar su primera bocanada de aire y a ense\u00f1arle a nadar.<\/span> <span id=\"gts_text_44\" class=\"gts_text\">La mam\u00e1 tambi\u00e9n protege a su becerro contra cocodrilos, leones y tambi\u00e9n de hipop\u00f3tamos machos<\/span> <span id=\"gts_text_45\" class=\"gts_text\">Los hipop\u00f3tamos machos no atacan normalmente al becerro en tierra, sino que a veces atacan al becerro en el agua.<\/span> <span id=\"gts_text_46\" class=\"gts_text\">Un becerro comienza a comer hierbas cuando tiene tres semanas de vida, pero su madre continua d\u00e1ndole la leche por alrededor de un a\u00f1o.<\/span> <span id=\"gts_text_47\" class=\"gts_text\">El becerro puede inspirar profundamente, cerrar sus fosas nasales y o\u00eddos y zambullirse bajo el agua para tomar de la leche de su madre.<\/span> <span id=\"gts_text_48\" class=\"gts_text\">Una madre da a luz normalmente a solo un becerro bien desarrollado a la vez, aunque a veces tiene gemelos.<\/span> <span id=\"gts_text_49\" class=\"gts_text\">El becerro a menudo se apoya sobre la parte posterior de su madre cuando el agua es demasiado profunda.<\/span><\/p>\n<p><span id=\"gts_text_50\" class=\"gts_text\">Una vez se pens\u00f3 que los hipop\u00f3tamos pod\u00edan sudar sangre.<\/span> <span id=\"gts_text_51\" class=\"gts_text\">La verdad es los hipop\u00f3tamos no sudan realmente sangre; pero secretan un l\u00edquido aceitoso ros\u00e1ceo que protege su piel contra el calor y el sol; una loci\u00f3n protectora solar natural para mantener su piel h\u00fameda en el caliente clima africano.<\/span><\/p>\n<figure id=\"attachment_1125\" aria-describedby=\"caption-attachment-1125\" style=\"width: 300px\" class=\"wp-caption aligncenter\"><img loading=\"lazy\" decoding=\"async\" class=\"size-medium wp-image-1125\" title=\"El hipop\u00f3tamo es el quinto animal terrestre m\u00e1s grande\" src=\"http:\/\/www.big-animals.com\/wp-content\/uploads\/2011\/05\/Hippopotamus_And_Human-300x128.png\" alt=\"El hipop\u00f3tamo es el quinto animal terrestre m\u00e1s grande\" width=\"300\" height=\"128\" \/><figcaption id=\"caption-attachment-1125\" class=\"wp-caption-text\">El hipop\u00f3tamo es el quinto animal terrestre m\u00e1s grande<\/figcaption><\/figure>\n<p><span id=\"gts_text_53\" class=\"gts_text\">Los hipop\u00f3tamos tienen un est\u00f3mago con tres c\u00e1maras y no mastican su bolo alimenticio.<\/span> <span id=\"gts_text_54\" class=\"gts_text\">Se alimentan de noche.<\/span> <span id=\"gts_text_55\" class=\"gts_text\">Entran y salen del agua por el mismo lugar y pastan durante 4 a 5 horas.<\/span> <span id=\"gts_text_56\" class=\"gts_text\">Puede que caminen hasta por 8km (5 millas) solo en busca de comida.<\/span> <span id=\"gts_text_57\" class=\"gts_text\">Comen aproximadamente 70kg (150 libras) de comida cada noche.<\/span> <span id=\"gts_text_58\" class=\"gts_text\">Dependen de min\u00fasculos organismos que se encuentran en el est\u00f3mago para digerir las plantas que comen.<\/span><\/p>\n<p><span id=\"gts_text_59\" class=\"gts_text\">Los hipop\u00f3tamos pueden sumergirse en lo profundo, despu\u00e9s caminar o correr a lo largo del fondo del r\u00edo.<\/span> <span id=\"gts_text_60\" class=\"gts_text\">Los pies del hipop\u00f3tamo son parcialmente reticulados, pero de hecho, el hipop\u00f3tamo no es un buen nadador, y no es capaz de flotar.<\/span> <span id=\"gts_text_61\" class=\"gts_text\">Los hipop\u00f3tamos que ves en el agua b\u00e1sicamente est\u00e1n parados en la parte poco profunda o, m\u00e1s probable, est\u00e1n acostados.<\/span> <span id=\"gts_text_62\" class=\"gts_text\">Si el agua de r\u00edo es profunda, el hipop\u00f3tamo se propulsa generalmente mediante peque\u00f1os saltos por el fondo como un bailar\u00edn de ballet gordo.<\/span> <span id=\"gts_text_63\" class=\"gts_text\">Se mueven a velocidades de hasta 8km por hora (5 mph) en el agua.<\/span> <span id=\"gts_text_64\" class=\"gts_text\">No obstante, los hipop\u00f3tamos j\u00f3venes o los becerros <em>pueden<\/em> flotar y moverse generalmente nadando, propuls\u00e1ndose con patadas de sus patas traseras.<\/span> <span id=\"gts_text_65\" class=\"gts_text\">En general, los hipop\u00f3tamos adultos suben a la superficie para tomar aire cada 3-5 minutos.<\/span> <span id=\"gts_text_66\" class=\"gts_text\">Los hipop\u00f3tamos j\u00f3venes tienen que respirar cada 2-3 minutos.<\/span> <span id=\"gts_text_67\" class=\"gts_text\">Lo asombroso es que el proceso de volver a la superficie para respirar es autom\u00e1tico.<\/span> <span id=\"gts_text_68\" class=\"gts_text\">\u00a1Lo hacen incluso mientras duermen!<\/span> <span id=\"gts_text_69\" class=\"gts_text\">Los hipop\u00f3tamos adultos cierran las narinas y presionan las orejas completamente contra los lados de sus cabezas cuando est\u00e1n en el agua.<\/span><\/p>\n<p><span id=\"gts_text_70\" class=\"gts_text\">Los hipop\u00f3tamos parecen comunicarse verbalmente a trav\u00e9s de ronquidos y bramidos.<\/span> <span id=\"gts_text_71\" class=\"gts_text\">Tienen la capacidad \u00fanica de sostener la cabeza parcialmente sobre el agua y emitir un grito que viaja a trav\u00e9s del agua y del aire.<\/span> <span id=\"gts_text_72\" class=\"gts_text\">Otros hipop\u00f3tamos en tierra y debajo del agua responden a ese grito.<\/span> <span id=\"gts_text_73\" class=\"gts_text\">En raras ocasiones se matan entre ellos, incluso en luchas territoriales.<\/span> <span id=\"gts_text_74\" class=\"gts_text\">Los toros pelean los unos con los otros utilizando sus enormes dientes caninos.<\/span> <span id=\"gts_text_75\" class=\"gts_text\">Cuando su h\u00e1bitat se superpobla, a veces los toros matan a los becerros, pero este comportamiento es infrecuente.<\/span> <span id=\"gts_text_76\" class=\"gts_text\">A veces hay hipop\u00f3tamos que matan y comen a otros hipop\u00f3tamos, eso sucede solo cuando ese hipop\u00f3tamo en particular est\u00e1 angustiado o enfermo.<\/span><\/p>\n<p><span id=\"gts_text_77\" class=\"gts_text\">\u00a0<\/span><\/p>\n","protected":false},"excerpt":{"rendered":"<p>El nombre &#8220;hipop\u00f3tamo&#8221; proviene de algunas palabras del griego cl\u00e1sico. Hippo significa r\u00edo y potamus caballo. Por lo tanto, hipop\u00f3tamo significa &#8220;caballo de r\u00edo&#8221;. De hecho, pasan la mayor parte de su tiempo en el r\u00edo, pero son m\u00e1s parecidos a un cerdo que un caballo. El hipop\u00f3tamo es el quinto mam\u00edfero vivo m\u00e1s grande &hellip; <a href=\"https:\/\/www.big-animals.com\/es\/hipopotamo\/\" class=\"more-link\">Continue reading <span class=\"screen-reader-text\">Hipop\u00f3tamo<\/span><\/a><\/p>\n","protected":false},"author":1,"featured_media":0,"parent":0,"menu_order":0,"comment_status":"closed","ping_status":"open","template":"","meta":{"_acf_changed":false,"footnotes":""},"acf":[],"_links":{"self":[{"href":"https:\/\/www.big-animals.com\/es\/wp-json\/wp\/v2\/pages\/326"}],"collection":[{"href":"https:\/\/www.big-animals.com\/es\/wp-json\/wp\/v2\/pages"}],"about":[{"href":"https:\/\/www.big-animals.com\/es\/wp-json\/wp\/v2\/types\/page"}],"author":[{"embeddable":true,"href":"https:\/\/www.big-animals.com\/es\/wp-json\/wp\/v2\/users\/1"}],"replies":[{"embeddable":true,"href":"https:\/\/www.big-animals.com\/es\/wp-json\/wp\/v2\/comments?post=326"}],"version-history":[{"count":3,"href":"https:\/\/www.big-animals.com\/es\/wp-json\/wp\/v2\/pages\/326\/revisions"}],"predecessor-version":[{"id":980,"href":"https:\/\/www.big-animals.com\/es\/wp-json\/wp\/v2\/pages\/326\/revisions\/980"}],"wp:attachment":[{"href":"https:\/\/www.big-animals.com\/es\/wp-json\/wp\/v2\/media?parent=326"}],"curies":[{"name":"wp","href":"https:\/\/api.w.org\/{rel}","templated":true}]}}