{"id":327,"date":"2011-05-15T06:03:17","date_gmt":"2011-05-15T06:03:17","guid":{"rendered":""},"modified":"2015-06-08T06:58:26","modified_gmt":"2015-06-07T22:58:26","slug":"ratidas","status":"publish","type":"page","link":"https:\/\/www.big-animals.com\/es\/ratidas\/","title":{"rendered":"R\u00e1tidas"},"content":{"rendered":"<p><span id=\"gts_text_1\" class=\"gts_text\">Las r\u00e1tidas son un grupo de <a title=\"\u00a1Los p\u00e1jaros m\u00e1s grandes del mundo!\" href=\"http:\/\/www.big-animals.com\/es\/?p=318\/\">aves<\/a> que no pueden volar.<\/span> <span id=\"gts_text_2\" class=\"gts_text\">El estern\u00f3n es plano, sin quilla.<\/span> <span id=\"gts_text_3\" class=\"gts_text\">La quilla del estern\u00f3n de un ave es donde los m\u00fasculos del vuelo conectan con su esqueleto.<\/span> <span id=\"gts_text_4\" class=\"gts_text\">Sin dicha quilla, las r\u00e1tidas no pueden volar incluso si tuviesen alas apropiadas.<\/span> <span id=\"gts_text_5\" class=\"gts_text\">Los m\u00fasculos m\u00e1s fuertes de las ratites est\u00e1n en sus patas y muslos.<\/span> <span id=\"gts_text_6\" class=\"gts_text\">Existen solamente 5 tipos de r\u00e1tidas en el mundo.<\/span> <span id=\"gts_text_7\" class=\"gts_text\">Son los casuarios, el em\u00fa, la avestruz, el \u00f1and\u00fa y los kiwis, que hacen un total de 12 especies.<\/span> <span id=\"gts_text_8\" class=\"gts_text\">Las aves m\u00e1s grandes que existieron tambi\u00e9n eran r\u00e1tidas, la <a title=\"\u00a1El Moa gigante - el p\u00e1jaro m\u00e1s alto all\u00ed estaba nunca!\" href=\"http:\/\/www.big-animals.com\/es\/?p=291\/\">Moa<\/a> de Nueva Zelandia es el ave m\u00e1s alta que ha existido, y el <a title=\"P\u00e1jaro de elefante\" href=\"http:\/\/www.big-animals.com\/es\/?p=325\/\">p\u00e1jaro elefante<\/a>, una r\u00e1tida de Madagascar, es la ave m\u00e1s pesada que ha existido.<\/span> <span id=\"gts_text_9\" class=\"gts_text\">Las moas y el p\u00e1jaro elefante se extinguieron despu\u00e9s de que la gente llegara a sus islas.<\/span><\/p>\n<p><span id=\"gts_text_10\" class=\"gts_text\"><a title=\"\u00a1La avestruz - el p\u00e1jaro m\u00e1s grande del mundo!\" href=\"http:\/\/www.big-animals.com\/es\/avestruz-mundo-grande-ave\/\">El avestruz<\/a> africana es la r\u00e1tida viva m\u00e1s grande, de hecho, es el p\u00e1jaro vivo m\u00e1s grande de todos.<\/span> <span id=\"gts_text_11\" class=\"gts_text\">Mide alrededor de 3 metros de alto.<\/span> <span id=\"gts_text_12\" class=\"gts_text\">Pesan alrededor de 160 kilogramos.<\/span> <span id=\"gts_text_13\" class=\"gts_text\">Con sus potentes patas, pueden correr m\u00e1s r\u00e1pido que un caballo.<\/span> <span id=\"gts_text_14\" class=\"gts_text\">Dicha ave tiene solamente dos dedos en el pie, uno m\u00e1s grande que el otro.<\/span> <span id=\"gts_text_15\" class=\"gts_text\">Tienen alas pero no pueden volar.<\/span> <span id=\"gts_text_16\" class=\"gts_text\">\u00a1Tienen la tripa m\u00e1s larga de todas, 15 metros de largo!<\/span> <span id=\"gts_text_17\" class=\"gts_text\">Se alimentan principalmente de plantas.<\/span><\/p>\n<figure id=\"attachment_1134\" aria-describedby=\"caption-attachment-1134\" style=\"width: 203px\" class=\"wp-caption alignleft\"><a href=\"http:\/\/www.big-animals.com\/wp-content\/uploads\/2011\/05\/Cassowary.jpg\"><img loading=\"lazy\" decoding=\"async\" class=\"size-medium wp-image-1134\" title=\"El casuario es un Ratite colorido - Phtograph de Boaz Wibowo\" src=\"http:\/\/www.big-animals.com\/wp-content\/uploads\/2011\/05\/Cassowary-203x300.jpg\" alt=\"El casuario es un Ratite colorido - Phtograph de Boaz Wibowo\" width=\"203\" height=\"300\" \/><\/a><figcaption id=\"caption-attachment-1134\" class=\"wp-caption-text\">El casuario es una r\u00e1tida colorida &#8211; Fotograf\u00eda de Boaz Wibowo<\/figcaption><\/figure>\n<p><span id=\"gts_text_18\" class=\"gts_text\">El em\u00fa australiano es la segunda r\u00e1tida m\u00e1s alta despu\u00e9s de la avestruz.<\/span> <span id=\"gts_text_19\" class=\"gts_text\">Puede alcanzar hasta 2 metros.<\/span> <span id=\"gts_text_20\" class=\"gts_text\">Pesa alrededor de 60 kilogramos.<\/span> <span id=\"gts_text_21\" class=\"gts_text\">Puede correr tan r\u00e1pido como la avestruz.<\/span> <span id=\"gts_text_22\" class=\"gts_text\">Vive en prados y bosques.<\/span> <span id=\"gts_text_23\" class=\"gts_text\">Tiene una dieta m\u00e1s omn\u00edvora comparada con otras r\u00e1tidas, puesto que tambi\u00e9n come insectos y otros peque\u00f1os animales, adem\u00e1s de plantas.<\/span><\/p>\n<p><span id=\"gts_text_24\" class=\"gts_text\">Adem\u00e1s existen otras 3 especies de casuarios, que son nativas de Australia y de las islas del norte.<\/span> <span id=\"gts_text_25\" class=\"gts_text\">Son m\u00e1s bajas que los em\u00faes pero m\u00e1s pesadas y con cuerpos m\u00e1s s\u00f3lidos.<\/span> <span id=\"gts_text_26\" class=\"gts_text\">Prefieren vivir en los bosques tropicales.<\/span> <span id=\"gts_text_27\" class=\"gts_text\">Tienes que tener cuidado cuando te topas con ellos porque tienen garras afilad\u00edsimas, y un crecimiento duro encima de la cabeza.<\/span><\/p>\n<p><span id=\"gts_text_28\" class=\"gts_text\">En Suram\u00e9rica, existen 2 especies de \u00f1and\u00faes.<\/span> <span id=\"gts_text_29\" class=\"gts_text\">Son aves medianas que corren r\u00e1pido.<\/span> <span id=\"gts_text_30\" class=\"gts_text\">Viven en las llanuras suramericanas, el \u00f1and\u00fa americano m\u00e1s grande mide alrededor de 1,5 metros de altura.<\/span> <span id=\"gts_text_31\" class=\"gts_text\">Pesan alrededor de 20 a 25 kilogramos.<\/span> <span id=\"gts_text_32\" class=\"gts_text\">Tienen alas pero no las utilizan para volar.<\/span> <span id=\"gts_text_33\" class=\"gts_text\">En vez de eso, las utilizan para distraer a sus depredadores.<\/span> <span id=\"gts_text_34\" class=\"gts_text\">Se alimentan principalmente de plantas y a veces de insectos si pueden atrapar alguno.<\/span> <span id=\"gts_text_35\" class=\"gts_text\">Se alimentan de plantas de hojas anchas.<\/span><\/p>\n<figure id=\"attachment_1137\" aria-describedby=\"caption-attachment-1137\" style=\"width: 199px\" class=\"wp-caption alignright\"><a href=\"http:\/\/www.big-animals.com\/wp-content\/uploads\/2011\/05\/Kiwi1.jpeg\"><img loading=\"lazy\" decoding=\"async\" class=\"size-medium wp-image-1137\" title=\"El kiwi es el Ratite m\u00e1s peque\u00f1o\" src=\"http:\/\/www.big-animals.com\/wp-content\/uploads\/2011\/05\/Kiwi1-199x300.jpg\" alt=\"El kiwi es el Ratite m\u00e1s peque\u00f1o\" width=\"199\" height=\"300\" \/><\/a><figcaption id=\"caption-attachment-1137\" class=\"wp-caption-text\">El kiwi es la r\u00e1tida m\u00e1s peque\u00f1a<\/figcaption><\/figure>\n<p><span id=\"gts_text_36\" class=\"gts_text\">Las r\u00e1tidas m\u00e1s peque\u00f1as son las 5 especies de kiwis que son nativas de Nueva Zelanda.<\/span> <span id=\"gts_text_37\" class=\"gts_text\">Los kiwis son del tama\u00f1o aproximado de una gallina.<\/span> <span id=\"gts_text_38\" class=\"gts_text\">Son t\u00edmidos y est\u00e1n activos en la noche.<\/span> <span id=\"gts_text_39\" class=\"gts_text\">Tienen buen sentido de la audici\u00f3n y del olfato.<\/span> <span id=\"gts_text_40\" class=\"gts_text\">Son las \u00fanicas aves con fosas nasales en el extremo de su pico largo.<\/span> <span id=\"gts_text_41\" class=\"gts_text\">Ven bien en la noche tambi\u00e9n.<\/span> <span id=\"gts_text_42\" class=\"gts_text\">Construyen su nido en madrigueras profundas y encuentran peque\u00f1os insectos y larvas en el suelo para alimentarse.<\/span> <span id=\"gts_text_43\" class=\"gts_text\">Sus huevos son muy grandes, comparados con el tama\u00f1o de sus cuerpos.<\/span> <span id=\"gts_text_44\" class=\"gts_text\">La especie m\u00e1s peque\u00f1a de kiwi es el peque\u00f1o kiwi manchado que pesa solamente 1,2 kilogramos y mide 40 cent\u00edmetros de alto.<\/span> <span id=\"gts_text_45\" class=\"gts_text\">Los kiwis tienen los tractos m\u00e1s cortos que existen.<\/span> <span id=\"gts_text_46\" class=\"gts_text\">Comen semillas, frutas, peque\u00f1os cangrejos, lombrices de tierra e insectos.<\/span><\/p>\n<p><span id=\"gts_text_47\" class=\"gts_text\">Los beb\u00e9s r\u00e1tidas pueden correr o caminar pronto despu\u00e9s de su nacimiento.<\/span> <span id=\"gts_text_48\" class=\"gts_text\">La mayor\u00eda de las r\u00e1tidas comparten un nido com\u00fan.<\/span> <span id=\"gts_text_49\" class=\"gts_text\">Incluso comparten el trabajo de mantener los huevos calientes, con el macho que los mantiene calientes en la noche.<\/span> <span id=\"gts_text_50\" class=\"gts_text\">\u00a1As\u00ed pues, el padre se encarga del turno de la noche para cuidar de sus beb\u00e9s!<\/span> <span id=\"gts_text_51\" class=\"gts_text\">Las avestruces son las \u00fanicos r\u00e1tidas donde la hembra incuba los huevos.<\/span> <span id=\"gts_text_52\" class=\"gts_text\">Los kiwis son las \u00fanicas r\u00e1tidas que tienen solo un compa\u00f1ero a la vez.<\/span><\/p>\n<p><span id=\"gts_text_53\" class=\"gts_text\">Los huevos de los r\u00e1tidas han sido utilizados por los humanos como envases de agua, joyas y otras artesan\u00edas.<\/span> <span id=\"gts_text_54\" class=\"gts_text\">Las plumas de los avestruces machos fueron utilizadas para realizar sombreros durante el siglo XVIII.<\/span> <span id=\"gts_text_55\" class=\"gts_text\">Por lo tanto, muchos avestruces fueron cazados y hubo una descenso brusco en la poblaci\u00f3n de avestruces durante ese tiempo.<\/span> <span id=\"gts_text_56\" class=\"gts_text\">Dicho acontecimiento ha llevado al comienzo de la cr\u00eda de avestruces.<\/span> <span id=\"gts_text_57\" class=\"gts_text\">Las avestruces se han criado por sus plumas, cuero, huevos y carne.<\/span> <span id=\"gts_text_58\" class=\"gts_text\">Los em\u00faes son populares por su aceite y tambi\u00e9n por su carne, huevos y plumas.<\/span> <span id=\"gts_text_59\" class=\"gts_text\">Las plumas de los \u00f1andu\u00e9s son populares para confeccionar plumeros y los huevos y carne para alimentar a las gallinas y como alimento para mascotas en Suram\u00e9rica.<\/span> <span id=\"gts_text_60\" class=\"gts_text\">Las pieles de las r\u00e1tidas se utilizan para fabricar productos de cuero como zapatos.<\/span><\/p>\n<p><span id=\"gts_text_61\" class=\"gts_text\">\u00a0<\/span><\/p>\n","protected":false},"excerpt":{"rendered":"<p>Las r\u00e1tidas son un grupo de aves que no pueden volar. El estern\u00f3n es plano, sin quilla. La quilla del estern\u00f3n de un ave es donde los m\u00fasculos del vuelo conectan con su esqueleto. Sin dicha quilla, las r\u00e1tidas no pueden volar incluso si tuviesen alas apropiadas. Los m\u00fasculos m\u00e1s fuertes de las ratites est\u00e1n &hellip; <a href=\"https:\/\/www.big-animals.com\/es\/ratidas\/\" class=\"more-link\">Continue reading <span class=\"screen-reader-text\">R\u00e1tidas<\/span><\/a><\/p>\n","protected":false},"author":1,"featured_media":0,"parent":0,"menu_order":0,"comment_status":"closed","ping_status":"open","template":"","meta":{"_acf_changed":false,"footnotes":""},"acf":[],"_links":{"self":[{"href":"https:\/\/www.big-animals.com\/es\/wp-json\/wp\/v2\/pages\/327"}],"collection":[{"href":"https:\/\/www.big-animals.com\/es\/wp-json\/wp\/v2\/pages"}],"about":[{"href":"https:\/\/www.big-animals.com\/es\/wp-json\/wp\/v2\/types\/page"}],"author":[{"embeddable":true,"href":"https:\/\/www.big-animals.com\/es\/wp-json\/wp\/v2\/users\/1"}],"replies":[{"embeddable":true,"href":"https:\/\/www.big-animals.com\/es\/wp-json\/wp\/v2\/comments?post=327"}],"version-history":[{"count":2,"href":"https:\/\/www.big-animals.com\/es\/wp-json\/wp\/v2\/pages\/327\/revisions"}],"predecessor-version":[{"id":1073,"href":"https:\/\/www.big-animals.com\/es\/wp-json\/wp\/v2\/pages\/327\/revisions\/1073"}],"wp:attachment":[{"href":"https:\/\/www.big-animals.com\/es\/wp-json\/wp\/v2\/media?parent=327"}],"curies":[{"name":"wp","href":"https:\/\/api.w.org\/{rel}","templated":true}]}}