{"id":330,"date":"2011-05-29T09:48:00","date_gmt":"2011-05-29T09:48:00","guid":{"rendered":""},"modified":"2013-08-06T06:01:57","modified_gmt":"2013-08-05T22:01:57","slug":"pinguino-emperador","status":"publish","type":"page","link":"https:\/\/www.big-animals.com\/es\/pinguino-emperador\/","title":{"rendered":"Ping\u00fcino Emperador"},"content":{"rendered":"<p><span class=\"gts_text\" id=\"gts_text_1\">El ping\u00fcino emperador es la especie viva de mayor tama\u00f1o de todos los <a class=\" gts_attribute gts_attribute_5_title\" title=\"Ping\u00fcinos\" href=\"http:\/\/www.big-animals.com\/penguins\/\">ping\u00fcinos<\/a>.<\/span> <span class=\"gts_text\" id=\"gts_text_2\">Vive en la Ant\u00e1rtida.<\/span> <span class=\"gts_text\" id=\"gts_text_3\">La temperatura all\u00ed puede ser tan baja como -60C (- 76F).<\/span> <span class=\"gts_text\" id=\"gts_text_4\">Los machos pesan m\u00e1s que las hembras.<\/span> <span class=\"gts_text\" id=\"gts_text_5\">Miden cerca de 120 cm (48 pulgadas) de altura y pesan entre 22 a 45 kilogramos (49 a 99 libras).<\/span> <span class=\"gts_text\" id=\"gts_text_6\">La cabeza, barbilla, garganta, parte posterior, parte trasera de las aletas y cola son negras.<\/span> <span class=\"gts_text\" id=\"gts_text_7\">La parte interna de sus alas y vientre son de color blanco.<\/span> <span class=\"gts_text\" id=\"gts_text_8\">La parte superior de su pecho es de un tono amarillo p\u00e1lido y los auriculares a la altura de los o\u00eddos son de un tono amarillo brillante.<\/span><\/p>\n<figure id=\"attachment_1203\" aria-describedby=\"caption-attachment-1203\" style=\"width: 300px\" class=\"wp-caption alignleft\"><a href=\"http:\/\/www.big-animals.com\/wp-content\/uploads\/2011\/05\/BabyEmperorPenguins.jpg\"><img loading=\"lazy\" decoding=\"async\" class=\"size-medium wp-image-1203 gts_attribute gts_attribute_1_alt gts_attribute_6_title\" title=\"Un grupo de polluelos de ping\u00fcino  emperador\" alt=\"Un grupo de polluelos ping\u00fcino emperador\" src=\"http:\/\/www.big-animals.com\/wp-content\/uploads\/2011\/05\/BabyEmperorPenguins-300x269.jpg\" width=\"300\" height=\"269\" \/><\/a><figcaption id=\"caption-attachment-1203\" class=\"wp-caption-text\">A Group of Emperor Penguin Chicks<\/figcaption><\/figure>\n<p><span class=\"gts_text\" id=\"gts_text_9\">La cr\u00eda del ping\u00fcino emperador en general est\u00e1 cubierta de plumas tono gris perla y tiene cabeza negra y una m\u00e1scara blanca.<\/span> <span class=\"gts_text\" id=\"gts_text_10\">Los polluelos pesan alrededor de 315g (11 onzas) despu\u00e9s de salir del cascar\u00f3n.<\/span> <span class=\"gts_text\" id=\"gts_text_11\">Se comunican entre s\u00ed en colonias grandes mediante sus llamadas vocales.<\/span><\/p>\n<p><span class=\"gts_text\" id=\"gts_text_12\">El h\u00e9roe de la pel\u00edcula Happy Feet era un ping\u00fcino emperador.<\/span><\/p>\n<p><span class=\"gts_text\" id=\"gts_text_13\">Los ping\u00fcinos emperadores son aves que no pueden volar, no obstante, pueden nadar muy bien.<\/span> <span class=\"gts_text\" id=\"gts_text_14\">Tienen un cuerpo hidrodin\u00e1mico, alas que son r\u00edgidas y planas como aletas, plumas brillantes e impermeables que mantienen su piel seca y patas palmeadas que utilizan para nadar. Pasan sus vidas enteras en el g\u00e9lido hielo ant\u00e1rtico y mares circundantes.<\/span> <span class=\"gts_text\" id=\"gts_text_15\"><\/span><\/p>\n<p><span class=\"gts_text\" id=\"gts_text_16\">La lengua del ping\u00fcino emperador tiene p\u00faas orientadas hacia atr\u00e1s, para evitar que las presas (peces) se escapen cuando son capturadas.<\/span> <span class=\"gts_text\" id=\"gts_text_17\">Se alimentan principalmente de peces, pero a veces tambi\u00e9n consumen kril y calamares.<\/span> <span class=\"gts_text\" id=\"gts_text_18\">Pueden bucear hasta por 18 minutos mientras buscan comida en las aguas heladas.<\/span> <span class=\"gts_text\" id=\"gts_text_19\">Se zambullen muy a menudo a una profundidad de 535 metros (1.755 pies).<\/span> <span class=\"gts_text\" id=\"gts_text_20\">\u00bfNo es asombroso?<\/span> <span class=\"gts_text\" id=\"gts_text_21\">De todas las especies de aves que existen, son las que bucean a mayor profundidad y por m\u00e1s tiempo.<\/span><\/p>\n<figure id=\"attachment_1204\" aria-describedby=\"caption-attachment-1204\" style=\"width: 250px\" class=\"wp-caption alignright\"><a href=\"http:\/\/www.big-animals.com\/wp-content\/uploads\/2011\/05\/EmperorPenguinAndHuman.png\"><img loading=\"lazy\" decoding=\"async\" class=\"size-medium wp-image-1204 gts_attribute gts_attribute_2_alt gts_attribute_7_title\" title=\"El ping\u00fcino emperador es el ping\u00fcino m\u00e1s grande del mundo\" alt=\"El ping\u00fcino emperador es el ping\u00fcino m\u00e1s grande del mundo\" src=\"http:\/\/www.big-animals.com\/wp-content\/uploads\/2011\/05\/EmperorPenguinAndHuman-250x300.png\" width=\"250\" height=\"300\" \/><\/a><figcaption id=\"caption-attachment-1204\" class=\"wp-caption-text\">The Emperor Penguin is the World&#8217;s Biggest Penguin<\/figcaption><\/figure>\n<p><span class=\"gts_text\" id=\"gts_text_22\">Dado que son grandes buceadores, tienen huesos s\u00f3lidos y no huecos, as\u00ed pueden soportar la presi\u00f3n debajo del profundo mar.<\/span> <span class=\"gts_text\" id=\"gts_text_23\">Mientras que se zambullen, pueden utilizar menos ox\u00edgeno.<\/span> <span class=\"gts_text\" id=\"gts_text_24\">Su ritmo card\u00edaco llega a ser tan bajo como unos 15-20 latidos por minuto.<\/span> <span class=\"gts_text\" id=\"gts_text_25\">Eso permite que se zambullan por m\u00e1s tiempo y a mayor profundidad.<\/span> <span class=\"gts_text\" id=\"gts_text_26\">Pueden nadar a velocidades de entre 6-9 kil\u00f3metros por hora (4-6 mph).<\/span> <span class=\"gts_text\" id=\"gts_text_27\">En la tierra, alternan entre caminata oscilante y desplazamiento sobre el vientre.<\/span> <span class=\"gts_text\" id=\"gts_text_28\">Son propulsados por sus peque\u00f1os pies y alas similares a aletas.<\/span><\/p>\n<p><span class=\"gts_text\" id=\"gts_text_29\">El ping\u00fcino emperador tiene solamente una pareja por a\u00f1o.<\/span> <span class=\"gts_text\" id=\"gts_text_30\">Son muy fieles.<\/span> <span class=\"gts_text\" id=\"gts_text_31\">A diferencia de la mayor\u00eda de las aves, que ponen sus huevos durante la primavera, la superhero\u00edna hembra ping\u00fcino emperador elige poner sus huevos durante el fr\u00edo extremo del invierno ant\u00e1rtico.<\/span> <span class=\"gts_text\" id=\"gts_text_32\">\u00a1Son las \u00fanicas especies de aves que hacen eso!<\/span> <span class=\"gts_text\" id=\"gts_text_33\">\u00bfNo est\u00e1n locos?<\/span> <span class=\"gts_text\" id=\"gts_text_34\">La temperatura del aire puede llegar a ser tan baja como unos -40C (- 40F) y las velocidad del viento pueden alcanzar hasta unos 140km\/h (90 mph).<\/span> <span class=\"gts_text\" id=\"gts_text_35\">La temperatura del agua es de unos -2C (31 F) que es mucho m\u00e1s baja que la temperatura del cuerpo media del ping\u00fcino emperador de unos 39C (102F).<\/span> <span class=\"gts_text\" id=\"gts_text_36\">Cuando la madre ping\u00fcino transfiere su huevo a su marido para mantenerlo caliente, ella debe tener mucho cuidado de que no se le caiga.<\/span> <span class=\"gts_text\" id=\"gts_text_37\">Si eso sucediese, el polluelo dentro del huevo morir\u00eda ya que el huevo no puede soportar las temperaturas bajo cero en la tierra helada, ni siquiera por un poco de tiempo.<\/span><\/p>\n<p><span class=\"gts_text\" id=\"gts_text_38\">Las plumas del ping\u00fcino emperador le proporcionan el 80-90% de su aislamiento.<\/span> <span class=\"gts_text\" id=\"gts_text_39\">Tienen la densidad de plumaje m\u00e1s alta que cualquier especie de aves, cerca de 15 plumas por cent\u00edmetro cuadrado (100 por pulgada cuadrada).<\/span> <span class=\"gts_text\" id=\"gts_text_40\">Aparte de eso, hay una capa de aire dentro de la capa suave de plumas que ayuda a aislarlas a\u00fan m\u00e1s.<\/span> <span class=\"gts_text\" id=\"gts_text_41\">Tienen 3 cm (1,2 pulgadas) de capa gruesa de grasa debajo de la piel que los mantiene a\u00fan m\u00e1s calientes.<\/span><\/p>\n<p><span class=\"gts_text\" id=\"gts_text_42\">Encima de eso, la mam\u00e1 y el pap\u00e1 tienen que caminar aproximadamente unos 50 a 120km (31-75 millas) sobre el hielo para buscar un lugar conveniente protegido del viento g\u00e9lido.<\/span> <span class=\"gts_text\" id=\"gts_text_43\">La madre ping\u00fcino emperador pone un solo huevo por vez y entonces deja el huevo para que el padre lo incube.<\/span> <span class=\"gts_text\" id=\"gts_text_44\">Entonces la mam\u00e1 parte en un viaje de caza para alimentarse.<\/span> <span class=\"gts_text\" id=\"gts_text_45\">A veces, ella puede tener que viajar entre 80-1,500 kil\u00f3metros (50-900 millas) para alcanzar aguas abiertas.<\/span> <span class=\"gts_text\" id=\"gts_text_46\">All\u00ed puede encontrar peces, calamares y otros peque\u00f1os animales marinos para comer.<\/span> <span class=\"gts_text\" id=\"gts_text_47\">Mientras tanto, el pap\u00e1 se queda y cuida al huevo por cerca de dos meses, sin comer y sin moverse en absoluto.<\/span> <span class=\"gts_text\" id=\"gts_text_48\">A diferencia de la mayor\u00eda de las aves, el pap\u00e1 no se sienta en su huevo para empollarlo.<\/span> <span class=\"gts_text\" id=\"gts_text_49\">Coloca y equilibra el huevo en sus patas.<\/span> <span class=\"gts_text\" id=\"gts_text_50\">Tambi\u00e9n cubre su huevo con la capa tibia de piel emplumada que se denomina bolsa de anidamiento.<\/span> <span class=\"gts_text\" id=\"gts_text_51\">El macho resiste el ventoso clima invernal durante dos meses completos sin comer hasta que eclosione el huevo.<\/span> <span class=\"gts_text\" id=\"gts_text_52\">\u00a1Qu\u00e9 pap\u00e1 tan noble!<\/span> <span class=\"gts_text\" id=\"gts_text_53\">Los huevos son peque\u00f1os y tienen una c\u00e1scara bastante gruesa para asegurarse de que no se rompan f\u00e1cilmente.<\/span> <span class=\"gts_text\" id=\"gts_text_54\">Despu\u00e9s de que eclosione el huevo, el polluelo joven permanece en la bolsa de anidamiento hasta que pueda permanecer caliente sin ayuda.<\/span><\/p>\n<figure id=\"attachment_1205\" aria-describedby=\"caption-attachment-1205\" style=\"width: 300px\" class=\"wp-caption alignleft\"><a href=\"http:\/\/www.big-animals.com\/wp-content\/uploads\/2011\/05\/EmperorPenguinSliding.jpg\"><img loading=\"lazy\" decoding=\"async\" class=\"size-medium wp-image-1205 gts_attribute gts_attribute_3_alt gts_attribute_8_title\" title=\"Desplazamiento del ping\u00fcino de emperador\" alt=\"Desplazamiento de ping\u00fcino emperador\" src=\"http:\/\/www.big-animals.com\/wp-content\/uploads\/2011\/05\/EmperorPenguinSliding-300x170.jpg\" width=\"300\" height=\"170\" \/><\/a><figcaption id=\"caption-attachment-1205\" class=\"wp-caption-text\">Emperor Penguin Sliding<\/figcaption><\/figure>\n<p><span class=\"gts_text\" id=\"gts_text_55\">Para cuando la madre vuelve de su viaje de caza, el padre habr\u00e1 perdido aproximadamente 12 kilogramos (26lb).<\/span> <span class=\"gts_text\" id=\"gts_text_56\">Creo que al ping\u00fcino emperador padre se le tiene que otorgar el t\u00edtulo de \u201cPadre del a\u00f1o\u201d por tener que resistir en ese lugar y no comer nada durante dos meses en el clima fr\u00edo y duro de la Ant\u00e1rtida.<\/span> <span class=\"gts_text\" id=\"gts_text_57\">Cuando la madre regresa, regurgita la comida para su beb\u00e9. La comida se ha almacenado en su est\u00f3mago.<\/span> <span class=\"gts_text\" id=\"gts_text_58\">El padre hambriento puede entonces viajar por el hielo para buscar comida<\/span> <span class=\"gts_text\" id=\"gts_text_59\">La mam\u00e1 y el pap\u00e1 se turnan para cazar y cuidar del polluelo en la colonia.<\/span> <span class=\"gts_text\" id=\"gts_text_60\">En general, viven aproximadamente 20 a\u00f1os en estado salvaje y algunos han llegado a vivir aproximadamente 50 a\u00f1os de edad.<\/span><\/p>\n<p><span class=\"gts_text\" id=\"gts_text_61\">Los ping\u00fcinos emperadores son lo suficientemente inteligentes como para ayudarse mutuamente a sobrevivir en el fr\u00edo extremo. Se acurrucan juntos para mantenerse calientes.<\/span> <span class=\"gts_text\" id=\"gts_text_62\">Aproximadamente desde diez a varios cientos de ping\u00fcinos se apoyan en otra ave.<\/span> <span class=\"gts_text\" id=\"gts_text_63\">Forman un c\u00edrculo y se turnan para colocarse en el medio para protegerse de la g\u00e9lida temperatura y del viento.<\/span><\/p>\n<p><span class=\"gts_text\" id=\"gts_text_64\">Sus depredadores son aves y mam\u00edferos acu\u00e1ticos.<\/span> <span class=\"gts_text\" id=\"gts_text_65\">El petrel gigante ant\u00e1rtico es el depredador en tierra m\u00e1s com\u00fan de los polluelos del ping\u00fcino emperador.<\/span> <span class=\"gts_text\" id=\"gts_text_66\">Por ejemplo, un tercio de las muertes de los polluelos en algunas colonias es causado por el petrel gigante meridional.<\/span> <span class=\"gts_text\" id=\"gts_text_67\">Aparte de matar a los vivos, estas aves marinas tambi\u00e9n comen cad\u00e1veres de ping\u00fcino emperador. Otro depredador en tierra es el p\u00e1galo polar, una ave marina.<\/span> <span class=\"gts_text\" id=\"gts_text_68\">Sin embargo, busca principalmente polluelos muertos porque los vivos son demasiado grandes para matarlos.<\/span><\/p>\n<p><span class=\"gts_text\" id=\"gts_text_69\">Algunos mam\u00edferos acu\u00e1ticos que cazan ping\u00fcinos emperadores son la foca leopardo y la orca (ballena asesina).<\/span> <span class=\"gts_text\" id=\"gts_text_70\">Si la mam\u00e1 o el pap\u00e1 mueren o lo matan durante la \u00e9poca de cr\u00eda, el padre sobreviviente, tristemente no tiene otra opci\u00f3n sino abandonar sus huevos o polluelos, e ir a cazar comida en el mar antes de que muera de hambre.<\/span><\/p>\n<figure id=\"attachment_1206\" aria-describedby=\"caption-attachment-1206\" style=\"width: 300px\" class=\"wp-caption aligncenter\"><a href=\"http:\/\/www.big-animals.com\/wp-content\/uploads\/2011\/05\/EmperorPenguinBattalion.jpg\"><img loading=\"lazy\" decoding=\"async\" class=\"size-medium wp-image-1206 gts_attribute gts_attribute_4_alt gts_attribute_9_title\" title=\"Un grupo magn\u00edfico de pinguinos emperadores.\" alt=\"Una grupo magn\u00edfico de ping\u00fcinos emperador\" src=\"http:\/\/www.big-animals.com\/wp-content\/uploads\/2011\/05\/EmperorPenguinBattalion-300x251.jpg\" width=\"300\" height=\"251\" \/><\/a><figcaption id=\"caption-attachment-1206\" class=\"wp-caption-text\">A Magnificent Troupe of Emperor Penguins<\/figcaption><\/figure>\n","protected":false},"excerpt":{"rendered":"<p>El ping\u00fcino emperador es la especie viva de mayor tama\u00f1o de todos los ping\u00fcinos. Vive en la Ant\u00e1rtida. La temperatura all\u00ed puede ser tan baja como -60C (- 76F). Los machos pesan m\u00e1s que las hembras. Miden cerca de 120 cm (48 pulgadas) de altura y pesan entre 22 a 45 kilogramos (49 a 99 &hellip; <a href=\"https:\/\/www.big-animals.com\/es\/pinguino-emperador\/\" class=\"more-link\">Continue reading <span class=\"screen-reader-text\">Ping\u00fcino Emperador<\/span><\/a><\/p>\n","protected":false},"author":1,"featured_media":0,"parent":0,"menu_order":0,"comment_status":"closed","ping_status":"open","template":"","meta":{"_acf_changed":false,"footnotes":""},"acf":[],"_links":{"self":[{"href":"https:\/\/www.big-animals.com\/es\/wp-json\/wp\/v2\/pages\/330"}],"collection":[{"href":"https:\/\/www.big-animals.com\/es\/wp-json\/wp\/v2\/pages"}],"about":[{"href":"https:\/\/www.big-animals.com\/es\/wp-json\/wp\/v2\/types\/page"}],"author":[{"embeddable":true,"href":"https:\/\/www.big-animals.com\/es\/wp-json\/wp\/v2\/users\/1"}],"replies":[{"embeddable":true,"href":"https:\/\/www.big-animals.com\/es\/wp-json\/wp\/v2\/comments?post=330"}],"version-history":[{"count":1,"href":"https:\/\/www.big-animals.com\/es\/wp-json\/wp\/v2\/pages\/330\/revisions"}],"predecessor-version":[{"id":587,"href":"https:\/\/www.big-animals.com\/es\/wp-json\/wp\/v2\/pages\/330\/revisions\/587"}],"wp:attachment":[{"href":"https:\/\/www.big-animals.com\/es\/wp-json\/wp\/v2\/media?parent=330"}],"curies":[{"name":"wp","href":"https:\/\/api.w.org\/{rel}","templated":true}]}}