{"id":331,"date":"2011-06-04T03:34:52","date_gmt":"2011-06-04T03:34:52","guid":{"rendered":""},"modified":"2014-03-30T04:48:17","modified_gmt":"2014-03-29T20:48:17","slug":"anthropornis","status":"publish","type":"page","link":"https:\/\/www.big-animals.com\/es\/anthropornis\/","title":{"rendered":"Anthropornis"},"content":{"rendered":"<p><span class=\"gts_text\" id=\"gts_text_1\">Anthropornis es un grupo de <a title=\"Ping\u00fcinos\" href=\"http:\/\/www.big-animals.com\/es\/pinguinos\/\">ping\u00fcinos<\/a> gigantes que vivieron hace muchos muchos a\u00f1os.<\/span> <span class=\"gts_text\" id=\"gts_text_2\">Med\u00edan cerca de 1,7 metros de altura y pesaban 90 kilogramos, \u00a1son los m\u00e1s grandes que existieron!<\/span>\u00a0S<span class=\"gts_text\" id=\"gts_text_3\">us f\u00f3siles fueron encontrados en la Isla Seymour, que se encuentra en la costa Ant\u00e1rtica, y en Nueva Zelanda.<\/span> <span class=\"gts_text\" id=\"gts_text_4\">Eran tan altos como algunos seres humanos adultos, de hecho su nombre (Anthropornis) significa \u201chombre-p\u00e1jaro\u201d.<\/span><\/p>\n<figure id=\"attachment_1234\" aria-describedby=\"caption-attachment-1234\" style=\"width: 300px\" class=\"wp-caption aligncenter\"><a href=\"http:\/\/www.big-animals.com\/wp-content\/uploads\/2011\/06\/Anthropornis_and_Human.png\"><img loading=\"lazy\" decoding=\"async\" class=\"size-medium wp-image-1234\" title=\"Anthropornis y ser humano - adaptados de un bosquejo por el usuario \u201cPhilip72\u201d de Wikimedia\" alt=\"Anthropornis y ser humano - adaptados de un bosquejo por el usuario \u201cPhilip72\u201d de Wikimedia\" src=\"http:\/\/www.big-animals.com\/wp-content\/uploads\/2011\/06\/Anthropornis_and_Human-300x259.png\" width=\"300\" height=\"259\" \/><\/a><figcaption id=\"caption-attachment-1234\" class=\"wp-caption-text\">Anthropornis y ser humano &#8211; Adaptado de un boceto del usuario de Wikimedia &#8220;Philip72&#8221;<\/figcaption><\/figure>\n","protected":false},"excerpt":{"rendered":"<p>Anthropornis es un grupo de ping\u00fcinos gigantes que vivieron hace muchos muchos a\u00f1os. Med\u00edan cerca de 1,7 metros de altura y pesaban 90 kilogramos, \u00a1son los m\u00e1s grandes que existieron!\u00a0Sus f\u00f3siles fueron encontrados en la Isla Seymour, que se encuentra en la costa Ant\u00e1rtica, y en Nueva Zelanda. Eran tan altos como algunos seres humanos &hellip; <a href=\"https:\/\/www.big-animals.com\/es\/anthropornis\/\" class=\"more-link\">Continue reading <span class=\"screen-reader-text\">Anthropornis<\/span><\/a><\/p>\n","protected":false},"author":1,"featured_media":0,"parent":0,"menu_order":0,"comment_status":"closed","ping_status":"open","template":"","meta":{"_acf_changed":false,"footnotes":""},"acf":[],"_links":{"self":[{"href":"https:\/\/www.big-animals.com\/es\/wp-json\/wp\/v2\/pages\/331"}],"collection":[{"href":"https:\/\/www.big-animals.com\/es\/wp-json\/wp\/v2\/pages"}],"about":[{"href":"https:\/\/www.big-animals.com\/es\/wp-json\/wp\/v2\/types\/page"}],"author":[{"embeddable":true,"href":"https:\/\/www.big-animals.com\/es\/wp-json\/wp\/v2\/users\/1"}],"replies":[{"embeddable":true,"href":"https:\/\/www.big-animals.com\/es\/wp-json\/wp\/v2\/comments?post=331"}],"version-history":[{"count":7,"href":"https:\/\/www.big-animals.com\/es\/wp-json\/wp\/v2\/pages\/331\/revisions"}],"predecessor-version":[{"id":926,"href":"https:\/\/www.big-animals.com\/es\/wp-json\/wp\/v2\/pages\/331\/revisions\/926"}],"wp:attachment":[{"href":"https:\/\/www.big-animals.com\/es\/wp-json\/wp\/v2\/media?parent=331"}],"curies":[{"name":"wp","href":"https:\/\/api.w.org\/{rel}","templated":true}]}}