{"id":332,"date":"2011-06-05T08:21:05","date_gmt":"2011-06-05T08:21:05","guid":{"rendered":""},"modified":"2014-08-20T06:14:13","modified_gmt":"2014-08-19T22:14:13","slug":"loros","status":"publish","type":"page","link":"https:\/\/www.big-animals.com\/es\/loros\/","title":{"rendered":"Loros"},"content":{"rendered":"<p><span id=\"gts_text_1\" class=\"gts_text\">Hay unas 372 especies de loros en el mundo.<\/span> <span id=\"gts_text_2\" class=\"gts_text\">La mayor\u00eda de los loros se encuentran en regiones tropicales y subtropicales incluyendo Australia y las islas del Oc\u00e9ano Pac\u00edfico, el sur de Asia, el Asia sudoriental, \u00c1merica del Sur, \u00c1frica y las regiones del sur de Am\u00e9rica del Norte.<\/span> <span id=\"gts_text_3\" class=\"gts_text\">Son p\u00e1jaros muy inteligentes y tambi\u00e9n son buenas mascotas.<\/span> <span id=\"gts_text_4\" class=\"gts_text\">La mayor\u00eda de los loros son compa\u00f1eros fieles.<\/span><\/p>\n<p><span id=\"gts_text_5\" class=\"gts_text\"><a title=\"Guacamayo azul\" href=\"http:\/\/www.big-animals.com\/hyacinth-macaw\/\">El guacamayo azul<\/a> es el loro volador m\u00e1s grande del mundo y tambi\u00e9n el loro m\u00e1s largo del mundo.<\/span> <span id=\"gts_text_6\" class=\"gts_text\">Puede crecer hasta un metro (40 pulgadas) de largo, y pesa entre 1,2 a 1,7 kilogramos (2,6 a 3,7 libras).<\/span> <span id=\"gts_text_7\" class=\"gts_text\">Sin embargo, el loro m\u00e1s pesado del mundo es el Kakapo de Nueva Zelanda, que puede pesar hasta 3.5kg (7,7 libras).<\/span> <span id=\"gts_text_8\" class=\"gts_text\">Ambas especies, el guacamayo azul y el Kakapo, est\u00e1n en peligro de extinci\u00f3n.<\/span> <span id=\"gts_text_9\" class=\"gts_text\">El Kakapo est\u00e1 en grave peligro &#8211; solo hay 100 en todo el mundo.<\/span><\/p>\n<p><span id=\"gts_text_10\" class=\"gts_text\">Adem\u00e1s de tener un pico fuerte y curvado, tienen unas patas con garras afiladas y fuertes.<\/span> <span id=\"gts_text_11\" class=\"gts_text\">La mayor\u00eda de los loros pueden utilizar sus patas para manejar la comida y otros objetos, de la misma manera que nosotros utilizamos nuestras manos.<\/span> <span id=\"gts_text_12\" class=\"gts_text\">Un loro adulto es diestro o zurdo dependiendo de la especie a la que pertenece.<\/span> <span id=\"gts_text_13\" class=\"gts_text\">Los zurdos prefieren utilizar su pata izquierda y los diestros su pata derecha.<\/span> <span id=\"gts_text_14\" class=\"gts_text\">Agarran las ramas de los \u00e1rboles con su pico para poder trepar por ellos.<\/span> <span id=\"gts_text_15\" class=\"gts_text\">Caminan con un caracter\u00edstico balanceo.<\/span><\/p>\n<figure id=\"attachment_1242\" aria-describedby=\"caption-attachment-1242\" style=\"width: 280px\" class=\"wp-caption alignright\"><img loading=\"lazy\" decoding=\"async\" class=\"size-medium wp-image-1242\" title=\"Como la mayor\u00eda de los loros, el loro de pecho escarlata tiene colores brillantes\" src=\"http:\/\/www.big-animals.com\/wp-content\/uploads\/2011\/06\/Scarlet_Chested_Parrot-280x300.jpg\" alt=\"Como la mayor\u00eda de los loros, el loro de pecho escarlata tiene colores brillantes\" width=\"280\" height=\"300\" \/><figcaption id=\"caption-attachment-1242\" class=\"wp-caption-text\">Como la mayor\u00eda de los loros, el loro de pecho escarlata tiene colores brillantes<\/figcaption><\/figure>\n<p><span id=\"gts_text_17\" class=\"gts_text\">Muchos loros tienen colores brillantes y algunos son muy hermosos y tienen plumas multicolores.<\/span> <span id=\"gts_text_18\" class=\"gts_text\">Un ejemplo t\u00edpico es el periquito de pecho escarlata.\u00a0Las plumas superficiales del macho son verdes, las de la cabeza son de color azul,y las plumas del pecho son de color escarlata con plumas amarillas en la panza.<\/span> <span id=\"gts_text_19\" class=\"gts_text\">Las plumas de la hembra tienen la superficie verde y el interior amarillo. Las plumas de la cabeza y las alas son azules.<\/span><\/p>\n<p><span id=\"gts_text_20\" class=\"gts_text\">Los loros comen semillas, nueces, fruta, brotes, n\u00e9ctar y, a veces, animales como caracoles.<\/span> <span id=\"gts_text_21\" class=\"gts_text\">Por ejemplo, los periquitos de alas doradas comen caracoles acu\u00e1ticos.<\/span> <span id=\"gts_text_22\" class=\"gts_text\">Los loros son depredadores de semillas, a diferencia de los murci\u00e9lagos fruteros que son dispersores de semillas.<\/span> <span id=\"gts_text_23\" class=\"gts_text\">Esto es porque se comen las semillas que hay dentro de la fruta; no se comen la fruta y tiran la semilla.<\/span> <span id=\"gts_text_24\" class=\"gts_text\">Los loros son capaces de quitar la capa de veneno de las semillas, si la hay.<\/span><\/p>\n<p><span id=\"gts_text_25\" class=\"gts_text\">Los Lories, los Lorikeets, los Loriculus y los Lathamus comen principalmente n\u00e9ctar y polen.<\/span> <span id=\"gts_text_26\" class=\"gts_text\">Tienen en la lengua una especie de cepillo que les permite recoger el n\u00e9ctar y el polen.<\/span><\/p>\n<p><span id=\"gts_text_27\" class=\"gts_text\">Solamente el Myiopsitta monachus y cinco especies de Agapornis construyen nidos en los \u00e1rboles.<\/span> <span id=\"gts_text_28\" class=\"gts_text\">Hay tres especies de loros australianos y los loros molidos de Nueva Zelanda que crean nidos en el suelo.<\/span> <span id=\"gts_text_29\" class=\"gts_text\">El resto de loros y de cacat\u00faas hacen sus nidos en los huecos de los \u00e1rboles.<\/span> <span id=\"gts_text_30\" class=\"gts_text\">\u00a1Algunos incluso utilizan nidos de termita para no llamar la atenci\u00f3n de los depredadores!<\/span> <span id=\"gts_text_31\" class=\"gts_text\">Para fabricar sus nidos utilizan palos, trozos de madera y plantas.<\/span> <span id=\"gts_text_32\" class=\"gts_text\">Las especies m\u00e1s grandes tienen problemas para encontrar lugares adecuados donde fabricar sus nidos.<\/span> <span id=\"gts_text_33\" class=\"gts_text\">Por ello, a veces hay luchas entre ellos o con otros p\u00e1jaros para poder poner sus nidos en los sitios m\u00e1s adecuados.<\/span><\/p>\n<p><span id=\"gts_text_34\" class=\"gts_text\">Los loros ponen huevos blancos.<\/span> <span id=\"gts_text_35\" class=\"gts_text\">Normalmente, la madre incuba los huevos.<\/span> <span id=\"gts_text_36\" class=\"gts_text\">Pero en especies como las cacat\u00faas, el Lorikeet azul y el Loriculus vernalis el padre y la madre se turnan para mantener la temperatura de los huevos.\u00a0<\/span> <span id=\"gts_text_37\" class=\"gts_text\">Cuando las cr\u00edas salen del cascaron est\u00e1n solas, sin plumas y ciegas.<\/span> <span id=\"gts_text_38\" class=\"gts_text\">Las cr\u00edas permanecen unas 3 o 4 semanas en el nido- el periodo de tiempo depende de la especie.<\/span> <span id=\"gts_text_39\" class=\"gts_text\">Los padres se turnan para encontrar comida y para mantener a sus criaturitas calientes.<\/span> <span id=\"gts_text_40\" class=\"gts_text\">Cuando los padres no est\u00e1n en los nidos con sus cr\u00edas, las serpientes o las iguanas pueden intentar com\u00e9rselos.<\/span> <span id=\"gts_text_41\" class=\"gts_text\">Los padres almacenan la comida de sus polluelos en un saco que tienen en la garganta.<\/span> <span id=\"gts_text_42\" class=\"gts_text\">Este saco se llama <em>buche<\/em>.<\/span> <span id=\"gts_text_43\" class=\"gts_text\">Cuando su buche est\u00e1 lleno, vuelven a los nidos para alimentar a las cr\u00edas.<\/span><\/p>\n<figure id=\"attachment_1243\" aria-describedby=\"caption-attachment-1243\" style=\"width: 300px\" class=\"wp-caption alignleft\"><img loading=\"lazy\" decoding=\"async\" class=\"size-medium wp-image-1243\" title=\"Muchos loros pueden imitar sonidos, pero el Yaco es muy bueno\" src=\"http:\/\/www.big-animals.com\/wp-content\/uploads\/2011\/06\/African_Grey_Parrot-300x192.jpg\" alt=\"Muchos loros pueden imitar sonidos, pero el Yaco es muy bueno\" width=\"300\" height=\"192\" \/><figcaption id=\"caption-attachment-1243\" class=\"wp-caption-text\">Muchos loros pueden imitar sonidos, pero el Yaco es muy bueno<\/figcaption><\/figure>\n<p><span id=\"gts_text_45\" class=\"gts_text\">Los loros son los p\u00e1jaros m\u00e1s inteligentes del mundo.<\/span> <span id=\"gts_text_46\" class=\"gts_text\">Pueden repetir todo lo que diga el ser humano y otros sonidos.<\/span> <span id=\"gts_text_47\" class=\"gts_text\">Por ejemplo, el Yaco tiene una gran capacidad de aprendizaje.<\/span> <span id=\"gts_text_48\" class=\"gts_text\">El Yaco puede copiar los sonidos que producen otros p\u00e1jaros salvajes.<\/span> <span id=\"gts_text_49\" class=\"gts_text\">Los loros no tienen cuerdas vocales.<\/span> <span id=\"gts_text_50\" class=\"gts_text\">El sonido lo producen modificando la forma y la profundidad de su tr\u00e1quea.<\/span><\/p>\n<p><span id=\"gts_text_51\" class=\"gts_text\">Algunos loros como el Kea pueden resolver rompecabezas si se les ense\u00f1a c\u00f3mo hacerlo.<\/span> <span id=\"gts_text_52\" class=\"gts_text\">Los loros aprenden mejor cuando se les proporciona el est\u00edmulo de un ambiente natural.<\/span> <span id=\"gts_text_53\" class=\"gts_text\">Por ejemplo, si a un p\u00e1jaro enjaulado en un zoo o un loro que est\u00e1 en encerrado como animal dom\u00e9stico no se le da ning\u00fan tipo de est\u00edmulo para aprender cuando son j\u00f3venes pueden desarrollar comportamientos destructivos como arrancarse sus propias plumas.<\/span> <span id=\"gts_text_54\" class=\"gts_text\">Esto es porque tambi\u00e9n <span id=\"gts_text_54\" class=\"gts_text\">se aburren <\/span>y necesitan encontrar algo que hacer.<\/span> <span id=\"gts_text_55\" class=\"gts_text\">Una ausencia de est\u00edmulos puede parar el desarrollo de loros j\u00f3venes.<\/span> <span id=\"gts_text_56\" class=\"gts_text\">Un grupo de loros Coracopsis fue encerrado con gallinas en jaulas min\u00fasculas desde los 3 meses.<\/span> <span id=\"gts_text_57\" class=\"gts_text\">A los 9 meses estos loros segu\u00edan comport\u00e1ndose como cuando ten\u00edan 3 meses y es triste decir que se comportaban m\u00e1s como gallinas que como loros.<\/span><\/p>\n<figure id=\"attachment_1244\" aria-describedby=\"caption-attachment-1244\" style=\"width: 300px\" class=\"wp-caption alignright\"><img loading=\"lazy\" decoding=\"async\" class=\"size-medium wp-image-1244\" title=\"Los lori arcoiris son una plaga en Australia. Fotografia del usuario de Wikipedia Nickj\" src=\"http:\/\/www.big-animals.com\/wp-content\/uploads\/2011\/06\/Rainbow_Lorikeets-300x217.jpg\" alt=\"Los lori arcoiris son una plaga en Australia. Fotografia del usuario de Wikipedia Nickj\" width=\"300\" height=\"217\" \/><figcaption id=\"caption-attachment-1244\" class=\"wp-caption-text\">Los lori arcoiris son una plaga en Australia. Fotografia del usuario de Wikipedia Nickj.<\/figcaption><\/figure>\n<p>Fotograf\u00eda del usuario de Wikipedia Nickj &gt;<\/p>\n<p><span id=\"gts_text_60\" class=\"gts_text\">Los loros pueden traer el bien y el mal al ser humano.<\/span> <span id=\"gts_text_61\" class=\"gts_text\">Pueden ser una fuente de ingresos para las compa\u00f1\u00edas de turismo y las tiendas de animales.<\/span> <span id=\"gts_text_62\" class=\"gts_text\">Tambi\u00e9n ofrecen empleos para especialistas como los veterinarios que solo tratan a p\u00e1jaros y las personas que cr\u00edan y venden loros.<\/span> <span id=\"gts_text_63\" class=\"gts_text\">Por otra parte, algunos loros son nocivos para los campos de cultivo porque se comen las frutas de los \u00e1rboles, granos y otros cultivos.<\/span> <span id=\"gts_text_64\" class=\"gts_text\"><\/span> <span id=\"gts_text_65\" class=\"gts_text\">Un ejemplo es el lori arco iris, que es un animal nocivo en Australia.<\/span><\/p>\n<p><span id=\"gts_text_66\" class=\"gts_text\">Desafortunadamente, muchas especies de loros est\u00e1n desapareciendo y varios est\u00e1n extintos.<\/span> <span id=\"gts_text_67\" class=\"gts_text\"><\/span> <span id=\"gts_text_68\" class=\"gts_text\">La desaparici\u00f3n se debe a la p\u00e9rdida de su h\u00e1bitat, y la caza ilegal para el comercio de mascotas, plumas y comida.<\/span> <span id=\"gts_text_69\" class=\"gts_text\">Un loro raro puede proporcionar mucho dinero a un cazador furtivo, pero cuando caza uno el loro se convierte en una especie todav\u00eda m\u00e1s rara y est\u00e1 en mayor peligro de extinci\u00f3n.<\/span><\/p>\n<p><span id=\"gts_text_70\" class=\"gts_text\">Algunas especies de loros grandes como las cacat\u00faas, los amazona y los guacamayos pueden llegar a vivir 80 a\u00f1os. En cambio, loros peque\u00f1os como los agapornis, el lor\u00edculo o los periquitos solo viven de 15 a 20 a\u00f1os.<\/span> <span id=\"gts_text_71\" class=\"gts_text\"><\/span><\/p>\n<p><span id=\"gts_text_72\" class=\"gts_text\">\u00a0<\/span><\/p>\n<p>&nbsp;<\/p>\n","protected":false},"excerpt":{"rendered":"<p>Hay unas 372 especies de loros en el mundo. La mayor\u00eda de los loros se encuentran en regiones tropicales y subtropicales incluyendo Australia y las islas del Oc\u00e9ano Pac\u00edfico, el sur de Asia, el Asia sudoriental, \u00c1merica del Sur, \u00c1frica y las regiones del sur de Am\u00e9rica del Norte. Son p\u00e1jaros muy inteligentes y tambi\u00e9n &hellip; <a href=\"https:\/\/www.big-animals.com\/es\/loros\/\" class=\"more-link\">Continue reading <span class=\"screen-reader-text\">Loros<\/span><\/a><\/p>\n","protected":false},"author":1,"featured_media":0,"parent":0,"menu_order":0,"comment_status":"closed","ping_status":"open","template":"","meta":{"_acf_changed":false,"footnotes":""},"acf":[],"_links":{"self":[{"href":"https:\/\/www.big-animals.com\/es\/wp-json\/wp\/v2\/pages\/332"}],"collection":[{"href":"https:\/\/www.big-animals.com\/es\/wp-json\/wp\/v2\/pages"}],"about":[{"href":"https:\/\/www.big-animals.com\/es\/wp-json\/wp\/v2\/types\/page"}],"author":[{"embeddable":true,"href":"https:\/\/www.big-animals.com\/es\/wp-json\/wp\/v2\/users\/1"}],"replies":[{"embeddable":true,"href":"https:\/\/www.big-animals.com\/es\/wp-json\/wp\/v2\/comments?post=332"}],"version-history":[{"count":3,"href":"https:\/\/www.big-animals.com\/es\/wp-json\/wp\/v2\/pages\/332\/revisions"}],"predecessor-version":[{"id":991,"href":"https:\/\/www.big-animals.com\/es\/wp-json\/wp\/v2\/pages\/332\/revisions\/991"}],"wp:attachment":[{"href":"https:\/\/www.big-animals.com\/es\/wp-json\/wp\/v2\/media?parent=332"}],"curies":[{"name":"wp","href":"https:\/\/api.w.org\/{rel}","templated":true}]}}