{"id":333,"date":"2011-06-05T21:08:06","date_gmt":"2011-06-05T21:08:06","guid":{"rendered":""},"modified":"2014-08-23T07:59:21","modified_gmt":"2014-08-22T23:59:21","slug":"jacinto-macaw","status":"publish","type":"page","link":"https:\/\/www.big-animals.com\/es\/jacinto-macaw\/","title":{"rendered":"Guacamayo azul"},"content":{"rendered":"<figure id=\"attachment_1251\" aria-describedby=\"caption-attachment-1251\" style=\"width: 300px\" class=\"wp-caption alignright\"><img loading=\"lazy\" decoding=\"async\" class=\"size-medium wp-image-1251\" title=\"El guacamayo azul - fotograf\u00eda por el usuario BluesyPete de Wikimedia\" src=\"http:\/\/www.big-animals.com\/wp-content\/uploads\/2011\/06\/Hyacinth_Macaw-300x237.jpg\" alt=\"El guacamayo azul - fotograf\u00eda por el usuario BluesyPete de Wikimedia\" width=\"300\" height=\"237\" \/><figcaption id=\"caption-attachment-1251\" class=\"wp-caption-text\">El guacamayo azul &#8211; fotograf\u00eda por el usuario BluesyPete de Wikimedia<\/figcaption><\/figure>\n<p><span id=\"gts_text_2\" class=\"gts_text\">El guacamayo azul se encuentra en el centro y este de Suram\u00e9rica.<\/span> <span id=\"gts_text_3\" class=\"gts_text\">Ama los pantanos de palmeras y los arbolados.<\/span> <span id=\"gts_text_4\" class=\"gts_text\">No le gusta el bosque h\u00famedo.<\/span> <span id=\"gts_text_5\" class=\"gts_text\">Es un loro muy sociable e inteligente.<\/span> <span id=\"gts_text_6\" class=\"gts_text\">Por eso es un sue\u00f1o de todos los amantes de los p\u00e1jaros el tener un guacamayo azul.<\/span> <span id=\"gts_text_7\" class=\"gts_text\">Desafortunadamente, porque hay tanta demanda, su poblaci\u00f3n se ve amenazada seriamente.<\/span><\/p>\n<p><span id=\"gts_text_8\" class=\"gts_text\">Es el guacamayo m\u00e1s grande y la especie m\u00e1s grande de loro volador del mundo.<\/span> <span id=\"gts_text_9\" class=\"gts_text\">En t\u00e9rminos de longitud, es m\u00e1s grande que cualquier otra especie de loro.<\/span> <span id=\"gts_text_10\" class=\"gts_text\">Su poblaci\u00f3n est\u00e1 disminuyendo debido al comercio del mascotas y la p\u00e9rdida de h\u00e1bitat.<\/span><\/p>\n<p><span id=\"gts_text_11\" class=\"gts_text\">El guacamayo azul mide 100cm (40 pulgadas) de largo de la punta de la cola a la parte superior de la cabeza.<\/span> <span id=\"gts_text_12\" class=\"gts_text\">Pesa cerca de 1,2 a 1,7 kilogramos (2,6 &#8211; 3.7lb).<\/span> <span id=\"gts_text_13\" class=\"gts_text\">Sus plumas son de color azul claro en la parte superior y m\u00e1s oscuras en sus alas, y tiene un pico curvado negro y grande.<\/span> <span id=\"gts_text_14\" class=\"gts_text\">Tiene la piel amarilla brillante en la base de la parte inferior del pico y piel amarilla alrededor de sus ojos.<\/span> <span id=\"gts_text_15\" class=\"gts_text\">Machos y hembras son id\u00e9nticos.<\/span><\/p>\n<figure id=\"attachment_1252\" aria-describedby=\"caption-attachment-1252\" style=\"width: 223px\" class=\"wp-caption alignleft\"><img loading=\"lazy\" decoding=\"async\" class=\"size-medium wp-image-1252\" title=\"el Macaw del jacinto es el loro m\u00e1s largo del mundo\" src=\"http:\/\/www.big-animals.com\/wp-content\/uploads\/2011\/06\/Hyacinth_Macaw_and_Human-223x300.png\" alt=\"El Macaw del jacinto es el loro m\u00e1s largo del mundo\" width=\"223\" height=\"300\" \/><figcaption id=\"caption-attachment-1252\" class=\"wp-caption-text\">El guacamayo azul es el loro m\u00e1s largo del mundo<\/figcaption><\/figure>\n<p><span id=\"gts_text_17\" class=\"gts_text\">Tiene un pico muy fuerte para comer.<\/span> <span id=\"gts_text_18\" class=\"gts_text\">\u00a1Este pico puede incluso romper las barras soldadas de hierro forjado de una jaula de p\u00e1jaros!<\/span> <span id=\"gts_text_19\" class=\"gts_text\">Se alimenta del n\u00facleo de nueces duras y de semillas.<\/span> <span id=\"gts_text_20\" class=\"gts_text\">Su pico fuerte puede agrietar los cocos, las vainas grandes de casta\u00f1as y las nueces de macadamia.<\/span> <span id=\"gts_text_21\" class=\"gts_text\">Adem\u00e1s, tambi\u00e9n comen frutas y otras verduras.<\/span> L<span id=\"gts_text_22\" class=\"gts_text\">e encanta comer pi\u00f1ones.<\/span><\/p>\n<p><span id=\"gts_text_23\" class=\"gts_text\">Construye su nido en agujeros en los \u00e1rboles.<\/span> <span id=\"gts_text_24\" class=\"gts_text\">La madre pone uno o dos huevos.<\/span> <span id=\"gts_text_25\" class=\"gts_text\">Los guacamayos azules j\u00f3venes permanecen con mam\u00e1 y pap\u00e1 hasta que tienen 3 meses.<\/span> <span id=\"gts_text_26\" class=\"gts_text\">Tiene una tasa reproductiva muy baja.<\/span> <span id=\"gts_text_27\" class=\"gts_text\">No cr\u00eda cada a\u00f1o <span id=\"gts_text_27\" class=\"gts_text\">necesariamente<\/span>.<\/span> L<span id=\"gts_text_28\" class=\"gts_text\">os c\u00f3rvidos, las zarig\u00fcellas, los coat\u00edes y los tucanes se comen los huevos.<\/span> <span id=\"gts_text_29\" class=\"gts_text\">Afortunadamente, los adultos no tienen ning\u00fan depredador a excepci\u00f3n de la gente.<\/span> <span id=\"gts_text_30\" class=\"gts_text\">El guacamayo azul\u00a0 es una especie de loro en peligro.<\/span> <span id=\"gts_text_31\" class=\"gts_text\">El Proyecto del Guacamayo Azul se ha puesto en marcha para proteger estos loros incre\u00edblemente hermosos de la extinci\u00f3n.<\/span><\/p>\n<p><span id=\"gts_text_32\" class=\"gts_text\">\u00a0<\/span><\/p>\n","protected":false},"excerpt":{"rendered":"<p>El guacamayo azul se encuentra en el centro y este de Suram\u00e9rica. Ama los pantanos de palmeras y los arbolados. No le gusta el bosque h\u00famedo. Es un loro muy sociable e inteligente. Por eso es un sue\u00f1o de todos los amantes de los p\u00e1jaros el tener un guacamayo azul. Desafortunadamente, porque hay tanta demanda, &hellip; <a href=\"https:\/\/www.big-animals.com\/es\/jacinto-macaw\/\" class=\"more-link\">Continue reading <span class=\"screen-reader-text\">Guacamayo azul<\/span><\/a><\/p>\n","protected":false},"author":1,"featured_media":0,"parent":0,"menu_order":0,"comment_status":"closed","ping_status":"open","template":"","meta":{"_acf_changed":false,"footnotes":""},"acf":[],"_links":{"self":[{"href":"https:\/\/www.big-animals.com\/es\/wp-json\/wp\/v2\/pages\/333"}],"collection":[{"href":"https:\/\/www.big-animals.com\/es\/wp-json\/wp\/v2\/pages"}],"about":[{"href":"https:\/\/www.big-animals.com\/es\/wp-json\/wp\/v2\/types\/page"}],"author":[{"embeddable":true,"href":"https:\/\/www.big-animals.com\/es\/wp-json\/wp\/v2\/users\/1"}],"replies":[{"embeddable":true,"href":"https:\/\/www.big-animals.com\/es\/wp-json\/wp\/v2\/comments?post=333"}],"version-history":[{"count":2,"href":"https:\/\/www.big-animals.com\/es\/wp-json\/wp\/v2\/pages\/333\/revisions"}],"predecessor-version":[{"id":996,"href":"https:\/\/www.big-animals.com\/es\/wp-json\/wp\/v2\/pages\/333\/revisions\/996"}],"wp:attachment":[{"href":"https:\/\/www.big-animals.com\/es\/wp-json\/wp\/v2\/media?parent=333"}],"curies":[{"name":"wp","href":"https:\/\/api.w.org\/{rel}","templated":true}]}}