{"id":334,"date":"2011-06-05T22:43:38","date_gmt":"2011-06-05T22:43:38","guid":{"rendered":""},"modified":"2014-10-06T07:06:47","modified_gmt":"2014-10-05T23:06:47","slug":"flamencos","status":"publish","type":"page","link":"https:\/\/www.big-animals.com\/es\/flamencos\/","title":{"rendered":"Flamencos"},"content":{"rendered":"<p><span id=\"gts_text_1\" class=\"gts_text\">Los flamencos son una clase de <a title=\"\u00a1Las aves m\u00e1s grandes del mundo!\" href=\"http:\/\/www.big-animals.com\/es\/mundo-grandes-aves\/\">ave<\/a> que vive cerca de lagos, manglares y marismas.<\/span> <span id=\"gts_text_2\" class=\"gts_text\">Se pueden encontrar en regiones tropicales y subtropicales.<\/span> <span id=\"gts_text_3\" class=\"gts_text\">Hay cuatro especies de flamenco en Am\u00e9rica y dos en \u00c1frica, Asia y Europa.<\/span><\/p>\n<p><span id=\"gts_text_4\" class=\"gts_text\">El flamenco com\u00fan habita en partes de \u00c1frica, Europa y Asia.<\/span> <span id=\"gts_text_5\" class=\"gts_text\">El flamenco enano vive en \u00c1frica y al noroeste de India.<\/span> <span id=\"gts_text_6\" class=\"gts_text\">El flamenco chileno se encuentra en la Suram\u00e9rica meridional.<\/span> <span id=\"gts_text_7\" class=\"gts_text\">El flamenco de James y el andino habita en las altas monta\u00f1as de los Andes en Per\u00fa, Chile, Bolivia y Argentina.<\/span> P<span id=\"gts_text_8\" class=\"gts_text\">or \u00faltimo, el flamenco americano\u00a0se encuentra en el Caribe y en las islas Gal\u00e1pagos.<\/span><\/p>\n<p><span id=\"gts_text_9\" class=\"gts_text\">Los flamencos tienen patas largas y pies palmeados, un pico curvado y un largo cuello tambi\u00e9n curvado.<\/span> <span id=\"gts_text_10\" class=\"gts_text\">Las patas son m\u00e1s largas que el cuerpo: miden entre 80 y 125 cm (31 y 49 pulgadas), dependiendo de la especie.<\/span> <span id=\"gts_text_11\" class=\"gts_text\">Los pies palmeados les ayudan a nadar y a remover la comida en el fondo del fango.<\/span> <span id=\"gts_text_12\" class=\"gts_text\">Respiran con los pulmones y c<\/span><span id=\"gts_text_13\" class=\"gts_text\">ontienen su respiraci\u00f3n mientras se alimentan bajo el agua.<\/span><\/p>\n<p><span id=\"gts_text_14\" class=\"gts_text\">Los flamencos a menudo est\u00e1n de pie sobre <\/span><span id=\"gts_text_14\" class=\"gts_text\"> una <\/span><span id=\"gts_text_14\" class=\"gts_text\">sola pata y acurrucan\u00a0la otra debajo de su cuerpo para mantenerla caliente.<\/span> <span id=\"gts_text_15\" class=\"gts_text\">Esto tambi\u00e9n les ayuda a conservar el calor del cuerpo, puesto que pasan mucho tiempo merodeando en agua fr\u00eda.<\/span><\/p>\n<p><span id=\"gts_text_16\" class=\"gts_text\">El flamenco m\u00e1s alto es el <a title=\"Flamenco com\u00fan\" href=\"http:\/\/www.big-animals.com\/es\/flamenco-comun\/\">flamenco com\u00fan<\/a>.<\/span> <span id=\"gts_text_17\" class=\"gts_text\">Miden entre 110 y 130 cm (43 y 51 pulgadas) de altura.<\/span> <span id=\"gts_text_18\" class=\"gts_text\">Pesan hasta 3,5 kg (7 libras).<\/span> <span id=\"gts_text_19\" class=\"gts_text\">Los flamencos enanos son los m\u00e1s peque\u00f1os.<\/span> <span id=\"gts_text_20\" class=\"gts_text\">Miden solamente 80 cm (31 pulgadas) de altura y pesan apenas unos 2,5 kg (5 libras).<\/span> <span id=\"gts_text_21\" class=\"gts_text\">La envergadura de los flamencos enanos es de 95 a 100 cm (37 a 39 pulgadas) y l<\/span><span id=\"gts_text_22\" class=\"gts_text\">a de los flamencos comunes es de unos 140 a 165 cm (55 a 64 pulgadas) de punta a punta. \u00a0\u00a1Qu\u00e9 gran diferencia entre dos flamencos!<\/span>\u00a0<span id=\"gts_text_23\" class=\"gts_text\">Los machos son un poco m\u00e1s altos y pesados que las hembras.<\/span><\/p>\n<figure id=\"attachment_1258\" aria-describedby=\"caption-attachment-1258\" style=\"width: 300px\" class=\"wp-caption alignleft\"><img loading=\"lazy\" decoding=\"async\" class=\"size-medium wp-image-1258\" title=\"Flamencos y un polluelo\" src=\"http:\/\/www.big-animals.com\/wp-content\/uploads\/2011\/06\/Flamingoes_And_Chick-300x181.jpg\" alt=\"Flamencos y un polluelo\" width=\"300\" height=\"181\" \/><figcaption id=\"caption-attachment-1258\" class=\"wp-caption-text\">Flamencos y un polluelo<\/figcaption><\/figure>\n<p><span id=\"gts_text_25\" class=\"gts_text\">Los ojos est\u00e1n situados a\u00a0ambos lados de la cabeza.\u00a0<\/span><span id=\"gts_text_26\" class=\"gts_text\">Los polluelos del<\/span> <span id=\"gts_text_25\" class=\"gts_text\">flamenco<\/span> <span id=\"gts_text_26\" class=\"gts_text\">tienen ojos grises durante su primer a\u00f1o de vida, pero de adultos los tienen amarillos.\u00a0<\/span><span id=\"gts_text_27\" class=\"gts_text\">El pico curvado de un flamenco adulto es negro, rosado o de color crema, dependiendo de la especie.<\/span> <span id=\"gts_text_28\" class=\"gts_text\">Un polluelo reci\u00e9n nacido tiene\u00a0un pico <\/span><span id=\"gts_text_28\" class=\"gts_text\">recto de color <\/span><span id=\"gts_text_28\" class=\"gts_text\">rojo en vez de uno curvado.<\/span><\/p>\n<p><span id=\"gts_text_29\" class=\"gts_text\">Comen crust\u00e1ceos, algas y peces peque\u00f1os.<\/span> <span id=\"gts_text_30\" class=\"gts_text\">El pico es especialmente \u00fatil\u00a0para separar el lodo de los alimentos que comen.<\/span>\u00a0El pico est\u00e1<span id=\"gts_text_31\" class=\"gts_text\">\u00a0del rev\u00e9s cuando est\u00e1n cazando comida.<\/span> <span id=\"gts_text_32\" class=\"gts_text\">Dentro del pico hay un tipo de\u00a0estructuras peludas\u00a0a lo largo del maxilar inferior y de su gran lengua \u00e1spera.<\/span> L<span id=\"gts_text_33\" class=\"gts_text\">e ayudan a filtrar su comida del lodo y del agua.<\/span> <span id=\"gts_text_34\" class=\"gts_text\">Beben agua dulce.<\/span><\/p>\n<p><span id=\"gts_text_35\" class=\"gts_text\">Las cr\u00edas tienen capas de plumas grises, pero los colores de las plumas de los adultos var\u00edan del rosa claro al rojo fuerte.<\/span> <span id=\"gts_text_36\" class=\"gts_text\">Un flamenco sano tiene colores brillantes, mientras que un flamenco blanco o p\u00e1lido por lo general est\u00e1 enfermo o desnutrido.<\/span> <span id=\"gts_text_37\" class=\"gts_text\">T<\/span><span id=\"gts_text_37\" class=\"gts_text\">ambi\u00e9n t<\/span><span id=\"gts_text_37\" class=\"gts_text\">ienen algunas plumas negras en las alas.<\/span><\/p>\n<p><span id=\"gts_text_38\" class=\"gts_text\">Los flamencos viven en grupos llamados colonias.<\/span> <span id=\"gts_text_39\" class=\"gts_text\">Cada colonia puede tener hasta decenas de miles de flamencos.<\/span> <span id=\"gts_text_40\" class=\"gts_text\">Viven en colonias por\u00a0seguridad, para coger m\u00e1s comida y para ocupar completamente los pocos sitios\u00a0que sirven para anidar.<\/span> <span id=\"gts_text_41\" class=\"gts_text\">Los padres defienden sus nidos.<\/span> <span id=\"gts_text_42\" class=\"gts_text\">Encuentran un punto conveniente en las marismas para construirlos.<\/span> Por lo general, la ubicaci\u00f3n<span id=\"gts_text_43\" class=\"gts_text\">\u00a0es escogida por la madre.<\/span> <span id=\"gts_text_44\" class=\"gts_text\">Hay momentos en los que otras parejas\u00a0de flamencos intentan robar el sitio del nido.<\/span> <span id=\"gts_text_45\" class=\"gts_text\">Sin embargo, los flamencos protegen sus nidos y a sus cr\u00edas.<\/span><\/p>\n<p><span id=\"gts_text_46\" class=\"gts_text\">Los flamencos suelen poner solamente un huevo, cuyo tama\u00f1o se asemeja al de una<\/span><span id=\"gts_text_47\" class=\"gts_text\"> gallina.<\/span> <span id=\"gts_text_48\" class=\"gts_text\">El huevo es alargado\u00a0y de<\/span><span id=\"gts_text_49\" class=\"gts_text\">\u00a0un color blanquecino.<\/span> <span id=\"gts_text_50\" class=\"gts_text\">Los padres se turnan para\u00a0sentarse en el huevo y\u00a0mantenerlo caliente.<\/span> <span id=\"gts_text_51\" class=\"gts_text\">Los huevos eclosionan\u00a0despu\u00e9s de 26-31 d\u00edas.<\/span> <span id=\"gts_text_52\" class=\"gts_text\">Los polluelos reci\u00e9n nacidos\u00a0tienen plumas grises o blancas.<\/span> <span id=\"gts_text_53\" class=\"gts_text\">Los padres pueden identificar a su propio polluelo por la vista y el sonido.<\/span> <span id=\"gts_text_54\" class=\"gts_text\">Los flamencos son p\u00e1jaros ruidosos.<\/span><\/p>\n<p><span id=\"gts_text_55\" class=\"gts_text\">La madre y el padre amamantan\u00a0a su polluelo.<\/span> <span id=\"gts_text_56\" class=\"gts_text\">Los dos le alimentan\u00a0con la leche de su buche con la boca.<\/span>\u00a0D<span id=\"gts_text_57\" class=\"gts_text\">espu\u00e9s de a<\/span><span id=\"gts_text_57\" class=\"gts_text\">proximadamente 7 a 21 d\u00edas del nacimiento, el polluelo comienza a salir del nido, pero todav\u00eda vuelve para que los padres le den de comer.<\/span> <span id=\"gts_text_58\" class=\"gts_text\">Despu\u00e9s de dos semanas, los polluelos se unen a un grupo llamado &#8220;guarder\u00eda&#8221; y comienzan a buscar la comida ellos solos.<\/span> <span id=\"gts_text_59\" class=\"gts_text\">Esta &#8220;guarder\u00eda&#8221; es un grupo de millares de polluelos y<\/span><span id=\"gts_text_60\" class=\"gts_text\">\u00a0estar juntos les protege de sus depredadores.<\/span> <span id=\"gts_text_61\" class=\"gts_text\">Cuando el polluelo alcanza dos o tres a\u00f1os de edad, pierde sus plumas grises y le <\/span><span id=\"gts_text_61\" class=\"gts_text\">crecen <\/span><span id=\"gts_text_61\" class=\"gts_text\">nuevas plumas hermosas rosadas o rojas brillantes iguales a las de sus padres.<\/span><\/p>\n<p><span id=\"gts_text_62\" class=\"gts_text\">Los huevos de los flamencos y los polluelos son presas de\u00a0\u00e1guilas, buitres, leones, leopardos, guepardos, zorros y chacales.<\/span> <span id=\"gts_text_63\" class=\"gts_text\">Aparte de estos, los seres humanos tambi\u00e9n han destruido su h\u00e1bitat con\u00a0la construcci\u00f3n de carreteras\u00a0y con\u00a0la irrigaci\u00f3n y la miner\u00eda.<\/span> <span id=\"gts_text_64\" class=\"gts_text\">Tambi\u00e9n se los caza\u00a0por sus huevos.<\/span> <span id=\"gts_text_65\" class=\"gts_text\">Afortunadamente, no est\u00e1n en peligro de extinci\u00f3n.<\/span><\/p>\n<p><span id=\"gts_text_66\" class=\"gts_text\">\u00a0<\/span><\/p>\n","protected":false},"excerpt":{"rendered":"<p>Los flamencos son una clase de ave que vive cerca de lagos, manglares y marismas. Se pueden encontrar en regiones tropicales y subtropicales. Hay cuatro especies de flamenco en Am\u00e9rica y dos en \u00c1frica, Asia y Europa. El flamenco com\u00fan habita en partes de \u00c1frica, Europa y Asia. El flamenco enano vive en \u00c1frica y &hellip; <a href=\"https:\/\/www.big-animals.com\/es\/flamencos\/\" class=\"more-link\">Continue reading <span class=\"screen-reader-text\">Flamencos<\/span><\/a><\/p>\n","protected":false},"author":1,"featured_media":0,"parent":0,"menu_order":0,"comment_status":"closed","ping_status":"open","template":"","meta":{"_acf_changed":false,"footnotes":""},"acf":[],"_links":{"self":[{"href":"https:\/\/www.big-animals.com\/es\/wp-json\/wp\/v2\/pages\/334"}],"collection":[{"href":"https:\/\/www.big-animals.com\/es\/wp-json\/wp\/v2\/pages"}],"about":[{"href":"https:\/\/www.big-animals.com\/es\/wp-json\/wp\/v2\/types\/page"}],"author":[{"embeddable":true,"href":"https:\/\/www.big-animals.com\/es\/wp-json\/wp\/v2\/users\/1"}],"replies":[{"embeddable":true,"href":"https:\/\/www.big-animals.com\/es\/wp-json\/wp\/v2\/comments?post=334"}],"version-history":[{"count":5,"href":"https:\/\/www.big-animals.com\/es\/wp-json\/wp\/v2\/pages\/334\/revisions"}],"predecessor-version":[{"id":1056,"href":"https:\/\/www.big-animals.com\/es\/wp-json\/wp\/v2\/pages\/334\/revisions\/1056"}],"wp:attachment":[{"href":"https:\/\/www.big-animals.com\/es\/wp-json\/wp\/v2\/media?parent=334"}],"curies":[{"name":"wp","href":"https:\/\/api.w.org\/{rel}","templated":true}]}}