{"id":335,"date":"2011-06-06T01:57:15","date_gmt":"2011-06-06T01:57:15","guid":{"rendered":""},"modified":"2014-10-04T20:10:51","modified_gmt":"2014-10-04T12:10:51","slug":"flamenco-comun","status":"publish","type":"page","link":"https:\/\/www.big-animals.com\/es\/flamenco-comun\/","title":{"rendered":"Flamenco com\u00fan"},"content":{"rendered":"<figure id=\"attachment_1261\" aria-describedby=\"caption-attachment-1261\" style=\"width: 300px\" class=\"wp-caption alignleft\"><a href=\"http:\/\/www.big-animals.com\/wp-content\/uploads\/2011\/06\/GreaterFlamingoesUpClose.jpg\"><img loading=\"lazy\" decoding=\"async\" class=\"size-medium wp-image-1261 gts_attribute gts_attribute_1_alt gts_attribute_4_title\" title=\"El mayor flamenco\" src=\"http:\/\/www.big-animals.com\/wp-content\/uploads\/2011\/06\/GreaterFlamingoesUpClose-300x220.jpg\" alt=\"El mayor flamenco\" width=\"300\" height=\"220\" \/><\/a><figcaption id=\"caption-attachment-1261\" class=\"wp-caption-text\">El flamenco com\u00fan<\/figcaption><\/figure>\n<p><span id=\"gts_text_1\" class=\"gts_text\">El flamenco com\u00fan es el <a class=\" gts_attribute gts_attribute_5_title\" title=\"Flamencos\" href=\"http:\/\/www.big-animals.com\/es\/flamencos\/\">flamenco<\/a> m\u00e1s grande del mundo.<\/span> <span id=\"gts_text_2\" class=\"gts_text\">Es tambi\u00e9n la especie m\u00e1s extensa de la familia del flamenco.<\/span> P<span id=\"gts_text_3\" class=\"gts_text\">uedes encontrarlos en h\u00e1bitats de agua dulce y de agua salada en Am\u00e9rica Central y del Sur, Caribe, Europa Occidental y del Sur, Asia meridional y en algunas partes de \u00c1frica.<\/span> <span id=\"gts_text_4\" class=\"gts_text\">Viven en lagos, estuarios y lagunas.<\/span> <span id=\"gts_text_5\" class=\"gts_text\">Los flamencos que viven fuera de las zonas tropicales emigran a menudo a lugares m\u00e1s calientes durante el invierno.<\/span> <span id=\"gts_text_6\" class=\"gts_text\">Prefieren un clima m\u00e1s caluroso.<\/span> Como el resto de flamencos,<span id=\"gts_text_7\" class=\"gts_text\">\u00a0vive en colonias de millares de flamencos, excepto en las Islas Gal\u00e1pagos, donde hay solamente algunas docenas.<\/span> <span id=\"gts_text_8\" class=\"gts_text\">La vida en colonias las protege de sus depredadores.<\/span><\/p>\n<figure id=\"attachment_1262\" aria-describedby=\"caption-attachment-1262\" style=\"width: 213px\" class=\"wp-caption alignright\"><a href=\"http:\/\/www.big-animals.com\/wp-content\/uploads\/2011\/06\/GreaterFlamingo.jpg\"><img loading=\"lazy\" decoding=\"async\" class=\"size-medium wp-image-1262 gts_attribute gts_attribute_2_alt gts_attribute_6_title\" title=\"Mostrar apagado sus plumas del ala\" src=\"http:\/\/www.big-animals.com\/wp-content\/uploads\/2011\/06\/GreaterFlamingo-213x300.jpg\" alt=\"Mostrar apagado sus plumas del ala\" width=\"213\" height=\"300\" \/><\/a><figcaption id=\"caption-attachment-1262\" class=\"wp-caption-text\">Mostrando las plumas de sus alas<\/figcaption><\/figure>\n<p><span id=\"gts_text_9\" class=\"gts_text\">Tienen de media cerca de 110-150 cm (43-59 pulgadas) de alto y pesan alrededor de 2-4 kg (4-8 libras).<\/span> <span id=\"gts_text_10\" class=\"gts_text\">Tienen una envergadura de 1,4-1,7 m (4,4-5,5 pies)<\/span><span id=\"gts_text_11\" class=\"gts_text\">.<\/span> <span id=\"gts_text_12\" class=\"gts_text\">El flamenco macho\u00a0m\u00e1s grande pesaba 4,5 kg y med\u00eda\u00a0187 cm (73 pulgadas) de altura.<\/span><\/p>\n<p><span id=\"gts_text_13\" class=\"gts_text\">Son de color blanco ros\u00e1ceo, pero sus polluelos nacen grises.<\/span> Sus patas son <span id=\"gts_text_14\" class=\"gts_text\">largas, delgadas y rosadas.<\/span> <span id=\"gts_text_15\" class=\"gts_text\">Tienen peque\u00f1as patas palmeadas que les ayudan a nadar y a remover la comida del fondo del barro.<\/span> <span id=\"gts_text_16\" class=\"gts_text\">Cuentan con un cuello largo, esbelto\u00a0y curvado de color rosado con la punta negra.<\/span> <span id=\"gts_text_17\" class=\"gts_text\">Sus alas son rojas con algunas plumas negras.<\/span> <span id=\"gts_text_18\" class=\"gts_text\">Tienen un graznido\u00a0ruidoso y profundo, parecido al de un ganso.<\/span><\/p>\n<p><span id=\"gts_text_19\" class=\"gts_text\">Se alimentan de insectos, gusanos, peque\u00f1as gambas, semillas, algas azules\u00a0y moluscos.<\/span> Lo hacen<span id=\"gts_text_20\" class=\"gts_text\">\u00a0normalmente de d\u00eda.<\/span> Colocan su pico boca abajo\u00a0en el agua poco profunda y cogen su comida. Su pico especial puede filtrar la comida del fango y<span id=\"gts_text_21\" class=\"gts_text\"> del agua.<\/span> Al contar con tantas<span id=\"gts_text_23\" class=\"gts_text\">\u00a0gambas y beta-caroteno en su dieta ayuda a que los flamencos sean preciosos y de color rosa.<\/span><\/p>\n<figure id=\"attachment_1263\" aria-describedby=\"caption-attachment-1263\" style=\"width: 216px\" class=\"wp-caption alignleft\"><a href=\"http:\/\/www.big-animals.com\/wp-content\/uploads\/2011\/06\/GreaterFlamingoAndHuman.png\"><img loading=\"lazy\" decoding=\"async\" class=\"size-medium wp-image-1263 gts_attribute gts_attribute_3_alt gts_attribute_7_title\" title=\"Un mayor flamenco t\u00edpico y un ser humano\" src=\"http:\/\/www.big-animals.com\/wp-content\/uploads\/2011\/06\/GreaterFlamingoAndHuman-216x300.png\" alt=\"Un mayor flamenco t\u00edpico y un ser humano\" width=\"216\" height=\"300\" \/><\/a><figcaption id=\"caption-attachment-1263\" class=\"wp-caption-text\">Flamenco com\u00fan y ser humano<\/figcaption><\/figure>\n<p><span id=\"gts_text_24\" class=\"gts_text\">Los flamencos se cr\u00edan en colonias.<\/span> <span id=\"gts_text_25\" class=\"gts_text\">Ponen un huevo blanquecino en un mont\u00edculo de lodo\u00a0en agua poco profunda.<\/span> <span id=\"gts_text_26\" class=\"gts_text\">Tanto la madre como el padre se turnan para mantener el huevo caliente.<\/span> <span id=\"gts_text_27\" class=\"gts_text\">Lleva cerca de 26 a 31 d\u00edas que\u00a0el huevo eclosione.<\/span> <span id=\"gts_text_28\" class=\"gts_text\">Protegen sus nidos durante el per\u00edodo de apareamiento.<\/span> <span id=\"gts_text_29\" class=\"gts_text\">El polluelo se alimenta con leche de buche que viene del tracto\u00a0digestivo superior de los padres.<\/span> Ambos padres producen l<span id=\"gts_text_30\" class=\"gts_text\">eche de buche.<\/span> <span id=\"gts_text_31\" class=\"gts_text\">Cuando el polluelo es lo suficientemente mayor para caminar se le env\u00eda\u00a0a un gran grupo de polluelos, llamado &#8220;guarder\u00eda&#8221;, que es\u00a0supervisado por algunos flamencos adultos.<\/span> <span id=\"gts_text_32\" class=\"gts_text\">El polluelo muda sus plumas grises y consigue las rosadas y rojas como sus padres cuando tenga entre 2 y 3 a\u00f1os.<\/span><\/p>\n<p><span id=\"gts_text_33\" class=\"gts_text\">El huevo del flamenco com\u00fan es deseado sobre todo por los seres humanos y otros p\u00e1jaros, como\u00a0el marab\u00fa, <\/span><span id=\"gts_text_34\" class=\"gts_text\">una gran ave zancuda.<\/span> <span id=\"gts_text_35\" class=\"gts_text\">Pueden vivir hasta 50 a\u00f1os en cautividad\u00a0y una media de 20 a\u00f1os en libertad.<\/span><\/p>\n<p><span id=\"gts_text_36\" class=\"gts_text\">\u00a0<\/span><\/p>\n","protected":false},"excerpt":{"rendered":"<p>El flamenco com\u00fan es el flamenco m\u00e1s grande del mundo. Es tambi\u00e9n la especie m\u00e1s extensa de la familia del flamenco. Puedes encontrarlos en h\u00e1bitats de agua dulce y de agua salada en Am\u00e9rica Central y del Sur, Caribe, Europa Occidental y del Sur, Asia meridional y en algunas partes de \u00c1frica. Viven en lagos, &hellip; <a href=\"https:\/\/www.big-animals.com\/es\/flamenco-comun\/\" class=\"more-link\">Continue reading <span class=\"screen-reader-text\">Flamenco com\u00fan<\/span><\/a><\/p>\n","protected":false},"author":1,"featured_media":0,"parent":0,"menu_order":0,"comment_status":"closed","ping_status":"open","template":"","meta":{"_acf_changed":false,"footnotes":""},"acf":[],"_links":{"self":[{"href":"https:\/\/www.big-animals.com\/es\/wp-json\/wp\/v2\/pages\/335"}],"collection":[{"href":"https:\/\/www.big-animals.com\/es\/wp-json\/wp\/v2\/pages"}],"about":[{"href":"https:\/\/www.big-animals.com\/es\/wp-json\/wp\/v2\/types\/page"}],"author":[{"embeddable":true,"href":"https:\/\/www.big-animals.com\/es\/wp-json\/wp\/v2\/users\/1"}],"replies":[{"embeddable":true,"href":"https:\/\/www.big-animals.com\/es\/wp-json\/wp\/v2\/comments?post=335"}],"version-history":[{"count":7,"href":"https:\/\/www.big-animals.com\/es\/wp-json\/wp\/v2\/pages\/335\/revisions"}],"predecessor-version":[{"id":1054,"href":"https:\/\/www.big-animals.com\/es\/wp-json\/wp\/v2\/pages\/335\/revisions\/1054"}],"wp:attachment":[{"href":"https:\/\/www.big-animals.com\/es\/wp-json\/wp\/v2\/media?parent=335"}],"curies":[{"name":"wp","href":"https:\/\/api.w.org\/{rel}","templated":true}]}}