{"id":336,"date":"2011-06-06T02:10:51","date_gmt":"2011-06-06T02:10:51","guid":{"rendered":""},"modified":"2014-03-30T04:50:49","modified_gmt":"2014-03-29T20:50:49","slug":"aves-acuaticas","status":"publish","type":"page","link":"https:\/\/www.big-animals.com\/es\/aves-acuaticas\/","title":{"rendered":"Aves acu\u00e1ticas"},"content":{"rendered":"<figure id=\"attachment_1268\" aria-describedby=\"caption-attachment-1268\" style=\"width: 127px\" class=\"wp-caption alignleft\"><a href=\"http:\/\/www.big-animals.com\/wp-content\/uploads\/2011\/06\/Whistling_Duck.jpg\"><img loading=\"lazy\" decoding=\"async\" class=\"size-medium wp-image-1268 gts_attribute gts_attribute_1_alt gts_attribute_2_title\" title=\"El pato que silba es las aves acu\u00e1ticas t\u00edpicas\" alt=\"El pato que silba es las aves acu\u00e1ticas t\u00edpicas\" src=\"http:\/\/www.big-animals.com\/wp-content\/uploads\/2011\/06\/Whistling_Duck-127x300.jpg\" width=\"127\" height=\"300\" \/><\/a><figcaption id=\"caption-attachment-1268\" class=\"wp-caption-text\">El Dendrocygninae es una t\u00edpica ave acu\u00e1tica.<\/figcaption><\/figure>\n<h1 id=\"firstHeading\"><\/h1>\n<p><span class=\"gts_text\" id=\"gts_text_1\">El grupo de aves\u00a0denominadas aves acu\u00e1ticas\u00a0incluye patos, gansos y cisnes.<\/span> Son excelentes nadadores y poseen cuerpos de tama\u00f1os medianos a grandes. Constituyen una fuente de alimento para los seres humanos por su carne y sus huevos. Tambi\u00e9n son aves de caza. A veces se los adopta como animales dom\u00e9sticos, especialmente a los patos y gansos.<span class=\"gts_text\" id=\"gts_text_2\"><br \/>\n<\/span><\/p>\n<p>Dentro de las aves acu\u00e1ticas m\u00e1s grandes se encuentra el <a title=\"Cisne trompetero\" href=\"http:\/\/www.big-animals.com\/es\/trompetero-cisne\/\">cisne trompetero<\/a> que mide cerca de 1,82 m de largo, tiene una envergadura de 3 m y pesa cerca de 17,3 kilogramos. \u00a1S\u00ed que es grande!<\/p>\n<p><span class=\"gts_text\" id=\"gts_text_7\">\u00a0<\/span><\/p>\n","protected":false},"excerpt":{"rendered":"<p>El grupo de aves\u00a0denominadas aves acu\u00e1ticas\u00a0incluye patos, gansos y cisnes. Son excelentes nadadores y poseen cuerpos de tama\u00f1os medianos a grandes. Constituyen una fuente de alimento para los seres humanos por su carne y sus huevos. Tambi\u00e9n son aves de caza. A veces se los adopta como animales dom\u00e9sticos, especialmente a los patos y gansos. &hellip; <a href=\"https:\/\/www.big-animals.com\/es\/aves-acuaticas\/\" class=\"more-link\">Continue reading <span class=\"screen-reader-text\">Aves acu\u00e1ticas<\/span><\/a><\/p>\n","protected":false},"author":1,"featured_media":0,"parent":0,"menu_order":0,"comment_status":"closed","ping_status":"open","template":"","meta":{"_acf_changed":false,"footnotes":""},"acf":[],"_links":{"self":[{"href":"https:\/\/www.big-animals.com\/es\/wp-json\/wp\/v2\/pages\/336"}],"collection":[{"href":"https:\/\/www.big-animals.com\/es\/wp-json\/wp\/v2\/pages"}],"about":[{"href":"https:\/\/www.big-animals.com\/es\/wp-json\/wp\/v2\/types\/page"}],"author":[{"embeddable":true,"href":"https:\/\/www.big-animals.com\/es\/wp-json\/wp\/v2\/users\/1"}],"replies":[{"embeddable":true,"href":"https:\/\/www.big-animals.com\/es\/wp-json\/wp\/v2\/comments?post=336"}],"version-history":[{"count":8,"href":"https:\/\/www.big-animals.com\/es\/wp-json\/wp\/v2\/pages\/336\/revisions"}],"predecessor-version":[{"id":928,"href":"https:\/\/www.big-animals.com\/es\/wp-json\/wp\/v2\/pages\/336\/revisions\/928"}],"wp:attachment":[{"href":"https:\/\/www.big-animals.com\/es\/wp-json\/wp\/v2\/media?parent=336"}],"curies":[{"name":"wp","href":"https:\/\/api.w.org\/{rel}","templated":true}]}}