{"id":338,"date":"2011-06-11T20:26:58","date_gmt":"2011-06-11T20:26:58","guid":{"rendered":""},"modified":"2014-03-30T05:11:12","modified_gmt":"2014-03-29T21:11:12","slug":"buho-real","status":"publish","type":"page","link":"https:\/\/www.big-animals.com\/es\/buho-real\/","title":{"rendered":"B\u00faho real"},"content":{"rendered":"<p>Seg\u00fan los expertos, el b\u00faho m\u00e1s grande del mundo es el b\u00faho real.\u00a0Algunas personas aseguran que el b\u00faho pescador de Blakiston es m\u00e1s grande, pero no se ha demostrado.\u00a0El b\u00faho real mide unos 138-200 cm de envergadura y 58-75 cm de longitud.\u00a0Las hembras pesan 1,75-4,5 kg y los machos, 1,5 -3,2 kg.<\/p>\n<p><span class=\"gts_text\" id=\"gts_text_1\">\u00a0<\/span><\/p>\n<figure id=\"attachment_1307\" aria-describedby=\"caption-attachment-1307\" style=\"width: 300px\" class=\"wp-caption alignleft\"><a href=\"http:\/\/www.big-animals.com\/wp-content\/uploads\/2011\/06\/EurasianEagleOwl.jpg\"><img loading=\"lazy\" decoding=\"async\" class=\"size-medium wp-image-1307 gts_attribute gts_attribute_1_alt gts_attribute_4_title\" title=\"El b\u00faho de Eagle eurasi\u00e1tico - fotograf\u00eda de Ad\u00e1n Kumiszcza\" alt=\"El b\u00faho de Eagle eurasi\u00e1tico - fotograf\u00eda de Ad\u00e1n Kumiszcza\" src=\"http:\/\/www.big-animals.com\/wp-content\/uploads\/2011\/06\/EurasianEagleOwl-300x200.jpg\" width=\"300\" height=\"200\" \/><\/a><figcaption id=\"caption-attachment-1307\" class=\"wp-caption-text\">El b\u00faho real &#8211; Fotograf\u00eda de Adam Kumiszcza<\/figcaption><\/figure>\n<p>El b\u00faho real es un b\u00faho de gran tama\u00f1o que tiene unos penachos grandes de plumas a modo de orejas y unos ojos de color naranja brillante.\u00a0Los penachos de los machos est\u00e1n m\u00e1s erguidos que los de las hembras.\u00a0El ment\u00f3n, la garganta y el pecho son blancos.\u00a0La frente del b\u00faho tiene un dibujo ondulado oscuro.\u00a0De hecho, el color del b\u00faho real depende en gran medida de la subespecie que sea.\u00a0Su pico es negro y muy llamativo.\u00a0Son aves muy poderosas.\u00a0Su vuelo puede ser tan potente como el de un halc\u00f3n.\u00a0Tienen plumas sobre los dedos largos y potentes de las garras, que son m\u00e1s grandes que las zarpas de los leopardos y son negras.\u00a0El b\u00faho real, como el resto de los b\u00fahos, tiene la capacidad de mover sus garras hacia delante y hacia atr\u00e1s mientras caza.<\/p>\n<p><span class=\"gts_text\" id=\"gts_text_6\">\u00a0<\/span><\/p>\n<p>Se alimenta de peque\u00f1os mam\u00edferos, como ratones de campo, ratas, ratones y conejos.\u00a0Sin embargo, puede llegar a matar a una presa del tama\u00f1o de un zorro o de un ciervo joven.\u00a0Tambi\u00e9n se alimenta de otros p\u00e1jaros, como p\u00e1jaros carpinteros, patos, aves marinas y gansos.<\/p>\n<p>El b\u00faho real macho emite un reclamo mon\u00f3tono y profundo: <em>&#8220;uuhu&#8221;<\/em>, mientras que el<em> <\/em>de la hembra es algo m\u00e1s agudo.\u00a0Cada b\u00faho real puede identificarse por su reclamo diferente.<\/p>\n<p><span class=\"gts_text\" id=\"gts_text_17\">\u00a0<\/span><\/p>\n<figure id=\"attachment_1308\" aria-describedby=\"caption-attachment-1308\" style=\"width: 211px\" class=\"wp-caption alignright\"><a href=\"http:\/\/www.big-animals.com\/wp-content\/uploads\/2011\/06\/EurasianEagleOwlAndHuman.png\"><img loading=\"lazy\" decoding=\"async\" class=\"size-medium wp-image-1308 gts_attribute gts_attribute_2_alt gts_attribute_5_title\" title=\"Los expertos dicen que el b\u00faho de Eagle del eurasi\u00e1tico es el b\u00faho m\u00e1s grande del mundo\" alt=\"Los expertos dicen que el b\u00faho de Eagle del eurasi\u00e1tico es el b\u00faho m\u00e1s grande del mundo\" src=\"http:\/\/www.big-animals.com\/wp-content\/uploads\/2011\/06\/EurasianEagleOwlAndHuman-211x300.png\" width=\"211\" height=\"300\" \/><\/a><figcaption id=\"caption-attachment-1308\" class=\"wp-caption-text\">Seg\u00fan expertos, el b\u00faho real es el b\u00faho m\u00e1s grande del mundo<\/figcaption><\/figure>\n<p>Son nocturnos.\u00a0Suelen anidar en los salientes de acantilados a finales del invierno.\u00a0Las hembras realizan una puesta al a\u00f1o de 1 a 4 huevos blancos.\u00a0Los huevos miden 56-73 mm de largo y 44-53 mm de ancho.\u00a0Pesan 75 &#8211; 80 g.\u00a0Cada 3 d\u00edas la hembra pone un huevo. La madre b\u00faho es la encargada de mantener los huevos calientes hasta que eclosionan.\u00a0El periodo de incubaci\u00f3n es de 31-36 d\u00edas.\u00a0Mientras la madre incuba, el padre sale a cazar comida para ella.\u00a0Tras nacer, los polluelos son alimentados durante 2 semanas.\u00a0La madre trae comida a los polluelos y los alimenta con peque\u00f1os pedazos de comida.\u00a0En 3 semanas, los polluelos comienzan a ser independientes.\u00a0Se alimentan y comienzan a tragar la comida entera.\u00a0En 5 semanas, comienzan a caminar alrededor del nido.\u00a0A los 52 d\u00edas, pueden volar unos pocos metros.\u00a0Pueden abandonar el nido a las 3-4 semanas, pero si este se encuentra a gran altura solo lo dejar\u00e1n cuando hayan pasado entre 5-7 semanas, ya que podr\u00edan caer y no ser capaces de volver a subir.<\/p>\n<p>Los p\u00e1jaros j\u00f3venes ya emplumados y bastante grandes para volar siguen siendo cuidados por los padres durante 20-24 semanas.\u00a0El b\u00faho real puede llegar a vivir hasta 20 a\u00f1os en su h\u00e1bitat natural. En cautividad puede vivir hasta 60 a\u00f1os.\u00a0Su \u00fanico depredador es el ser humano.<\/p>\n<p>Habita en toda Europa, Oriente Medio y tambi\u00e9n en el continente africano.\u00a0Son muy resistentes y pueden llegar a criar en el extremadamente \u00e1rido desierto del Sahara.\u00a0Sin embargo, prefieren anidar cerca de arboledas, valles de r\u00edos, barrancos y \u00e1reas rocosas.<\/p>\n<p>&nbsp;<\/p>\n<p><span class=\"gts_text\" id=\"gts_text_25\">\u00a0<\/span><\/p>\n<p><span class=\"gts_text\" id=\"gts_text_44\">\u00a0<\/span><\/p>\n<p><span class=\"gts_text\" id=\"gts_text_50\">\u00a0<\/span><\/p>\n","protected":false},"excerpt":{"rendered":"<p>Seg\u00fan los expertos, el b\u00faho m\u00e1s grande del mundo es el b\u00faho real.\u00a0Algunas personas aseguran que el b\u00faho pescador de Blakiston es m\u00e1s grande, pero no se ha demostrado.\u00a0El b\u00faho real mide unos 138-200 cm de envergadura y 58-75 cm de longitud.\u00a0Las hembras pesan 1,75-4,5 kg y los machos, 1,5 -3,2 kg. \u00a0 El b\u00faho &hellip; <a href=\"https:\/\/www.big-animals.com\/es\/buho-real\/\" class=\"more-link\">Continue reading <span class=\"screen-reader-text\">B\u00faho real<\/span><\/a><\/p>\n","protected":false},"author":1,"featured_media":0,"parent":0,"menu_order":0,"comment_status":"closed","ping_status":"open","template":"","meta":{"_acf_changed":false,"footnotes":""},"acf":[],"_links":{"self":[{"href":"https:\/\/www.big-animals.com\/es\/wp-json\/wp\/v2\/pages\/338"}],"collection":[{"href":"https:\/\/www.big-animals.com\/es\/wp-json\/wp\/v2\/pages"}],"about":[{"href":"https:\/\/www.big-animals.com\/es\/wp-json\/wp\/v2\/types\/page"}],"author":[{"embeddable":true,"href":"https:\/\/www.big-animals.com\/es\/wp-json\/wp\/v2\/users\/1"}],"replies":[{"embeddable":true,"href":"https:\/\/www.big-animals.com\/es\/wp-json\/wp\/v2\/comments?post=338"}],"version-history":[{"count":7,"href":"https:\/\/www.big-animals.com\/es\/wp-json\/wp\/v2\/pages\/338\/revisions"}],"predecessor-version":[{"id":934,"href":"https:\/\/www.big-animals.com\/es\/wp-json\/wp\/v2\/pages\/338\/revisions\/934"}],"wp:attachment":[{"href":"https:\/\/www.big-animals.com\/es\/wp-json\/wp\/v2\/media?parent=338"}],"curies":[{"name":"wp","href":"https:\/\/api.w.org\/{rel}","templated":true}]}}