{"id":339,"date":"2011-06-11T21:24:30","date_gmt":"2011-06-11T21:24:30","guid":{"rendered":""},"modified":"2014-03-30T05:00:01","modified_gmt":"2014-03-29T21:00:01","slug":"cubano-gigante-buho","status":"publish","type":"page","link":"https:\/\/www.big-animals.com\/es\/cubano-gigante-buho\/","title":{"rendered":"B\u00faho gigante cubano"},"content":{"rendered":"<p>&nbsp;<\/p>\n<figure id=\"attachment_1316\" aria-describedby=\"caption-attachment-1316\" style=\"width: 265px\" class=\"wp-caption alignright\"><a href=\"http:\/\/www.big-animals.com\/wp-content\/uploads\/2011\/06\/Cuban_Giant_Owl_And_Human.png\"><img loading=\"lazy\" decoding=\"async\" class=\"size-medium wp-image-1316 gts_attribute gts_attribute_1_alt gts_attribute_2_title\" title=\"El b\u00faho gigante cubano era el b\u00faho m\u00e1s grande nunca\" alt=\"El b\u00faho gigante cubano era el b\u00faho m\u00e1s grande nunca\" src=\"http:\/\/www.big-animals.com\/wp-content\/uploads\/2011\/06\/Cuban_Giant_Owl_And_Human-265x300.png\" width=\"265\" height=\"300\" \/><\/a><figcaption id=\"caption-attachment-1316\" class=\"wp-caption-text\">El b\u00faho gigante cubano es el b\u00faho m\u00e1s grande que ha existido.<\/figcaption><\/figure>\n<p><span class=\"gts_text\" id=\"gts_text_1\">El b\u00faho gigante cubano o b\u00faho corredor gigante (Ornimegalonyx) es una especie extinta de b\u00faho gigante que s<\/span><span class=\"gts_text\" id=\"gts_text_2\">e desapareci\u00f3 hace aproximadamente 9000 a\u00f1os.<\/span> <span class=\"gts_text\" id=\"gts_text_3\">Sus f\u00f3siles fueron hallados en la isla de Cuba.<\/span> <span class=\"gts_text\" id=\"gts_text_4\">Es el b\u00faho m\u00e1s grande que jam\u00e1s haya existido.<\/span><\/p>\n<p><span class=\"gts_text\" id=\"gts_text_5\">Este b\u00faho gigante med\u00eda cerca de 1,1 m de alto y solo <\/span><span class=\"gts_text\" id=\"gts_text_6\">pod\u00eda volar distancias cortas, como un pavo salvaje contempor\u00e1neo, o tal vez ni eso. Su peso p<\/span><span class=\"gts_text\" id=\"gts_text_7\">robablemente superaba los 9 kg y ten\u00eda piernas fuertes<\/span><span class=\"gts_text\" id=\"gts_text_8\">\u00a0y muy largas, un cuerpo voluminoso y una cola corta.<\/span> <span class=\"gts_text\" id=\"gts_text_9\">Era un corredor en\u00e9rgico.<\/span> <span class=\"gts_text\" id=\"gts_text_10\">En definitiva, prefer\u00eda correr antes que volar, a menos que se viera obligado.<\/span><\/p>\n<p><span class=\"gts_text\" id=\"gts_text_11\">El b\u00faho gigante cubano viv\u00eda en cuevas y cazaba roedores y perezosos terrestres en la selva.<\/span>\u00a0\u00a1<span class=\"gts_text\" id=\"gts_text_12\">Pod\u00eda matar a una presa que pesara m\u00e1s de 35 kg!<\/span><\/p>\n<p><span class=\"gts_text\" id=\"gts_text_13\">\u00a0<\/span><\/p>\n<p>&nbsp;<\/p>\n","protected":false},"excerpt":{"rendered":"<p>&nbsp; El b\u00faho gigante cubano o b\u00faho corredor gigante (Ornimegalonyx) es una especie extinta de b\u00faho gigante que se desapareci\u00f3 hace aproximadamente 9000 a\u00f1os. Sus f\u00f3siles fueron hallados en la isla de Cuba. Es el b\u00faho m\u00e1s grande que jam\u00e1s haya existido. Este b\u00faho gigante med\u00eda cerca de 1,1 m de alto y solo pod\u00eda &hellip; <a href=\"https:\/\/www.big-animals.com\/es\/cubano-gigante-buho\/\" class=\"more-link\">Continue reading <span class=\"screen-reader-text\">B\u00faho gigante cubano<\/span><\/a><\/p>\n","protected":false},"author":1,"featured_media":0,"parent":0,"menu_order":0,"comment_status":"closed","ping_status":"open","template":"","meta":{"_acf_changed":false,"footnotes":""},"acf":[],"_links":{"self":[{"href":"https:\/\/www.big-animals.com\/es\/wp-json\/wp\/v2\/pages\/339"}],"collection":[{"href":"https:\/\/www.big-animals.com\/es\/wp-json\/wp\/v2\/pages"}],"about":[{"href":"https:\/\/www.big-animals.com\/es\/wp-json\/wp\/v2\/types\/page"}],"author":[{"embeddable":true,"href":"https:\/\/www.big-animals.com\/es\/wp-json\/wp\/v2\/users\/1"}],"replies":[{"embeddable":true,"href":"https:\/\/www.big-animals.com\/es\/wp-json\/wp\/v2\/comments?post=339"}],"version-history":[{"count":12,"href":"https:\/\/www.big-animals.com\/es\/wp-json\/wp\/v2\/pages\/339\/revisions"}],"predecessor-version":[{"id":932,"href":"https:\/\/www.big-animals.com\/es\/wp-json\/wp\/v2\/pages\/339\/revisions\/932"}],"wp:attachment":[{"href":"https:\/\/www.big-animals.com\/es\/wp-json\/wp\/v2\/media?parent=339"}],"curies":[{"name":"wp","href":"https:\/\/api.w.org\/{rel}","templated":true}]}}